{"id":32082,"date":"2022-11-14T12:28:18","date_gmt":"2022-11-14T11:28:18","guid":{"rendered":"https:\/\/www.centreon.com\/servizi\/centreon-monitoring-academy\/certificazione-dei-partner\/"},"modified":"2024-01-11T11:47:35","modified_gmt":"2024-01-11T10:47:35","slug":"certificazione-dei-partner","status":"publish","type":"page","link":"https:\/\/www.centreon.com\/it\/servizi\/centreon-monitoring-academy\/certificazione-dei-partner\/","title":{"rendered":"Certificazione dei partner"},"content":{"rendered":"\n<div class=\"wp-block-columns has-gradient-10-gradient-background has-background is-layout-flex wp-container-core-columns-is-layout-71c8028e wp-block-columns-is-layout-flex\" style=\"padding-top:190px;padding-bottom:100px\">\n<div class=\"wp-block-column is-layout-flow wp-block-column-is-layout-flow\">\n<div class=\"wp-block-columns is-layout-flex wp-container-core-columns-is-layout-28f84493 wp-block-columns-is-layout-flex\">\n<div class=\"wp-block-column is-layout-flow wp-block-column-is-layout-flow\">\n<h1 class=\"wp-block-heading\">Certificazione dei partner<\/h1>\n\n\n\n<p class=\"has-2-xl-font-size\">Centreon Business Edition<\/p>\n<\/div>\n<\/div>\n<\/div>\n<\/div>\n\n\n\n<div class=\"wp-block-columns has-white-background-color has-background is-layout-flex wp-container-core-columns-is-layout-4bfa5c6b wp-block-columns-is-layout-flex\" style=\"padding-top:9px;padding-bottom:9px\">\n<div class=\"wp-block-column is-layout-flow wp-block-column-is-layout-flow\" style=\"flex-basis:100%\"><div class=\"yoast-breadcrumbs\"><span><span><a href=\"https:\/\/www.centreon.com\/it\/\"><span class=\"breadcrumb-home\"><span class=\"hidden\">Home<\/span><\/span><\/a><\/span> <span class=\"breadcrumb-separator\"><\/span> <span><a href=\"https:\/\/www.centreon.com\/it\/servizi\/\">Servizi<\/a><\/span> <span class=\"breadcrumb-separator\"><\/span> <span><a href=\"https:\/\/www.centreon.com\/it\/servizi\/centreon-monitoring-academy\/\">Centreon Monitoring Academy<\/a><\/span> <span class=\"breadcrumb-separator\"><\/span> <span class=\"breadcrumb_last\" aria-current=\"page\">Certificazione dei partner<\/span><\/span><\/div><\/div>\n<\/div>\n\n\n\n<div class=\"wp-block-columns has-white-color has-dark-background-color has-text-color has-background is-layout-flex wp-container-core-columns-is-layout-28f84493 wp-block-columns-is-layout-flex\">\n<div class=\"wp-block-column is-layout-flow wp-block-column-is-layout-flow\">\n<h2 class=\"wp-block-heading has-white-color has-text-color\">Implementazione di un monitoraggio IT orientato al business<\/h2>\n\n\n\n<p>Con la certificazione 600 partner imparerete a configurare, implementare e mantenere una soluzione di Monitoraggio IT orientata al business per i vostri clienti finali nell&#8217;ambito delle best practice della societ\u00e0 di software. La parte di E-learning, della durata di 8-12 ore da completare entro un termine di 3 settimane, \u00e8 dedicata alla formazione teorica, comprese le fasi di convalida. Il corso in loco, della durata di 5 giorni, \u00e8 dedicato alla formazione pratica con esercizi ispirati alla vita reale e scambi dal vivo con gli altri partecipanti e con il vostro consulente di formazione.  <\/p>\n\n\n\n<div style=\"height:40px\" aria-hidden=\"true\" class=\"wp-block-spacer\"><\/div>\n\n\n\n<p><strong>Obiettivi<\/strong><br>Sarete in grado di costruire e mantenere una soluzione di monitoraggio completa, dalle basi alle funzionalit\u00e0 avanzate di Centreon, utilizzando i moduli di Centreon per creare valore di business per i clienti finali.<\/p>\n\n\n\n<div style=\"height:40px\" aria-hidden=\"true\" class=\"wp-block-spacer\"><\/div>\n\n\n\n<h2 class=\"wp-block-heading has-white-color has-text-color\">Programma di formazione<\/h2>\n\n\n\n<h3 class=\"wp-block-heading has-white-color has-text-color\"><strong><strong>Parte 1 &#8211; Formazione sul software Centreon Open Source<\/strong><\/strong><\/h3>\n\n\n<div class=\"accordion rounded-10 overflow-hidden mb-4\">\n  <div class=\"accordion-header flex items-center justify-between cursor-pointer text-white\n              pl-7 pr-9 py-5\n              bg-gradient-to-r from-primary\/25 via-purple\/25 to-green\/25\"\n       >\n    <div class=\"flex items-center justify-between gap-6\">\n                    <div>\n          <h4 class=\"mb-2\">Scoprire Centreon<\/h4>\n          <p><\/p>\n        <\/div>\n          <\/div>\n    <img decoding=\"async\" loading=\"lazy\" src=\"https:\/\/www.centreon.com\/wp-content\/themes\/centreon\/public\/images\/ChevronBlancBas.6838d9.svg\" alt=\"Chevron blanc\" class=\"transform transition-transform rotate-0 w-3.5\">\n  <\/div>\n  <div class=\"overflow-hidden transition-all duration-300 bg-white text-dark\n              max-h-0\">\n    <div class=\"p-9\">\n      \n\n<ul class=\"wp-block-list\">\n<li>Conoscere gli oggetti e i plugin semplici di Centreon<\/li>\n\n\n\n<li>Creare i primi host<\/li>\n\n\n\n<li>Configurare notifiche e widget<\/li>\n<\/ul>\n\n\n    <\/div>\n  <\/div>\n<\/div>\n\n\n<div class=\"accordion rounded-10 overflow-hidden mb-4\">\n  <div class=\"accordion-header flex items-center justify-between cursor-pointer text-white\n              pl-7 pr-9 py-5\n              bg-gradient-to-r from-primary\/25 via-purple\/25 to-green\/25\"\n       >\n    <div class=\"flex items-center justify-between gap-6\">\n                    <div>\n          <h4 class=\"mb-2\">Utilizzo avanzato<\/h4>\n          <p><\/p>\n        <\/div>\n          <\/div>\n    <img decoding=\"async\" loading=\"lazy\" src=\"https:\/\/www.centreon.com\/wp-content\/themes\/centreon\/public\/images\/ChevronBlancBas.6838d9.svg\" alt=\"Chevron blanc\" class=\"transform transition-transform rotate-0 w-3.5\">\n  <\/div>\n  <div class=\"overflow-hidden transition-all duration-300 bg-white text-dark\n              max-h-0\">\n    <div class=\"p-9\">\n      \n\n<ul class=\"wp-block-list\">\n<li>Comprendere il sistema di template di configurazione di Centreon<\/li>\n\n\n\n<li>Configurazione dell&#8217;autenticazione con LDAP, SSO<\/li>\n\n\n\n<li>Scoprite il modulo open-ticket<\/li>\n\n\n\n<li>Definire l&#8217;architettura<\/li>\n<\/ul>\n\n\n    <\/div>\n  <\/div>\n<\/div>\n\n\n<div class=\"accordion rounded-10 overflow-hidden mb-4\">\n  <div class=\"accordion-header flex items-center justify-between cursor-pointer text-white\n              pl-7 pr-9 py-5\n              bg-gradient-to-r from-primary\/25 via-purple\/25 to-green\/25\"\n       >\n    <div class=\"flex items-center justify-between gap-6\">\n                    <div>\n          <h4 class=\"mb-2\">Migliori pratiche e risoluzione dei problemi<\/h4>\n          <p><\/p>\n        <\/div>\n          <\/div>\n    <img decoding=\"async\" loading=\"lazy\" src=\"https:\/\/www.centreon.com\/wp-content\/themes\/centreon\/public\/images\/ChevronBlancBas.6838d9.svg\" alt=\"Chevron blanc\" class=\"transform transition-transform rotate-0 w-3.5\">\n  <\/div>\n  <div class=\"overflow-hidden transition-all duration-300 bg-white text-dark\n              max-h-0\">\n    <div class=\"p-9\">\n      \n\n<ul class=\"wp-block-list\">\n<li>Applicare le migliori pratiche di monitoraggio.<\/li>\n\n\n\n<li>Identificare e diagnosticare i problemi pi\u00f9 comuni<\/li>\n\n\n\n<li>Backup e API a riga di comando<\/li>\n<\/ul>\n\n\n    <\/div>\n  <\/div>\n<\/div>\n\n\n\n<div style=\"height:40px\" aria-hidden=\"true\" class=\"wp-block-spacer\"><\/div>\n\n\n\n<h3 class=\"wp-block-heading has-white-color has-text-color\"><strong><strong><strong>Parte 2 &#8211; Formazione su Centreon Business Edition<\/strong><\/strong><\/strong><\/h3>\n\n\n<div class=\"accordion rounded-10 overflow-hidden mb-4\">\n  <div class=\"accordion-header flex items-center justify-between cursor-pointer text-white\n              pl-7 pr-9 py-5\n              bg-gradient-to-r from-primary\/25 via-purple\/25 to-green\/25\"\n       >\n    <div class=\"flex items-center justify-between gap-6\">\n                    <div>\n          <h4 class=\"mb-2\">Costruire indicatori chiave di prestazione dai dati di monitoraggio (Centreon BAM)<\/h4>\n          <p><\/p>\n        <\/div>\n          <\/div>\n    <img decoding=\"async\" loading=\"lazy\" src=\"https:\/\/www.centreon.com\/wp-content\/themes\/centreon\/public\/images\/ChevronBlancBas.6838d9.svg\" alt=\"Chevron blanc\" class=\"transform transition-transform rotate-0 w-3.5\">\n  <\/div>\n  <div class=\"overflow-hidden transition-all duration-300 bg-white text-dark\n              max-h-0\">\n    <div class=\"p-9\">\n      \n\n<ul class=\"wp-block-list\">\n<li>Concetti e livello di servizio: conoscere i concetti di Business Activity, Business view e KPI applicati a Centreon BAM, configurare gli oggetti e impostare gli impatti corretti, scoprire tutte le funzionalit\u00e0 offerte da Centreon BAM, comprendere i punti chiave del monitoraggio del livello di servizio e della disponibilit\u00e0 delle applicazioni<\/li>\n\n\n\n<li>Argomenti avanzati: definizione di indicatori booleani (cluster, loadbalancing&#8230;), configurazione e gestione di Centreon BAM con API a riga di comando, gestione di ACL e diritti all&#8217;interno di Centreon BAM, creazione di viste personalizzate grazie al widget Centreon BAM<\/li>\n\n\n\n<li>Best practice e risoluzione dei problemi: sapere come mantenere e monitorare la configurazione di Centreon BAM, risolvere i problemi pi\u00f9 comuni, fare domande su Centreon BAM<\/li>\n<\/ul>\n\n\n    <\/div>\n  <\/div>\n<\/div>\n\n\n<div class=\"accordion rounded-10 overflow-hidden mb-4\">\n  <div class=\"accordion-header flex items-center justify-between cursor-pointer text-white\n              pl-7 pr-9 py-5\n              bg-gradient-to-r from-primary\/25 via-purple\/25 to-green\/25\"\n       >\n    <div class=\"flex items-center justify-between gap-6\">\n                    <div>\n          <h4 class=\"mb-2\">Visualizzazione di dati tecnici e orientati al business (Centreon MAP)<\/h4>\n          <p><\/p>\n        <\/div>\n          <\/div>\n    <img decoding=\"async\" loading=\"lazy\" src=\"https:\/\/www.centreon.com\/wp-content\/themes\/centreon\/public\/images\/ChevronBlancBas.6838d9.svg\" alt=\"Chevron blanc\" class=\"transform transition-transform rotate-0 w-3.5\">\n  <\/div>\n  <div class=\"overflow-hidden transition-all duration-300 bg-white text-dark\n              max-h-0\">\n    <div class=\"p-9\">\n      \n\n<ul class=\"wp-block-list\">\n<li>Scoprite Centreon MAP: identificate le vostre esigenze in materia di viste e cartografia, imparate la modellazione e le possibilit\u00e0 attraverso degli esempi<\/li>\n\n\n\n<li>Architettura del software: conoscere i principali componenti di Centreon MAP, configurare il rich client e utilizzarlo per creare viste e mappe<\/li>\n\n\n\n<li>Funzioni avanzate: Configurare ACL e diritti, creare collegamenti e modelli di collegamento tra gli oggetti della mappa, utilizzare oggetti avanzati (widget di output, indicatore e grafico a torta)<\/li>\n<\/ul>\n\n\n    <\/div>\n  <\/div>\n<\/div>\n\n\n<div class=\"accordion rounded-10 overflow-hidden mb-4\">\n  <div class=\"accordion-header flex items-center justify-between cursor-pointer text-white\n              pl-7 pr-9 py-5\n              bg-gradient-to-r from-primary\/25 via-purple\/25 to-green\/25\"\n       >\n    <div class=\"flex items-center justify-between gap-6\">\n                    <div>\n          <h4 class=\"mb-2\">Generare report approfonditi sull&#8217;analisi dei dati di monitoraggio (Centreon MBI)<\/h4>\n          <p><\/p>\n        <\/div>\n          <\/div>\n    <img decoding=\"async\" loading=\"lazy\" src=\"https:\/\/www.centreon.com\/wp-content\/themes\/centreon\/public\/images\/ChevronBlancBas.6838d9.svg\" alt=\"Chevron blanc\" class=\"transform transition-transform rotate-0 w-3.5\">\n  <\/div>\n  <div class=\"overflow-hidden transition-all duration-300 bg-white text-dark\n              max-h-0\">\n    <div class=\"p-9\">\n      \n\n<ul class=\"wp-block-list\">\n<li>Panoramica: conoscere Centreon MBI e i report standard, comprendere il modo in cui \u00e8 possibile visualizzare i dati dei report, familiarizzare con la terminologia dei report di Centreon MBI<\/li>\n\n\n\n<li>Architettura e amministrazione: comprendere i componenti e l&#8217;architettura di Centreon MBI, creare le dimensioni Centreon pertinenti per utilizzarle nei report, utilizzare i dati Centreon BAM per ottenere un reporting orientato alle applicazioni<\/li>\n\n\n\n<li>ETL e Job scheduler: padroneggiare l&#8217;ETL di Centreon e come configurarlo, ricostruire e ricalcolare i dati dei report, generare, programmare e pubblicare i report<\/li>\n<\/ul>\n\n\n    <\/div>\n  <\/div>\n<\/div>\n\n\n\n<div style=\"height:40px\" aria-hidden=\"true\" class=\"wp-block-spacer\"><\/div>\n\n\n\n<h3 class=\"wp-block-heading\">Pubblico di riferimento<\/h3>\n\n\n\n<p>Consulenti integratori di societ\u00e0 di servizi IT: esperti di monitoraggio, ingegneri di rete e di sistema, responsabili dei livelli di servizio<\/p>\n\n\n\n<div style=\"height:40px\" aria-hidden=\"true\" class=\"wp-block-spacer\"><\/div>\n\n\n\n<h3 class=\"wp-block-heading\">Modalit\u00e0 di allenamento<\/h3>\n\n\n\n<ul class=\"wp-block-list\">\n<li>E-learning: 8-12 ore da completare in 3 settimane, comprendenti 2 programmi di formazione rispettivamente incentrati su:\n<ul class=\"wp-block-list\">\n<li>Il software open source (16 unit\u00e0 con 52 video e animazioni, 53 schede e 35 domande) e<\/li>\n\n\n\n<li>I moduli commerciali (18 unit\u00e0 con 7 video e animazioni, 52 schede e 22 domande)<\/li>\n<\/ul>\n<\/li>\n\n\n\n<li>Corso in loco: corso in loco di 5 giorni con un esperto di Monitoraggio Centreon. Il formatore \u00e8 sempre abituato all&#8217;uso e ai problemi reali del software e vi aiuter\u00e0 a mettere in pratica i concetti del corso.<\/li>\n<\/ul>\n\n\n\n<div style=\"height:40px\" aria-hidden=\"true\" class=\"wp-block-spacer\"><\/div>\n\n\n\n<h3 class=\"wp-block-heading has-white-color has-text-color\"><strong>Registrazione<\/strong><\/h3>\n\n\n\n<p>Disponibile solo come sessioni INTRA: Contattateci per programmare una sessione.<\/p>\n<\/div>\n<\/div>\n\n\n\n<div class=\"wp-block-columns has-white-background-color has-background is-layout-flex wp-container-core-columns-is-layout-28f84493 wp-block-columns-is-layout-flex\">\n<div class=\"wp-block-column is-layout-flow wp-block-column-is-layout-flow\" style=\"padding-bottom:var(--wp--preset--spacing--70)\">\n<h2 class=\"wp-block-heading\">Richiesta di formazione<\/h2>\n\n\n\n<div style=\"height:40px\" aria-hidden=\"true\" class=\"wp-block-spacer\"><\/div>\n\n\n\n<script charset=\"utf-8\" type=\"text\/javascript\" src=\"\/\/js-eu1.hsforms.net\/forms\/embed\/v2.js\"><\/script>\n<script>\n  hbspt.forms.create({\n    region: \"eu1\",\n    portalId: \"26072647\",\n    formId: \"a384cade-2bb9-4340-9cc0-f4b4e0b277ad\",\n    sfdcCampaignId: \"701080000004IlIAAU\"\n  });\n<\/script>\n<\/div>\n<\/div>\n\n\n\n<div class=\"wp-block-columns are-vertically-aligned-center has-white-color has-primary-background-color has-text-color has-background is-layout-flex wp-container-core-columns-is-layout-0e0088bb wp-block-columns-is-layout-flex\" style=\"padding-top:30px;padding-bottom:30px\">\n<div class=\"wp-block-column is-vertically-aligned-center is-layout-flow wp-block-column-is-layout-flow\">\n<p class=\"has-2-xl-font-size\">Informati sulle nostre ultime novit\u00e0<\/p>\n<\/div>\n\n\n\n<div class=\"wp-block-column is-vertically-aligned-center is-layout-flow wp-block-column-is-layout-flow\"><div class=\"newsletter-form w-full\">\n  <form class=\"w-full\">\n    <div class=\"w-full flex items-center bg-white\/20 text-white rounded-10 px-4 text-lg\">\n      <input type=\"email\" name=\"email\" placeholder=\"Inserisci l\u2019indirizzo\"\n             class=\"w-full text-light h-8 pl-0 appearance-none bg-transparent rounded-none placeholder-white autofill:bg-transparent focus:outline-none\" required>\n      <button type=\"submit\" class=\"cursor-pointer appearance-none pl-4 py-3 shrink-0\" aria-label=\"Ricerca\">\n        Iscriviti      <\/button>\n    <\/div>\n  <\/form>\n  <div class=\"alert-success bg-white bg-opacity-20 text-white px-4 py-3 rounded-10\" style=\"display:none\">\n    Thank you for your subscription.  <\/div>\n<\/div>\n<\/div>\n<\/div>\n","protected":false},"excerpt":{"rendered":"<p>Certificazione dei partner Centreon Business Edition Implementazione di un monitoraggio IT orientato al business Con la certificazione 600 partner imparerete a configurare, implementare e mantenere una soluzione di Monitoraggio IT orientata al business per i&nbsp;&#8230;<\/p>\n","protected":false},"author":2,"featured_media":0,"parent":32070,"menu_order":0,"comment_status":"closed","ping_status":"closed","template":"","meta":{"_acf_changed":false,"footnotes":""},"class_list":["post-32082","page","type-page","status-publish","hentry"],"acf":[],"yoast_head":"<!-- This site is optimized with the Yoast SEO plugin v26.6 - https:\/\/yoast.com\/wordpress\/plugins\/seo\/ -->\n<title>Certificazione dei Partner | Centreon Monitoraggio Academy<\/title>\n<meta name=\"description\" content=\"La Centreon Monitoring Academy offre la certificazione dei partner per dimostrare la vostra competenza in Centreon.\" \/>\n<meta name=\"robots\" content=\"index, follow, max-snippet:-1, max-image-preview:large, max-video-preview:-1\" \/>\n<link rel=\"canonical\" href=\"https:\/\/www.centreon.com\/it\/servizi\/centreon-monitoring-academy\/certificazione-dei-partner\/\" \/>\n<meta property=\"og:locale\" content=\"it_IT\" \/>\n<meta property=\"og:type\" content=\"article\" \/>\n<meta property=\"og:title\" content=\"Certificazione dei Partner | Centreon Monitoraggio Academy\" \/>\n<meta property=\"og:description\" content=\"La Centreon Monitoring Academy offre la certificazione dei partner per dimostrare la vostra competenza in Centreon.\" \/>\n<meta property=\"og:url\" content=\"https:\/\/www.centreon.com\/it\/servizi\/centreon-monitoring-academy\/certificazione-dei-partner\/\" \/>\n<meta property=\"og:site_name\" content=\"Centreon\" \/>\n<meta property=\"article:publisher\" content=\"https:\/\/www.facebook.com\/CentreonMonitoring\/\" \/>\n<meta property=\"article:modified_time\" content=\"2024-01-11T10:47:35+00:00\" \/>\n<meta property=\"og:image\" content=\"https:\/\/www.centreon.com\/uploads\/2023\/11\/Vertical_Original.png\" \/>\n\t<meta property=\"og:image:width\" content=\"1076\" \/>\n\t<meta property=\"og:image:height\" content=\"556\" \/>\n\t<meta property=\"og:image:type\" content=\"image\/png\" \/>\n<meta name=\"twitter:card\" content=\"summary_large_image\" \/>\n<meta name=\"twitter:site\" content=\"@CentreonFR\" \/>\n<meta name=\"twitter:label1\" content=\"Est. reading time\" \/>\n\t<meta name=\"twitter:data1\" content=\"3 minutes\" \/>\n<script type=\"application\/ld+json\" class=\"yoast-schema-graph\">{\"@context\":\"https:\/\/schema.org\",\"@graph\":[{\"@type\":\"WebPage\",\"@id\":\"https:\/\/www.centreon.com\/it\/servizi\/centreon-monitoring-academy\/certificazione-dei-partner\/\",\"url\":\"https:\/\/www.centreon.com\/it\/servizi\/centreon-monitoring-academy\/certificazione-dei-partner\/\",\"name\":\"Certificazione dei Partner | Centreon Monitoraggio Academy\",\"isPartOf\":{\"@id\":\"https:\/\/www.centreon.com\/it\/#website\"},\"datePublished\":\"2022-11-14T11:28:18+00:00\",\"dateModified\":\"2024-01-11T10:47:35+00:00\",\"description\":\"La Centreon Monitoring Academy offre la certificazione dei partner per dimostrare la vostra competenza in Centreon.\",\"breadcrumb\":{\"@id\":\"https:\/\/www.centreon.com\/it\/servizi\/centreon-monitoring-academy\/certificazione-dei-partner\/#breadcrumb\"},\"inLanguage\":\"it-IT\",\"potentialAction\":[{\"@type\":\"ReadAction\",\"target\":[\"https:\/\/www.centreon.com\/it\/servizi\/centreon-monitoring-academy\/certificazione-dei-partner\/\"]}]},{\"@type\":\"BreadcrumbList\",\"@id\":\"https:\/\/www.centreon.com\/it\/servizi\/centreon-monitoring-academy\/certificazione-dei-partner\/#breadcrumb\",\"itemListElement\":[{\"@type\":\"ListItem\",\"position\":1,\"name\":\"Home\",\"item\":\"https:\/\/www.centreon.com\/it\/\"},{\"@type\":\"ListItem\",\"position\":2,\"name\":\"Servizi\",\"item\":\"https:\/\/www.centreon.com\/it\/servizi\/\"},{\"@type\":\"ListItem\",\"position\":3,\"name\":\"Centreon Monitoring Academy\",\"item\":\"https:\/\/www.centreon.com\/it\/servizi\/centreon-monitoring-academy\/\"},{\"@type\":\"ListItem\",\"position\":4,\"name\":\"Certificazione dei partner\"}]},{\"@type\":\"WebSite\",\"@id\":\"https:\/\/www.centreon.com\/it\/#website\",\"url\":\"https:\/\/www.centreon.com\/it\/\",\"name\":\"Centreon\",\"description\":\"Best-in-Class Hybrid IT Monitoring for Enterprise, MSP &amp; IoT\",\"publisher\":{\"@id\":\"https:\/\/www.centreon.com\/it\/#organization\"},\"potentialAction\":[{\"@type\":\"SearchAction\",\"target\":{\"@type\":\"EntryPoint\",\"urlTemplate\":\"https:\/\/www.centreon.com\/it\/?s={search_term_string}\"},\"query-input\":{\"@type\":\"PropertyValueSpecification\",\"valueRequired\":true,\"valueName\":\"search_term_string\"}}],\"inLanguage\":\"it-IT\"},{\"@type\":\"Organization\",\"@id\":\"https:\/\/www.centreon.com\/it\/#organization\",\"name\":\"Centreon\",\"url\":\"https:\/\/www.centreon.com\/it\/\",\"logo\":{\"@type\":\"ImageObject\",\"inLanguage\":\"it-IT\",\"@id\":\"https:\/\/www.centreon.com\/it\/#\/schema\/logo\/image\/\",\"url\":\"https:\/\/www.centreon.com\/wp-content\/uploads\/2023\/07\/Logo_Centreon_Email_Signature_light_02.png\",\"contentUrl\":\"https:\/\/www.centreon.com\/wp-content\/uploads\/2023\/07\/Logo_Centreon_Email_Signature_light_02.png\",\"width\":180,\"height\":42,\"caption\":\"Centreon\"},\"image\":{\"@id\":\"https:\/\/www.centreon.com\/it\/#\/schema\/logo\/image\/\"},\"sameAs\":[\"https:\/\/www.facebook.com\/CentreonMonitoring\/\",\"https:\/\/x.com\/CentreonFR\",\"https:\/\/www.linkedin.com\/company\/centreonsoftware\/\",\"https:\/\/www.youtube.com\/channel\/UCIKJKvZ8acLmEg2fCdDzsvA\",\"https:\/\/fr.wikipedia.org\/wiki\/Centreon\"]}]}<\/script>\n<!-- \/ Yoast SEO plugin. -->","yoast_head_json":{"title":"Certificazione dei Partner | Centreon Monitoraggio Academy","description":"La Centreon Monitoring Academy offre la certificazione dei partner per dimostrare la vostra competenza in Centreon.","robots":{"index":"index","follow":"follow","max-snippet":"max-snippet:-1","max-image-preview":"max-image-preview:large","max-video-preview":"max-video-preview:-1"},"canonical":"https:\/\/www.centreon.com\/it\/servizi\/centreon-monitoring-academy\/certificazione-dei-partner\/","og_locale":"it_IT","og_type":"article","og_title":"Certificazione dei Partner | Centreon Monitoraggio Academy","og_description":"La Centreon Monitoring Academy offre la certificazione dei partner per dimostrare la vostra competenza in Centreon.","og_url":"https:\/\/www.centreon.com\/it\/servizi\/centreon-monitoring-academy\/certificazione-dei-partner\/","og_site_name":"Centreon","article_publisher":"https:\/\/www.facebook.com\/CentreonMonitoring\/","article_modified_time":"2024-01-11T10:47:35+00:00","og_image":[{"width":1076,"height":556,"url":"https:\/\/www.centreon.com\/uploads\/2023\/11\/Vertical_Original.png","type":"image\/png"}],"twitter_card":"summary_large_image","twitter_site":"@CentreonFR","twitter_misc":{"Est. reading time":"3 minutes"},"schema":{"@context":"https:\/\/schema.org","@graph":[{"@type":"WebPage","@id":"https:\/\/www.centreon.com\/it\/servizi\/centreon-monitoring-academy\/certificazione-dei-partner\/","url":"https:\/\/www.centreon.com\/it\/servizi\/centreon-monitoring-academy\/certificazione-dei-partner\/","name":"Certificazione dei Partner | Centreon Monitoraggio Academy","isPartOf":{"@id":"https:\/\/www.centreon.com\/it\/#website"},"datePublished":"2022-11-14T11:28:18+00:00","dateModified":"2024-01-11T10:47:35+00:00","description":"La Centreon Monitoring Academy offre la certificazione dei partner per dimostrare la vostra competenza in Centreon.","breadcrumb":{"@id":"https:\/\/www.centreon.com\/it\/servizi\/centreon-monitoring-academy\/certificazione-dei-partner\/#breadcrumb"},"inLanguage":"it-IT","potentialAction":[{"@type":"ReadAction","target":["https:\/\/www.centreon.com\/it\/servizi\/centreon-monitoring-academy\/certificazione-dei-partner\/"]}]},{"@type":"BreadcrumbList","@id":"https:\/\/www.centreon.com\/it\/servizi\/centreon-monitoring-academy\/certificazione-dei-partner\/#breadcrumb","itemListElement":[{"@type":"ListItem","position":1,"name":"Home","item":"https:\/\/www.centreon.com\/it\/"},{"@type":"ListItem","position":2,"name":"Servizi","item":"https:\/\/www.centreon.com\/it\/servizi\/"},{"@type":"ListItem","position":3,"name":"Centreon Monitoring Academy","item":"https:\/\/www.centreon.com\/it\/servizi\/centreon-monitoring-academy\/"},{"@type":"ListItem","position":4,"name":"Certificazione dei partner"}]},{"@type":"WebSite","@id":"https:\/\/www.centreon.com\/it\/#website","url":"https:\/\/www.centreon.com\/it\/","name":"Centreon","description":"Best-in-Class Hybrid IT Monitoring for Enterprise, MSP &amp; IoT","publisher":{"@id":"https:\/\/www.centreon.com\/it\/#organization"},"potentialAction":[{"@type":"SearchAction","target":{"@type":"EntryPoint","urlTemplate":"https:\/\/www.centreon.com\/it\/?s={search_term_string}"},"query-input":{"@type":"PropertyValueSpecification","valueRequired":true,"valueName":"search_term_string"}}],"inLanguage":"it-IT"},{"@type":"Organization","@id":"https:\/\/www.centreon.com\/it\/#organization","name":"Centreon","url":"https:\/\/www.centreon.com\/it\/","logo":{"@type":"ImageObject","inLanguage":"it-IT","@id":"https:\/\/www.centreon.com\/it\/#\/schema\/logo\/image\/","url":"https:\/\/www.centreon.com\/wp-content\/uploads\/2023\/07\/Logo_Centreon_Email_Signature_light_02.png","contentUrl":"https:\/\/www.centreon.com\/wp-content\/uploads\/2023\/07\/Logo_Centreon_Email_Signature_light_02.png","width":180,"height":42,"caption":"Centreon"},"image":{"@id":"https:\/\/www.centreon.com\/it\/#\/schema\/logo\/image\/"},"sameAs":["https:\/\/www.facebook.com\/CentreonMonitoring\/","https:\/\/x.com\/CentreonFR","https:\/\/www.linkedin.com\/company\/centreonsoftware\/","https:\/\/www.youtube.com\/channel\/UCIKJKvZ8acLmEg2fCdDzsvA","https:\/\/fr.wikipedia.org\/wiki\/Centreon"]}]}},"_links":{"self":[{"href":"https:\/\/www.centreon.com\/it\/wp-json\/wp\/v2\/pages\/32082","targetHints":{"allow":["GET"]}}],"collection":[{"href":"https:\/\/www.centreon.com\/it\/wp-json\/wp\/v2\/pages"}],"about":[{"href":"https:\/\/www.centreon.com\/it\/wp-json\/wp\/v2\/types\/page"}],"author":[{"embeddable":true,"href":"https:\/\/www.centreon.com\/it\/wp-json\/wp\/v2\/users\/2"}],"replies":[{"embeddable":true,"href":"https:\/\/www.centreon.com\/it\/wp-json\/wp\/v2\/comments?post=32082"}],"version-history":[{"count":4,"href":"https:\/\/www.centreon.com\/it\/wp-json\/wp\/v2\/pages\/32082\/revisions"}],"predecessor-version":[{"id":34503,"href":"https:\/\/www.centreon.com\/it\/wp-json\/wp\/v2\/pages\/32082\/revisions\/34503"}],"up":[{"embeddable":true,"href":"https:\/\/www.centreon.com\/it\/wp-json\/wp\/v2\/pages\/32070"}],"wp:attachment":[{"href":"https:\/\/www.centreon.com\/it\/wp-json\/wp\/v2\/media?parent=32082"}],"curies":[{"name":"wp","href":"https:\/\/api.w.org\/{rel}","templated":true}]}}