{"id":32067,"date":"2022-10-25T14:34:58","date_gmt":"2022-10-25T12:34:58","guid":{"rendered":"https:\/\/www.centreon.com\/servizi\/assistenza-clienti\/"},"modified":"2025-11-06T13:53:30","modified_gmt":"2025-11-06T12:53:30","slug":"assistenza-clienti","status":"publish","type":"page","link":"https:\/\/www.centreon.com\/it\/servizi\/assistenza-clienti\/","title":{"rendered":"Assistenza clienti"},"content":{"rendered":"\n<div class=\"wp-block-columns has-gradient-10-gradient-background has-background is-layout-flex wp-container-core-columns-is-layout-a7e814ea wp-block-columns-is-layout-flex\" style=\"padding-top:100px;padding-bottom:80px\">\n<div class=\"wp-block-column is-layout-flow wp-block-column-is-layout-flow\">\n<div class=\"wp-block-columns is-layout-flex wp-container-core-columns-is-layout-28f84493 wp-block-columns-is-layout-flex\">\n<div class=\"wp-block-column is-layout-flow wp-block-column-is-layout-flow\" style=\"flex-basis:700px\">\n<h1 class=\"wp-block-heading\">Assistenza clienti<\/h1>\n\n\n\n<p class=\"has-2-xl-font-size\">La missione del nostro Customer Care \u00e8 quella di prendersi cura della vostra piattaforma Centreon per garantire che il monitoraggio sia disponibile ed efficiente, in linea con le vostre attivit\u00e0.<\/p>\n<\/div>\n<\/div>\n<\/div>\n<\/div>\n\n\n\n<div class=\"wp-block-columns has-white-background-color has-background is-layout-flex wp-container-core-columns-is-layout-4bfa5c6b wp-block-columns-is-layout-flex\" style=\"padding-top:9px;padding-bottom:9px\">\n<div class=\"wp-block-column is-layout-flow wp-block-column-is-layout-flow\" style=\"flex-basis:100%\"><div class=\"yoast-breadcrumbs\"><span><span><a href=\"https:\/\/www.centreon.com\/it\/\"><span class=\"breadcrumb-home\"><span class=\"hidden\">Home<\/span><\/span><\/a><\/span> <span class=\"breadcrumb-separator\"><\/span> <span><a href=\"https:\/\/www.centreon.com\/it\/servizi\/\">Servizi<\/a><\/span> <span class=\"breadcrumb-separator\"><\/span> <span class=\"breadcrumb_last\" aria-current=\"page\">Assistenza clienti<\/span><\/span><\/div><\/div>\n<\/div>\n\n\n\n<div class=\"wp-block-columns has-white-color has-dark-background-color has-text-color has-background is-layout-flex wp-container-core-columns-is-layout-28f84493 wp-block-columns-is-layout-flex\">\n<div class=\"wp-block-column is-layout-flow wp-block-column-is-layout-flow\">\n<div class=\"wp-block-columns are-vertically-aligned-center is-not-stacked-on-mobile is-layout-flex wp-container-core-columns-is-layout-28f84493 wp-block-columns-is-layout-flex\">\n<div class=\"wp-block-column is-vertically-aligned-center is-layout-flow wp-block-column-is-layout-flow\" style=\"flex-basis:10px\">\n<figure class=\"wp-block-image size-full\"><img fetchpriority=\"low\" loading=\"lazy\" decoding=\"async\" width=\"2\" height=\"124\" src=\"https:\/\/www.centreon.com\/uploads\/2022\/10\/Ligne-30-1.png\" alt=\"\" class=\"wp-image-3314\"\/><\/figure>\n<\/div>\n\n\n\n<div class=\"wp-block-column is-vertically-aligned-center is-layout-flow wp-block-column-is-layout-flow\" style=\"flex-basis:400px\">\n<p class=\"has-xl-font-size\"><strong>Avete un problema, una domanda o bisogno di documentazione? Contattateci al pi\u00f9 presto attraverso il nostro portale clienti Centreon. <\/strong><\/p>\n<\/div>\n<\/div>\n\n\n\n<div style=\"height:40px\" aria-hidden=\"true\" class=\"wp-block-spacer\"><\/div>\n\n\n\n<h2 class=\"wp-block-heading\"><strong>Assistenza quotidiana<\/strong><\/h2>\n\n\n\n<p>Con un team di oltre 15 persone con sede in Francia, Lussemburgo e Canada e dedicato alle relazioni con i clienti, non siamo semplicemente un supporto tecnico! In quanto esperti di soluzioni Centreon, vi supportiamo quotidianamente. <\/p>\n\n\n\n<p>La nostra promessa:<\/p>\n\n\n\n<ul class=\"wp-block-list\">\n<li>Fornire il massimo livello di competenza e consulenza per risolvere i vostri problemi<\/li>\n\n\n\n<li>Creare un collegamento con i vari servizi di Centreon per fornire una risposta rapida e pertinente<\/li>\n\n\n\n<li>Tenere conto del vostro feedback e delle vostre osservazioni, per soddisfare al meglio le vostre aspettative e fornire un servizio e una soluzione tecnica di alta qualit\u00e0<\/li>\n<\/ul>\n<\/div>\n\n\n\n<div class=\"wp-block-column is-layout-flow wp-block-column-is-layout-flow\" style=\"flex-basis:5%\"><\/div>\n\n\n\n<div class=\"wp-block-column is-layout-flow wp-block-column-is-layout-flow\">\n<figure class=\"wp-block-image aligncenter size-full\"><img fetchpriority=\"low\" loading=\"lazy\" decoding=\"async\" width=\"512\" height=\"568\" src=\"https:\/\/www.centreon.com\/uploads\/2022\/10\/ImgCadreMonitoring.png\" alt=\"\" class=\"wp-image-3060\" srcset=\"https:\/\/www.centreon.com\/uploads\/2022\/10\/ImgCadreMonitoring.png 512w, https:\/\/www.centreon.com\/uploads\/2022\/10\/ImgCadreMonitoring-270x300.png 270w\" sizes=\"auto, (max-width: 512px) 100vw, 512px\" \/><\/figure>\n<\/div>\n<\/div>\n\n\n\n<div class=\"wp-block-columns has-gradient-10-gradient-background has-background is-layout-flex wp-container-core-columns-is-layout-6235df30 wp-block-columns-is-layout-flex\" style=\"padding-bottom:200px\">\n<div class=\"wp-block-column is-layout-flow wp-block-column-is-layout-flow\">\n<h2 class=\"wp-block-heading\"><strong>4 motivi per affidarsi all&#8217;assistenza clienti Centreon<\/strong><\/h2>\n\n\n<div class=\"columns-1 md:columns-2 gap-4 lg:gap-8 relative mb-8\">\n  <div class=\"absolute floating-card\n              rounded-20 z-0 inset-0 mt-16 -mb-8 w-7\/12 mx-auto\"\n              data-speed=\"50\"><\/div>\n      <svg version=\"1.1\" xmlns=\"http:\/\/www.w3.org\/2000\/svg\" xmlns:xlink=\"http:\/\/www.w3.org\/1999\/xlink\" x=\"0px\" y=\"0px\"\n  viewBox=\"0 0 1451.7 1035.5\" enable-background=\"new 0 0 1451.7 1035.5\" xml:space=\"preserve\"\n  class=\"pointer-events-none absolute w-screen transform -translate-x-1\/2 left-1\/2 top-1\/2 z-1 -translate-y-1\/2\">\n  <linearGradient id=\"wave-1\" gradientUnits=\"userSpaceOnUse\" x1=\"-27.9\" y1=\"514.4999\" x2=\"1482.5983\" y2=\"514.4999\" gradientTransform=\"matrix(1 0 0 -1 0 1036)\">\n    <stop  offset=\"0\" style=\"stop-color:#0000DD\"\/>\n    <stop  offset=\"0.452\" style=\"stop-color:#C26CF7\"\/>\n    <stop  offset=\"1\" style=\"stop-color:#37D6AE\"\/>\n  <\/linearGradient>\n  <path class=\"draw-me to-animate\" fill=\"none\" stroke=\"url(#wave-1)\" stroke-width=\"24\" stroke-linecap=\"round\" stroke-miterlimit=\"10\" d=\"M-12.9,1027.8\n    c51.1-85.7,143.8-147.9,275.6-185c67.4-19,137.3-28.8,204.9-38.4c57.8-8.2,117.7-16.6,175-30.7c67-16.4,123.5-39.1,172.9-69.1\n    c48.7-29.6,92.2-66.6,129.3-109.8c37.4-43.6,68.1-94,91.2-149.7c8.6-20.7,16.5-42.3,24.1-63.1c15.5-42.3,31.5-86,54.5-126.6\n    c30.4-53.3,69.4-100.6,116-140.5c56-48.2,112.3-79.5,167.4-93.3c17-4.3,34.5-6.4,52-6.4c0.5,0,17.1,0,17.6,0\"\/>\n<\/svg>\n  \n            <div class=\"simple-card rounded-20 p-7 mb-4 lg:mb-8 break-inside-avoid-column relative z-1 to-animate mt-28\"\n           data-appear=\"100\" data-delay=\"0\">\n        <div class=\"flex items-center gap-4 mb-4\">\n                    <p class=\"font-display text-3xl font-bold\">\n            Facile accesso all&#8217;assistenza\n          <\/p>\n        <\/div>\n        <p><span style=\"font-weight: 400;\">Vi rispondiamo in inglese e francese dal luned\u00ec al venerd\u00ec dalle 8.00 alle 18.00 (fuso orario CET). Potete contattarci attraverso il nostro portale clienti Centreon che vi guider\u00e0 nella creazione e nella gestione della vostra richiesta. <\/span><\/p>\n<p><span style=\"font-weight: 400;\">Se avete bisogno di una piattaforma Centreon disponibile 24 ore su 24, 7 giorni su 7, offriamo ai nostri clienti un servizio di assistenza 24 ore su 24.<\/span><\/p>\n\n      <\/div>\n\n                <div class=\"simple-card rounded-20 p-7 mb-4 lg:mb-8 break-inside-avoid-column relative z-1 to-animate \"\n           data-appear=\"100\" data-delay=\"0\">\n        <div class=\"flex items-center gap-4 mb-4\">\n                    <p class=\"font-display text-3xl font-bold\">\n            Efficienza con accesso remoto completo\n          <\/p>\n        <\/div>\n        <p><span style=\"font-weight: 400;\">Non c&#8217;\u00e8 bisogno di venire nel vostro ufficio! Siamo soliti gestire i vostri problemi e le vostre domande dal nostro ufficio. Potete essere certi di una risoluzione rapida e di un&#8217;assistenza veloce.  <\/span><\/p>\n\n      <\/div>\n\n                <div class=\"simple-card rounded-20 p-7 mb-4 lg:mb-8 break-inside-avoid-column relative z-1 to-animate \"\n           data-appear=\"100\" data-delay=\"0\">\n        <div class=\"flex items-center gap-4 mb-4\">\n                    <p class=\"font-display text-3xl font-bold\">\n            Centreon si concentra sulle prestazioni della sua piattaforma per i suoi clienti\n          <\/p>\n        <\/div>\n        <p><span style=\"font-weight: 400;\">Grazie al forte legame e alla vicinanza con la nostra R&amp;S, risolviamo i problemi del software per renderli disponibili nelle versioni future dei nostri prodotti. Potrete cos\u00ec beneficiare della versione pi\u00f9 recente, pi\u00f9 aggiornata e pi\u00f9 performante. <\/span><\/p>\n\n      <\/div>\n\n                <div class=\"simple-card rounded-20 p-7 mb-4 lg:mb-8 break-inside-avoid-column relative z-1 to-animate \"\n           data-appear=\"100\" data-delay=\"0\">\n        <div class=\"flex items-center gap-4 mb-4\">\n                    <p class=\"font-display text-3xl font-bold\">\n            Un team orientato ai clienti\n          <\/p>\n        <\/div>\n        <p><span style=\"font-weight: 400;\">Il nostro team \u00e8 dinamico e si impegna per la soddisfazione dei clienti. Attraverso il nostro management e la nostra moderna visione del customer care, vi supportiamo quotidianamente nella gestione delle vostre richieste. <\/span><\/p>\n\n      <\/div>\n\n                <div class=\"break-before-avoid text-left relative z-1\">\n        <a href=\"https:\/\/www.centreon.com\/it\/contatto\/\"\n           class=\"wp-block-button__link has-dark-background-color has-background to-animate mb-4 lg:mb-8\">\n          Contattateci\n        <\/a>\n      <\/div>\n\n      \n<\/div>\n<\/div>\n<\/div>\n\n\n\n<div class=\"wp-block-group is-layout-flow wp-block-group-is-layout-flow\">\n<div class=\"wp-block-columns are-vertically-aligned-center has-white-color has-dark-background-color has-text-color has-background is-layout-flex wp-container-core-columns-is-layout-0e0088bb wp-block-columns-is-layout-flex\" style=\"padding-top:30px;padding-bottom:30px\">\n<div class=\"wp-block-column is-vertically-aligned-center is-layout-flow wp-block-column-is-layout-flow\" style=\"flex-basis:60%\">\n<p class=\"has-2-xl-font-size\">Sei pronto a vedere come Centreon pu\u00f2 trasformare la sua attivit\u00e0?<\/p>\n<\/div>\n\n\n\n<div class=\"wp-block-column is-vertically-aligned-center is-layout-flow wp-block-column-is-layout-flow\">\n<div class=\"wp-block-buttons is-content-justification-right is-layout-flex wp-container-core-buttons-is-layout-d445cf74 wp-block-buttons-is-layout-flex\">\n<div class=\"wp-block-button\"><a class=\"wp-block-button__link has-dark-background-color has-background wp-element-button\" href=\"https:\/\/www.centreon.com\/it\/contatto\/\">Contattateci<\/a><\/div>\n\n\n\n<div class=\"wp-block-button\"><a class=\"wp-block-button__link has-dark-background-color has-background wp-element-button\" href=\"https:\/\/www.centreon.com\/it\/prova-gratuita\/\">Prova gratuita<\/a><\/div>\n<\/div>\n<\/div>\n<\/div>\n\n\n\n<div class=\"wp-block-columns are-vertically-aligned-center has-white-color has-primary-background-color has-text-color has-background is-layout-flex wp-container-core-columns-is-layout-0e0088bb wp-block-columns-is-layout-flex\" style=\"padding-top:30px;padding-bottom:30px\">\n<div class=\"wp-block-column is-vertically-aligned-center is-layout-flow wp-block-column-is-layout-flow\">\n<p class=\"has-2-xl-font-size\">Informati sulle nostre ultime novit\u00e0<\/p>\n<\/div>\n\n\n\n<div class=\"wp-block-column is-vertically-aligned-center is-layout-flow wp-block-column-is-layout-flow\"><div class=\"newsletter-form w-full\">\n  <form class=\"w-full\">\n    <div class=\"w-full flex items-center bg-white\/20 text-white rounded-10 px-4 text-lg\">\n      <input type=\"email\" name=\"email\" placeholder=\"Inserisci l\u2019indirizzo\"\n             class=\"w-full text-light h-8 pl-0 appearance-none bg-transparent rounded-none placeholder-white autofill:bg-transparent focus:outline-none\" required>\n      <button type=\"submit\" class=\"cursor-pointer appearance-none pl-4 py-3 shrink-0\" aria-label=\"Ricerca\">\n        Iscriviti      <\/button>\n    <\/div>\n  <\/form>\n  <div class=\"alert-success bg-white bg-opacity-20 text-white px-4 py-3 rounded-10\" style=\"display:none\">\n    Thank you for your subscription.  <\/div>\n<\/div>\n<\/div>\n<\/div>\n<\/div>\n","protected":false},"excerpt":{"rendered":"<p>Assistenza clienti La missione del nostro Customer Care \u00e8 quella di prendersi cura della vostra piattaforma Centreon per garantire che il monitoraggio sia disponibile ed efficiente, in linea con le vostre attivit\u00e0. Avete un problema,&nbsp;&#8230;<\/p>\n","protected":false},"author":2,"featured_media":0,"parent":32061,"menu_order":2,"comment_status":"closed","ping_status":"closed","template":"","meta":{"_acf_changed":false,"footnotes":""},"class_list":["post-32067","page","type-page","status-publish","hentry"],"acf":[],"yoast_head":"<!-- This site is optimized with the Yoast SEO plugin v26.6 - https:\/\/yoast.com\/wordpress\/plugins\/seo\/ -->\n<title>Assistenza clienti | Monitoraggio infrastruttura IT Centreon<\/title>\n<meta name=\"description\" content=\"Il team di assistenza clienti di Centreon \u00e8 qui per aiutarvi a ottenere il massimo dal nostro software di monitoraggio dell&#039;IT.\" \/>\n<meta name=\"robots\" content=\"index, follow, max-snippet:-1, max-image-preview:large, max-video-preview:-1\" \/>\n<link rel=\"canonical\" href=\"https:\/\/www.centreon.com\/it\/servizi\/assistenza-clienti\/\" \/>\n<meta property=\"og:locale\" content=\"it_IT\" \/>\n<meta property=\"og:type\" content=\"article\" \/>\n<meta property=\"og:title\" content=\"Assistenza clienti | Monitoraggio infrastruttura IT Centreon\" \/>\n<meta property=\"og:description\" content=\"Il team di assistenza clienti di Centreon \u00e8 qui per aiutarvi a ottenere il massimo dal nostro software di monitoraggio dell&#039;IT.\" \/>\n<meta property=\"og:url\" content=\"https:\/\/www.centreon.com\/it\/servizi\/assistenza-clienti\/\" \/>\n<meta property=\"og:site_name\" content=\"Centreon\" \/>\n<meta property=\"article:publisher\" content=\"https:\/\/www.facebook.com\/CentreonMonitoring\/\" \/>\n<meta property=\"article:modified_time\" content=\"2025-11-06T12:53:30+00:00\" \/>\n<meta property=\"og:image\" content=\"https:\/\/www.centreon.com\/uploads\/2022\/10\/Ligne-30-1.png\" \/>\n\t<meta property=\"og:image:width\" content=\"2\" \/>\n\t<meta property=\"og:image:height\" content=\"124\" \/>\n\t<meta property=\"og:image:type\" content=\"image\/png\" \/>\n<meta name=\"twitter:card\" content=\"summary_large_image\" \/>\n<meta name=\"twitter:site\" content=\"@CentreonFR\" \/>\n<meta name=\"twitter:label1\" content=\"Est. reading time\" \/>\n\t<meta name=\"twitter:data1\" content=\"4 minutes\" \/>\n<script type=\"application\/ld+json\" class=\"yoast-schema-graph\">{\"@context\":\"https:\/\/schema.org\",\"@graph\":[{\"@type\":\"WebPage\",\"@id\":\"https:\/\/www.centreon.com\/it\/servizi\/assistenza-clienti\/\",\"url\":\"https:\/\/www.centreon.com\/it\/servizi\/assistenza-clienti\/\",\"name\":\"Assistenza clienti | Monitoraggio infrastruttura IT Centreon\",\"isPartOf\":{\"@id\":\"https:\/\/www.centreon.com\/it\/#website\"},\"primaryImageOfPage\":{\"@id\":\"https:\/\/www.centreon.com\/it\/servizi\/assistenza-clienti\/#primaryimage\"},\"image\":{\"@id\":\"https:\/\/www.centreon.com\/it\/servizi\/assistenza-clienti\/#primaryimage\"},\"thumbnailUrl\":\"https:\/\/www.centreon.com\/uploads\/2022\/10\/Ligne-30-1.png\",\"datePublished\":\"2022-10-25T12:34:58+00:00\",\"dateModified\":\"2025-11-06T12:53:30+00:00\",\"description\":\"Il team di assistenza clienti di Centreon \u00e8 qui per aiutarvi a ottenere il massimo dal nostro software di monitoraggio dell'IT.\",\"breadcrumb\":{\"@id\":\"https:\/\/www.centreon.com\/it\/servizi\/assistenza-clienti\/#breadcrumb\"},\"inLanguage\":\"it-IT\",\"potentialAction\":[{\"@type\":\"ReadAction\",\"target\":[\"https:\/\/www.centreon.com\/it\/servizi\/assistenza-clienti\/\"]}]},{\"@type\":\"ImageObject\",\"inLanguage\":\"it-IT\",\"@id\":\"https:\/\/www.centreon.com\/it\/servizi\/assistenza-clienti\/#primaryimage\",\"url\":\"https:\/\/www.centreon.com\/uploads\/2022\/10\/Ligne-30-1.png\",\"contentUrl\":\"https:\/\/www.centreon.com\/uploads\/2022\/10\/Ligne-30-1.png\"},{\"@type\":\"BreadcrumbList\",\"@id\":\"https:\/\/www.centreon.com\/it\/servizi\/assistenza-clienti\/#breadcrumb\",\"itemListElement\":[{\"@type\":\"ListItem\",\"position\":1,\"name\":\"Home\",\"item\":\"https:\/\/www.centreon.com\/it\/\"},{\"@type\":\"ListItem\",\"position\":2,\"name\":\"Servizi\",\"item\":\"https:\/\/www.centreon.com\/it\/servizi\/\"},{\"@type\":\"ListItem\",\"position\":3,\"name\":\"Assistenza clienti\"}]},{\"@type\":\"WebSite\",\"@id\":\"https:\/\/www.centreon.com\/it\/#website\",\"url\":\"https:\/\/www.centreon.com\/it\/\",\"name\":\"Centreon\",\"description\":\"Best-in-Class Hybrid IT Monitoring for Enterprise, MSP &amp; IoT\",\"publisher\":{\"@id\":\"https:\/\/www.centreon.com\/it\/#organization\"},\"potentialAction\":[{\"@type\":\"SearchAction\",\"target\":{\"@type\":\"EntryPoint\",\"urlTemplate\":\"https:\/\/www.centreon.com\/it\/?s={search_term_string}\"},\"query-input\":{\"@type\":\"PropertyValueSpecification\",\"valueRequired\":true,\"valueName\":\"search_term_string\"}}],\"inLanguage\":\"it-IT\"},{\"@type\":\"Organization\",\"@id\":\"https:\/\/www.centreon.com\/it\/#organization\",\"name\":\"Centreon\",\"url\":\"https:\/\/www.centreon.com\/it\/\",\"logo\":{\"@type\":\"ImageObject\",\"inLanguage\":\"it-IT\",\"@id\":\"https:\/\/www.centreon.com\/it\/#\/schema\/logo\/image\/\",\"url\":\"https:\/\/www.centreon.com\/wp-content\/uploads\/2023\/07\/Logo_Centreon_Email_Signature_light_02.png\",\"contentUrl\":\"https:\/\/www.centreon.com\/wp-content\/uploads\/2023\/07\/Logo_Centreon_Email_Signature_light_02.png\",\"width\":180,\"height\":42,\"caption\":\"Centreon\"},\"image\":{\"@id\":\"https:\/\/www.centreon.com\/it\/#\/schema\/logo\/image\/\"},\"sameAs\":[\"https:\/\/www.facebook.com\/CentreonMonitoring\/\",\"https:\/\/x.com\/CentreonFR\",\"https:\/\/www.linkedin.com\/company\/centreonsoftware\/\",\"https:\/\/www.youtube.com\/channel\/UCIKJKvZ8acLmEg2fCdDzsvA\",\"https:\/\/fr.wikipedia.org\/wiki\/Centreon\"]}]}<\/script>\n<!-- \/ Yoast SEO plugin. -->","yoast_head_json":{"title":"Assistenza clienti | Monitoraggio infrastruttura IT Centreon","description":"Il team di assistenza clienti di Centreon \u00e8 qui per aiutarvi a ottenere il massimo dal nostro software di monitoraggio dell'IT.","robots":{"index":"index","follow":"follow","max-snippet":"max-snippet:-1","max-image-preview":"max-image-preview:large","max-video-preview":"max-video-preview:-1"},"canonical":"https:\/\/www.centreon.com\/it\/servizi\/assistenza-clienti\/","og_locale":"it_IT","og_type":"article","og_title":"Assistenza clienti | Monitoraggio infrastruttura IT Centreon","og_description":"Il team di assistenza clienti di Centreon \u00e8 qui per aiutarvi a ottenere il massimo dal nostro software di monitoraggio dell'IT.","og_url":"https:\/\/www.centreon.com\/it\/servizi\/assistenza-clienti\/","og_site_name":"Centreon","article_publisher":"https:\/\/www.facebook.com\/CentreonMonitoring\/","article_modified_time":"2025-11-06T12:53:30+00:00","og_image":[{"width":2,"height":124,"url":"https:\/\/www.centreon.com\/uploads\/2022\/10\/Ligne-30-1.png","type":"image\/png"}],"twitter_card":"summary_large_image","twitter_site":"@CentreonFR","twitter_misc":{"Est. reading time":"4 minutes"},"schema":{"@context":"https:\/\/schema.org","@graph":[{"@type":"WebPage","@id":"https:\/\/www.centreon.com\/it\/servizi\/assistenza-clienti\/","url":"https:\/\/www.centreon.com\/it\/servizi\/assistenza-clienti\/","name":"Assistenza clienti | Monitoraggio infrastruttura IT Centreon","isPartOf":{"@id":"https:\/\/www.centreon.com\/it\/#website"},"primaryImageOfPage":{"@id":"https:\/\/www.centreon.com\/it\/servizi\/assistenza-clienti\/#primaryimage"},"image":{"@id":"https:\/\/www.centreon.com\/it\/servizi\/assistenza-clienti\/#primaryimage"},"thumbnailUrl":"https:\/\/www.centreon.com\/uploads\/2022\/10\/Ligne-30-1.png","datePublished":"2022-10-25T12:34:58+00:00","dateModified":"2025-11-06T12:53:30+00:00","description":"Il team di assistenza clienti di Centreon \u00e8 qui per aiutarvi a ottenere il massimo dal nostro software di monitoraggio dell'IT.","breadcrumb":{"@id":"https:\/\/www.centreon.com\/it\/servizi\/assistenza-clienti\/#breadcrumb"},"inLanguage":"it-IT","potentialAction":[{"@type":"ReadAction","target":["https:\/\/www.centreon.com\/it\/servizi\/assistenza-clienti\/"]}]},{"@type":"ImageObject","inLanguage":"it-IT","@id":"https:\/\/www.centreon.com\/it\/servizi\/assistenza-clienti\/#primaryimage","url":"https:\/\/www.centreon.com\/uploads\/2022\/10\/Ligne-30-1.png","contentUrl":"https:\/\/www.centreon.com\/uploads\/2022\/10\/Ligne-30-1.png"},{"@type":"BreadcrumbList","@id":"https:\/\/www.centreon.com\/it\/servizi\/assistenza-clienti\/#breadcrumb","itemListElement":[{"@type":"ListItem","position":1,"name":"Home","item":"https:\/\/www.centreon.com\/it\/"},{"@type":"ListItem","position":2,"name":"Servizi","item":"https:\/\/www.centreon.com\/it\/servizi\/"},{"@type":"ListItem","position":3,"name":"Assistenza clienti"}]},{"@type":"WebSite","@id":"https:\/\/www.centreon.com\/it\/#website","url":"https:\/\/www.centreon.com\/it\/","name":"Centreon","description":"Best-in-Class Hybrid IT Monitoring for Enterprise, MSP &amp; IoT","publisher":{"@id":"https:\/\/www.centreon.com\/it\/#organization"},"potentialAction":[{"@type":"SearchAction","target":{"@type":"EntryPoint","urlTemplate":"https:\/\/www.centreon.com\/it\/?s={search_term_string}"},"query-input":{"@type":"PropertyValueSpecification","valueRequired":true,"valueName":"search_term_string"}}],"inLanguage":"it-IT"},{"@type":"Organization","@id":"https:\/\/www.centreon.com\/it\/#organization","name":"Centreon","url":"https:\/\/www.centreon.com\/it\/","logo":{"@type":"ImageObject","inLanguage":"it-IT","@id":"https:\/\/www.centreon.com\/it\/#\/schema\/logo\/image\/","url":"https:\/\/www.centreon.com\/wp-content\/uploads\/2023\/07\/Logo_Centreon_Email_Signature_light_02.png","contentUrl":"https:\/\/www.centreon.com\/wp-content\/uploads\/2023\/07\/Logo_Centreon_Email_Signature_light_02.png","width":180,"height":42,"caption":"Centreon"},"image":{"@id":"https:\/\/www.centreon.com\/it\/#\/schema\/logo\/image\/"},"sameAs":["https:\/\/www.facebook.com\/CentreonMonitoring\/","https:\/\/x.com\/CentreonFR","https:\/\/www.linkedin.com\/company\/centreonsoftware\/","https:\/\/www.youtube.com\/channel\/UCIKJKvZ8acLmEg2fCdDzsvA","https:\/\/fr.wikipedia.org\/wiki\/Centreon"]}]}},"_links":{"self":[{"href":"https:\/\/www.centreon.com\/it\/wp-json\/wp\/v2\/pages\/32067","targetHints":{"allow":["GET"]}}],"collection":[{"href":"https:\/\/www.centreon.com\/it\/wp-json\/wp\/v2\/pages"}],"about":[{"href":"https:\/\/www.centreon.com\/it\/wp-json\/wp\/v2\/types\/page"}],"author":[{"embeddable":true,"href":"https:\/\/www.centreon.com\/it\/wp-json\/wp\/v2\/users\/2"}],"replies":[{"embeddable":true,"href":"https:\/\/www.centreon.com\/it\/wp-json\/wp\/v2\/comments?post=32067"}],"version-history":[{"count":8,"href":"https:\/\/www.centreon.com\/it\/wp-json\/wp\/v2\/pages\/32067\/revisions"}],"predecessor-version":[{"id":42243,"href":"https:\/\/www.centreon.com\/it\/wp-json\/wp\/v2\/pages\/32067\/revisions\/42243"}],"up":[{"embeddable":true,"href":"https:\/\/www.centreon.com\/it\/wp-json\/wp\/v2\/pages\/32061"}],"wp:attachment":[{"href":"https:\/\/www.centreon.com\/it\/wp-json\/wp\/v2\/media?parent=32067"}],"curies":[{"name":"wp","href":"https:\/\/api.w.org\/{rel}","templated":true}]}}