{"id":32045,"date":"2022-10-24T11:34:45","date_gmt":"2022-10-24T09:34:45","guid":{"rendered":"https:\/\/www.centreon.com\/partners\/"},"modified":"2025-11-07T11:43:00","modified_gmt":"2025-11-07T10:43:00","slug":"partners","status":"publish","type":"page","link":"https:\/\/www.centreon.com\/it\/partners\/","title":{"rendered":"Partners"},"content":{"rendered":"\n<div class=\"wp-block-columns are-vertically-aligned-center has-gradient-10-gradient-background has-background is-layout-flex wp-container-core-columns-is-layout-a7e814ea wp-block-columns-is-layout-flex\" style=\"padding-top:100px;padding-bottom:80px\">\n<div class=\"wp-block-column is-vertically-aligned-center is-layout-flow wp-block-column-is-layout-flow\">\n<h1 class=\"wp-block-heading\">Partner Centreon<\/h1>\n\n\n\n<p class=\"has-2-xl-font-size\">Il programma partner leader per accelerare il successo dei clienti<\/p>\n<\/div>\n\n\n\n<div class=\"wp-block-column is-vertically-aligned-center is-layout-flow wp-block-column-is-layout-flow\" style=\"flex-basis:280px\"><div class=\"rounded-20 p-6 flex flex-col relative clickable-card font-semibold h-full justify-between min-h-[160px]\n              text-center\">\n    <a href=\"mailto:dealregistration@centreon.com%20\"\n       target=\"_blank\"\n       class=\"absolute inset-0\"><\/a>\n\n    Partner Registrazione nuovo lead qui\n\n    <a href=\"mailto:dealregistration@centreon.com%20\"\n      target=\"_blank\"\n      class=\"wp-block-button__link square-btn w-12 h-12 !px-0 !py-0 mt-8\n             standard-btn\n             self-center\">\n    <\/a>\n  <\/div>\n\n\n\n\n<div style=\"height:20px\" aria-hidden=\"true\" class=\"wp-block-spacer\"><\/div>\n\n\n<\/div>\n<\/div>\n\n\n\n<div class=\"wp-block-columns has-white-color has-dark-background-color has-text-color has-background is-layout-flex wp-container-core-columns-is-layout-4bfa5c6b wp-block-columns-is-layout-flex\" style=\"padding-top:9px;padding-bottom:9px\">\n<div class=\"wp-block-column is-layout-flow wp-block-column-is-layout-flow\" style=\"flex-basis:100%\"><div class=\"yoast-breadcrumbs\"><span><span><a href=\"https:\/\/www.centreon.com\/it\/\"><span class=\"breadcrumb-home\"><span class=\"hidden\">Home<\/span><\/span><\/a><\/span> <span class=\"breadcrumb-separator\"><\/span> <span class=\"breadcrumb_last\" aria-current=\"page\">Partners<\/span><\/span><\/div><\/div>\n<\/div>\n\n\n\n<div class=\"wp-block-columns is-layout-flex wp-container-core-columns-is-layout-8d18b20c wp-block-columns-is-layout-flex\" style=\"padding-top:40px;padding-bottom:20px\">\n<div class=\"wp-block-column is-layout-flow wp-block-column-is-layout-flow\" style=\"flex-basis:500px\">\n<div class=\"wp-block-columns are-vertically-aligned-center is-layout-flex wp-container-core-columns-is-layout-28f84493 wp-block-columns-is-layout-flex\">\n<div class=\"wp-block-column is-vertically-aligned-center is-layout-flow wp-block-column-is-layout-flow\">\n<div class=\"wp-block-buttons is-layout-flex wp-block-buttons-is-layout-flex\">\n<div class=\"wp-block-button\"><a class=\"wp-block-button__link has-white-background-color has-background wp-element-button\" href=\"https:\/\/www.centreon.com\/it\/partners\/programma-on-partner\/\">Diventare partner<\/a><\/div>\n<\/div>\n<\/div>\n<\/div>\n<\/div>\n<\/div>\n\n\n\n<div class=\"wp-block-columns are-vertically-aligned-center has-white-background-color has-background is-layout-flex wp-container-core-columns-is-layout-28f84493 wp-block-columns-is-layout-flex\">\n<div class=\"wp-block-column is-vertically-aligned-center is-layout-flow wp-block-column-is-layout-flow\">\n<h2 class=\"wp-block-heading\">Le storie dei partner danno vita ai risultati<\/h2>\n\n\n<div class=\"grid grid-cols-1 md:grid-cols-3 gap-4\">\n            <div class=\"my-4 relative pt-5\">\n                                                <a href=\"https:\/\/www.centreon.com\/post-type\/user-stories\/\" class=\"bg-primary px-5 py-2.5 rounded-5 uppercase text-sm tracking-widest !text-white !font-normal !no-underline inline-block top-0 absolute z-1\">\n      User Stories\n    <\/a>\n    <div class=\"flex flex-col rounded-20 overflow-hidden h-full bg-white\">\n    <div class=\"relative\n                after:absolute\n                after:content-['']\n                after:w-full after:h-0.5 after:bottom-0 after:left-0\n                after:bg-gradient-to-r after:from-primary after:via-purple after:to-green\">\n\n      <img class=\"aspect-video object-cover object-center w-full\"\n          src=\"https:\/\/www.centreon.com\/uploads\/2022\/10\/ITS_Solucoes_Brazil_relies_on_Centreon-1024x588.jpg\"\n          loading=\"lazy\" fetchpriority=\"low\" decoding=\"async\"\/>\n    <\/div>\n\n    <div class=\"px-6 pt-7 pb-8 grow flex flex-col items-start justify-between font-semibold\n                bg-dark text-white\">\n      <a href=\"https:\/\/www.centreon.com\/it-solucoes-uses-centreon-to-accelerate-the-digital-journey-for-brazilian-enterprises\/\" target=\"_self\" class=\"!mb-12 !no-underline hover:!underline\" style=\"color: inherit !important\">\n                IT Solu\u00e7\u00f5es uses Centreon to accelerate the digital journey for Brazilian enterprises\n        <\/a>\n              <a href=\"https:\/\/www.centreon.com\/it-solucoes-uses-centreon-to-accelerate-the-digital-journey-for-brazilian-enterprises\/\" target=\"_self\" class=\"wp-block-button__link has-background has-dark-background-color\">\n          Per saperne di pi\u00f9\n        <\/a>\n          <\/div>\n  <\/div>\n<\/div>\n          <div class=\"my-4 relative pt-5\">\n                                                <a href=\"https:\/\/www.centreon.com\/post-type\/user-stories\/\" class=\"bg-primary px-5 py-2.5 rounded-5 uppercase text-sm tracking-widest !text-white !font-normal !no-underline inline-block top-0 absolute z-1\">\n      User Stories\n    <\/a>\n    <div class=\"flex flex-col rounded-20 overflow-hidden h-full bg-white\">\n    <div class=\"relative\n                after:absolute\n                after:content-['']\n                after:w-full after:h-0.5 after:bottom-0 after:left-0\n                after:bg-gradient-to-r after:from-primary after:via-purple after:to-green\">\n\n      <img class=\"aspect-video object-cover object-center w-full\"\n          src=\"https:\/\/www.centreon.com\/uploads\/2022\/10\/Illustration_CS_MEANQUEST-Centreon.jpg\"\n          loading=\"lazy\" fetchpriority=\"low\" decoding=\"async\"\/>\n    <\/div>\n\n    <div class=\"px-6 pt-7 pb-8 grow flex flex-col items-start justify-between font-semibold\n                bg-dark text-white\">\n      <a href=\"https:\/\/www.centreon.com\/meanquest-relies-on-centreon-to-offer-clients-the-best-of-it-monitoring\/\" target=\"_self\" class=\"!mb-12 !no-underline hover:!underline\" style=\"color: inherit !important\">\n                MEANQUEST relies on Centreon to offer clients the best of IT monitoring\n        <\/a>\n              <a href=\"https:\/\/www.centreon.com\/meanquest-relies-on-centreon-to-offer-clients-the-best-of-it-monitoring\/\" target=\"_self\" class=\"wp-block-button__link has-background has-dark-background-color\">\n          Per saperne di pi\u00f9\n        <\/a>\n          <\/div>\n  <\/div>\n<\/div>\n          <div class=\"my-4 relative pt-5\">\n                                                <a href=\"https:\/\/www.centreon.com\/post-type\/user-stories\/\" class=\"bg-primary px-5 py-2.5 rounded-5 uppercase text-sm tracking-widest !text-white !font-normal !no-underline inline-block top-0 absolute z-1\">\n      User Stories\n    <\/a>\n    <div class=\"flex flex-col rounded-20 overflow-hidden h-full bg-white\">\n    <div class=\"relative\n                after:absolute\n                after:content-['']\n                after:w-full after:h-0.5 after:bottom-0 after:left-0\n                after:bg-gradient-to-r after:from-primary after:via-purple after:to-green\">\n\n      <img class=\"aspect-video object-cover object-center w-full\"\n          src=\"https:\/\/www.centreon.com\/uploads\/2022\/11\/Customer_Story_Centreon_Rest_Solution_MSP_Asia-1024x639.jpg\"\n          loading=\"lazy\" fetchpriority=\"low\" decoding=\"async\"\/>\n    <\/div>\n\n    <div class=\"px-6 pt-7 pb-8 grow flex flex-col items-start justify-between font-semibold\n                bg-dark text-white\">\n      <a href=\"https:\/\/www.centreon.com\/msp-rest-solution-relies-on-centreons-powerful-capabilities-for-anywhere-anytime-client-infrastructure-availability\/\" target=\"_self\" class=\"!mb-12 !no-underline hover:!underline\" style=\"color: inherit !important\">\n                MSP REST Solution Relies on Centreon\u2019s Powerful Capabilities for Anywhere, Anytime Client Infrastructure Availability\n        <\/a>\n              <a href=\"https:\/\/www.centreon.com\/msp-rest-solution-relies-on-centreons-powerful-capabilities-for-anywhere-anytime-client-infrastructure-availability\/\" target=\"_self\" class=\"wp-block-button__link has-background has-dark-background-color\">\n          Per saperne di pi\u00f9\n        <\/a>\n          <\/div>\n  <\/div>\n<\/div>\n      <\/div>\n<\/div>\n<\/div>\n\n\n\n<div class=\"wp-block-columns are-vertically-aligned-center is-layout-flex wp-container-core-columns-is-layout-616b8f11 wp-block-columns-is-layout-flex\" style=\"padding-bottom:100px\">\n<div class=\"wp-block-column is-vertically-aligned-center is-layout-flow wp-block-column-is-layout-flow\">\n<h2 class=\"wp-block-heading\">Citazioni dei partner<\/h2>\n\n\n\n<div class=\"wp-block-columns is-layout-flex wp-container-core-columns-is-layout-28f84493 wp-block-columns-is-layout-flex\">\n<div class=\"wp-block-column has-gradient-10-gradient-background has-background is-layout-flow wp-block-column-is-layout-flow\">\n<blockquote class=\"wp-block-quote is-layout-flow wp-block-quote-is-layout-flow\">\n<p>&#8220;Perch\u00e9 siamo ancora fedeli a Centreon dopo 15 anni? La risposta sta nell&#8217;agilit\u00e0 e nella flessibilit\u00e0 di Centreon&#8221;<\/p>\n<cite><strong>Thierry Del-Monte <\/strong><br>Director of Engineering &#8211; ITS Integra<\/cite><\/blockquote>\n<\/div>\n\n\n\n<div class=\"wp-block-column has-gradient-10-gradient-background has-background is-layout-flow wp-block-column-is-layout-flow\">\n<blockquote class=\"wp-block-quote is-layout-flow wp-block-quote-is-layout-flow\">\n<p>&#8220;Con Centreon aiutiamo i Clienti in molti modi: li aiutiamo a sfruttare al meglio il loro ambiente IT&#8230; e li aiutiamo a risparmiare tempo e denaro nella gestione dell&#8217;IT&#8221;.<\/p>\n<cite><strong>Giancarlo Trentini<\/strong><br>Sales director, ITS Solu\u00e7\u00f5es<\/cite><\/blockquote>\n<\/div>\n<\/div>\n\n\n\n<p><\/p>\n\n\n\n<p><\/p>\n<\/div>\n<\/div>\n\n\n\n<div class=\"wp-block-group is-layout-flow wp-block-group-is-layout-flow\">\n<div class=\"wp-block-columns are-vertically-aligned-center has-white-color has-dark-background-color has-text-color has-background is-layout-flex wp-container-core-columns-is-layout-0e0088bb wp-block-columns-is-layout-flex\" style=\"padding-top:30px;padding-bottom:30px\">\n<div class=\"wp-block-column is-vertically-aligned-center is-layout-flow wp-block-column-is-layout-flow\" style=\"flex-basis:60%\">\n<p class=\"has-2-xl-font-size\">Sei pronto a vedere come Centreon pu\u00f2 trasformare la sua attivit\u00e0?<\/p>\n<\/div>\n\n\n\n<div class=\"wp-block-column is-vertically-aligned-center is-layout-flow wp-block-column-is-layout-flow\">\n<div class=\"wp-block-buttons is-content-justification-right is-layout-flex wp-container-core-buttons-is-layout-d445cf74 wp-block-buttons-is-layout-flex\">\n<div class=\"wp-block-button\"><a class=\"wp-block-button__link has-dark-background-color has-background wp-element-button\" href=\"https:\/\/www.centreon.com\/it\/contatto\/\">Contattateci<\/a><\/div>\n\n\n\n<div class=\"wp-block-button\"><a class=\"wp-block-button__link has-dark-background-color has-background wp-element-button\" href=\"https:\/\/www.centreon.com\/it\/prova-gratuita\/\">Prova gratuita<\/a><\/div>\n<\/div>\n<\/div>\n<\/div>\n\n\n\n<div class=\"wp-block-columns are-vertically-aligned-center has-white-color has-primary-background-color has-text-color has-background is-layout-flex wp-container-core-columns-is-layout-0e0088bb wp-block-columns-is-layout-flex\" style=\"padding-top:30px;padding-bottom:30px\">\n<div class=\"wp-block-column is-vertically-aligned-center is-layout-flow wp-block-column-is-layout-flow\">\n<p class=\"has-2-xl-font-size\">Informati sulle nostre ultime novit\u00e0<\/p>\n<\/div>\n\n\n\n<div class=\"wp-block-column is-vertically-aligned-center is-layout-flow wp-block-column-is-layout-flow\"><div class=\"newsletter-form w-full\">\n  <form class=\"w-full\">\n    <div class=\"w-full flex items-center bg-white\/20 text-white rounded-10 px-4 text-lg\">\n      <input type=\"email\" name=\"email\" placeholder=\"Inserisci l\u2019indirizzo\"\n             class=\"w-full text-light h-8 pl-0 appearance-none bg-transparent rounded-none placeholder-white autofill:bg-transparent focus:outline-none\" required>\n      <button type=\"submit\" class=\"cursor-pointer appearance-none pl-4 py-3 shrink-0\" aria-label=\"Ricerca\">\n        Iscriviti      <\/button>\n    <\/div>\n  <\/form>\n  <div class=\"alert-success bg-white bg-opacity-20 text-white px-4 py-3 rounded-10\" style=\"display:none\">\n    Thank you for your subscription.  <\/div>\n<\/div>\n<\/div>\n<\/div>\n<\/div>\n","protected":false},"excerpt":{"rendered":"<p>Partner Centreon Il programma partner leader per accelerare il successo dei clienti Le storie dei partner danno vita ai risultati Citazioni dei partner &#8220;Perch\u00e9 siamo ancora fedeli a Centreon dopo 15 anni? La risposta sta&nbsp;&#8230;<\/p>\n","protected":false},"author":2,"featured_media":0,"parent":0,"menu_order":12,"comment_status":"closed","ping_status":"closed","template":"","meta":{"_acf_changed":false,"footnotes":""},"class_list":["post-32045","page","type-page","status-publish","hentry"],"acf":[],"yoast_head":"<!-- This site is optimized with the Yoast SEO plugin v26.6 - https:\/\/yoast.com\/wordpress\/plugins\/seo\/ -->\n<title>Partner Centreon | Accelerazione del successo dei clienti<\/title>\n<meta name=\"description\" content=\"Scoprite i vantaggi di essere un partner Centreon per aiutare le aziende a garantire la disponibilit\u00e0 e le prestazioni dell&#039;IT.\" \/>\n<meta name=\"robots\" content=\"index, follow, max-snippet:-1, max-image-preview:large, max-video-preview:-1\" \/>\n<link rel=\"canonical\" href=\"https:\/\/www.centreon.com\/it\/partners\/\" \/>\n<meta property=\"og:locale\" content=\"it_IT\" \/>\n<meta property=\"og:type\" content=\"article\" \/>\n<meta property=\"og:title\" content=\"Partner Centreon | Accelerazione del successo dei clienti\" \/>\n<meta property=\"og:description\" content=\"Scoprite i vantaggi di essere un partner Centreon per aiutare le aziende a garantire la disponibilit\u00e0 e le prestazioni dell&#039;IT.\" \/>\n<meta property=\"og:url\" content=\"https:\/\/www.centreon.com\/it\/partners\/\" \/>\n<meta property=\"og:site_name\" content=\"Centreon\" \/>\n<meta property=\"article:publisher\" content=\"https:\/\/www.facebook.com\/CentreonMonitoring\/\" \/>\n<meta property=\"article:modified_time\" content=\"2025-11-07T10:43:00+00:00\" \/>\n<meta property=\"og:image\" content=\"https:\/\/www.centreon.com\/uploads\/2023\/11\/Vertical_Original.png\" \/>\n\t<meta property=\"og:image:width\" content=\"1076\" \/>\n\t<meta property=\"og:image:height\" content=\"556\" \/>\n\t<meta property=\"og:image:type\" content=\"image\/png\" \/>\n<meta name=\"twitter:card\" content=\"summary_large_image\" \/>\n<meta name=\"twitter:site\" content=\"@CentreonFR\" \/>\n<meta name=\"twitter:label1\" content=\"Est. reading time\" \/>\n\t<meta name=\"twitter:data1\" content=\"1 minute\" \/>\n<script type=\"application\/ld+json\" class=\"yoast-schema-graph\">{\"@context\":\"https:\/\/schema.org\",\"@graph\":[{\"@type\":\"WebPage\",\"@id\":\"https:\/\/www.centreon.com\/it\/partners\/\",\"url\":\"https:\/\/www.centreon.com\/it\/partners\/\",\"name\":\"Partner Centreon | Accelerazione del successo dei clienti\",\"isPartOf\":{\"@id\":\"https:\/\/www.centreon.com\/it\/#website\"},\"datePublished\":\"2022-10-24T09:34:45+00:00\",\"dateModified\":\"2025-11-07T10:43:00+00:00\",\"description\":\"Scoprite i vantaggi di essere un partner Centreon per aiutare le aziende a garantire la disponibilit\u00e0 e le prestazioni dell'IT.\",\"breadcrumb\":{\"@id\":\"https:\/\/www.centreon.com\/it\/partners\/#breadcrumb\"},\"inLanguage\":\"it-IT\",\"potentialAction\":[{\"@type\":\"ReadAction\",\"target\":[\"https:\/\/www.centreon.com\/it\/partners\/\"]}]},{\"@type\":\"BreadcrumbList\",\"@id\":\"https:\/\/www.centreon.com\/it\/partners\/#breadcrumb\",\"itemListElement\":[{\"@type\":\"ListItem\",\"position\":1,\"name\":\"Home\",\"item\":\"https:\/\/www.centreon.com\/it\/\"},{\"@type\":\"ListItem\",\"position\":2,\"name\":\"Partners\"}]},{\"@type\":\"WebSite\",\"@id\":\"https:\/\/www.centreon.com\/it\/#website\",\"url\":\"https:\/\/www.centreon.com\/it\/\",\"name\":\"Centreon\",\"description\":\"Best-in-Class Hybrid IT Monitoring for Enterprise, MSP &amp; IoT\",\"publisher\":{\"@id\":\"https:\/\/www.centreon.com\/it\/#organization\"},\"potentialAction\":[{\"@type\":\"SearchAction\",\"target\":{\"@type\":\"EntryPoint\",\"urlTemplate\":\"https:\/\/www.centreon.com\/it\/?s={search_term_string}\"},\"query-input\":{\"@type\":\"PropertyValueSpecification\",\"valueRequired\":true,\"valueName\":\"search_term_string\"}}],\"inLanguage\":\"it-IT\"},{\"@type\":\"Organization\",\"@id\":\"https:\/\/www.centreon.com\/it\/#organization\",\"name\":\"Centreon\",\"url\":\"https:\/\/www.centreon.com\/it\/\",\"logo\":{\"@type\":\"ImageObject\",\"inLanguage\":\"it-IT\",\"@id\":\"https:\/\/www.centreon.com\/it\/#\/schema\/logo\/image\/\",\"url\":\"https:\/\/www.centreon.com\/wp-content\/uploads\/2023\/07\/Logo_Centreon_Email_Signature_light_02.png\",\"contentUrl\":\"https:\/\/www.centreon.com\/wp-content\/uploads\/2023\/07\/Logo_Centreon_Email_Signature_light_02.png\",\"width\":180,\"height\":42,\"caption\":\"Centreon\"},\"image\":{\"@id\":\"https:\/\/www.centreon.com\/it\/#\/schema\/logo\/image\/\"},\"sameAs\":[\"https:\/\/www.facebook.com\/CentreonMonitoring\/\",\"https:\/\/x.com\/CentreonFR\",\"https:\/\/www.linkedin.com\/company\/centreonsoftware\/\",\"https:\/\/www.youtube.com\/channel\/UCIKJKvZ8acLmEg2fCdDzsvA\",\"https:\/\/fr.wikipedia.org\/wiki\/Centreon\"]}]}<\/script>\n<!-- \/ Yoast SEO plugin. -->","yoast_head_json":{"title":"Partner Centreon | Accelerazione del successo dei clienti","description":"Scoprite i vantaggi di essere un partner Centreon per aiutare le aziende a garantire la disponibilit\u00e0 e le prestazioni dell'IT.","robots":{"index":"index","follow":"follow","max-snippet":"max-snippet:-1","max-image-preview":"max-image-preview:large","max-video-preview":"max-video-preview:-1"},"canonical":"https:\/\/www.centreon.com\/it\/partners\/","og_locale":"it_IT","og_type":"article","og_title":"Partner Centreon | Accelerazione del successo dei clienti","og_description":"Scoprite i vantaggi di essere un partner Centreon per aiutare le aziende a garantire la disponibilit\u00e0 e le prestazioni dell'IT.","og_url":"https:\/\/www.centreon.com\/it\/partners\/","og_site_name":"Centreon","article_publisher":"https:\/\/www.facebook.com\/CentreonMonitoring\/","article_modified_time":"2025-11-07T10:43:00+00:00","og_image":[{"width":1076,"height":556,"url":"https:\/\/www.centreon.com\/uploads\/2023\/11\/Vertical_Original.png","type":"image\/png"}],"twitter_card":"summary_large_image","twitter_site":"@CentreonFR","twitter_misc":{"Est. reading time":"1 minute"},"schema":{"@context":"https:\/\/schema.org","@graph":[{"@type":"WebPage","@id":"https:\/\/www.centreon.com\/it\/partners\/","url":"https:\/\/www.centreon.com\/it\/partners\/","name":"Partner Centreon | Accelerazione del successo dei clienti","isPartOf":{"@id":"https:\/\/www.centreon.com\/it\/#website"},"datePublished":"2022-10-24T09:34:45+00:00","dateModified":"2025-11-07T10:43:00+00:00","description":"Scoprite i vantaggi di essere un partner Centreon per aiutare le aziende a garantire la disponibilit\u00e0 e le prestazioni dell'IT.","breadcrumb":{"@id":"https:\/\/www.centreon.com\/it\/partners\/#breadcrumb"},"inLanguage":"it-IT","potentialAction":[{"@type":"ReadAction","target":["https:\/\/www.centreon.com\/it\/partners\/"]}]},{"@type":"BreadcrumbList","@id":"https:\/\/www.centreon.com\/it\/partners\/#breadcrumb","itemListElement":[{"@type":"ListItem","position":1,"name":"Home","item":"https:\/\/www.centreon.com\/it\/"},{"@type":"ListItem","position":2,"name":"Partners"}]},{"@type":"WebSite","@id":"https:\/\/www.centreon.com\/it\/#website","url":"https:\/\/www.centreon.com\/it\/","name":"Centreon","description":"Best-in-Class Hybrid IT Monitoring for Enterprise, MSP &amp; IoT","publisher":{"@id":"https:\/\/www.centreon.com\/it\/#organization"},"potentialAction":[{"@type":"SearchAction","target":{"@type":"EntryPoint","urlTemplate":"https:\/\/www.centreon.com\/it\/?s={search_term_string}"},"query-input":{"@type":"PropertyValueSpecification","valueRequired":true,"valueName":"search_term_string"}}],"inLanguage":"it-IT"},{"@type":"Organization","@id":"https:\/\/www.centreon.com\/it\/#organization","name":"Centreon","url":"https:\/\/www.centreon.com\/it\/","logo":{"@type":"ImageObject","inLanguage":"it-IT","@id":"https:\/\/www.centreon.com\/it\/#\/schema\/logo\/image\/","url":"https:\/\/www.centreon.com\/wp-content\/uploads\/2023\/07\/Logo_Centreon_Email_Signature_light_02.png","contentUrl":"https:\/\/www.centreon.com\/wp-content\/uploads\/2023\/07\/Logo_Centreon_Email_Signature_light_02.png","width":180,"height":42,"caption":"Centreon"},"image":{"@id":"https:\/\/www.centreon.com\/it\/#\/schema\/logo\/image\/"},"sameAs":["https:\/\/www.facebook.com\/CentreonMonitoring\/","https:\/\/x.com\/CentreonFR","https:\/\/www.linkedin.com\/company\/centreonsoftware\/","https:\/\/www.youtube.com\/channel\/UCIKJKvZ8acLmEg2fCdDzsvA","https:\/\/fr.wikipedia.org\/wiki\/Centreon"]}]}},"_links":{"self":[{"href":"https:\/\/www.centreon.com\/it\/wp-json\/wp\/v2\/pages\/32045","targetHints":{"allow":["GET"]}}],"collection":[{"href":"https:\/\/www.centreon.com\/it\/wp-json\/wp\/v2\/pages"}],"about":[{"href":"https:\/\/www.centreon.com\/it\/wp-json\/wp\/v2\/types\/page"}],"author":[{"embeddable":true,"href":"https:\/\/www.centreon.com\/it\/wp-json\/wp\/v2\/users\/2"}],"replies":[{"embeddable":true,"href":"https:\/\/www.centreon.com\/it\/wp-json\/wp\/v2\/comments?post=32045"}],"version-history":[{"count":8,"href":"https:\/\/www.centreon.com\/it\/wp-json\/wp\/v2\/pages\/32045\/revisions"}],"predecessor-version":[{"id":42316,"href":"https:\/\/www.centreon.com\/it\/wp-json\/wp\/v2\/pages\/32045\/revisions\/42316"}],"wp:attachment":[{"href":"https:\/\/www.centreon.com\/it\/wp-json\/wp\/v2\/media?parent=32045"}],"curies":[{"name":"wp","href":"https:\/\/api.w.org\/{rel}","templated":true}]}}