{"id":35676,"date":"2024-05-07T10:22:20","date_gmt":"2024-05-07T08:22:20","guid":{"rendered":"https:\/\/www.centreon.com\/?page_id=35676"},"modified":"2024-05-07T14:31:41","modified_gmt":"2024-05-07T12:31:41","slug":"politique-open-source-centreon","status":"publish","type":"page","link":"https:\/\/www.centreon.com\/fr\/politique-open-source-centreon\/","title":{"rendered":"Politique Open Source Centreon"},"content":{"rendered":"\n<div class=\"wp-block-columns has-dark-color has-gradient-10-gradient-background has-text-color has-background is-layout-flex wp-container-core-columns-is-layout-6047a9f7 wp-block-columns-is-layout-flex\" style=\"padding-top:10rem;padding-bottom:7rem\">\n<div class=\"wp-block-column is-layout-flow wp-block-column-is-layout-flow\" style=\"padding-top:0\">\n<h1 class=\"wp-block-heading\">Politique Open Source Centreon<\/h1>\n\n\n\n<p>Gr\u00e2ce \u00e0 l&rsquo;histoire de Centreon et au parcours de nos collaborateurs, nous comprenons l&rsquo;importance d&rsquo;\u00eatre de bons citoyens de l&rsquo;Open Source. Cela se traduit par des d\u00e9clarations concr\u00e8tes que nous voulons rendre publiques ici afin qu&rsquo;elles nous engagent : ensemble, elles forment la Politique Open Source Centreon.<\/p>\n<\/div>\n<\/div>\n\n\n\n<div class=\"wp-block-columns has-white-color has-dark-background-color has-text-color has-background is-layout-flex wp-container-core-columns-is-layout-4bfa5c6b wp-block-columns-is-layout-flex\" style=\"padding-top:9px;padding-bottom:9px\">\n<div class=\"wp-block-column is-layout-flow wp-block-column-is-layout-flow\" style=\"flex-basis:100%\"><div class=\"yoast-breadcrumbs\"><span><span><a href=\"https:\/\/www.centreon.com\/fr\/\"><span class=\"breadcrumb-home\"><span class=\"hidden\">Home<\/span><\/span><\/a><\/span> <span class=\"breadcrumb-separator\"><\/span> <span class=\"breadcrumb_last\" aria-current=\"page\">Politique Open Source Centreon<\/span><\/span><\/div><\/div>\n<\/div>\n\n\n\n<div style=\"height:100px\" aria-hidden=\"true\" class=\"wp-block-spacer\"><\/div>\n\n\n\n<div class=\"wp-block-columns is-layout-flex wp-container-core-columns-is-layout-28f84493 wp-block-columns-is-layout-flex\">\n<div class=\"wp-block-column has-purple-light-background-color has-background is-layout-flow wp-block-column-is-layout-flow\">\n<h2 class=\"wp-block-heading has-dark-color has-text-color\" style=\"padding-top:var(--wp--preset--spacing--50)\">Licences<\/h2>\n\n\n\n<p>Les nouvelles contributions Open Source au projet Centreon sont plac\u00e9es sous la licence Apache 2.0.<\/p>\n\n\n\n<p>En raison de l&rsquo;histoire complexe du projet, celui-ci comprend \u00e9galement du code sous d&rsquo;autres licences, principalement la licence GPL 2.0.<\/p>\n\n\n\n<h2 class=\"wp-block-heading has-dark-color has-text-color\" style=\"padding-top:var(--wp--preset--spacing--50)\">Contribuer au projet Centreon<\/h2>\n\n\n\n<p>Le projet Centreon est ouvert \u00e0 toutes les contributions. Comme pour tout projet Open Source, les contributions peuvent \u00eatre du code, de la documentation, des rapports de bogues, de l&rsquo;aide aux autres, et bien d&rsquo;autres choses encore !<\/p>\n\n\n\n<p>Nous sommes r\u00e9actifs aux contributions car nous sommes conscients qu&rsquo;il s&rsquo;agit d&rsquo;un facteur cl\u00e9 dans l&rsquo;exp\u00e9rience d&rsquo;un contributeur. Nous sommes ouverts aux contributions qui ne sont pas directement li\u00e9es \u00e0 la roadmap des d\u00e9veloppements de Centreon. En tant que mainteneurs, nous pouvons ne pas accepter certaines contributions, par exemple si les normes de qualit\u00e9 ne sont pas respect\u00e9es ou si les contributions poussent le projet dans une direction qui n&rsquo;est pas souhait\u00e9e.<\/p>\n\n\n\n<p>Dans le but de favoriser un environnement ouvert et accueillant, nous avons d\u00e9fini un <strong><a href=\"https:\/\/github.com\/centreon\/.github\/blob\/master\/CODE_OF_CONDUCT.md\">Code de Conduite<\/a><\/strong> pour faire de la participation \u00e0 notre projet et \u00e0 notre communaut\u00e9 une exp\u00e9rience sans harc\u00e8lement pour tout le monde<\/p>\n\n\n\n<p>Pour plus de d\u00e9tails sur la mani\u00e8re de contribuer au code, veuillez vous r\u00e9f\u00e9rer aux <strong><a href=\"https:\/\/github.com\/centreon\/.github\/blob\/master\/CONTRIBUTING.md\">Recommandations de Contribution<\/a><\/strong>.<\/p>\n\n\n\n<h2 class=\"wp-block-heading has-dark-color has-text-color\" style=\"padding-top:var(--wp--preset--spacing--50)\">Utilisation de logiciels Open Source chez Centreon<\/h2>\n\n\n\n<p>Centreon est un grand utilisateur de logiciels libres, \u00e0 la fois parce que le projet Centreon d\u00e9pend de dizaines de composants libres et parce que nous utilisons quotidiennement des solutions libres pour construire nos solutions.<\/p>\n\n\n\n<p>Nous sommes reconnaissants envers la communaut\u00e9 pour tous les logiciels sur lesquels nous nous appuyons et nous reconnaissons publiquement les projets sans lesquels Centreon ne serait pas ce qu&rsquo;il est aujourd&rsquo;hui.<\/p>\n\n\n\n<h2 class=\"wp-block-heading has-dark-color has-text-color\" style=\"padding-top:var(--wp--preset--spacing--50)\">Contributions de Centreon aux projets Open Source<\/h2>\n\n\n\n<p>Centreon n&rsquo;est pas seulement un utilisateur de projets Open Source, mais aussi un contributeur \u00e0 ces projets, toujours avec une politique de priorit\u00e9 \u00e0 l&rsquo;amont : nous signalons les bogues aux projets et nous contribuons aux correctifs et aux fonctionnalit\u00e9s chaque fois que nous avons la possibilit\u00e9 de le faire. Contribuer en amont prend du temps, mais nous sommes convaincus que c&rsquo;est la bonne chose \u00e0 faire et que cela sera b\u00e9n\u00e9fique pour tout le monde, y compris pour Centreon, \u00e0 long terme.<\/p>\n\n\n\n<p>Nos contributions aux projets Open Source respectent les mod\u00e8les de d\u00e9veloppement, les politiques de contribution et les licences des projets.<\/p>\n\n\n\n<p>Bien que nous ayons une politique de priorit\u00e9 \u00e0 l&rsquo;amont, nous reconnaissons qu&rsquo;il y a de rares cas o\u00f9 Centreon peut vouloir pousser un projet dans une direction qui est incompatible avec la direction du projet Open Source en amont. Apr\u00e8s avoir discut\u00e9 avec la communaut\u00e9 en amont, Centreon peut d\u00e9cider de forker le projet dans de tels cas. Les forks ont jou\u00e9 un r\u00f4le cl\u00e9 dans l&rsquo;histoire de l&rsquo;Open Source, et la possibilit\u00e9 de forker en dernier recours est un avantage important de l&rsquo;open source.<\/p>\n\n\n\n<h2 class=\"wp-block-heading has-dark-color has-text-color\" style=\"padding-top:var(--wp--preset--spacing--50)\">Participation \u00e0 la communaut\u00e9 mondiale des logiciels libres<\/h2>\n\n\n\n<p>La communaut\u00e9 Open Source est plus qu&rsquo;un ensemble de projets Open Source. La communaut\u00e9, c&rsquo;est aussi la philosophie de l&rsquo;Open Source en g\u00e9n\u00e9ral, le partage des connaissances et de l&rsquo;exp\u00e9rience, la rencontre d&rsquo;individus et le plaisir de s&rsquo;amuser ensemble !<\/p>\n\n\n\n<p>C&rsquo;est pourquoi Centreon contribue \u00e9galement \u00e0 la communaut\u00e9 mondiale de l&rsquo;Open Source en sponsorisant et en participant \u00e0 des \u00e9v\u00e9nements locaux et mondiaux tels que le FOSDEM, le Paris Open Source Experience, ou OW2con. Centreon est \u00e9galement un membre actif de plusieurs organisations \u00e0 but non lucratif qui font la promotion de l&rsquo;Open Source, comme April et OW2.<\/p>\n\n\n\n<div style=\"height:50px\" aria-hidden=\"true\" class=\"wp-block-spacer\"><\/div>\n\n\n\n<div class=\"wp-block-buttons is-content-justification-center is-layout-flex wp-container-core-buttons-is-layout-a89b3969 wp-block-buttons-is-layout-flex\">\n<div class=\"wp-block-button is-style-fill\"><a class=\"wp-block-button__link wp-element-button\">En savoir plus l&rsquo;Open Source Centreon<\/a><\/div>\n<\/div>\n\n\n\n<div style=\"height:50px\" aria-hidden=\"true\" class=\"wp-block-spacer\"><\/div>\n<\/div>\n<\/div>\n\n\n\n<div style=\"height:100px\" aria-hidden=\"true\" class=\"wp-block-spacer\"><\/div>\n\n\n\n<div class=\"wp-block-group is-layout-flow wp-block-group-is-layout-flow\">\n<div class=\"wp-block-columns are-vertically-aligned-center has-white-color has-dark-background-color has-text-color has-background is-layout-flex wp-container-core-columns-is-layout-0e0088bb wp-block-columns-is-layout-flex\" style=\"padding-top:30px;padding-bottom:30px\">\n<div class=\"wp-block-column is-vertically-aligned-center is-layout-flow wp-block-column-is-layout-flow\">\n<p class=\"has-2-xl-font-size\">D\u00e9couvrez comment Centreon va transformer votre business<\/p>\n<\/div>\n\n\n\n<div class=\"wp-block-column is-vertically-aligned-center shrink-0 is-layout-flow wp-block-column-is-layout-flow\" style=\"flex-basis:210px\">\n<div class=\"wp-block-buttons is-content-justification-right is-layout-flex wp-container-core-buttons-is-layout-d445cf74 wp-block-buttons-is-layout-flex\">\n<div class=\"wp-block-button\"><a class=\"wp-block-button__link has-dark-background-color has-background wp-element-button\" href=\"https:\/\/www.centreon.com\/fr\/contact\/\">Contactez-nous<\/a><\/div>\n<\/div>\n<\/div>\n\n\n\n<div class=\"wp-block-column shrink-0 is-layout-flow wp-block-column-is-layout-flow\" style=\"flex-basis:210px\"><div class=\"footer-cta-wrapper has_submenu w-auto ml-4 shrink-0 wp-block-button__link has-background relative group !inline-block\">\n  Essai gratuit\n      <div class=\"footer-cta-submenu absolute z-10 bottom-[calc(100%-1rem)] right-0 py-8 w-64\n                opacity-0 pointer-events-none\n                transition-all\n                -translate-y-8 lg:translate-y-8\n                delay-75\n                group-hover:delay-0\n                group-hover:pointer-events-auto\n                group-hover:translate-y-0 group-hover:opacity-100\">\n      <div class=\"shadow bg-white rounded-xl p-8 flex flex-col gap-4\">\n                             <a class=\"!text-dark !no-underline hover:!underline text-left text-base\" href=\"https:\/\/www.centreon.com\/fr\/essai-gratuit-centreon-dem\/\" target=\"_self\">\n            Centreon Experience Monitoring\n          <\/a>\n                             <a class=\"!text-dark !no-underline hover:!underline text-left text-base\" href=\"https:\/\/www.centreon.com\/fr\/essai-gratuit\/\" target=\"_self\">\n            Centreon Infra Monitoring\n          <\/a>\n              <\/div>\n    <\/div>\n  <\/div>\n<\/div>\n<\/div>\n\n\n\n<div class=\"wp-block-columns are-vertically-aligned-center has-white-color has-primary-background-color has-text-color has-background is-layout-flex wp-container-core-columns-is-layout-0e0088bb wp-block-columns-is-layout-flex\" style=\"padding-top:30px;padding-bottom:30px\">\n<div class=\"wp-block-column is-vertically-aligned-center is-layout-flow wp-block-column-is-layout-flow\">\n<p class=\"has-2-xl-font-size\">Restez inform\u00e9s sur notre actualit\u00e9<\/p>\n<\/div>\n\n\n\n<div class=\"wp-block-column is-vertically-aligned-center is-layout-flow wp-block-column-is-layout-flow\"><div class=\"newsletter-form w-full\">\n  <form class=\"w-full\">\n    <div class=\"w-full flex items-center bg-white\/20 text-white rounded-10 px-4 text-lg\">\n      <input type=\"email\" name=\"email\" placeholder=\"Enter your email address\"\n             class=\"w-full text-light h-8 pl-0 appearance-none bg-transparent rounded-none placeholder-white autofill:bg-transparent focus:outline-none\" required>\n      <button type=\"submit\" class=\"cursor-pointer appearance-none pl-4 py-3 shrink-0\" aria-label=\"Search\">\n        Subscribe      <\/button>\n    <\/div>\n  <\/form>\n  <div class=\"alert-success bg-white bg-opacity-20 text-white px-4 py-3 rounded-10\" style=\"display:none\">\n    Thank you for your subscription.  <\/div>\n<\/div>\n<\/div>\n<\/div>\n<\/div>\n","protected":false},"excerpt":{"rendered":"<p>Politique Open Source Centreon Gr\u00e2ce \u00e0 l&rsquo;histoire de Centreon et au parcours de nos collaborateurs, nous comprenons l&rsquo;importance d&rsquo;\u00eatre de bons citoyens de l&rsquo;Open Source. Cela se traduit par des d\u00e9clarations concr\u00e8tes que nous voulons&nbsp;&#8230;<\/p>\n","protected":false},"author":3,"featured_media":0,"parent":0,"menu_order":97,"comment_status":"closed","ping_status":"closed","template":"","meta":{"_acf_changed":false,"footnotes":""},"class_list":["post-35676","page","type-page","status-publish","hentry"],"acf":[],"yoast_head":"<!-- This site is optimized with the Yoast SEO plugin v26.6 - https:\/\/yoast.com\/wordpress\/plugins\/seo\/ -->\n<title>Politique Open Source | Centreon Logiciel de Supervision IT<\/title>\n<meta name=\"description\" content=\"Gr\u00e2ce \u00e0 l&#039;histoire de Centreon et au parcours de nos collaborateurs, nous comprenons l&#039;importance d&#039;\u00eatre de bons citoyens de l&#039;open source.\" \/>\n<meta name=\"robots\" content=\"index, follow, max-snippet:-1, max-image-preview:large, max-video-preview:-1\" \/>\n<link rel=\"canonical\" href=\"https:\/\/www.centreon.com\/fr\/politique-open-source-centreon\/\" \/>\n<meta property=\"og:locale\" content=\"fr_FR\" \/>\n<meta property=\"og:type\" content=\"article\" \/>\n<meta property=\"og:title\" content=\"Politique Open Source | Centreon Logiciel de Supervision IT\" \/>\n<meta property=\"og:description\" content=\"Gr\u00e2ce \u00e0 l&#039;histoire de Centreon et au parcours de nos collaborateurs, nous comprenons l&#039;importance d&#039;\u00eatre de bons citoyens de l&#039;open source.\" \/>\n<meta property=\"og:url\" content=\"https:\/\/www.centreon.com\/fr\/politique-open-source-centreon\/\" \/>\n<meta property=\"og:site_name\" content=\"Centreon\" \/>\n<meta property=\"article:publisher\" content=\"https:\/\/www.facebook.com\/CentreonMonitoring\/\" \/>\n<meta property=\"article:modified_time\" content=\"2024-05-07T12:31:41+00:00\" \/>\n<meta property=\"og:image\" content=\"https:\/\/www.centreon.com\/uploads\/2023\/11\/Vertical_Original.png\" \/>\n\t<meta property=\"og:image:width\" content=\"1076\" \/>\n\t<meta property=\"og:image:height\" content=\"556\" \/>\n\t<meta property=\"og:image:type\" content=\"image\/png\" \/>\n<meta name=\"twitter:card\" content=\"summary_large_image\" \/>\n<meta name=\"twitter:site\" content=\"@CentreonFR\" \/>\n<meta name=\"twitter:label1\" content=\"Dur\u00e9e de lecture estim\u00e9e\" \/>\n\t<meta name=\"twitter:data1\" content=\"3 minutes\" \/>\n<script type=\"application\/ld+json\" class=\"yoast-schema-graph\">{\"@context\":\"https:\/\/schema.org\",\"@graph\":[{\"@type\":\"WebPage\",\"@id\":\"https:\/\/www.centreon.com\/fr\/politique-open-source-centreon\/\",\"url\":\"https:\/\/www.centreon.com\/fr\/politique-open-source-centreon\/\",\"name\":\"Politique Open Source | Centreon Logiciel de Supervision IT\",\"isPartOf\":{\"@id\":\"https:\/\/www.centreon.com\/fr\/#website\"},\"datePublished\":\"2024-05-07T08:22:20+00:00\",\"dateModified\":\"2024-05-07T12:31:41+00:00\",\"description\":\"Gr\u00e2ce \u00e0 l'histoire de Centreon et au parcours de nos collaborateurs, nous comprenons l'importance d'\u00eatre de bons citoyens de l'open source.\",\"breadcrumb\":{\"@id\":\"https:\/\/www.centreon.com\/fr\/politique-open-source-centreon\/#breadcrumb\"},\"inLanguage\":\"fr-FR\",\"potentialAction\":[{\"@type\":\"ReadAction\",\"target\":[\"https:\/\/www.centreon.com\/fr\/politique-open-source-centreon\/\"]}]},{\"@type\":\"BreadcrumbList\",\"@id\":\"https:\/\/www.centreon.com\/fr\/politique-open-source-centreon\/#breadcrumb\",\"itemListElement\":[{\"@type\":\"ListItem\",\"position\":1,\"name\":\"Home\",\"item\":\"https:\/\/www.centreon.com\/fr\/\"},{\"@type\":\"ListItem\",\"position\":2,\"name\":\"Politique Open Source Centreon\"}]},{\"@type\":\"WebSite\",\"@id\":\"https:\/\/www.centreon.com\/fr\/#website\",\"url\":\"https:\/\/www.centreon.com\/fr\/\",\"name\":\"Centreon\",\"description\":\"Just another WordPress site\",\"publisher\":{\"@id\":\"https:\/\/www.centreon.com\/fr\/#organization\"},\"potentialAction\":[{\"@type\":\"SearchAction\",\"target\":{\"@type\":\"EntryPoint\",\"urlTemplate\":\"https:\/\/www.centreon.com\/fr\/?s={search_term_string}\"},\"query-input\":{\"@type\":\"PropertyValueSpecification\",\"valueRequired\":true,\"valueName\":\"search_term_string\"}}],\"inLanguage\":\"fr-FR\"},{\"@type\":\"Organization\",\"@id\":\"https:\/\/www.centreon.com\/fr\/#organization\",\"name\":\"Centreon\",\"url\":\"https:\/\/www.centreon.com\/fr\/\",\"logo\":{\"@type\":\"ImageObject\",\"inLanguage\":\"fr-FR\",\"@id\":\"https:\/\/www.centreon.com\/fr\/#\/schema\/logo\/image\/\",\"url\":\"https:\/\/www.centreon.com\/wp-content\/uploads\/2023\/07\/Logo_Centreon_Email_Signature_light_02.png\",\"contentUrl\":\"https:\/\/www.centreon.com\/wp-content\/uploads\/2023\/07\/Logo_Centreon_Email_Signature_light_02.png\",\"width\":180,\"height\":42,\"caption\":\"Centreon\"},\"image\":{\"@id\":\"https:\/\/www.centreon.com\/fr\/#\/schema\/logo\/image\/\"},\"sameAs\":[\"https:\/\/www.facebook.com\/CentreonMonitoring\/\",\"https:\/\/x.com\/CentreonFR\",\"https:\/\/www.linkedin.com\/company\/centreonsoftware\/\",\"https:\/\/www.youtube.com\/channel\/UCIKJKvZ8acLmEg2fCdDzsvA\",\"https:\/\/fr.wikipedia.org\/wiki\/Centreon\"]}]}<\/script>\n<!-- \/ Yoast SEO plugin. -->","yoast_head_json":{"title":"Politique Open Source | Centreon Logiciel de Supervision IT","description":"Gr\u00e2ce \u00e0 l'histoire de Centreon et au parcours de nos collaborateurs, nous comprenons l'importance d'\u00eatre de bons citoyens de l'open source.","robots":{"index":"index","follow":"follow","max-snippet":"max-snippet:-1","max-image-preview":"max-image-preview:large","max-video-preview":"max-video-preview:-1"},"canonical":"https:\/\/www.centreon.com\/fr\/politique-open-source-centreon\/","og_locale":"fr_FR","og_type":"article","og_title":"Politique Open Source | Centreon Logiciel de Supervision IT","og_description":"Gr\u00e2ce \u00e0 l'histoire de Centreon et au parcours de nos collaborateurs, nous comprenons l'importance d'\u00eatre de bons citoyens de l'open source.","og_url":"https:\/\/www.centreon.com\/fr\/politique-open-source-centreon\/","og_site_name":"Centreon","article_publisher":"https:\/\/www.facebook.com\/CentreonMonitoring\/","article_modified_time":"2024-05-07T12:31:41+00:00","og_image":[{"width":1076,"height":556,"url":"https:\/\/www.centreon.com\/uploads\/2023\/11\/Vertical_Original.png","type":"image\/png"}],"twitter_card":"summary_large_image","twitter_site":"@CentreonFR","twitter_misc":{"Dur\u00e9e de lecture estim\u00e9e":"3 minutes"},"schema":{"@context":"https:\/\/schema.org","@graph":[{"@type":"WebPage","@id":"https:\/\/www.centreon.com\/fr\/politique-open-source-centreon\/","url":"https:\/\/www.centreon.com\/fr\/politique-open-source-centreon\/","name":"Politique Open Source | Centreon Logiciel de Supervision IT","isPartOf":{"@id":"https:\/\/www.centreon.com\/fr\/#website"},"datePublished":"2024-05-07T08:22:20+00:00","dateModified":"2024-05-07T12:31:41+00:00","description":"Gr\u00e2ce \u00e0 l'histoire de Centreon et au parcours de nos collaborateurs, nous comprenons l'importance d'\u00eatre de bons citoyens de l'open source.","breadcrumb":{"@id":"https:\/\/www.centreon.com\/fr\/politique-open-source-centreon\/#breadcrumb"},"inLanguage":"fr-FR","potentialAction":[{"@type":"ReadAction","target":["https:\/\/www.centreon.com\/fr\/politique-open-source-centreon\/"]}]},{"@type":"BreadcrumbList","@id":"https:\/\/www.centreon.com\/fr\/politique-open-source-centreon\/#breadcrumb","itemListElement":[{"@type":"ListItem","position":1,"name":"Home","item":"https:\/\/www.centreon.com\/fr\/"},{"@type":"ListItem","position":2,"name":"Politique Open Source Centreon"}]},{"@type":"WebSite","@id":"https:\/\/www.centreon.com\/fr\/#website","url":"https:\/\/www.centreon.com\/fr\/","name":"Centreon","description":"Just another WordPress site","publisher":{"@id":"https:\/\/www.centreon.com\/fr\/#organization"},"potentialAction":[{"@type":"SearchAction","target":{"@type":"EntryPoint","urlTemplate":"https:\/\/www.centreon.com\/fr\/?s={search_term_string}"},"query-input":{"@type":"PropertyValueSpecification","valueRequired":true,"valueName":"search_term_string"}}],"inLanguage":"fr-FR"},{"@type":"Organization","@id":"https:\/\/www.centreon.com\/fr\/#organization","name":"Centreon","url":"https:\/\/www.centreon.com\/fr\/","logo":{"@type":"ImageObject","inLanguage":"fr-FR","@id":"https:\/\/www.centreon.com\/fr\/#\/schema\/logo\/image\/","url":"https:\/\/www.centreon.com\/wp-content\/uploads\/2023\/07\/Logo_Centreon_Email_Signature_light_02.png","contentUrl":"https:\/\/www.centreon.com\/wp-content\/uploads\/2023\/07\/Logo_Centreon_Email_Signature_light_02.png","width":180,"height":42,"caption":"Centreon"},"image":{"@id":"https:\/\/www.centreon.com\/fr\/#\/schema\/logo\/image\/"},"sameAs":["https:\/\/www.facebook.com\/CentreonMonitoring\/","https:\/\/x.com\/CentreonFR","https:\/\/www.linkedin.com\/company\/centreonsoftware\/","https:\/\/www.youtube.com\/channel\/UCIKJKvZ8acLmEg2fCdDzsvA","https:\/\/fr.wikipedia.org\/wiki\/Centreon"]}]}},"_links":{"self":[{"href":"https:\/\/www.centreon.com\/fr\/wp-json\/wp\/v2\/pages\/35676","targetHints":{"allow":["GET"]}}],"collection":[{"href":"https:\/\/www.centreon.com\/fr\/wp-json\/wp\/v2\/pages"}],"about":[{"href":"https:\/\/www.centreon.com\/fr\/wp-json\/wp\/v2\/types\/page"}],"author":[{"embeddable":true,"href":"https:\/\/www.centreon.com\/fr\/wp-json\/wp\/v2\/users\/3"}],"replies":[{"embeddable":true,"href":"https:\/\/www.centreon.com\/fr\/wp-json\/wp\/v2\/comments?post=35676"}],"version-history":[{"count":2,"href":"https:\/\/www.centreon.com\/fr\/wp-json\/wp\/v2\/pages\/35676\/revisions"}],"predecessor-version":[{"id":35731,"href":"https:\/\/www.centreon.com\/fr\/wp-json\/wp\/v2\/pages\/35676\/revisions\/35731"}],"wp:attachment":[{"href":"https:\/\/www.centreon.com\/fr\/wp-json\/wp\/v2\/media?parent=35676"}],"curies":[{"name":"wp","href":"https:\/\/api.w.org\/{rel}","templated":true}]}}