{"id":33525,"date":"2023-04-21T14:30:17","date_gmt":"2023-04-21T12:30:17","guid":{"rendered":"https:\/\/www.centreon.com\/?page_id=33525"},"modified":"2025-12-11T10:00:10","modified_gmt":"2025-12-11T09:00:10","slug":"ressources-legales","status":"publish","type":"page","link":"https:\/\/www.centreon.com\/fr\/ressources-legales\/","title":{"rendered":"Ressources l\u00e9gales"},"content":{"rendered":"\n<div class=\"wp-block-columns has-gradient-10-gradient-background has-background is-layout-flex wp-container-core-columns-is-layout-1c44b8c6 wp-block-columns-is-layout-flex\" style=\"padding-top:140px;padding-bottom:120px\">\n<div class=\"wp-block-column is-layout-flow wp-block-column-is-layout-flow\">\n<h1 class=\"wp-block-heading\">Ressources l\u00e9gales<\/h1>\n<\/div>\n<\/div>\n\n\n\n<div class=\"wp-block-columns has-white-background-color has-background is-layout-flex wp-container-core-columns-is-layout-4bfa5c6b wp-block-columns-is-layout-flex\" style=\"padding-top:9px;padding-bottom:9px\">\n<div class=\"wp-block-column is-layout-flow wp-block-column-is-layout-flow\" style=\"flex-basis:100%\"><div class=\"yoast-breadcrumbs\"><span><span><a href=\"https:\/\/www.centreon.com\/fr\/\"><span class=\"breadcrumb-home\"><span class=\"hidden\">Home<\/span><\/span><\/a><\/span> <span class=\"breadcrumb-separator\"><\/span> <span class=\"breadcrumb_last\" aria-current=\"page\">Ressources l\u00e9gales<\/span><\/span><\/div><\/div>\n<\/div>\n\n\n\n<div class=\"wp-block-columns has-white-color has-dark-background-color has-text-color has-background is-layout-flex wp-container-core-columns-is-layout-28f84493 wp-block-columns-is-layout-flex\">\n<div class=\"wp-block-column is-layout-flow wp-block-column-is-layout-flow\"><div class=\"grid grid-cols-1 md:grid-cols-2 lg:grid-cols-3 xl:grid-cols-4 gap-4\">\n       <div class=\"post-card relative pt-5 break-inside-avoid-column\">\n      <span class=\"bg-primary px-5 py-2.5 rounded-5 uppercase text-sm tracking-widest !text-white !font-normal !no-underline inline-block top-0 absolute\">\n      CGV\n    <\/span>\n    <div class=\"rounded-20 overflow-hidden h-full flex flex-col justify-between\">\n    <div class=\"h-4 bg-white\"><\/div>\n    <div class=\"bg-white text-dark p-6 flex flex-col h-full justify-between\">\n      <p class=\"font-bold mb-0\">Conditions g\u00e9n\u00e9rales de vente Centreon &#8211; Europe et ROW<\/p>\n              <a href=\"\/legal\/fr\/centreon-cgv-europe-row\" target=\"_blank\" class=\"btn square-btn white-btn !mt-0 self-end\"><\/a>\n          <\/div>\n  <\/div>\n<\/div>\n       <div class=\"post-card relative pt-5 break-inside-avoid-column\">\n      <span class=\"bg-primary px-5 py-2.5 rounded-5 uppercase text-sm tracking-widest !text-white !font-normal !no-underline inline-block top-0 absolute\">\n      CGV\n    <\/span>\n    <div class=\"rounded-20 overflow-hidden h-full flex flex-col justify-between\">\n    <div class=\"h-4 bg-white\"><\/div>\n    <div class=\"bg-white text-dark p-6 flex flex-col h-full justify-between\">\n      <p class=\"font-bold mb-0\">Conditions g\u00e9n\u00e9rales de vente Centreon &#8211; Canada<\/p>\n              <a href=\"\/legal\/fr\/centreon-cgv-canada\" target=\"_blank\" class=\"btn square-btn white-btn !mt-0 self-end\"><\/a>\n          <\/div>\n  <\/div>\n<\/div>\n       <div class=\"post-card relative pt-5 break-inside-avoid-column\">\n      <span class=\"bg-primary px-5 py-2.5 rounded-5 uppercase text-sm tracking-widest !text-white !font-normal !no-underline inline-block top-0 absolute\">\n      CGV\n    <\/span>\n    <div class=\"rounded-20 overflow-hidden h-full flex flex-col justify-between\">\n    <div class=\"h-4 bg-white\"><\/div>\n    <div class=\"bg-white text-dark p-6 flex flex-col h-full justify-between\">\n      <p class=\"font-bold mb-0\">Conditions g\u00e9n\u00e9rales de vente Centreon Cloud &#8211; Europe et ROW<\/p>\n              <a href=\"\/legal\/fr\/Cloud-Services-terms-ROW\" target=\"_blank\" class=\"btn square-btn white-btn !mt-0 self-end\"><\/a>\n          <\/div>\n  <\/div>\n<\/div>\n       <div class=\"post-card relative pt-5 break-inside-avoid-column\">\n      <span class=\"bg-primary px-5 py-2.5 rounded-5 uppercase text-sm tracking-widest !text-white !font-normal !no-underline inline-block top-0 absolute\">\n      CGU\n    <\/span>\n    <div class=\"rounded-20 overflow-hidden h-full flex flex-col justify-between\">\n    <div class=\"h-4 bg-white\"><\/div>\n    <div class=\"bg-white text-dark p-6 flex flex-col h-full justify-between\">\n      <p class=\"font-bold mb-0\">Conditions g\u00e9n\u00e9rales d&rsquo;utilisation &#8211; Centreon CIAM<\/p>\n              <a href=\"\/legal\/fr\/Cloud-Services-terms-ROW\" target=\"_blank\" class=\"btn square-btn white-btn !mt-0 self-end\"><\/a>\n          <\/div>\n  <\/div>\n<\/div>\n       <div class=\"post-card relative pt-5 break-inside-avoid-column\">\n      <span class=\"bg-primary px-5 py-2.5 rounded-5 uppercase text-sm tracking-widest !text-white !font-normal !no-underline inline-block top-0 absolute\">\n      CGU\n    <\/span>\n    <div class=\"rounded-20 overflow-hidden h-full flex flex-col justify-between\">\n    <div class=\"h-4 bg-white\"><\/div>\n    <div class=\"bg-white text-dark p-6 flex flex-col h-full justify-between\">\n      <p class=\"font-bold mb-0\">Conditions g\u00e9n\u00e9rales de Licence &#8211; Offre Centreon IT Edition 100<\/p>\n              <a href=\"\/legal\/fr\/centreon-it100-terms\" target=\"_blank\" class=\"btn square-btn white-btn !mt-0 self-end\"><\/a>\n          <\/div>\n  <\/div>\n<\/div>\n       <div class=\"post-card relative pt-5 break-inside-avoid-column\">\n      <span class=\"bg-primary px-5 py-2.5 rounded-5 uppercase text-sm tracking-widest !text-white !font-normal !no-underline inline-block top-0 absolute\">\n      CGU\n    <\/span>\n    <div class=\"rounded-20 overflow-hidden h-full flex flex-col justify-between\">\n    <div class=\"h-4 bg-white\"><\/div>\n    <div class=\"bg-white text-dark p-6 flex flex-col h-full justify-between\">\n      <p class=\"font-bold mb-0\">Conditions g\u00e9n\u00e9rales d&rsquo;utilisation Quanta<\/p>\n              <a href=\"http:\/\/www.centreon.com\/legal\/fr\/quanta-terms\" target=\"_blank\" class=\"btn square-btn white-btn !mt-0 self-end\"><\/a>\n          <\/div>\n  <\/div>\n<\/div>\n       <div class=\"post-card relative pt-5 break-inside-avoid-column\">\n      <span class=\"bg-primary px-5 py-2.5 rounded-5 uppercase text-sm tracking-widest !text-white !font-normal !no-underline inline-block top-0 absolute\">\n      Divers\n    <\/span>\n    <div class=\"rounded-20 overflow-hidden h-full flex flex-col justify-between\">\n    <div class=\"h-4 bg-white\"><\/div>\n    <div class=\"bg-white text-dark p-6 flex flex-col h-full justify-between\">\n      <p class=\"font-bold mb-0\">Conditions g\u00e9n\u00e9rales de l&rsquo;application Centreon<\/p>\n              <a href=\"\/legal\/fr\/centreon-app-terms\" target=\"_blank\" class=\"btn square-btn white-btn !mt-0 self-end\"><\/a>\n          <\/div>\n  <\/div>\n<\/div>\n       <div class=\"post-card relative pt-5 break-inside-avoid-column\">\n      <span class=\"bg-primary px-5 py-2.5 rounded-5 uppercase text-sm tracking-widest !text-white !font-normal !no-underline inline-block top-0 absolute\">\n      Divers\n    <\/span>\n    <div class=\"rounded-20 overflow-hidden h-full flex flex-col justify-between\">\n    <div class=\"h-4 bg-white\"><\/div>\n    <div class=\"bg-white text-dark p-6 flex flex-col h-full justify-between\">\n      <p class=\"font-bold mb-0\">Centreon &#8211; Pays sanctionn\u00e9s et soumis \u00e0 Embargo<\/p>\n              <a href=\"\/legal\/fr\/centreon-embargoed-countries\" target=\"_blank\" class=\"btn square-btn white-btn !mt-0 self-end\"><\/a>\n          <\/div>\n  <\/div>\n<\/div>\n       <div class=\"post-card relative pt-5 break-inside-avoid-column\">\n      <span class=\"bg-primary px-5 py-2.5 rounded-5 uppercase text-sm tracking-widest !text-white !font-normal !no-underline inline-block top-0 absolute\">\n      Divers\n    <\/span>\n    <div class=\"rounded-20 overflow-hidden h-full flex flex-col justify-between\">\n    <div class=\"h-4 bg-white\"><\/div>\n    <div class=\"bg-white text-dark p-6 flex flex-col h-full justify-between\">\n      <p class=\"font-bold mb-0\">Centreon Entity Contributor Assignment Agreement French version<\/p>\n              <a href=\"\/legal\/fr\/centreon-entity-contributor-agreement\" target=\"_blank\" class=\"btn square-btn white-btn !mt-0 self-end\"><\/a>\n          <\/div>\n  <\/div>\n<\/div>\n       <div class=\"post-card relative pt-5 break-inside-avoid-column\">\n      <span class=\"bg-primary px-5 py-2.5 rounded-5 uppercase text-sm tracking-widest !text-white !font-normal !no-underline inline-block top-0 absolute\">\n      Divers\n    <\/span>\n    <div class=\"rounded-20 overflow-hidden h-full flex flex-col justify-between\">\n    <div class=\"h-4 bg-white\"><\/div>\n    <div class=\"bg-white text-dark p-6 flex flex-col h-full justify-between\">\n      <p class=\"font-bold mb-0\">Centreon Individual Contributor Assignment Agreement French version<\/p>\n              <a href=\"\/legal\/fr\/centreon-individual-contributor-agreement\" target=\"_blank\" class=\"btn square-btn white-btn !mt-0 self-end\"><\/a>\n          <\/div>\n  <\/div>\n<\/div>\n  <\/div>\n<\/div>\n<\/div>\n","protected":false},"excerpt":{"rendered":"<p>Ressources l\u00e9gales<\/p>\n","protected":false},"author":1,"featured_media":0,"parent":0,"menu_order":39,"comment_status":"closed","ping_status":"closed","template":"","meta":{"_acf_changed":false,"footnotes":""},"class_list":["post-33525","page","type-page","status-publish","hentry"],"acf":[],"yoast_head":"<!-- This site is optimized with the Yoast SEO plugin v26.6 - https:\/\/yoast.com\/wordpress\/plugins\/seo\/ -->\n<title>Ressources l\u00e9gales Centreon | Supervision informatique<\/title>\n<meta name=\"description\" content=\"D\u00e9couvrez les documents et ressources l\u00e9gales relatives au produit Centreon en fonction de votre pays. En savoir plus sur nos ressources l\u00e9gales.\" \/>\n<meta name=\"robots\" content=\"index, follow, max-snippet:-1, max-image-preview:large, max-video-preview:-1\" \/>\n<link rel=\"canonical\" href=\"https:\/\/www.centreon.com\/fr\/ressources-legales\/\" \/>\n<meta property=\"og:locale\" content=\"fr_FR\" \/>\n<meta property=\"og:type\" content=\"article\" \/>\n<meta property=\"og:title\" content=\"Ressources l\u00e9gales Centreon | Supervision informatique\" \/>\n<meta property=\"og:description\" content=\"D\u00e9couvrez les documents et ressources l\u00e9gales relatives au produit Centreon en fonction de votre pays. En savoir plus sur nos ressources l\u00e9gales.\" \/>\n<meta property=\"og:url\" content=\"https:\/\/www.centreon.com\/fr\/ressources-legales\/\" \/>\n<meta property=\"og:site_name\" content=\"Centreon\" \/>\n<meta property=\"article:publisher\" content=\"https:\/\/www.facebook.com\/CentreonMonitoring\/\" \/>\n<meta property=\"article:modified_time\" content=\"2025-12-11T09:00:10+00:00\" \/>\n<meta property=\"og:image\" content=\"https:\/\/www.centreon.com\/uploads\/2023\/11\/Vertical_Original.png\" \/>\n\t<meta property=\"og:image:width\" content=\"1076\" \/>\n\t<meta property=\"og:image:height\" content=\"556\" \/>\n\t<meta property=\"og:image:type\" content=\"image\/png\" \/>\n<meta name=\"twitter:card\" content=\"summary_large_image\" \/>\n<meta name=\"twitter:site\" content=\"@CentreonFR\" \/>\n<meta name=\"twitter:label1\" content=\"Dur\u00e9e de lecture estim\u00e9e\" \/>\n\t<meta name=\"twitter:data1\" content=\"1 minute\" \/>\n<script type=\"application\/ld+json\" class=\"yoast-schema-graph\">{\"@context\":\"https:\/\/schema.org\",\"@graph\":[{\"@type\":\"WebPage\",\"@id\":\"https:\/\/www.centreon.com\/fr\/ressources-legales\/\",\"url\":\"https:\/\/www.centreon.com\/fr\/ressources-legales\/\",\"name\":\"Ressources l\u00e9gales Centreon | Supervision informatique\",\"isPartOf\":{\"@id\":\"https:\/\/www.centreon.com\/fr\/#website\"},\"datePublished\":\"2023-04-21T12:30:17+00:00\",\"dateModified\":\"2025-12-11T09:00:10+00:00\",\"description\":\"D\u00e9couvrez les documents et ressources l\u00e9gales relatives au produit Centreon en fonction de votre pays. En savoir plus sur nos ressources l\u00e9gales.\",\"breadcrumb\":{\"@id\":\"https:\/\/www.centreon.com\/fr\/ressources-legales\/#breadcrumb\"},\"inLanguage\":\"fr-FR\",\"potentialAction\":[{\"@type\":\"ReadAction\",\"target\":[\"https:\/\/www.centreon.com\/fr\/ressources-legales\/\"]}]},{\"@type\":\"BreadcrumbList\",\"@id\":\"https:\/\/www.centreon.com\/fr\/ressources-legales\/#breadcrumb\",\"itemListElement\":[{\"@type\":\"ListItem\",\"position\":1,\"name\":\"Home\",\"item\":\"https:\/\/www.centreon.com\/fr\/\"},{\"@type\":\"ListItem\",\"position\":2,\"name\":\"Ressources l\u00e9gales\"}]},{\"@type\":\"WebSite\",\"@id\":\"https:\/\/www.centreon.com\/fr\/#website\",\"url\":\"https:\/\/www.centreon.com\/fr\/\",\"name\":\"Centreon\",\"description\":\"Just another WordPress site\",\"publisher\":{\"@id\":\"https:\/\/www.centreon.com\/fr\/#organization\"},\"potentialAction\":[{\"@type\":\"SearchAction\",\"target\":{\"@type\":\"EntryPoint\",\"urlTemplate\":\"https:\/\/www.centreon.com\/fr\/?s={search_term_string}\"},\"query-input\":{\"@type\":\"PropertyValueSpecification\",\"valueRequired\":true,\"valueName\":\"search_term_string\"}}],\"inLanguage\":\"fr-FR\"},{\"@type\":\"Organization\",\"@id\":\"https:\/\/www.centreon.com\/fr\/#organization\",\"name\":\"Centreon\",\"url\":\"https:\/\/www.centreon.com\/fr\/\",\"logo\":{\"@type\":\"ImageObject\",\"inLanguage\":\"fr-FR\",\"@id\":\"https:\/\/www.centreon.com\/fr\/#\/schema\/logo\/image\/\",\"url\":\"https:\/\/www.centreon.com\/wp-content\/uploads\/2023\/07\/Logo_Centreon_Email_Signature_light_02.png\",\"contentUrl\":\"https:\/\/www.centreon.com\/wp-content\/uploads\/2023\/07\/Logo_Centreon_Email_Signature_light_02.png\",\"width\":180,\"height\":42,\"caption\":\"Centreon\"},\"image\":{\"@id\":\"https:\/\/www.centreon.com\/fr\/#\/schema\/logo\/image\/\"},\"sameAs\":[\"https:\/\/www.facebook.com\/CentreonMonitoring\/\",\"https:\/\/x.com\/CentreonFR\",\"https:\/\/www.linkedin.com\/company\/centreonsoftware\/\",\"https:\/\/www.youtube.com\/channel\/UCIKJKvZ8acLmEg2fCdDzsvA\",\"https:\/\/fr.wikipedia.org\/wiki\/Centreon\"]}]}<\/script>\n<!-- \/ Yoast SEO plugin. -->","yoast_head_json":{"title":"Ressources l\u00e9gales Centreon | Supervision informatique","description":"D\u00e9couvrez les documents et ressources l\u00e9gales relatives au produit Centreon en fonction de votre pays. En savoir plus sur nos ressources l\u00e9gales.","robots":{"index":"index","follow":"follow","max-snippet":"max-snippet:-1","max-image-preview":"max-image-preview:large","max-video-preview":"max-video-preview:-1"},"canonical":"https:\/\/www.centreon.com\/fr\/ressources-legales\/","og_locale":"fr_FR","og_type":"article","og_title":"Ressources l\u00e9gales Centreon | Supervision informatique","og_description":"D\u00e9couvrez les documents et ressources l\u00e9gales relatives au produit Centreon en fonction de votre pays. En savoir plus sur nos ressources l\u00e9gales.","og_url":"https:\/\/www.centreon.com\/fr\/ressources-legales\/","og_site_name":"Centreon","article_publisher":"https:\/\/www.facebook.com\/CentreonMonitoring\/","article_modified_time":"2025-12-11T09:00:10+00:00","og_image":[{"width":1076,"height":556,"url":"https:\/\/www.centreon.com\/uploads\/2023\/11\/Vertical_Original.png","type":"image\/png"}],"twitter_card":"summary_large_image","twitter_site":"@CentreonFR","twitter_misc":{"Dur\u00e9e de lecture estim\u00e9e":"1 minute"},"schema":{"@context":"https:\/\/schema.org","@graph":[{"@type":"WebPage","@id":"https:\/\/www.centreon.com\/fr\/ressources-legales\/","url":"https:\/\/www.centreon.com\/fr\/ressources-legales\/","name":"Ressources l\u00e9gales Centreon | Supervision informatique","isPartOf":{"@id":"https:\/\/www.centreon.com\/fr\/#website"},"datePublished":"2023-04-21T12:30:17+00:00","dateModified":"2025-12-11T09:00:10+00:00","description":"D\u00e9couvrez les documents et ressources l\u00e9gales relatives au produit Centreon en fonction de votre pays. En savoir plus sur nos ressources l\u00e9gales.","breadcrumb":{"@id":"https:\/\/www.centreon.com\/fr\/ressources-legales\/#breadcrumb"},"inLanguage":"fr-FR","potentialAction":[{"@type":"ReadAction","target":["https:\/\/www.centreon.com\/fr\/ressources-legales\/"]}]},{"@type":"BreadcrumbList","@id":"https:\/\/www.centreon.com\/fr\/ressources-legales\/#breadcrumb","itemListElement":[{"@type":"ListItem","position":1,"name":"Home","item":"https:\/\/www.centreon.com\/fr\/"},{"@type":"ListItem","position":2,"name":"Ressources l\u00e9gales"}]},{"@type":"WebSite","@id":"https:\/\/www.centreon.com\/fr\/#website","url":"https:\/\/www.centreon.com\/fr\/","name":"Centreon","description":"Just another WordPress site","publisher":{"@id":"https:\/\/www.centreon.com\/fr\/#organization"},"potentialAction":[{"@type":"SearchAction","target":{"@type":"EntryPoint","urlTemplate":"https:\/\/www.centreon.com\/fr\/?s={search_term_string}"},"query-input":{"@type":"PropertyValueSpecification","valueRequired":true,"valueName":"search_term_string"}}],"inLanguage":"fr-FR"},{"@type":"Organization","@id":"https:\/\/www.centreon.com\/fr\/#organization","name":"Centreon","url":"https:\/\/www.centreon.com\/fr\/","logo":{"@type":"ImageObject","inLanguage":"fr-FR","@id":"https:\/\/www.centreon.com\/fr\/#\/schema\/logo\/image\/","url":"https:\/\/www.centreon.com\/wp-content\/uploads\/2023\/07\/Logo_Centreon_Email_Signature_light_02.png","contentUrl":"https:\/\/www.centreon.com\/wp-content\/uploads\/2023\/07\/Logo_Centreon_Email_Signature_light_02.png","width":180,"height":42,"caption":"Centreon"},"image":{"@id":"https:\/\/www.centreon.com\/fr\/#\/schema\/logo\/image\/"},"sameAs":["https:\/\/www.facebook.com\/CentreonMonitoring\/","https:\/\/x.com\/CentreonFR","https:\/\/www.linkedin.com\/company\/centreonsoftware\/","https:\/\/www.youtube.com\/channel\/UCIKJKvZ8acLmEg2fCdDzsvA","https:\/\/fr.wikipedia.org\/wiki\/Centreon"]}]}},"_links":{"self":[{"href":"https:\/\/www.centreon.com\/fr\/wp-json\/wp\/v2\/pages\/33525","targetHints":{"allow":["GET"]}}],"collection":[{"href":"https:\/\/www.centreon.com\/fr\/wp-json\/wp\/v2\/pages"}],"about":[{"href":"https:\/\/www.centreon.com\/fr\/wp-json\/wp\/v2\/types\/page"}],"author":[{"embeddable":true,"href":"https:\/\/www.centreon.com\/fr\/wp-json\/wp\/v2\/users\/1"}],"replies":[{"embeddable":true,"href":"https:\/\/www.centreon.com\/fr\/wp-json\/wp\/v2\/comments?post=33525"}],"version-history":[{"count":11,"href":"https:\/\/www.centreon.com\/fr\/wp-json\/wp\/v2\/pages\/33525\/revisions"}],"predecessor-version":[{"id":42781,"href":"https:\/\/www.centreon.com\/fr\/wp-json\/wp\/v2\/pages\/33525\/revisions\/42781"}],"wp:attachment":[{"href":"https:\/\/www.centreon.com\/fr\/wp-json\/wp\/v2\/media?parent=33525"}],"curies":[{"name":"wp","href":"https:\/\/api.w.org\/{rel}","templated":true}]}}