{"id":21050,"date":"2022-10-03T19:52:07","date_gmt":"2022-10-03T17:52:07","guid":{"rendered":"https:\/\/www.centreon.com\/politique-de-confidentialite\/"},"modified":"2023-11-28T14:43:24","modified_gmt":"2023-11-28T13:43:24","slug":"politique-de-confidentialite","status":"publish","type":"page","link":"https:\/\/www.centreon.com\/fr\/politique-de-confidentialite\/","title":{"rendered":"Politique de confidentialit\u00e9"},"content":{"rendered":"\n<div class=\"wp-block-columns has-dark-color has-gradient-10-gradient-background has-text-color has-background is-layout-flex wp-container-core-columns-is-layout-6047a9f7 wp-block-columns-is-layout-flex\" style=\"padding-top:10rem;padding-bottom:7rem\">\n<div class=\"wp-block-column is-layout-flow wp-block-column-is-layout-flow\" style=\"padding-top:0\">\n<h1 class=\"wp-block-heading\">Politique de confidentialit\u00e9<\/h1>\n\n\n\n<p>Derni\u00e8re mise \u00e0 jour : D\u00e9cembre 2022<\/p>\n<\/div>\n<\/div>\n\n\n\n<div class=\"wp-block-columns has-white-color has-dark-background-color has-text-color has-background is-layout-flex wp-container-core-columns-is-layout-4bfa5c6b wp-block-columns-is-layout-flex\" style=\"padding-top:9px;padding-bottom:9px\">\n<div class=\"wp-block-column is-layout-flow wp-block-column-is-layout-flow\" style=\"flex-basis:100%\"><div class=\"yoast-breadcrumbs\"><span><span><a href=\"https:\/\/www.centreon.com\/fr\/\"><span class=\"breadcrumb-home\"><span class=\"hidden\">Home<\/span><\/span><\/a><\/span> <span class=\"breadcrumb-separator\"><\/span> <span class=\"breadcrumb_last\" aria-current=\"page\">Politique de confidentialit\u00e9<\/span><\/span><\/div><\/div>\n<\/div>\n\n\n\n<div class=\"wp-block-columns has-white-background-color has-background is-layout-flex wp-container-core-columns-is-layout-28f84493 wp-block-columns-is-layout-flex\">\n<div class=\"wp-block-column is-layout-flow wp-block-column-is-layout-flow\">\n<p>CENTREON attache une importance particuli\u00e8re au respect de la vie priv\u00e9e des utilisateurs. Cette politique de confidentialit\u00e9 (la \u00ab Politique de Confidentialit\u00e9 \u00bb) d\u00e9crit la politique de collecte et de traitement des donn\u00e9es \u00e0 caract\u00e8re personnel des utilisateurs du site www.centreon.com et des logiciels et services fournis par CENTREON en ligne (ci-apr\u00e8s collectivement le \u00abSite\u00bb) par la soci\u00e9t\u00e9 CENTREON.<\/p>\n\n\n\n<p>La Politique de Confidentialit\u00e9 explique aux utilisateurs comment leurs donn\u00e9es \u00e0 caract\u00e8re personnel sont utilis\u00e9es et prot\u00e9g\u00e9es par CENTREON. Elle ne s\u2019applique qu\u2019aux donn\u00e9es \u00e0 caract\u00e8re personnel que les utilisateurs communiquent \u00e0 CENTREON.  En utilisant le Site et\/ou en commandant en ligne des logiciels et services propos\u00e9s par CENTREON, les utilisateurs autorisent CENTREON \u00e0 collecter et traiter leurs donn\u00e9es \u00e0 caract\u00e8re personnel, conform\u00e9ment aux r\u00e8gles d\u00e9finies ci-apr\u00e8s. <\/p>\n\n\n\n<p>CENTREON se r\u00e9serve le droit de modifier la pr\u00e9sente Politique de Confidentialit\u00e9. En cas de modification substantielle de la Politique de Confidentialit\u00e9, CENTREON affichera un avis sur sa page d\u2019accueil, au moins trente (30) jours avant l\u2019application effective de ces modifications. Votre utilisation continue du Site, apr\u00e8s l\u2019affichage de ces modifications, constituera une acceptation expresse de la Politique de Confidentialit\u00e9 modifi\u00e9e.  <\/p>\n\n\n\n<p>CENTREON encourage les utilisateurs \u00e0 consulter r\u00e9guli\u00e8rement la pr\u00e9sente Politique de Confidentialit\u00e9 pour consulter les derni\u00e8res informations sur ses pratiques en mati\u00e8re de protection des donn\u00e9es \u00e0 caract\u00e8re personnel.<\/p>\n\n\n\n<h2 class=\"wp-block-heading has-dark-color has-text-color\" style=\"padding-top:var(--wp--preset--spacing--50)\">Responsable de traitement<\/h2>\n\n\n\n<p>Les donn\u00e9es \u00e0 caract\u00e8re personnel qui sont collect\u00e9es sur le Site sont trait\u00e9es par :<\/p>\n\n\n\n<p><strong>CENTREON SAS<\/strong>, soci\u00e9t\u00e9 par actions simplifi\u00e9e, au capital de 500.000 EUR, immatricul\u00e9e sous le num\u00e9ro 483 494 589 RCS Paris, dont le si\u00e8ge social est 28\/34 rue du Ch\u00e2teau des Rentiers, 75013 Paris, dont le num\u00e9ro SIRET est 483 494 589 00045 et dont le num\u00e9ro de TVA intracommunautaire est FR02483494589.<\/p>\n\n\n\n<h2 class=\"wp-block-heading has-dark-color has-text-color\" style=\"padding-top:var(--wp--preset--spacing--50)\">Donn\u00e9es collect\u00e9es<\/h2>\n\n\n\n<p>Vous pouvez visiter le Site afin d\u2019obtenir des informations sur la soci\u00e9t\u00e9 CENTREON et les logiciels et services propos\u00e9s, sans avoir \u00e0 communiquer de donn\u00e9es \u00e0 caract\u00e8re personnel.<\/p>\n\n\n\n<p>CENTREON collecte de mani\u00e8re optionnelle des donn\u00e9es \u00e0 caract\u00e8re personnel lorsque vous souhaitez t\u00e9l\u00e9charger des plaquettes et\/ou utiliser certains logiciels gratuitement.<\/p>\n\n\n\n<p>CENTREON collecte \u00e9galement des donn\u00e9es \u00e0 caract\u00e8re personnel lorsque vous vous inscrivez \u00e0 notre newsletter ou lorsque vous demandez des informations via notre formulaire de contact.<\/p>\n\n\n\n<p>La cr\u00e9ation d\u2019un compte utilisateur est obligatoire avant toute commande et n\u00e9cessite la communication de donn\u00e9es \u00e0 caract\u00e8re personnel.<\/p>\n\n\n\n<p>L\u2019utilisateur s\u2019engage \u00e0 renseigner tous les champs obligatoires du formulaire et \u00e0 communiquer \u00e0 CENTREON les informations n\u00e9cessaires \u00e0 la cr\u00e9ation de son compte utilisateur et \u00e0 la fourniture des logiciels et services. L\u2019utilisateur s\u2019engage \u00e0 communiquer des informations exactes, compl\u00e8tes et \u00e0 jour.<\/p>\n\n\n\n<ul class=\"wp-block-list\">\n<li>CENTREON collecte les informations que vous communiquez pour t\u00e9l\u00e9charger des plaquettes et\/ou utiliser certains logiciels gratuits, lors de l\u2019inscription \u00e0 notre newsletter et pour nous contacter. Afin de cr\u00e9er un compte utilisateur et de faciliter le traitement de vos commandes, il vous est demand\u00e9 d\u2019indiquer des informations vous concernant, telles que vos nom et pr\u00e9nom, num\u00e9ro de t\u00e9l\u00e9phone, adresse email, adresse physique et code postal, date et lieu de naissance. CENTREON collecte \u00e9galement toute information n\u00e9cessaire \u00e0 l\u2019authentification ainsi que les informations relatives aux transactions, \u00e0 la facturation et \u00e0 la livraison et celles que les utilisateurs fournissent lors d\u2019une commande et dans le cadre du support ainsi que celles relatives \u00e0 la r\u00e9solution d\u2019\u00e9ventuels litiges. Ces donn\u00e9es nous sont fournies par vos soins sur une base volontaire et sont n\u00e9cessaires \u00e0 la cr\u00e9ation de votre compte utilisateur et au traitement de vos commandes et pourront \u00eatre communiqu\u00e9es aux partenaires contractuels de CENTREON intervenant dans le cadre de l\u2019ex\u00e9cution des commandes.   <\/li>\n\n\n\n<li>S\u2019agissant des donn\u00e9es collect\u00e9es automatiquement via les cookies : Lorsque vous visitez le Site, le syst\u00e8me d\u2019exploitation de votre ordinateur, l\u2019adresse IP (Internet Protocol), les dates et heure d\u2019acc\u00e8s\/de session, le type de navigateur et la langue sont notamment enregistr\u00e9s automatiquement ainsi que vos pr\u00e9f\u00e9rences et plus g\u00e9n\u00e9ralement, votre comportement sur le Site et les \u00e9l\u00e9ments relatifs \u00e0 votre commande. Afin d\u2019am\u00e9liorer le Site, CENTREON proc\u00e8de \u00e0 des statistiques et analyse des donn\u00e9es agr\u00e9g\u00e9es, anonymis\u00e9es, d\u2019utilisation globale et les informations statistiques de volume des utilisateurs du Site dans le but d\u2019administrer le Site afin d\u2019en am\u00e9liorer les performances. <\/li>\n<\/ul>\n\n\n\n<div style=\"height:40px\" aria-hidden=\"true\" class=\"wp-block-spacer\"><\/div>\n\n\n\n<div id=\"cookiefirst-policy-page\"><\/div> <div>Cette d\u00e9claration de cookie a \u00e9t\u00e9 cr\u00e9\u00e9e et mise \u00e0 jour par <a href=\"https:\/\/cookiefirst.com\">CookieFirst.com<\/a>.<\/div>\n\n\n\n<h2 class=\"wp-block-heading has-dark-color has-text-color\" style=\"padding-top:var(--wp--preset--spacing--50)\">S\u00e9curit\u00e9<\/h2>\n\n\n\n<p>Le Site est prot\u00e9g\u00e9 par des mesures physiques, administratives et techniques mises en place pour maintenir la s\u00e9curit\u00e9, la confidentialit\u00e9 et l\u2019int\u00e9grit\u00e9 des donn\u00e9es collect\u00e9es par CENTREON, et afin d\u2019aider \u00e0 prot\u00e9ger contre la perte, l\u2019usage abusif et l\u2019alt\u00e9ration des donn\u00e9es \u00e0 caract\u00e8re personnel collect\u00e9es.<\/p>\n\n\n\n<p>Bien que CENTREON prenne toutes les pr\u00e9cautions raisonnables contre les atteintes \u00e0 la s\u00e9curit\u00e9 de son Site et de ses bases de donn\u00e9es et comptes utilisateurs, l\u2019int\u00e9grit\u00e9 d\u2019un site internet ne peut \u00eatre garantie, et CENTREON ne peut garantir la s\u00e9curit\u00e9 des donn\u00e9es transmises sur internet.<\/p>\n\n\n\n<p>Partant, les utilisateurs reconnaissent et acceptent qu\u2019il est important qu\u2019ils se prot\u00e8gent eux aussi contre l\u2019acc\u00e8s non autoris\u00e9 \u00e0 leur ordinateur, en particulier en assurant la confidentialit\u00e9 de leur identifiant et mot de passe qui sont d\u00e9finis lors de la cr\u00e9ation du compte utilisateur.<\/p>\n\n\n\n<p>Si vous avez des questions au sujet de la s\u00e9curit\u00e9 du Site, vous pouvez contacter CENTREON par e-mail, adress\u00e9 \u00e0 security@centreon.com.<\/p>\n\n\n\n<h2 class=\"wp-block-heading has-dark-color has-text-color\" style=\"padding-top:var(--wp--preset--spacing--50)\">Droit d&rsquo;acc\u00e8s, de rectification et d&rsquo;opposition<\/h2>\n\n\n\n<p>Vous pouvez \u00e0 tout moment exercer votre droit d\u2019opposition \u00e0 l\u2019utilisation de vos donn\u00e9es \u00e0 caract\u00e8re personnel \u00e0 des fins de marketing direct et exercer votre droit d\u2019acc\u00e8s et de rectification aux donn\u00e9es \u00e0 caract\u00e8re personnel vous concernant et d\u00e9tenues par CENTREON. Les utilisateurs peuvent \u00e9galement, sous r\u00e9serve de justifier d\u2019un motif l\u00e9gitime, s\u2019opposer \u00e0 ce que leurs donn\u00e9es \u00e0 caract\u00e8re personnel fassent l\u2019objet d\u2019un traitement. Ces droits peuvent \u00eatre exerc\u00e9s en contactant CENTREON par e-mail \u00e0 dpo@centreon.com. Afin de prot\u00e9ger votre vie priv\u00e9e, CENTREON prendra les mesures raisonnables pour v\u00e9rifier votre identit\u00e9 avant de vous donner acc\u00e8s \u00e0 ces donn\u00e9es.   <\/p>\n\n\n\n<h2 class=\"wp-block-heading has-dark-color has-text-color\" style=\"padding-top:var(--wp--preset--spacing--50)\">Contacter Centreon<\/h2>\n\n\n\n<p>Pour toute question ou suggestion relative \u00e0 la Politique de Confidentialit\u00e9, vous pouvez vous adresser \u00e0 CENTREON \u00e0 l\u2019adresse e-mail suivante : dpo@centreon.com.<\/p>\n\n\n\n<p><\/p>\n<\/div>\n<\/div>\n","protected":false},"excerpt":{"rendered":"<p>Politique de confidentialit\u00e9 Derni\u00e8re mise \u00e0 jour : D\u00e9cembre 2022 CENTREON attache une importance particuli\u00e8re au respect de la vie priv\u00e9e des utilisateurs. Cette politique de confidentialit\u00e9 (la \u00ab Politique de Confidentialit\u00e9 \u00bb) d\u00e9crit la&nbsp;&#8230;<\/p>\n","protected":false},"author":1,"featured_media":0,"parent":0,"menu_order":98,"comment_status":"closed","ping_status":"closed","template":"","meta":{"_acf_changed":false,"footnotes":""},"class_list":["post-21050","page","type-page","status-publish","hentry"],"acf":[],"yoast_head":"<!-- This site is optimized with the Yoast SEO plugin v26.6 - https:\/\/yoast.com\/wordpress\/plugins\/seo\/ -->\n<title>Politique de confidentialit\u00e9 Centreon | Supervision IT<\/title>\n<meta name=\"description\" content=\"D\u00e9couvrez la politique de confidentialit\u00e9 de Centreon, logiciel de supervision informatique d\u00e9di\u00e9 \u00e0 la disponibilit\u00e9 et la performance de votre IT.\" \/>\n<meta name=\"robots\" content=\"index, follow, max-snippet:-1, max-image-preview:large, max-video-preview:-1\" \/>\n<link rel=\"canonical\" href=\"https:\/\/www.centreon.com\/fr\/politique-de-confidentialite\/\" \/>\n<meta property=\"og:locale\" content=\"fr_FR\" \/>\n<meta property=\"og:type\" content=\"article\" \/>\n<meta property=\"og:title\" content=\"Politique de confidentialit\u00e9 Centreon | Supervision IT\" \/>\n<meta property=\"og:description\" content=\"D\u00e9couvrez la politique de confidentialit\u00e9 de Centreon, logiciel de supervision informatique d\u00e9di\u00e9 \u00e0 la disponibilit\u00e9 et la performance de votre IT.\" \/>\n<meta property=\"og:url\" content=\"https:\/\/www.centreon.com\/fr\/politique-de-confidentialite\/\" \/>\n<meta property=\"og:site_name\" content=\"Centreon\" \/>\n<meta property=\"article:publisher\" content=\"https:\/\/www.facebook.com\/CentreonMonitoring\/\" \/>\n<meta property=\"article:modified_time\" content=\"2023-11-28T13:43:24+00:00\" \/>\n<meta property=\"og:image\" content=\"https:\/\/www.centreon.com\/uploads\/2023\/11\/Vertical_Original.png\" \/>\n\t<meta property=\"og:image:width\" content=\"1076\" \/>\n\t<meta property=\"og:image:height\" content=\"556\" \/>\n\t<meta property=\"og:image:type\" content=\"image\/png\" \/>\n<meta name=\"twitter:card\" content=\"summary_large_image\" \/>\n<meta name=\"twitter:site\" content=\"@CentreonFR\" \/>\n<meta name=\"twitter:label1\" content=\"Dur\u00e9e de lecture estim\u00e9e\" \/>\n\t<meta name=\"twitter:data1\" content=\"5 minutes\" \/>\n<script type=\"application\/ld+json\" class=\"yoast-schema-graph\">{\"@context\":\"https:\/\/schema.org\",\"@graph\":[{\"@type\":\"WebPage\",\"@id\":\"https:\/\/www.centreon.com\/fr\/politique-de-confidentialite\/\",\"url\":\"https:\/\/www.centreon.com\/fr\/politique-de-confidentialite\/\",\"name\":\"Politique de confidentialit\u00e9 Centreon | Supervision IT\",\"isPartOf\":{\"@id\":\"https:\/\/www.centreon.com\/fr\/#website\"},\"datePublished\":\"2022-10-03T17:52:07+00:00\",\"dateModified\":\"2023-11-28T13:43:24+00:00\",\"description\":\"D\u00e9couvrez la politique de confidentialit\u00e9 de Centreon, logiciel de supervision informatique d\u00e9di\u00e9 \u00e0 la disponibilit\u00e9 et la performance de votre IT.\",\"breadcrumb\":{\"@id\":\"https:\/\/www.centreon.com\/fr\/politique-de-confidentialite\/#breadcrumb\"},\"inLanguage\":\"fr-FR\",\"potentialAction\":[{\"@type\":\"ReadAction\",\"target\":[\"https:\/\/www.centreon.com\/fr\/politique-de-confidentialite\/\"]}]},{\"@type\":\"BreadcrumbList\",\"@id\":\"https:\/\/www.centreon.com\/fr\/politique-de-confidentialite\/#breadcrumb\",\"itemListElement\":[{\"@type\":\"ListItem\",\"position\":1,\"name\":\"Home\",\"item\":\"https:\/\/www.centreon.com\/fr\/\"},{\"@type\":\"ListItem\",\"position\":2,\"name\":\"Politique de confidentialit\u00e9\"}]},{\"@type\":\"WebSite\",\"@id\":\"https:\/\/www.centreon.com\/fr\/#website\",\"url\":\"https:\/\/www.centreon.com\/fr\/\",\"name\":\"Centreon\",\"description\":\"Just another WordPress site\",\"publisher\":{\"@id\":\"https:\/\/www.centreon.com\/fr\/#organization\"},\"potentialAction\":[{\"@type\":\"SearchAction\",\"target\":{\"@type\":\"EntryPoint\",\"urlTemplate\":\"https:\/\/www.centreon.com\/fr\/?s={search_term_string}\"},\"query-input\":{\"@type\":\"PropertyValueSpecification\",\"valueRequired\":true,\"valueName\":\"search_term_string\"}}],\"inLanguage\":\"fr-FR\"},{\"@type\":\"Organization\",\"@id\":\"https:\/\/www.centreon.com\/fr\/#organization\",\"name\":\"Centreon\",\"url\":\"https:\/\/www.centreon.com\/fr\/\",\"logo\":{\"@type\":\"ImageObject\",\"inLanguage\":\"fr-FR\",\"@id\":\"https:\/\/www.centreon.com\/fr\/#\/schema\/logo\/image\/\",\"url\":\"https:\/\/www.centreon.com\/wp-content\/uploads\/2023\/07\/Logo_Centreon_Email_Signature_light_02.png\",\"contentUrl\":\"https:\/\/www.centreon.com\/wp-content\/uploads\/2023\/07\/Logo_Centreon_Email_Signature_light_02.png\",\"width\":180,\"height\":42,\"caption\":\"Centreon\"},\"image\":{\"@id\":\"https:\/\/www.centreon.com\/fr\/#\/schema\/logo\/image\/\"},\"sameAs\":[\"https:\/\/www.facebook.com\/CentreonMonitoring\/\",\"https:\/\/x.com\/CentreonFR\",\"https:\/\/www.linkedin.com\/company\/centreonsoftware\/\",\"https:\/\/www.youtube.com\/channel\/UCIKJKvZ8acLmEg2fCdDzsvA\",\"https:\/\/fr.wikipedia.org\/wiki\/Centreon\"]}]}<\/script>\n<!-- \/ Yoast SEO plugin. -->","yoast_head_json":{"title":"Politique de confidentialit\u00e9 Centreon | Supervision IT","description":"D\u00e9couvrez la politique de confidentialit\u00e9 de Centreon, logiciel de supervision informatique d\u00e9di\u00e9 \u00e0 la disponibilit\u00e9 et la performance de votre IT.","robots":{"index":"index","follow":"follow","max-snippet":"max-snippet:-1","max-image-preview":"max-image-preview:large","max-video-preview":"max-video-preview:-1"},"canonical":"https:\/\/www.centreon.com\/fr\/politique-de-confidentialite\/","og_locale":"fr_FR","og_type":"article","og_title":"Politique de confidentialit\u00e9 Centreon | Supervision IT","og_description":"D\u00e9couvrez la politique de confidentialit\u00e9 de Centreon, logiciel de supervision informatique d\u00e9di\u00e9 \u00e0 la disponibilit\u00e9 et la performance de votre IT.","og_url":"https:\/\/www.centreon.com\/fr\/politique-de-confidentialite\/","og_site_name":"Centreon","article_publisher":"https:\/\/www.facebook.com\/CentreonMonitoring\/","article_modified_time":"2023-11-28T13:43:24+00:00","og_image":[{"width":1076,"height":556,"url":"https:\/\/www.centreon.com\/uploads\/2023\/11\/Vertical_Original.png","type":"image\/png"}],"twitter_card":"summary_large_image","twitter_site":"@CentreonFR","twitter_misc":{"Dur\u00e9e de lecture estim\u00e9e":"5 minutes"},"schema":{"@context":"https:\/\/schema.org","@graph":[{"@type":"WebPage","@id":"https:\/\/www.centreon.com\/fr\/politique-de-confidentialite\/","url":"https:\/\/www.centreon.com\/fr\/politique-de-confidentialite\/","name":"Politique de confidentialit\u00e9 Centreon | Supervision IT","isPartOf":{"@id":"https:\/\/www.centreon.com\/fr\/#website"},"datePublished":"2022-10-03T17:52:07+00:00","dateModified":"2023-11-28T13:43:24+00:00","description":"D\u00e9couvrez la politique de confidentialit\u00e9 de Centreon, logiciel de supervision informatique d\u00e9di\u00e9 \u00e0 la disponibilit\u00e9 et la performance de votre IT.","breadcrumb":{"@id":"https:\/\/www.centreon.com\/fr\/politique-de-confidentialite\/#breadcrumb"},"inLanguage":"fr-FR","potentialAction":[{"@type":"ReadAction","target":["https:\/\/www.centreon.com\/fr\/politique-de-confidentialite\/"]}]},{"@type":"BreadcrumbList","@id":"https:\/\/www.centreon.com\/fr\/politique-de-confidentialite\/#breadcrumb","itemListElement":[{"@type":"ListItem","position":1,"name":"Home","item":"https:\/\/www.centreon.com\/fr\/"},{"@type":"ListItem","position":2,"name":"Politique de confidentialit\u00e9"}]},{"@type":"WebSite","@id":"https:\/\/www.centreon.com\/fr\/#website","url":"https:\/\/www.centreon.com\/fr\/","name":"Centreon","description":"Just another WordPress site","publisher":{"@id":"https:\/\/www.centreon.com\/fr\/#organization"},"potentialAction":[{"@type":"SearchAction","target":{"@type":"EntryPoint","urlTemplate":"https:\/\/www.centreon.com\/fr\/?s={search_term_string}"},"query-input":{"@type":"PropertyValueSpecification","valueRequired":true,"valueName":"search_term_string"}}],"inLanguage":"fr-FR"},{"@type":"Organization","@id":"https:\/\/www.centreon.com\/fr\/#organization","name":"Centreon","url":"https:\/\/www.centreon.com\/fr\/","logo":{"@type":"ImageObject","inLanguage":"fr-FR","@id":"https:\/\/www.centreon.com\/fr\/#\/schema\/logo\/image\/","url":"https:\/\/www.centreon.com\/wp-content\/uploads\/2023\/07\/Logo_Centreon_Email_Signature_light_02.png","contentUrl":"https:\/\/www.centreon.com\/wp-content\/uploads\/2023\/07\/Logo_Centreon_Email_Signature_light_02.png","width":180,"height":42,"caption":"Centreon"},"image":{"@id":"https:\/\/www.centreon.com\/fr\/#\/schema\/logo\/image\/"},"sameAs":["https:\/\/www.facebook.com\/CentreonMonitoring\/","https:\/\/x.com\/CentreonFR","https:\/\/www.linkedin.com\/company\/centreonsoftware\/","https:\/\/www.youtube.com\/channel\/UCIKJKvZ8acLmEg2fCdDzsvA","https:\/\/fr.wikipedia.org\/wiki\/Centreon"]}]}},"_links":{"self":[{"href":"https:\/\/www.centreon.com\/fr\/wp-json\/wp\/v2\/pages\/21050","targetHints":{"allow":["GET"]}}],"collection":[{"href":"https:\/\/www.centreon.com\/fr\/wp-json\/wp\/v2\/pages"}],"about":[{"href":"https:\/\/www.centreon.com\/fr\/wp-json\/wp\/v2\/types\/page"}],"author":[{"embeddable":true,"href":"https:\/\/www.centreon.com\/fr\/wp-json\/wp\/v2\/users\/1"}],"replies":[{"embeddable":true,"href":"https:\/\/www.centreon.com\/fr\/wp-json\/wp\/v2\/comments?post=21050"}],"version-history":[{"count":9,"href":"https:\/\/www.centreon.com\/fr\/wp-json\/wp\/v2\/pages\/21050\/revisions"}],"predecessor-version":[{"id":31551,"href":"https:\/\/www.centreon.com\/fr\/wp-json\/wp\/v2\/pages\/21050\/revisions\/31551"}],"wp:attachment":[{"href":"https:\/\/www.centreon.com\/fr\/wp-json\/wp\/v2\/media?parent=21050"}],"curies":[{"name":"wp","href":"https:\/\/api.w.org\/{rel}","templated":true}]}}