{"id":21041,"date":"2022-11-07T13:39:32","date_gmt":"2022-11-07T12:39:32","guid":{"rendered":"https:\/\/www.centreon.com\/mentions-legales\/"},"modified":"2023-11-28T14:43:06","modified_gmt":"2023-11-28T13:43:06","slug":"mentions-legales","status":"publish","type":"page","link":"https:\/\/www.centreon.com\/fr\/mentions-legales\/","title":{"rendered":"Mentions l\u00e9gales"},"content":{"rendered":"\n<div class=\"wp-block-columns has-dark-color has-gradient-10-gradient-background has-text-color has-background is-layout-flex wp-container-core-columns-is-layout-6047a9f7 wp-block-columns-is-layout-flex\" style=\"padding-top:10rem;padding-bottom:7rem\">\n<div class=\"wp-block-column is-layout-flow wp-block-column-is-layout-flow\" style=\"padding-top:0\">\n<h1 class=\"wp-block-heading\">Mentions l\u00e9gales<\/h1>\n\n\n\n<p>Derni\u00e8re mise \u00e0 jour : janvier 2022<\/p>\n<\/div>\n<\/div>\n\n\n\n<div class=\"wp-block-columns has-white-color has-dark-background-color has-text-color has-background is-layout-flex wp-container-core-columns-is-layout-4bfa5c6b wp-block-columns-is-layout-flex\" style=\"padding-top:9px;padding-bottom:9px\">\n<div class=\"wp-block-column is-layout-flow wp-block-column-is-layout-flow\" style=\"flex-basis:100%\"><div class=\"yoast-breadcrumbs\"><span><span><a href=\"https:\/\/www.centreon.com\/fr\/\"><span class=\"breadcrumb-home\"><span class=\"hidden\">Home<\/span><\/span><\/a><\/span> <span class=\"breadcrumb-separator\"><\/span> <span class=\"breadcrumb_last\" aria-current=\"page\">Mentions l\u00e9gales<\/span><\/span><\/div><\/div>\n<\/div>\n\n\n\n<div class=\"wp-block-columns has-white-background-color has-background is-layout-flex wp-container-core-columns-is-layout-28f84493 wp-block-columns-is-layout-flex\">\n<div class=\"wp-block-column is-layout-flow wp-block-column-is-layout-flow\">\n<h2 class=\"wp-block-heading has-primary-color has-text-color\" style=\"padding-top:var(--wp--preset--spacing--50)\">Editeur du site<\/h2>\n\n\n\n<p>Le site www.centreon.com est \u00e9dit\u00e9 par CENTREON SAS, soci\u00e9t\u00e9 par actions simplifi\u00e9e, au capital de 500.000 EUR, immatricul\u00e9e sous le num\u00e9ro 483 494 589 RCS Paris, dont le si\u00e8ge social est 28\/34 rue du Ch\u00e2teau des Rentiers, 75013 Paris, dont le num\u00e9ro SIRET est 483 494 589 00045 et dont le num\u00e9ro de TVA intracommunautaire est FR02483494589.<\/p>\n\n\n\n<p>T\u00e9l\u00e9phone: + 33 (0) 1 49 69 97 12<\/p>\n\n\n\n<p>T\u00e9l\u00e9copie : + 33 (0) 1 78 12 00 28<\/p>\n\n\n\n<p>Num\u00e9ro de TVA: FR02483494589<\/p>\n\n\n\n<p>Directeur de la publication: Monsieur Julien Mathis<\/p>\n\n\n\n<p>Email : jmathis@centreon.com<\/p>\n\n\n\n<h2 class=\"wp-block-heading has-primary-color has-text-color\" style=\"padding-top:var(--wp--preset--spacing--50);padding-right:0;padding-bottom:0;padding-left:0;text-transform:capitalize\">H\u00e9bergement du site<\/h2>\n\n\n\n<p>Le site www.centreon.com est h\u00e9berg\u00e9 en Europe par Amazon Web Services, une soci\u00e9t\u00e9 \u00e0 responsabilit\u00e9 limit\u00e9e, immatricul\u00e9e au Delaware, dont le si\u00e8ge social est 410 Terry Avenue North, Seattle, WA 98109-5210, USA. http:\/\/aws.amazon.com<\/p>\n\n\n\n<p>http:\/\/aws.amazon.com<\/p>\n\n\n\n<h2 class=\"wp-block-heading has-primary-color has-text-color\" style=\"padding-top:var(--wp--preset--spacing--50);padding-right:0;padding-bottom:0;padding-left:0\">Propri\u00e9t\u00e9 intellectuelle<\/h2>\n\n\n\n<p>L\u2019int\u00e9gralit\u00e9 du contenu de ce site, y compris les logiciels, bases de donn\u00e9es, marques, logos et noms de domaine, est la propri\u00e9t\u00e9 exclusive de CENTREON et de ses partenaires et clients, le cas \u00e9ch\u00e9ant, et ne peut \u00eatre copi\u00e9, modifi\u00e9, t\u00e9l\u00e9charg\u00e9, transmis ou diffus\u00e9, de quelque mani\u00e8re que ce soit, sur quelque support que ce soit, en totalit\u00e9 ou en partie, sans le consentement pr\u00e9alable \u00e9crit de CENTREON, \u00e0 l\u2019exception d\u2019une stricte utilisation pour les besoins de la presse et sous r\u00e9serve de l\u2019information pr\u00e9alable de CENTREON et du respect des droits de propri\u00e9t\u00e9 intellectuelle.<\/p>\n\n\n\n<h2 class=\"wp-block-heading has-primary-color has-text-color\" style=\"padding-top:var(--wp--preset--spacing--50)\">Protection des donn\u00e9es personnelles<\/h2>\n\n\n\n<p>CENTREON collecte et traite les donn\u00e9es \u00e0 caract\u00e8re personnel que les utilisateurs du site lui communiquent via le formulaire de contact dans le respect des lois et r\u00e8glements applicables et conform\u00e9ment \u00e0 la <a href=\"https:\/\/www.centreon.com\/en\/privacy-policy\/\">Politique de Confidentialit\u00e9<\/a>.<\/p>\n\n\n\n<p>Les utilisateurs b\u00e9n\u00e9ficient d\u2019un droit d\u2019acc\u00e8s aux informations qui les concernent et de rectification de ses informations. Les utilisateurs peuvent \u00e9galement, pour des motifs l\u00e9gitimes, s\u2019opposer au traitement de leurs donn\u00e9es \u00e0 caract\u00e8re personnel. Ces droits peuvent \u00eatre exerc\u00e9s aupr\u00e8s de CENTREON en s\u2019adressant \u00e0 contact@centreon.com.  <\/p>\n\n\n\n<p>D\u00e9claration CNIL faite sous le num\u00e9ro 2012580 v 0<\/p>\n\n\n\n<h2 class=\"wp-block-heading has-primary-color has-text-color\" style=\"padding-top:var(--wp--preset--spacing--50)\">Liens vers d&rsquo;autres sites<\/h2>\n\n\n\n<p>Le pr\u00e9sent site peut contenir des informations mises \u00e0 disposition par des tiers ou des liens hypertextes vers d\u2019autres sites qui n\u2019ont pas \u00e9t\u00e9 d\u00e9velopp\u00e9s par CENTREON. L\u2019existence d\u2019un lien entre ce site et d\u2019autres sites ne constitue pas une validation du contenu de ces sites. La responsabilit\u00e9 de CENTREON ne saurait \u00eatre engag\u00e9e du fait du contenu de ces sites.  <\/p>\n\n\n\n<h2 class=\"wp-block-heading has-primary-color has-text-color\" style=\"padding-top:var(--wp--preset--spacing--50)\">Limitation de responsabilit\u00e9<\/h2>\n\n\n\n<p>Le pr\u00e9sent site fournit des informations g\u00e9n\u00e9rales \u00e0 propos de CENTREON et de ses produits et services. La responsabilit\u00e9 de CENTREON ne peut \u00eatre engag\u00e9e en cas d\u2019erreur ou d\u2019omission. <\/p>\n\n\n\n<p>CENTREON peut \u00e0 tout moment suspendre temporairement ou d\u00e9finitivement tout acc\u00e8s \u00e0 tout ou partie des pages de ce site. La responsabilit\u00e9 de CENTREON ne peut \u00eatre engag\u00e9e en cas de suspension ou de suppression de l\u2019acc\u00e8s au site ou de modification de tout ou partie de son contenu. <\/p>\n\n\n\n<p>Les utilisateurs sont inform\u00e9s des risques inh\u00e9rents \u00e0 l\u2019utilisation des r\u00e9seaux de communication \u00e9lectronique. CENTREON exclut toute responsabilit\u00e9 pour tout dommage qui pourrait r\u00e9sulter d\u2019une connexion sur le site et de son utilisation. Il appartient aux utilisateurs de prendre toute mesure de s\u00e9curit\u00e9 appropri\u00e9e en vue de s\u00e9curiser leur connexion internet et de prot\u00e9ger leurs donn\u00e9es, leurs ordinateurs et leurs syst\u00e8mes contre tous risques de contamination par des virus informatiques et contre toute tentative d\u2019intrusion par des tiers.  <\/p>\n<\/div>\n<\/div>\n","protected":false},"excerpt":{"rendered":"<p>Mentions l\u00e9gales Derni\u00e8re mise \u00e0 jour : janvier 2022 Editeur du site Le site www.centreon.com est \u00e9dit\u00e9 par CENTREON SAS, soci\u00e9t\u00e9 par actions simplifi\u00e9e, au capital de 500.000 EUR, immatricul\u00e9e sous le num\u00e9ro 483 494&nbsp;&#8230;<\/p>\n","protected":false},"author":2,"featured_media":0,"parent":0,"menu_order":97,"comment_status":"closed","ping_status":"closed","template":"","meta":{"_acf_changed":false,"footnotes":""},"class_list":["post-21041","page","type-page","status-publish","hentry"],"acf":[],"yoast_head":"<!-- This site is optimized with the Yoast SEO plugin v26.6 - https:\/\/yoast.com\/wordpress\/plugins\/seo\/ -->\n<title>Mentions l\u00e9gales Centreon | Logiciel de supervision IT<\/title>\n<meta name=\"description\" content=\"D\u00e9couvrez les mentions l\u00e9gales du site Centreon, logiciel de supervision informatique d\u00e9di\u00e9 \u00e0 la disponibilit\u00e9 et la performance de votre infrastructure IT.\" \/>\n<meta name=\"robots\" content=\"index, follow, max-snippet:-1, max-image-preview:large, max-video-preview:-1\" \/>\n<link rel=\"canonical\" href=\"https:\/\/www.centreon.com\/fr\/mentions-legales\/\" \/>\n<meta property=\"og:locale\" content=\"fr_FR\" \/>\n<meta property=\"og:type\" content=\"article\" \/>\n<meta property=\"og:title\" content=\"Mentions l\u00e9gales Centreon | Logiciel de supervision IT\" \/>\n<meta property=\"og:description\" content=\"D\u00e9couvrez les mentions l\u00e9gales du site Centreon, logiciel de supervision informatique d\u00e9di\u00e9 \u00e0 la disponibilit\u00e9 et la performance de votre infrastructure IT.\" \/>\n<meta property=\"og:url\" content=\"https:\/\/www.centreon.com\/fr\/mentions-legales\/\" \/>\n<meta property=\"og:site_name\" content=\"Centreon\" \/>\n<meta property=\"article:publisher\" content=\"https:\/\/www.facebook.com\/CentreonMonitoring\/\" \/>\n<meta property=\"article:modified_time\" content=\"2023-11-28T13:43:06+00:00\" \/>\n<meta property=\"og:image\" content=\"https:\/\/www.centreon.com\/uploads\/2023\/11\/Vertical_Original.png\" \/>\n\t<meta property=\"og:image:width\" content=\"1076\" \/>\n\t<meta property=\"og:image:height\" content=\"556\" \/>\n\t<meta property=\"og:image:type\" content=\"image\/png\" \/>\n<meta name=\"twitter:card\" content=\"summary_large_image\" \/>\n<meta name=\"twitter:site\" content=\"@CentreonFR\" \/>\n<meta name=\"twitter:label1\" content=\"Dur\u00e9e de lecture estim\u00e9e\" \/>\n\t<meta name=\"twitter:data1\" content=\"3 minutes\" \/>\n<script type=\"application\/ld+json\" class=\"yoast-schema-graph\">{\"@context\":\"https:\/\/schema.org\",\"@graph\":[{\"@type\":\"WebPage\",\"@id\":\"https:\/\/www.centreon.com\/fr\/mentions-legales\/\",\"url\":\"https:\/\/www.centreon.com\/fr\/mentions-legales\/\",\"name\":\"Mentions l\u00e9gales Centreon | Logiciel de supervision IT\",\"isPartOf\":{\"@id\":\"https:\/\/www.centreon.com\/fr\/#website\"},\"datePublished\":\"2022-11-07T12:39:32+00:00\",\"dateModified\":\"2023-11-28T13:43:06+00:00\",\"description\":\"D\u00e9couvrez les mentions l\u00e9gales du site Centreon, logiciel de supervision informatique d\u00e9di\u00e9 \u00e0 la disponibilit\u00e9 et la performance de votre infrastructure IT.\",\"breadcrumb\":{\"@id\":\"https:\/\/www.centreon.com\/fr\/mentions-legales\/#breadcrumb\"},\"inLanguage\":\"fr-FR\",\"potentialAction\":[{\"@type\":\"ReadAction\",\"target\":[\"https:\/\/www.centreon.com\/fr\/mentions-legales\/\"]}]},{\"@type\":\"BreadcrumbList\",\"@id\":\"https:\/\/www.centreon.com\/fr\/mentions-legales\/#breadcrumb\",\"itemListElement\":[{\"@type\":\"ListItem\",\"position\":1,\"name\":\"Home\",\"item\":\"https:\/\/www.centreon.com\/fr\/\"},{\"@type\":\"ListItem\",\"position\":2,\"name\":\"Mentions l\u00e9gales\"}]},{\"@type\":\"WebSite\",\"@id\":\"https:\/\/www.centreon.com\/fr\/#website\",\"url\":\"https:\/\/www.centreon.com\/fr\/\",\"name\":\"Centreon\",\"description\":\"Just another WordPress site\",\"publisher\":{\"@id\":\"https:\/\/www.centreon.com\/fr\/#organization\"},\"potentialAction\":[{\"@type\":\"SearchAction\",\"target\":{\"@type\":\"EntryPoint\",\"urlTemplate\":\"https:\/\/www.centreon.com\/fr\/?s={search_term_string}\"},\"query-input\":{\"@type\":\"PropertyValueSpecification\",\"valueRequired\":true,\"valueName\":\"search_term_string\"}}],\"inLanguage\":\"fr-FR\"},{\"@type\":\"Organization\",\"@id\":\"https:\/\/www.centreon.com\/fr\/#organization\",\"name\":\"Centreon\",\"url\":\"https:\/\/www.centreon.com\/fr\/\",\"logo\":{\"@type\":\"ImageObject\",\"inLanguage\":\"fr-FR\",\"@id\":\"https:\/\/www.centreon.com\/fr\/#\/schema\/logo\/image\/\",\"url\":\"https:\/\/www.centreon.com\/wp-content\/uploads\/2023\/07\/Logo_Centreon_Email_Signature_light_02.png\",\"contentUrl\":\"https:\/\/www.centreon.com\/wp-content\/uploads\/2023\/07\/Logo_Centreon_Email_Signature_light_02.png\",\"width\":180,\"height\":42,\"caption\":\"Centreon\"},\"image\":{\"@id\":\"https:\/\/www.centreon.com\/fr\/#\/schema\/logo\/image\/\"},\"sameAs\":[\"https:\/\/www.facebook.com\/CentreonMonitoring\/\",\"https:\/\/x.com\/CentreonFR\",\"https:\/\/www.linkedin.com\/company\/centreonsoftware\/\",\"https:\/\/www.youtube.com\/channel\/UCIKJKvZ8acLmEg2fCdDzsvA\",\"https:\/\/fr.wikipedia.org\/wiki\/Centreon\"]}]}<\/script>\n<!-- \/ Yoast SEO plugin. -->","yoast_head_json":{"title":"Mentions l\u00e9gales Centreon | Logiciel de supervision IT","description":"D\u00e9couvrez les mentions l\u00e9gales du site Centreon, logiciel de supervision informatique d\u00e9di\u00e9 \u00e0 la disponibilit\u00e9 et la performance de votre infrastructure IT.","robots":{"index":"index","follow":"follow","max-snippet":"max-snippet:-1","max-image-preview":"max-image-preview:large","max-video-preview":"max-video-preview:-1"},"canonical":"https:\/\/www.centreon.com\/fr\/mentions-legales\/","og_locale":"fr_FR","og_type":"article","og_title":"Mentions l\u00e9gales Centreon | Logiciel de supervision IT","og_description":"D\u00e9couvrez les mentions l\u00e9gales du site Centreon, logiciel de supervision informatique d\u00e9di\u00e9 \u00e0 la disponibilit\u00e9 et la performance de votre infrastructure IT.","og_url":"https:\/\/www.centreon.com\/fr\/mentions-legales\/","og_site_name":"Centreon","article_publisher":"https:\/\/www.facebook.com\/CentreonMonitoring\/","article_modified_time":"2023-11-28T13:43:06+00:00","og_image":[{"width":1076,"height":556,"url":"https:\/\/www.centreon.com\/uploads\/2023\/11\/Vertical_Original.png","type":"image\/png"}],"twitter_card":"summary_large_image","twitter_site":"@CentreonFR","twitter_misc":{"Dur\u00e9e de lecture estim\u00e9e":"3 minutes"},"schema":{"@context":"https:\/\/schema.org","@graph":[{"@type":"WebPage","@id":"https:\/\/www.centreon.com\/fr\/mentions-legales\/","url":"https:\/\/www.centreon.com\/fr\/mentions-legales\/","name":"Mentions l\u00e9gales Centreon | Logiciel de supervision IT","isPartOf":{"@id":"https:\/\/www.centreon.com\/fr\/#website"},"datePublished":"2022-11-07T12:39:32+00:00","dateModified":"2023-11-28T13:43:06+00:00","description":"D\u00e9couvrez les mentions l\u00e9gales du site Centreon, logiciel de supervision informatique d\u00e9di\u00e9 \u00e0 la disponibilit\u00e9 et la performance de votre infrastructure IT.","breadcrumb":{"@id":"https:\/\/www.centreon.com\/fr\/mentions-legales\/#breadcrumb"},"inLanguage":"fr-FR","potentialAction":[{"@type":"ReadAction","target":["https:\/\/www.centreon.com\/fr\/mentions-legales\/"]}]},{"@type":"BreadcrumbList","@id":"https:\/\/www.centreon.com\/fr\/mentions-legales\/#breadcrumb","itemListElement":[{"@type":"ListItem","position":1,"name":"Home","item":"https:\/\/www.centreon.com\/fr\/"},{"@type":"ListItem","position":2,"name":"Mentions l\u00e9gales"}]},{"@type":"WebSite","@id":"https:\/\/www.centreon.com\/fr\/#website","url":"https:\/\/www.centreon.com\/fr\/","name":"Centreon","description":"Just another WordPress site","publisher":{"@id":"https:\/\/www.centreon.com\/fr\/#organization"},"potentialAction":[{"@type":"SearchAction","target":{"@type":"EntryPoint","urlTemplate":"https:\/\/www.centreon.com\/fr\/?s={search_term_string}"},"query-input":{"@type":"PropertyValueSpecification","valueRequired":true,"valueName":"search_term_string"}}],"inLanguage":"fr-FR"},{"@type":"Organization","@id":"https:\/\/www.centreon.com\/fr\/#organization","name":"Centreon","url":"https:\/\/www.centreon.com\/fr\/","logo":{"@type":"ImageObject","inLanguage":"fr-FR","@id":"https:\/\/www.centreon.com\/fr\/#\/schema\/logo\/image\/","url":"https:\/\/www.centreon.com\/wp-content\/uploads\/2023\/07\/Logo_Centreon_Email_Signature_light_02.png","contentUrl":"https:\/\/www.centreon.com\/wp-content\/uploads\/2023\/07\/Logo_Centreon_Email_Signature_light_02.png","width":180,"height":42,"caption":"Centreon"},"image":{"@id":"https:\/\/www.centreon.com\/fr\/#\/schema\/logo\/image\/"},"sameAs":["https:\/\/www.facebook.com\/CentreonMonitoring\/","https:\/\/x.com\/CentreonFR","https:\/\/www.linkedin.com\/company\/centreonsoftware\/","https:\/\/www.youtube.com\/channel\/UCIKJKvZ8acLmEg2fCdDzsvA","https:\/\/fr.wikipedia.org\/wiki\/Centreon"]}]}},"_links":{"self":[{"href":"https:\/\/www.centreon.com\/fr\/wp-json\/wp\/v2\/pages\/21041","targetHints":{"allow":["GET"]}}],"collection":[{"href":"https:\/\/www.centreon.com\/fr\/wp-json\/wp\/v2\/pages"}],"about":[{"href":"https:\/\/www.centreon.com\/fr\/wp-json\/wp\/v2\/types\/page"}],"author":[{"embeddable":true,"href":"https:\/\/www.centreon.com\/fr\/wp-json\/wp\/v2\/users\/2"}],"replies":[{"embeddable":true,"href":"https:\/\/www.centreon.com\/fr\/wp-json\/wp\/v2\/comments?post=21041"}],"version-history":[{"count":5,"href":"https:\/\/www.centreon.com\/fr\/wp-json\/wp\/v2\/pages\/21041\/revisions"}],"predecessor-version":[{"id":33732,"href":"https:\/\/www.centreon.com\/fr\/wp-json\/wp\/v2\/pages\/21041\/revisions\/33732"}],"wp:attachment":[{"href":"https:\/\/www.centreon.com\/fr\/wp-json\/wp\/v2\/media?parent=21041"}],"curies":[{"name":"wp","href":"https:\/\/api.w.org\/{rel}","templated":true}]}}