{"id":20813,"date":"2022-10-25T14:34:58","date_gmt":"2022-10-25T12:34:58","guid":{"rendered":"https:\/\/www.centreon.com\/services\/customer-care\/"},"modified":"2025-11-06T12:11:27","modified_gmt":"2025-11-06T11:11:27","slug":"customer-care","status":"publish","type":"page","link":"https:\/\/www.centreon.com\/fr\/services\/customer-care\/","title":{"rendered":"Customer Care"},"content":{"rendered":"\n<div class=\"wp-block-columns has-gradient-10-gradient-background has-background is-layout-flex wp-container-core-columns-is-layout-a7e814ea wp-block-columns-is-layout-flex\" style=\"padding-top:100px;padding-bottom:80px\">\n<div class=\"wp-block-column is-layout-flow wp-block-column-is-layout-flow\">\n<div class=\"wp-block-columns is-layout-flex wp-container-core-columns-is-layout-28f84493 wp-block-columns-is-layout-flex\">\n<div class=\"wp-block-column is-layout-flow wp-block-column-is-layout-flow\" style=\"flex-basis:700px\">\n<h1 class=\"wp-block-heading\">Customer Care<\/h1>\n\n\n\n<p class=\"has-2-xl-font-size\">La mission de notre Customer Care est de prendre le plus grand soin de votre plateforme afin d&rsquo;assurer une supervision disponible et efficace, en ad\u00e9quation avec vos activit\u00e9s.<\/p>\n<\/div>\n<\/div>\n<\/div>\n<\/div>\n\n\n\n<div class=\"wp-block-columns has-white-background-color has-background is-layout-flex wp-container-core-columns-is-layout-4bfa5c6b wp-block-columns-is-layout-flex\" style=\"padding-top:9px;padding-bottom:9px\">\n<div class=\"wp-block-column is-layout-flow wp-block-column-is-layout-flow\" style=\"flex-basis:100%\"><div class=\"yoast-breadcrumbs\"><span><span><a href=\"https:\/\/www.centreon.com\/fr\/\"><span class=\"breadcrumb-home\"><span class=\"hidden\">Home<\/span><\/span><\/a><\/span> <span class=\"breadcrumb-separator\"><\/span> <span><a href=\"https:\/\/www.centreon.com\/fr\/services\/\">Services<\/a><\/span> <span class=\"breadcrumb-separator\"><\/span> <span class=\"breadcrumb_last\" aria-current=\"page\">Customer Care<\/span><\/span><\/div><\/div>\n<\/div>\n\n\n\n<div class=\"wp-block-columns has-white-color has-dark-background-color has-text-color has-background is-layout-flex wp-container-core-columns-is-layout-28f84493 wp-block-columns-is-layout-flex\">\n<div class=\"wp-block-column is-layout-flow wp-block-column-is-layout-flow\">\n<div class=\"wp-block-columns are-vertically-aligned-center is-not-stacked-on-mobile is-layout-flex wp-container-core-columns-is-layout-28f84493 wp-block-columns-is-layout-flex\">\n<div class=\"wp-block-column is-vertically-aligned-center is-layout-flow wp-block-column-is-layout-flow\" style=\"flex-basis:10px\">\n<figure class=\"wp-block-image size-full\"><img fetchpriority=\"low\" loading=\"lazy\" decoding=\"async\" width=\"2\" height=\"124\" src=\"https:\/\/www.centreon.com\/uploads\/2022\/10\/Ligne-30-1.png\" alt=\"\" class=\"wp-image-3314\"\/><\/figure>\n<\/div>\n\n\n\n<div class=\"wp-block-column is-vertically-aligned-center is-layout-flow wp-block-column-is-layout-flow\" style=\"flex-basis:400px\">\n<p class=\"has-xl-font-size\"><strong>Vous rencontrez un probl\u00e8me, vous avez une question ou un besoin de documentation ? Contactez-nous au plus vite via notre portail client Centreon. <\/strong><\/p>\n<\/div>\n<\/div>\n\n\n\n<div style=\"height:40px\" aria-hidden=\"true\" class=\"wp-block-spacer\"><\/div>\n\n\n\n<h2 class=\"wp-block-heading\"><strong>Support au quotidien<\/strong><\/h2>\n\n\n\n<p>Avec une \u00e9quipe de plus de 15 personnes bas\u00e9es en France, au Luxembourg et au Canada, et, d\u00e9di\u00e9es \u00e0 la relation client, nous ne sommes pas un simple support technique ! En tant qu&rsquo;experts des solutions Centreon, nous vous accompagnons au quotidien. <\/p>\n\n\n\n<p>Notre promesse :<\/p>\n\n\n\n<ul class=\"wp-block-list\">\n<li>Fournir le plus haut niveau d&rsquo;expertise et de conseil dans la r\u00e9solution de vos anomalies<\/li>\n\n\n\n<li>Faire le lien avec les diff\u00e9rents services de Centreon pour vous apporter une r\u00e9ponse rapide et pertinente<\/li>\n\n\n\n<li>Prendre en compte vos retours et remarques, afin de r\u00e9pondre \u00e0 vos attentes et vous fournir un service et une solution technique de qualit\u00e9.<\/li>\n<\/ul>\n<\/div>\n\n\n\n<div class=\"wp-block-column is-layout-flow wp-block-column-is-layout-flow\" style=\"flex-basis:5%\"><\/div>\n\n\n\n<div class=\"wp-block-column is-layout-flow wp-block-column-is-layout-flow\">\n<figure class=\"wp-block-image aligncenter size-full\"><img fetchpriority=\"low\" loading=\"lazy\" decoding=\"async\" width=\"512\" height=\"568\" src=\"https:\/\/www.centreon.com\/uploads\/2022\/10\/ImgCadreMonitoring.png\" alt=\"\" class=\"wp-image-3060\" srcset=\"https:\/\/www.centreon.com\/uploads\/2022\/10\/ImgCadreMonitoring.png 512w, https:\/\/www.centreon.com\/uploads\/2022\/10\/ImgCadreMonitoring-270x300.png 270w\" sizes=\"auto, (max-width: 512px) 100vw, 512px\" \/><\/figure>\n<\/div>\n<\/div>\n\n\n\n<div class=\"wp-block-columns has-gradient-10-gradient-background has-background is-layout-flex wp-container-core-columns-is-layout-6235df30 wp-block-columns-is-layout-flex\" style=\"padding-bottom:200px\">\n<div class=\"wp-block-column is-layout-flow wp-block-column-is-layout-flow\">\n<h2 class=\"wp-block-heading\"><strong>4 bonnes raisons de compter sur le Customer Care Centreon<\/strong><\/h2>\n\n\n<div class=\"columns-1 md:columns-2 gap-4 lg:gap-8 relative mb-8\">\n  <div class=\"absolute floating-card\n              rounded-20 z-0 inset-0 mt-16 -mb-8 w-7\/12 mx-auto\"\n              data-speed=\"50\"><\/div>\n      <svg version=\"1.1\" xmlns=\"http:\/\/www.w3.org\/2000\/svg\" xmlns:xlink=\"http:\/\/www.w3.org\/1999\/xlink\" x=\"0px\" y=\"0px\"\n  viewBox=\"0 0 1451.7 1035.5\" enable-background=\"new 0 0 1451.7 1035.5\" xml:space=\"preserve\"\n  class=\"pointer-events-none absolute w-screen transform -translate-x-1\/2 left-1\/2 top-1\/2 z-1 -translate-y-1\/2\">\n  <linearGradient id=\"wave-1\" gradientUnits=\"userSpaceOnUse\" x1=\"-27.9\" y1=\"514.4999\" x2=\"1482.5983\" y2=\"514.4999\" gradientTransform=\"matrix(1 0 0 -1 0 1036)\">\n    <stop  offset=\"0\" style=\"stop-color:#0000DD\"\/>\n    <stop  offset=\"0.452\" style=\"stop-color:#C26CF7\"\/>\n    <stop  offset=\"1\" style=\"stop-color:#37D6AE\"\/>\n  <\/linearGradient>\n  <path class=\"draw-me to-animate\" fill=\"none\" stroke=\"url(#wave-1)\" stroke-width=\"24\" stroke-linecap=\"round\" stroke-miterlimit=\"10\" d=\"M-12.9,1027.8\n    c51.1-85.7,143.8-147.9,275.6-185c67.4-19,137.3-28.8,204.9-38.4c57.8-8.2,117.7-16.6,175-30.7c67-16.4,123.5-39.1,172.9-69.1\n    c48.7-29.6,92.2-66.6,129.3-109.8c37.4-43.6,68.1-94,91.2-149.7c8.6-20.7,16.5-42.3,24.1-63.1c15.5-42.3,31.5-86,54.5-126.6\n    c30.4-53.3,69.4-100.6,116-140.5c56-48.2,112.3-79.5,167.4-93.3c17-4.3,34.5-6.4,52-6.4c0.5,0,17.1,0,17.6,0\"\/>\n<\/svg>\n  \n            <div class=\"simple-card rounded-20 p-7 mb-4 lg:mb-8 break-inside-avoid-column relative z-1 to-animate mt-28\"\n           data-appear=\"100\" data-delay=\"0\">\n        <div class=\"flex items-center gap-4 mb-4\">\n                    <p class=\"font-display text-3xl font-bold\">\n            Un acc\u00e8s facile au support\n          <\/p>\n        <\/div>\n        <p><span style=\"font-weight: 400;\">Nous vous r\u00e9pondons en anglais et en fran\u00e7ais du lundi au vendredi de 8h \u00e0 18h (fuseau horaire CET). Vous pouvez nous contacter via notre portail client Centreon qui vous guidera dans la cr\u00e9ation et la gestion de votre demande. <\/span><\/p>\n<p><span style=\"font-weight: 400;\">Si vous avez besoin d&rsquo;une plateforme Centreon disponible 24h\/24 et 7jours\/7, nous proposons \u00e0 nos clients une offre de service sp\u00e9cifique de support 24\/7.<\/span><\/p>\n\n      <\/div>\n\n                <div class=\"simple-card rounded-20 p-7 mb-4 lg:mb-8 break-inside-avoid-column relative z-1 to-animate \"\n           data-appear=\"100\" data-delay=\"0\">\n        <div class=\"flex items-center gap-4 mb-4\">\n                    <p class=\"font-display text-3xl font-bold\">\n            L\u2019efficacit\u00e9 par l\u2019acc\u00e8s \u00e0 distance\n          <\/p>\n        <\/div>\n        <p><span style=\"font-weight: 400;\">Pas besoin de venir jusqu\u2019\u00e0 vos locaux ! Nous avons l&rsquo;habitude de g\u00e9rer vos demandes et vos questions depuis chez nous. Vous \u00eates ainsi assur\u00e9s d\u2019une r\u00e9solution et d&rsquo;un support rapides.  <\/span><\/p>\n\n      <\/div>\n\n                <div class=\"simple-card rounded-20 p-7 mb-4 lg:mb-8 break-inside-avoid-column relative z-1 to-animate \"\n           data-appear=\"100\" data-delay=\"0\">\n        <div class=\"flex items-center gap-4 mb-4\">\n                    <p class=\"font-display text-3xl font-bold\">\n            Centreon se concentre sur la performance de sa plateforme pour ses clients\n          <\/p>\n        <\/div>\n        <p><span style=\"font-weight: 400;\">Gr\u00e2ce \u00e0 une proximit\u00e9 et des liens forts avec notre R&amp;D, nous corrigeons les anomalies logicielles pour les rendre disponibles dans les futures versions de nos produits. Vous b\u00e9n\u00e9ficiez ainsi de la derni\u00e8re version, la plus \u00e0 jour, et la plus performante. <\/span><\/p>\n\n      <\/div>\n\n                <div class=\"simple-card rounded-20 p-7 mb-4 lg:mb-8 break-inside-avoid-column relative z-1 to-animate \"\n           data-appear=\"100\" data-delay=\"0\">\n        <div class=\"flex items-center gap-4 mb-4\">\n                    <p class=\"font-display text-3xl font-bold\">\n            Une \u00e9quipe orient\u00e9e client\n          <\/p>\n        <\/div>\n        <p><span style=\"font-weight: 400;\">Notre \u00e9quipe est dynamique et investie dans la satisfaction de nos clients. Gr\u00e2ce \u00e0 notre management et notre vision moderne du customer care, nous vous accompagnons au quotidien dans la gestion de vos demandes. <\/span><\/p>\n\n      <\/div>\n\n                <div class=\"break-before-avoid text-left relative z-1\">\n        <a href=\"https:\/\/www.centreon.com\/fr\/contact\/\"\n           class=\"wp-block-button__link has-dark-background-color has-background to-animate mb-4 lg:mb-8\">\n          Contactez-nous\n        <\/a>\n      <\/div>\n\n      \n<\/div>\n<\/div>\n<\/div>\n\n\n\n<div class=\"wp-block-group is-layout-flow wp-block-group-is-layout-flow\">\n<div class=\"wp-block-columns are-vertically-aligned-center has-white-color has-dark-background-color has-text-color has-background is-layout-flex wp-container-core-columns-is-layout-0e0088bb wp-block-columns-is-layout-flex\" style=\"padding-top:30px;padding-bottom:30px\">\n<div class=\"wp-block-column is-vertically-aligned-center is-layout-flow wp-block-column-is-layout-flow\">\n<p class=\"has-2-xl-font-size\">D\u00e9couvrez comment Centreon va transformer votre business<\/p>\n<\/div>\n\n\n\n<div class=\"wp-block-column is-vertically-aligned-center shrink-0 is-layout-flow wp-block-column-is-layout-flow\" style=\"flex-basis:210px\">\n<div class=\"wp-block-buttons is-content-justification-right is-layout-flex wp-container-core-buttons-is-layout-d445cf74 wp-block-buttons-is-layout-flex\">\n<div class=\"wp-block-button\"><a class=\"wp-block-button__link has-dark-background-color has-background wp-element-button\" href=\"https:\/\/www.centreon.com\/fr\/contact\/\">Contactez-nous<\/a><\/div>\n<\/div>\n<\/div>\n\n\n\n<div class=\"wp-block-column shrink-0 is-layout-flow wp-block-column-is-layout-flow\" style=\"flex-basis:210px\"><div class=\"footer-cta-wrapper has_submenu w-auto ml-4 shrink-0 wp-block-button__link has-background relative group !inline-block\">\n  Essai gratuit\n      <div class=\"footer-cta-submenu absolute z-10 bottom-[calc(100%-1rem)] right-0 py-8 w-64\n                opacity-0 pointer-events-none\n                transition-all\n                -translate-y-8 lg:translate-y-8\n                delay-75\n                group-hover:delay-0\n                group-hover:pointer-events-auto\n                group-hover:translate-y-0 group-hover:opacity-100\">\n      <div class=\"shadow bg-white rounded-xl p-8 flex flex-col gap-4\">\n                             <a class=\"!text-dark !no-underline hover:!underline text-left text-base\" href=\"https:\/\/www.centreon.com\/fr\/essai-gratuit-centreon-dem\/\" target=\"_self\">\n            Centreon Experience Monitoring\n          <\/a>\n                             <a class=\"!text-dark !no-underline hover:!underline text-left text-base\" href=\"https:\/\/www.centreon.com\/fr\/essai-gratuit\/\" target=\"_self\">\n            Centreon Infra Monitoring\n          <\/a>\n              <\/div>\n    <\/div>\n  <\/div>\n<\/div>\n<\/div>\n\n\n\n<div class=\"wp-block-columns are-vertically-aligned-center has-white-color has-primary-background-color has-text-color has-background is-layout-flex wp-container-core-columns-is-layout-0e0088bb wp-block-columns-is-layout-flex\" style=\"padding-top:30px;padding-bottom:30px\">\n<div class=\"wp-block-column is-vertically-aligned-center is-layout-flow wp-block-column-is-layout-flow\">\n<p class=\"has-2-xl-font-size\">Restez inform\u00e9s sur notre actualit\u00e9<\/p>\n<\/div>\n\n\n\n<div class=\"wp-block-column is-vertically-aligned-center is-layout-flow wp-block-column-is-layout-flow\"><div class=\"newsletter-form w-full\">\n  <form class=\"w-full\">\n    <div class=\"w-full flex items-center bg-white\/20 text-white rounded-10 px-4 text-lg\">\n      <input type=\"email\" name=\"email\" placeholder=\"Enter your email address\"\n             class=\"w-full text-light h-8 pl-0 appearance-none bg-transparent rounded-none placeholder-white autofill:bg-transparent focus:outline-none\" required>\n      <button type=\"submit\" class=\"cursor-pointer appearance-none pl-4 py-3 shrink-0\" aria-label=\"Search\">\n        Subscribe      <\/button>\n    <\/div>\n  <\/form>\n  <div class=\"alert-success bg-white bg-opacity-20 text-white px-4 py-3 rounded-10\" style=\"display:none\">\n    Thank you for your subscription.  <\/div>\n<\/div>\n<\/div>\n<\/div>\n<\/div>\n","protected":false},"excerpt":{"rendered":"<p>Customer Care La mission de notre Customer Care est de prendre le plus grand soin de votre plateforme afin d&rsquo;assurer une supervision disponible et efficace, en ad\u00e9quation avec vos activit\u00e9s. Vous rencontrez un probl\u00e8me, vous&nbsp;&#8230;<\/p>\n","protected":false},"author":2,"featured_media":0,"parent":20555,"menu_order":2,"comment_status":"closed","ping_status":"closed","template":"","meta":{"_acf_changed":false,"footnotes":""},"class_list":["post-20813","page","type-page","status-publish","hentry"],"acf":[],"yoast_head":"<!-- This site is optimized with the Yoast SEO plugin v26.6 - https:\/\/yoast.com\/wordpress\/plugins\/seo\/ -->\n<title>Customer Care Centreon | Supervision informatique<\/title>\n<meta name=\"description\" content=\"D\u00e9couvrez comment le customer care Centreon peut vous aider \u00e0 assurer la disponibilit\u00e9 et la performance de votre infrastructure informatique.\" \/>\n<meta name=\"robots\" content=\"index, follow, max-snippet:-1, max-image-preview:large, max-video-preview:-1\" \/>\n<link rel=\"canonical\" href=\"https:\/\/www.centreon.com\/fr\/services\/customer-care\/\" \/>\n<meta property=\"og:locale\" content=\"fr_FR\" \/>\n<meta property=\"og:type\" content=\"article\" \/>\n<meta property=\"og:title\" content=\"Customer Care Centreon | Supervision informatique\" \/>\n<meta property=\"og:description\" content=\"D\u00e9couvrez comment le customer care Centreon peut vous aider \u00e0 assurer la disponibilit\u00e9 et la performance de votre infrastructure informatique.\" \/>\n<meta property=\"og:url\" content=\"https:\/\/www.centreon.com\/fr\/services\/customer-care\/\" \/>\n<meta property=\"og:site_name\" content=\"Centreon\" \/>\n<meta property=\"article:publisher\" content=\"https:\/\/www.facebook.com\/CentreonMonitoring\/\" \/>\n<meta property=\"article:modified_time\" content=\"2025-11-06T11:11:27+00:00\" \/>\n<meta property=\"og:image\" content=\"https:\/\/www.centreon.com\/uploads\/2022\/10\/Ligne-30-1.png\" \/>\n\t<meta property=\"og:image:width\" content=\"2\" \/>\n\t<meta property=\"og:image:height\" content=\"124\" \/>\n\t<meta property=\"og:image:type\" content=\"image\/png\" \/>\n<meta name=\"twitter:card\" content=\"summary_large_image\" \/>\n<meta name=\"twitter:site\" content=\"@CentreonFR\" \/>\n<meta name=\"twitter:label1\" content=\"Dur\u00e9e de lecture estim\u00e9e\" \/>\n\t<meta name=\"twitter:data1\" content=\"2 minutes\" \/>\n<script type=\"application\/ld+json\" class=\"yoast-schema-graph\">{\"@context\":\"https:\/\/schema.org\",\"@graph\":[{\"@type\":\"WebPage\",\"@id\":\"https:\/\/www.centreon.com\/fr\/services\/customer-care\/\",\"url\":\"https:\/\/www.centreon.com\/fr\/services\/customer-care\/\",\"name\":\"Customer Care Centreon | Supervision informatique\",\"isPartOf\":{\"@id\":\"https:\/\/www.centreon.com\/fr\/#website\"},\"primaryImageOfPage\":{\"@id\":\"https:\/\/www.centreon.com\/fr\/services\/customer-care\/#primaryimage\"},\"image\":{\"@id\":\"https:\/\/www.centreon.com\/fr\/services\/customer-care\/#primaryimage\"},\"thumbnailUrl\":\"https:\/\/www.centreon.com\/uploads\/2022\/10\/Ligne-30-1.png\",\"datePublished\":\"2022-10-25T12:34:58+00:00\",\"dateModified\":\"2025-11-06T11:11:27+00:00\",\"description\":\"D\u00e9couvrez comment le customer care Centreon peut vous aider \u00e0 assurer la disponibilit\u00e9 et la performance de votre infrastructure informatique.\",\"breadcrumb\":{\"@id\":\"https:\/\/www.centreon.com\/fr\/services\/customer-care\/#breadcrumb\"},\"inLanguage\":\"fr-FR\",\"potentialAction\":[{\"@type\":\"ReadAction\",\"target\":[\"https:\/\/www.centreon.com\/fr\/services\/customer-care\/\"]}]},{\"@type\":\"ImageObject\",\"inLanguage\":\"fr-FR\",\"@id\":\"https:\/\/www.centreon.com\/fr\/services\/customer-care\/#primaryimage\",\"url\":\"https:\/\/www.centreon.com\/uploads\/2022\/10\/Ligne-30-1.png\",\"contentUrl\":\"https:\/\/www.centreon.com\/uploads\/2022\/10\/Ligne-30-1.png\"},{\"@type\":\"BreadcrumbList\",\"@id\":\"https:\/\/www.centreon.com\/fr\/services\/customer-care\/#breadcrumb\",\"itemListElement\":[{\"@type\":\"ListItem\",\"position\":1,\"name\":\"Home\",\"item\":\"https:\/\/www.centreon.com\/fr\/\"},{\"@type\":\"ListItem\",\"position\":2,\"name\":\"Services\",\"item\":\"https:\/\/www.centreon.com\/fr\/services\/\"},{\"@type\":\"ListItem\",\"position\":3,\"name\":\"Customer Care\"}]},{\"@type\":\"WebSite\",\"@id\":\"https:\/\/www.centreon.com\/fr\/#website\",\"url\":\"https:\/\/www.centreon.com\/fr\/\",\"name\":\"Centreon\",\"description\":\"Just another WordPress site\",\"publisher\":{\"@id\":\"https:\/\/www.centreon.com\/fr\/#organization\"},\"potentialAction\":[{\"@type\":\"SearchAction\",\"target\":{\"@type\":\"EntryPoint\",\"urlTemplate\":\"https:\/\/www.centreon.com\/fr\/?s={search_term_string}\"},\"query-input\":{\"@type\":\"PropertyValueSpecification\",\"valueRequired\":true,\"valueName\":\"search_term_string\"}}],\"inLanguage\":\"fr-FR\"},{\"@type\":\"Organization\",\"@id\":\"https:\/\/www.centreon.com\/fr\/#organization\",\"name\":\"Centreon\",\"url\":\"https:\/\/www.centreon.com\/fr\/\",\"logo\":{\"@type\":\"ImageObject\",\"inLanguage\":\"fr-FR\",\"@id\":\"https:\/\/www.centreon.com\/fr\/#\/schema\/logo\/image\/\",\"url\":\"https:\/\/www.centreon.com\/wp-content\/uploads\/2023\/07\/Logo_Centreon_Email_Signature_light_02.png\",\"contentUrl\":\"https:\/\/www.centreon.com\/wp-content\/uploads\/2023\/07\/Logo_Centreon_Email_Signature_light_02.png\",\"width\":180,\"height\":42,\"caption\":\"Centreon\"},\"image\":{\"@id\":\"https:\/\/www.centreon.com\/fr\/#\/schema\/logo\/image\/\"},\"sameAs\":[\"https:\/\/www.facebook.com\/CentreonMonitoring\/\",\"https:\/\/x.com\/CentreonFR\",\"https:\/\/www.linkedin.com\/company\/centreonsoftware\/\",\"https:\/\/www.youtube.com\/channel\/UCIKJKvZ8acLmEg2fCdDzsvA\",\"https:\/\/fr.wikipedia.org\/wiki\/Centreon\"]}]}<\/script>\n<!-- \/ Yoast SEO plugin. -->","yoast_head_json":{"title":"Customer Care Centreon | Supervision informatique","description":"D\u00e9couvrez comment le customer care Centreon peut vous aider \u00e0 assurer la disponibilit\u00e9 et la performance de votre infrastructure informatique.","robots":{"index":"index","follow":"follow","max-snippet":"max-snippet:-1","max-image-preview":"max-image-preview:large","max-video-preview":"max-video-preview:-1"},"canonical":"https:\/\/www.centreon.com\/fr\/services\/customer-care\/","og_locale":"fr_FR","og_type":"article","og_title":"Customer Care Centreon | Supervision informatique","og_description":"D\u00e9couvrez comment le customer care Centreon peut vous aider \u00e0 assurer la disponibilit\u00e9 et la performance de votre infrastructure informatique.","og_url":"https:\/\/www.centreon.com\/fr\/services\/customer-care\/","og_site_name":"Centreon","article_publisher":"https:\/\/www.facebook.com\/CentreonMonitoring\/","article_modified_time":"2025-11-06T11:11:27+00:00","og_image":[{"width":2,"height":124,"url":"https:\/\/www.centreon.com\/uploads\/2022\/10\/Ligne-30-1.png","type":"image\/png"}],"twitter_card":"summary_large_image","twitter_site":"@CentreonFR","twitter_misc":{"Dur\u00e9e de lecture estim\u00e9e":"2 minutes"},"schema":{"@context":"https:\/\/schema.org","@graph":[{"@type":"WebPage","@id":"https:\/\/www.centreon.com\/fr\/services\/customer-care\/","url":"https:\/\/www.centreon.com\/fr\/services\/customer-care\/","name":"Customer Care Centreon | Supervision informatique","isPartOf":{"@id":"https:\/\/www.centreon.com\/fr\/#website"},"primaryImageOfPage":{"@id":"https:\/\/www.centreon.com\/fr\/services\/customer-care\/#primaryimage"},"image":{"@id":"https:\/\/www.centreon.com\/fr\/services\/customer-care\/#primaryimage"},"thumbnailUrl":"https:\/\/www.centreon.com\/uploads\/2022\/10\/Ligne-30-1.png","datePublished":"2022-10-25T12:34:58+00:00","dateModified":"2025-11-06T11:11:27+00:00","description":"D\u00e9couvrez comment le customer care Centreon peut vous aider \u00e0 assurer la disponibilit\u00e9 et la performance de votre infrastructure informatique.","breadcrumb":{"@id":"https:\/\/www.centreon.com\/fr\/services\/customer-care\/#breadcrumb"},"inLanguage":"fr-FR","potentialAction":[{"@type":"ReadAction","target":["https:\/\/www.centreon.com\/fr\/services\/customer-care\/"]}]},{"@type":"ImageObject","inLanguage":"fr-FR","@id":"https:\/\/www.centreon.com\/fr\/services\/customer-care\/#primaryimage","url":"https:\/\/www.centreon.com\/uploads\/2022\/10\/Ligne-30-1.png","contentUrl":"https:\/\/www.centreon.com\/uploads\/2022\/10\/Ligne-30-1.png"},{"@type":"BreadcrumbList","@id":"https:\/\/www.centreon.com\/fr\/services\/customer-care\/#breadcrumb","itemListElement":[{"@type":"ListItem","position":1,"name":"Home","item":"https:\/\/www.centreon.com\/fr\/"},{"@type":"ListItem","position":2,"name":"Services","item":"https:\/\/www.centreon.com\/fr\/services\/"},{"@type":"ListItem","position":3,"name":"Customer Care"}]},{"@type":"WebSite","@id":"https:\/\/www.centreon.com\/fr\/#website","url":"https:\/\/www.centreon.com\/fr\/","name":"Centreon","description":"Just another WordPress site","publisher":{"@id":"https:\/\/www.centreon.com\/fr\/#organization"},"potentialAction":[{"@type":"SearchAction","target":{"@type":"EntryPoint","urlTemplate":"https:\/\/www.centreon.com\/fr\/?s={search_term_string}"},"query-input":{"@type":"PropertyValueSpecification","valueRequired":true,"valueName":"search_term_string"}}],"inLanguage":"fr-FR"},{"@type":"Organization","@id":"https:\/\/www.centreon.com\/fr\/#organization","name":"Centreon","url":"https:\/\/www.centreon.com\/fr\/","logo":{"@type":"ImageObject","inLanguage":"fr-FR","@id":"https:\/\/www.centreon.com\/fr\/#\/schema\/logo\/image\/","url":"https:\/\/www.centreon.com\/wp-content\/uploads\/2023\/07\/Logo_Centreon_Email_Signature_light_02.png","contentUrl":"https:\/\/www.centreon.com\/wp-content\/uploads\/2023\/07\/Logo_Centreon_Email_Signature_light_02.png","width":180,"height":42,"caption":"Centreon"},"image":{"@id":"https:\/\/www.centreon.com\/fr\/#\/schema\/logo\/image\/"},"sameAs":["https:\/\/www.facebook.com\/CentreonMonitoring\/","https:\/\/x.com\/CentreonFR","https:\/\/www.linkedin.com\/company\/centreonsoftware\/","https:\/\/www.youtube.com\/channel\/UCIKJKvZ8acLmEg2fCdDzsvA","https:\/\/fr.wikipedia.org\/wiki\/Centreon"]}]}},"_links":{"self":[{"href":"https:\/\/www.centreon.com\/fr\/wp-json\/wp\/v2\/pages\/20813","targetHints":{"allow":["GET"]}}],"collection":[{"href":"https:\/\/www.centreon.com\/fr\/wp-json\/wp\/v2\/pages"}],"about":[{"href":"https:\/\/www.centreon.com\/fr\/wp-json\/wp\/v2\/types\/page"}],"author":[{"embeddable":true,"href":"https:\/\/www.centreon.com\/fr\/wp-json\/wp\/v2\/users\/2"}],"replies":[{"embeddable":true,"href":"https:\/\/www.centreon.com\/fr\/wp-json\/wp\/v2\/comments?post=20813"}],"version-history":[{"count":7,"href":"https:\/\/www.centreon.com\/fr\/wp-json\/wp\/v2\/pages\/20813\/revisions"}],"predecessor-version":[{"id":42219,"href":"https:\/\/www.centreon.com\/fr\/wp-json\/wp\/v2\/pages\/20813\/revisions\/42219"}],"up":[{"embeddable":true,"href":"https:\/\/www.centreon.com\/fr\/wp-json\/wp\/v2\/pages\/20555"}],"wp:attachment":[{"href":"https:\/\/www.centreon.com\/fr\/wp-json\/wp\/v2\/media?parent=20813"}],"curies":[{"name":"wp","href":"https:\/\/api.w.org\/{rel}","templated":true}]}}