{"id":20764,"date":"2022-10-28T11:45:38","date_gmt":"2022-10-28T09:45:38","guid":{"rendered":"https:\/\/www.centreon.com\/demo-produit\/"},"modified":"2026-03-24T09:17:04","modified_gmt":"2026-03-24T08:17:04","slug":"demo-produit","status":"publish","type":"page","link":"https:\/\/www.centreon.com\/fr\/demo-produit\/","title":{"rendered":"D\u00e9mo Produit"},"content":{"rendered":"<div class=\"relative\">\n  <div class=\"absolute top-0 left-1\/2 w-screen transform -translate-x-1\/2 h-full\">\n    <img decoding=\"async\" src=\"https:\/\/www.centreon.com\/uploads\/2022\/10\/AdobeStock_389987075@2x-6-scaled.jpg\"\n      class=\"absolute inset-0 w-full h-full object-cover object-center\"\n      fetchpriority=\"high\"\n      alt=\"\" \/>\n  <\/div>\n  <div class=\"relative\">\n    \n\n<div class=\"wp-block-columns is-layout-flex wp-container-core-columns-is-layout-28f84493 wp-block-columns-is-layout-flex\">\n<div class=\"wp-block-column is-layout-flow wp-block-column-is-layout-flow\">\n<div class=\"wp-block-columns is-layout-flex wp-container-core-columns-is-layout-28f84493 wp-block-columns-is-layout-flex\">\n<div class=\"wp-block-column is-layout-flow wp-block-column-is-layout-flow\">\n<div class=\"wp-block-columns is-layout-flex wp-container-core-columns-is-layout-28f84493 wp-block-columns-is-layout-flex\">\n<div class=\"wp-block-column is-layout-flow wp-block-column-is-layout-flow\" style=\"padding-top:100px;padding-bottom:80px;flex-basis:670px\">\n<h1 class=\"wp-block-heading has-white-color has-text-color\"><strong><strong>D\u00e9mo Produit &#8211; Centreon <\/strong><\/strong>Infra Monitoring<\/h1>\n\n\n\n<p class=\"has-white-color has-text-color has-2-xl-font-size\">Plongez dans l\u2019univers d\u2019une plateforme de supervision ouverte et \u00e9volutive<\/p>\n\n\n\n<p><\/p>\n<\/div>\n<\/div>\n<\/div>\n<\/div>\n<\/div>\n<\/div>\n\n\n  <\/div>\n<\/div>\n\n\n\n<div class=\"wp-block-columns has-white-background-color has-background is-layout-flex wp-container-core-columns-is-layout-4bfa5c6b wp-block-columns-is-layout-flex\" style=\"padding-top:9px;padding-bottom:9px\">\n<div class=\"wp-block-column is-layout-flow wp-block-column-is-layout-flow\" style=\"flex-basis:100%\"><div class=\"yoast-breadcrumbs\"><span><span><a href=\"https:\/\/www.centreon.com\/fr\/\"><span class=\"breadcrumb-home\"><span class=\"hidden\">Home<\/span><\/span><\/a><\/span> <span class=\"breadcrumb-separator\"><\/span> <span class=\"breadcrumb_last\" aria-current=\"page\">D\u00e9mo Produit<\/span><\/span><\/div><\/div>\n<\/div>\n\n\n\n<div class=\"wp-block-columns are-vertically-aligned-center has-dark-background-color has-background is-layout-flex wp-container-core-columns-is-layout-7503d02c wp-block-columns-is-layout-flex\">\n<div class=\"wp-block-column is-layout-flow wp-block-column-is-layout-flow\" style=\"flex-basis:180px\"><div class=\"menu-block p-4 rounded-10 flex flex-col gap-2\">\n                 <a href=\"https:\/\/www.centreon.com\/fr\/demo-produit\/\"\n        class=\" !no-underline rounded-10 px-4 py-2 text-sm hover:bg-white hover:!text-dark\n        active\">\n        Centreon Infra Monitoring\n      <\/a>\n                     <a href=\"https:\/\/www.centreon.com\/fr\/demo-produit-centreon-dem\/\"\n        class=\" !no-underline rounded-10 px-4 py-2 text-sm hover:bg-white hover:!text-dark\n        \">\n        Centreon Experience Monitoring\n      <\/a>\n      <\/div>\n<\/div>\n\n\n\n<div class=\"wp-block-column is-vertically-aligned-center is-layout-flow wp-block-column-is-layout-flow\">\n<h2 class=\"wp-block-heading has-white-color has-text-color\"><strong>Prenez quelques minutes pour d\u00e9couvrir Centreon Infra Monitoring<\/strong><\/h2>\n\n\n\n<div class=\"wp-block-columns is-layout-flex wp-container-core-columns-is-layout-28f84493 wp-block-columns-is-layout-flex\">\n<div class=\"wp-block-column is-layout-flow wp-block-column-is-layout-flow\" style=\"flex-basis:5%\"><\/div>\n<\/div>\n\n\n\n<figure class=\"wp-block-video\"><video controls src=\"https:\/\/awesome.centreon.com\/hubfs\/Videos\/Product%20Tours\/Centreon%20Infra%20Monitoring\/FR\/demo-produit-centreon-infra-monitoring.mp4\"><\/video><\/figure>\n\n\n\n<div style=\"height:16px\" aria-hidden=\"true\" class=\"wp-block-spacer\"><\/div>\n\n\n\n<div class=\"wp-block-buttons is-vertical is-content-justification-center is-layout-flex wp-container-core-buttons-is-layout-47909919 wp-block-buttons-is-layout-flex\">\n<div class=\"wp-block-button\"><a class=\"wp-block-button__link has-2-xl-font-size has-custom-font-size wp-element-button\" href=\"#3-videos\">Voir plus de demos interactives<\/a><\/div>\n<\/div>\n<\/div>\n<\/div>\n\n\n<div class=\"relative\">\n  <div class=\"absolute w-screen h-full transform -translate-x-1\/2 left-1\/2 top-0 z-0 bg-gradient\"><\/div>\n        <svg class=\"pointer-events-none hidden lg:block absolute w-screen transform -translate-x-1\/2 left-1\/2 top-1\/2 z-1 -translate-y-1\/2\"\n    xmlns=\"http:\/\/www.w3.org\/2000\/svg\" xmlns:xlink=\"http:\/\/www.w3.org\/1999\/xlink\" viewBox=\"0 0 1440 752\">\n    <defs>\n        <linearGradient id=\"bg-wave-09\" x1=\"-38.79\" y1=\"288.05\" x2=\"1455.5\" y2=\"288.05\"\n            gradientUnits=\"userSpaceOnUse\">\n            <stop offset=\"0\" stop-color=\"#00d\" \/>\n            <stop offset=\".54\" stop-color=\"#c26cf7\" \/>\n            <stop offset=\"1\" stop-color=\"#37d6ae\" \/>\n        <\/linearGradient>\n    <\/defs>\n    <path class=\"draw-me to-animate\" fill=\"none\" stroke=\"url(#bg-wave-09)\" stroke-width=\"24\" stroke-linecap=\"round\" stroke-miterlimit=\"10\"\n        d=\"M-26.79,161.29c191.56-107.6,298.62,32.63,459.29,119.21,152.78,82.33,323.52-27.96,536,22,142.67,33.55,371,229,475,117\" \/>\n<\/svg>\n    <div class=\"relative z-10 py-20\">\n    \n\n<div class=\"wp-block-columns is-layout-flex wp-container-core-columns-is-layout-28f84493 wp-block-columns-is-layout-flex\">\n<div class=\"wp-block-column is-layout-flow wp-block-column-is-layout-flow\">\n<h2 class=\"wp-block-heading has-dark-color has-text-color\" id=\"3-videos\">D\u00e9couvrez nos 3 vid\u00e9os interactives<\/h2>\n<\/div>\n<\/div>\n\n\n\n<div class=\"wp-block-columns is-layout-flex wp-container-core-columns-is-layout-28f84493 wp-block-columns-is-layout-flex\">\n<div class=\"wp-block-column has-white-color has-dark-background-color has-text-color has-background is-layout-flow wp-block-column-is-layout-flow\">\n<p class=\"has-2-xl-font-size\"><strong>D\u00e9mo : D\u00e9couvrez comment \u00eatre alert\u00e9 en cas d&rsquo;incident informatique<\/strong><\/p>\n\n\n\n<p>Centreon fournit des vues d&rsquo;alerte compl\u00e8tes qui vous donnent toutes les informations dont vous avez besoin pour superviser efficacement votre infrastructure.<\/p>\n<\/div>\n\n\n\n<div class=\"wp-block-column has-dark-background-color has-background is-layout-flow wp-block-column-is-layout-flow\">\n<p class=\"has-white-color has-text-color has-2-xl-font-size\"><strong>D\u00e9mo : 3 minutes pour d\u00e9couvrir comment acc\u00e9l\u00e9rer la configuration de la supervision de votre infrastructure informatique<\/strong><\/p>\n\n\n\n<p class=\"has-white-color has-text-color\">Voyons comment vous pouvez acc\u00e9l\u00e9rer consid\u00e9rablement le processus de configuration de la surveillance de votre infrastructure informatique, en r\u00e9duisant les frustrations et en vous aidant \u00e0 rendre votre solution de supervision op\u00e9rationnelle plus rapidement avec Centreon.<\/p>\n<\/div>\n\n\n\n<div class=\"wp-block-column has-white-color has-dark-background-color has-text-color has-background is-layout-flow wp-block-column-is-layout-flow\">\n<p class=\"has-white-color has-text-color has-2-xl-font-size\"><strong>D\u00e9mo : \u00c9viter les zones d\u2019ombres gr\u00e2ce \u00e0 une configuration automatique de la supervision informatique<\/strong><\/p>\n\n\n\n<p>En utilisant un outil de configuration automatique de la supervision informatique de Centreon, vous pouvez identifier de mani\u00e8re proactive les syst\u00e8mes et applications cl\u00e9s qui doivent \u00eatre supervis\u00e9s. Vous assurez ainsi le bon fonctionnement de votre entreprise et r\u00e9duisez le risque de temps d&rsquo;arr\u00eat co\u00fbteux.<\/p>\n<\/div>\n<\/div>\n\n\n\n<div class=\"wp-block-columns is-layout-flex wp-container-core-columns-is-layout-28f84493 wp-block-columns-is-layout-flex\">\n<div class=\"wp-block-column is-layout-flow wp-block-column-is-layout-flow\" style=\"padding-top:var(--wp--preset--spacing--40);padding-bottom:var(--wp--preset--spacing--40)\">\n<div style=\"height:40px\" aria-hidden=\"true\" class=\"wp-block-spacer\"><\/div>\n\n\n\n<div class=\"wp-block-buttons alignfull is-content-justification-center is-layout-flex wp-container-core-buttons-is-layout-a89b3969 wp-block-buttons-is-layout-flex\">\n<div class=\"wp-block-button\"><a class=\"wp-block-button__link wp-element-button\" href=\"#form\">Acc\u00e9dez aux d\u00e9mos<\/a><\/div>\n<\/div>\n<\/div>\n<\/div>\n\n\n  <\/div>\n<\/div>\n\n\n\n<div class=\"wp-block-columns is-layout-flex wp-container-core-columns-is-layout-4c1dd492 wp-block-columns-is-layout-flex\" style=\"margin-top:var(--wp--preset--spacing--80);margin-bottom:var(--wp--preset--spacing--80)\">\n<div class=\"wp-block-column is-layout-flow wp-block-column-is-layout-flow\" style=\"flex-basis:66.66%\">\n<h2 class=\"wp-block-heading\">Et si vous alliez plus loin dans la d\u00e9couverte du produit ?<\/h2>\n\n\n\n<p>Explorez la plateforme Centreon \u00e0 travers des vid\u00e9os interactives qui vous montreront comment faire passer votre supervision IT au niveau sup\u00e9rieur en seulement quelques minutes !<\/p>\n<\/div>\n\n\n\n<div class=\"wp-block-column has-dark-background-color has-background is-layout-flow wp-block-column-is-layout-flow\" style=\"flex-basis:33.33%\" id=\"form\">\n<p class=\"has-white-color has-text-color\" style=\"margin-top:0;margin-bottom:0\"><strong>Acc\u00e9dez aux d\u00e9monstrations interactives gratuitement en remplissant ce formulaire<\/strong><\/p>\n\n\n\n<p><\/p>\n\n\n\n<script charset=\"utf-8\" type=\"text\/javascript\" src=\"\/\/js-eu1.hsforms.net\/forms\/embed\/v2.js\"><\/script>\n<script>\n  hbspt.forms.create({\n    region: \"eu1\",\n    portalId: \"26072647\",\n    formId: \"ab5472f0-3fc4-47e4-a8d6-5c34cffe8904\",\n    sfdcCampaignId: \"70108000000nHcDAAU\"\n  });\n<\/script>\n<\/div>\n<\/div>\n\n\n\n<div class=\"wp-block-group is-layout-flow wp-block-group-is-layout-flow\">\n<div class=\"wp-block-columns are-vertically-aligned-center has-white-color has-dark-background-color has-text-color has-background is-layout-flex wp-container-core-columns-is-layout-0e0088bb wp-block-columns-is-layout-flex\" style=\"padding-top:30px;padding-bottom:30px\">\n<div class=\"wp-block-column is-vertically-aligned-center is-layout-flow wp-block-column-is-layout-flow\">\n<p class=\"has-2-xl-font-size\">D\u00e9couvrez comment Centreon va transformer votre business<\/p>\n<\/div>\n\n\n\n<div class=\"wp-block-column is-vertically-aligned-center shrink-0 is-layout-flow wp-block-column-is-layout-flow\" style=\"flex-basis:210px\">\n<div class=\"wp-block-buttons is-content-justification-right is-layout-flex wp-container-core-buttons-is-layout-d445cf74 wp-block-buttons-is-layout-flex\">\n<div class=\"wp-block-button\"><a class=\"wp-block-button__link has-dark-background-color has-background wp-element-button\" href=\"https:\/\/www.centreon.com\/fr\/contact\/\">Contactez-nous<\/a><\/div>\n<\/div>\n<\/div>\n\n\n\n<div class=\"wp-block-column shrink-0 is-layout-flow wp-block-column-is-layout-flow\" style=\"flex-basis:210px\"><div class=\"footer-cta-wrapper has_submenu w-auto ml-4 shrink-0 wp-block-button__link has-background relative group !inline-block\">\n  Essai gratuit\n      <div class=\"footer-cta-submenu absolute z-10 bottom-[calc(100%-1rem)] right-0 py-8 w-64\n                opacity-0 pointer-events-none\n                transition-all\n                -translate-y-8 lg:translate-y-8\n                delay-75\n                group-hover:delay-0\n                group-hover:pointer-events-auto\n                group-hover:translate-y-0 group-hover:opacity-100\">\n      <div class=\"shadow bg-white rounded-xl p-8 flex flex-col gap-4\">\n                             <a class=\"!text-dark !no-underline hover:!underline text-left text-base\" href=\"https:\/\/www.centreon.com\/fr\/essai-gratuit-centreon-dem\/\" target=\"_self\">\n            Centreon Experience Monitoring\n          <\/a>\n                             <a class=\"!text-dark !no-underline hover:!underline text-left text-base\" href=\"https:\/\/www.centreon.com\/fr\/essai-gratuit\/\" target=\"_self\">\n            Centreon Infra Monitoring\n          <\/a>\n              <\/div>\n    <\/div>\n  <\/div>\n<\/div>\n<\/div>\n\n\n\n<div class=\"wp-block-columns are-vertically-aligned-center has-white-color has-primary-background-color has-text-color has-background is-layout-flex wp-container-core-columns-is-layout-0e0088bb wp-block-columns-is-layout-flex\" style=\"padding-top:30px;padding-bottom:30px\">\n<div class=\"wp-block-column is-vertically-aligned-center is-layout-flow wp-block-column-is-layout-flow\">\n<p class=\"has-2-xl-font-size\">Restez inform\u00e9s sur notre actualit\u00e9<\/p>\n<\/div>\n\n\n\n<div class=\"wp-block-column is-vertically-aligned-center is-layout-flow wp-block-column-is-layout-flow\"><div class=\"newsletter-form w-full\">\n  <form class=\"w-full\">\n    <div class=\"w-full flex items-center bg-white\/20 text-white rounded-10 px-4 text-lg\">\n      <input type=\"email\" name=\"email\" placeholder=\"Enter your email address\"\n             class=\"w-full text-light h-8 pl-0 appearance-none bg-transparent rounded-none placeholder-white autofill:bg-transparent focus:outline-none\" required>\n      <button type=\"submit\" class=\"cursor-pointer appearance-none pl-4 py-3 shrink-0\" aria-label=\"Search\">\n        Subscribe      <\/button>\n    <\/div>\n  <\/form>\n  <div class=\"alert-success bg-white bg-opacity-20 text-white px-4 py-3 rounded-10\" style=\"display:none\">\n    Thank you for your subscription.  <\/div>\n<\/div>\n<\/div>\n<\/div>\n<\/div>\n","protected":false},"excerpt":{"rendered":"<p>Prenez quelques minutes pour d\u00e9couvrir Centreon Infra Monitoring Et si vous alliez plus loin dans la d\u00e9couverte du produit ? Explorez la plateforme Centreon \u00e0 travers des vid\u00e9os interactives qui vous montreront comment faire passer&nbsp;&#8230;<\/p>\n","protected":false},"author":2,"featured_media":3649,"parent":0,"menu_order":4,"comment_status":"closed","ping_status":"closed","template":"","meta":{"_acf_changed":false,"footnotes":""},"class_list":["post-20764","page","type-page","status-publish","has-post-thumbnail","hentry"],"acf":[],"yoast_head":"<!-- This site is optimized with the Yoast SEO plugin v26.6 - https:\/\/yoast.com\/wordpress\/plugins\/seo\/ -->\n<title>D\u00e9mo Produit | Centreon Supervision IT<\/title>\n<meta name=\"description\" content=\"Faites une visite guid\u00e9e du produit Centreon et voyez comment il peut aider votre entreprise \u00e0 assurer la disponibilit\u00e9 et la performance de votre infrastructure IT. Essayez-le gratuitement d\u00e8s aujourd&#039;hui\" \/>\n<meta name=\"robots\" content=\"index, follow, max-snippet:-1, max-image-preview:large, max-video-preview:-1\" \/>\n<link rel=\"canonical\" href=\"https:\/\/www.centreon.com\/fr\/demo-produit\/\" \/>\n<meta property=\"og:locale\" content=\"fr_FR\" \/>\n<meta property=\"og:type\" content=\"article\" \/>\n<meta property=\"og:title\" content=\"D\u00e9mo Produit | Centreon Supervision IT\" \/>\n<meta property=\"og:description\" content=\"Faites une visite guid\u00e9e du produit Centreon et voyez comment il peut aider votre entreprise \u00e0 assurer la disponibilit\u00e9 et la performance de votre infrastructure IT. Essayez-le gratuitement d\u00e8s aujourd&#039;hui\" \/>\n<meta property=\"og:url\" content=\"https:\/\/www.centreon.com\/fr\/demo-produit\/\" \/>\n<meta property=\"og:site_name\" content=\"Centreon\" \/>\n<meta property=\"article:publisher\" content=\"https:\/\/www.facebook.com\/CentreonMonitoring\/\" \/>\n<meta property=\"article:modified_time\" content=\"2026-03-24T08:17:04+00:00\" \/>\n<meta property=\"og:image\" content=\"https:\/\/www.centreon.com\/uploads\/2022\/10\/AdobeStock_389987x.jpg\" \/>\n\t<meta property=\"og:image:width\" content=\"1835\" \/>\n\t<meta property=\"og:image:height\" content=\"1032\" \/>\n\t<meta property=\"og:image:type\" content=\"image\/jpeg\" \/>\n<meta name=\"twitter:card\" content=\"summary_large_image\" \/>\n<meta name=\"twitter:site\" content=\"@CentreonFR\" \/>\n<meta name=\"twitter:label1\" content=\"Dur\u00e9e de lecture estim\u00e9e\" \/>\n\t<meta name=\"twitter:data1\" content=\"2 minutes\" \/>\n<script type=\"application\/ld+json\" class=\"yoast-schema-graph\">{\"@context\":\"https:\/\/schema.org\",\"@graph\":[{\"@type\":\"WebPage\",\"@id\":\"https:\/\/www.centreon.com\/fr\/demo-produit\/\",\"url\":\"https:\/\/www.centreon.com\/fr\/demo-produit\/\",\"name\":\"D\u00e9mo Produit | Centreon Supervision IT\",\"isPartOf\":{\"@id\":\"https:\/\/www.centreon.com\/fr\/#website\"},\"primaryImageOfPage\":{\"@id\":\"https:\/\/www.centreon.com\/fr\/demo-produit\/#primaryimage\"},\"image\":{\"@id\":\"https:\/\/www.centreon.com\/fr\/demo-produit\/#primaryimage\"},\"thumbnailUrl\":\"https:\/\/www.centreon.com\/uploads\/2022\/10\/AdobeStock_389987x.jpg\",\"datePublished\":\"2022-10-28T09:45:38+00:00\",\"dateModified\":\"2026-03-24T08:17:04+00:00\",\"description\":\"Faites une visite guid\u00e9e du produit Centreon et voyez comment il peut aider votre entreprise \u00e0 assurer la disponibilit\u00e9 et la performance de votre infrastructure IT. Essayez-le gratuitement d\u00e8s aujourd'hui\",\"breadcrumb\":{\"@id\":\"https:\/\/www.centreon.com\/fr\/demo-produit\/#breadcrumb\"},\"inLanguage\":\"fr-FR\",\"potentialAction\":[{\"@type\":\"ReadAction\",\"target\":[\"https:\/\/www.centreon.com\/fr\/demo-produit\/\"]}]},{\"@type\":\"ImageObject\",\"inLanguage\":\"fr-FR\",\"@id\":\"https:\/\/www.centreon.com\/fr\/demo-produit\/#primaryimage\",\"url\":\"https:\/\/www.centreon.com\/uploads\/2022\/10\/AdobeStock_389987x.jpg\",\"contentUrl\":\"https:\/\/www.centreon.com\/uploads\/2022\/10\/AdobeStock_389987x.jpg\",\"width\":1835,\"height\":1032},{\"@type\":\"BreadcrumbList\",\"@id\":\"https:\/\/www.centreon.com\/fr\/demo-produit\/#breadcrumb\",\"itemListElement\":[{\"@type\":\"ListItem\",\"position\":1,\"name\":\"Home\",\"item\":\"https:\/\/www.centreon.com\/fr\/\"},{\"@type\":\"ListItem\",\"position\":2,\"name\":\"D\u00e9mo Produit\"}]},{\"@type\":\"WebSite\",\"@id\":\"https:\/\/www.centreon.com\/fr\/#website\",\"url\":\"https:\/\/www.centreon.com\/fr\/\",\"name\":\"Centreon\",\"description\":\"Just another WordPress site\",\"publisher\":{\"@id\":\"https:\/\/www.centreon.com\/fr\/#organization\"},\"potentialAction\":[{\"@type\":\"SearchAction\",\"target\":{\"@type\":\"EntryPoint\",\"urlTemplate\":\"https:\/\/www.centreon.com\/fr\/?s={search_term_string}\"},\"query-input\":{\"@type\":\"PropertyValueSpecification\",\"valueRequired\":true,\"valueName\":\"search_term_string\"}}],\"inLanguage\":\"fr-FR\"},{\"@type\":\"Organization\",\"@id\":\"https:\/\/www.centreon.com\/fr\/#organization\",\"name\":\"Centreon\",\"url\":\"https:\/\/www.centreon.com\/fr\/\",\"logo\":{\"@type\":\"ImageObject\",\"inLanguage\":\"fr-FR\",\"@id\":\"https:\/\/www.centreon.com\/fr\/#\/schema\/logo\/image\/\",\"url\":\"https:\/\/www.centreon.com\/wp-content\/uploads\/2023\/07\/Logo_Centreon_Email_Signature_light_02.png\",\"contentUrl\":\"https:\/\/www.centreon.com\/wp-content\/uploads\/2023\/07\/Logo_Centreon_Email_Signature_light_02.png\",\"width\":180,\"height\":42,\"caption\":\"Centreon\"},\"image\":{\"@id\":\"https:\/\/www.centreon.com\/fr\/#\/schema\/logo\/image\/\"},\"sameAs\":[\"https:\/\/www.facebook.com\/CentreonMonitoring\/\",\"https:\/\/x.com\/CentreonFR\",\"https:\/\/www.linkedin.com\/company\/centreonsoftware\/\",\"https:\/\/www.youtube.com\/channel\/UCIKJKvZ8acLmEg2fCdDzsvA\",\"https:\/\/fr.wikipedia.org\/wiki\/Centreon\"]}]}<\/script>\n<!-- \/ Yoast SEO plugin. -->","yoast_head_json":{"title":"D\u00e9mo Produit | Centreon Supervision IT","description":"Faites une visite guid\u00e9e du produit Centreon et voyez comment il peut aider votre entreprise \u00e0 assurer la disponibilit\u00e9 et la performance de votre infrastructure IT. Essayez-le gratuitement d\u00e8s aujourd'hui","robots":{"index":"index","follow":"follow","max-snippet":"max-snippet:-1","max-image-preview":"max-image-preview:large","max-video-preview":"max-video-preview:-1"},"canonical":"https:\/\/www.centreon.com\/fr\/demo-produit\/","og_locale":"fr_FR","og_type":"article","og_title":"D\u00e9mo Produit | Centreon Supervision IT","og_description":"Faites une visite guid\u00e9e du produit Centreon et voyez comment il peut aider votre entreprise \u00e0 assurer la disponibilit\u00e9 et la performance de votre infrastructure IT. Essayez-le gratuitement d\u00e8s aujourd'hui","og_url":"https:\/\/www.centreon.com\/fr\/demo-produit\/","og_site_name":"Centreon","article_publisher":"https:\/\/www.facebook.com\/CentreonMonitoring\/","article_modified_time":"2026-03-24T08:17:04+00:00","og_image":[{"width":1835,"height":1032,"url":"https:\/\/www.centreon.com\/uploads\/2022\/10\/AdobeStock_389987x.jpg","type":"image\/jpeg"}],"twitter_card":"summary_large_image","twitter_site":"@CentreonFR","twitter_misc":{"Dur\u00e9e de lecture estim\u00e9e":"2 minutes"},"schema":{"@context":"https:\/\/schema.org","@graph":[{"@type":"WebPage","@id":"https:\/\/www.centreon.com\/fr\/demo-produit\/","url":"https:\/\/www.centreon.com\/fr\/demo-produit\/","name":"D\u00e9mo Produit | Centreon Supervision IT","isPartOf":{"@id":"https:\/\/www.centreon.com\/fr\/#website"},"primaryImageOfPage":{"@id":"https:\/\/www.centreon.com\/fr\/demo-produit\/#primaryimage"},"image":{"@id":"https:\/\/www.centreon.com\/fr\/demo-produit\/#primaryimage"},"thumbnailUrl":"https:\/\/www.centreon.com\/uploads\/2022\/10\/AdobeStock_389987x.jpg","datePublished":"2022-10-28T09:45:38+00:00","dateModified":"2026-03-24T08:17:04+00:00","description":"Faites une visite guid\u00e9e du produit Centreon et voyez comment il peut aider votre entreprise \u00e0 assurer la disponibilit\u00e9 et la performance de votre infrastructure IT. Essayez-le gratuitement d\u00e8s aujourd'hui","breadcrumb":{"@id":"https:\/\/www.centreon.com\/fr\/demo-produit\/#breadcrumb"},"inLanguage":"fr-FR","potentialAction":[{"@type":"ReadAction","target":["https:\/\/www.centreon.com\/fr\/demo-produit\/"]}]},{"@type":"ImageObject","inLanguage":"fr-FR","@id":"https:\/\/www.centreon.com\/fr\/demo-produit\/#primaryimage","url":"https:\/\/www.centreon.com\/uploads\/2022\/10\/AdobeStock_389987x.jpg","contentUrl":"https:\/\/www.centreon.com\/uploads\/2022\/10\/AdobeStock_389987x.jpg","width":1835,"height":1032},{"@type":"BreadcrumbList","@id":"https:\/\/www.centreon.com\/fr\/demo-produit\/#breadcrumb","itemListElement":[{"@type":"ListItem","position":1,"name":"Home","item":"https:\/\/www.centreon.com\/fr\/"},{"@type":"ListItem","position":2,"name":"D\u00e9mo Produit"}]},{"@type":"WebSite","@id":"https:\/\/www.centreon.com\/fr\/#website","url":"https:\/\/www.centreon.com\/fr\/","name":"Centreon","description":"Just another WordPress site","publisher":{"@id":"https:\/\/www.centreon.com\/fr\/#organization"},"potentialAction":[{"@type":"SearchAction","target":{"@type":"EntryPoint","urlTemplate":"https:\/\/www.centreon.com\/fr\/?s={search_term_string}"},"query-input":{"@type":"PropertyValueSpecification","valueRequired":true,"valueName":"search_term_string"}}],"inLanguage":"fr-FR"},{"@type":"Organization","@id":"https:\/\/www.centreon.com\/fr\/#organization","name":"Centreon","url":"https:\/\/www.centreon.com\/fr\/","logo":{"@type":"ImageObject","inLanguage":"fr-FR","@id":"https:\/\/www.centreon.com\/fr\/#\/schema\/logo\/image\/","url":"https:\/\/www.centreon.com\/wp-content\/uploads\/2023\/07\/Logo_Centreon_Email_Signature_light_02.png","contentUrl":"https:\/\/www.centreon.com\/wp-content\/uploads\/2023\/07\/Logo_Centreon_Email_Signature_light_02.png","width":180,"height":42,"caption":"Centreon"},"image":{"@id":"https:\/\/www.centreon.com\/fr\/#\/schema\/logo\/image\/"},"sameAs":["https:\/\/www.facebook.com\/CentreonMonitoring\/","https:\/\/x.com\/CentreonFR","https:\/\/www.linkedin.com\/company\/centreonsoftware\/","https:\/\/www.youtube.com\/channel\/UCIKJKvZ8acLmEg2fCdDzsvA","https:\/\/fr.wikipedia.org\/wiki\/Centreon"]}]}},"_links":{"self":[{"href":"https:\/\/www.centreon.com\/fr\/wp-json\/wp\/v2\/pages\/20764","targetHints":{"allow":["GET"]}}],"collection":[{"href":"https:\/\/www.centreon.com\/fr\/wp-json\/wp\/v2\/pages"}],"about":[{"href":"https:\/\/www.centreon.com\/fr\/wp-json\/wp\/v2\/types\/page"}],"author":[{"embeddable":true,"href":"https:\/\/www.centreon.com\/fr\/wp-json\/wp\/v2\/users\/2"}],"replies":[{"embeddable":true,"href":"https:\/\/www.centreon.com\/fr\/wp-json\/wp\/v2\/comments?post=20764"}],"version-history":[{"count":27,"href":"https:\/\/www.centreon.com\/fr\/wp-json\/wp\/v2\/pages\/20764\/revisions"}],"predecessor-version":[{"id":43532,"href":"https:\/\/www.centreon.com\/fr\/wp-json\/wp\/v2\/pages\/20764\/revisions\/43532"}],"wp:featuredmedia":[{"embeddable":true,"href":"https:\/\/www.centreon.com\/fr\/wp-json\/wp\/v2\/media\/3649"}],"wp:attachment":[{"href":"https:\/\/www.centreon.com\/fr\/wp-json\/wp\/v2\/media?parent=20764"}],"curies":[{"name":"wp","href":"https:\/\/api.w.org\/{rel}","templated":true}]}}