{"id":20560,"date":"2022-10-26T08:28:07","date_gmt":"2022-10-26T06:28:07","guid":{"rendered":"https:\/\/www.centreon.com\/services\/proservices\/"},"modified":"2023-11-28T14:35:10","modified_gmt":"2023-11-28T13:35:10","slug":"proservices","status":"publish","type":"page","link":"https:\/\/www.centreon.com\/fr\/services\/proservices\/","title":{"rendered":"ProServices"},"content":{"rendered":"<div class=\"relative\">\n  <div class=\"absolute top-0 left-1\/2 w-screen transform -translate-x-1\/2 h-full\">\n    <img decoding=\"async\" src=\"https:\/\/www.centreon.com\/uploads\/2022\/10\/AdobeStock_389987075@2x-3-scaled.jpg\"\n      class=\"absolute inset-0 w-full h-full object-cover object-center\"\n      fetchpriority=\"high\"\n      alt=\"\" \/>\n  <\/div>\n  <div class=\"relative\">\n    \n\n<div class=\"wp-block-columns has-white-color has-transparent-background-color has-text-color has-background is-layout-flex wp-container-core-columns-is-layout-df933261 wp-block-columns-is-layout-flex\" style=\"padding-top:140px;padding-bottom:140px\">\n<div class=\"wp-block-column is-layout-flow wp-block-column-is-layout-flow\" style=\"flex-basis:570px\">\n<h1 class=\"wp-block-heading\">ProServices<\/h1>\n\n\n\n<p class=\"has-2-xl-font-size\">La mission de nos \u00e9quipes est de vous accompagner pour tirer le meilleur parti de votre solution de supervision.<br>Alors travaillons ensemble main dans la main !<\/p>\n<\/div>\n<\/div>\n\n\n  <\/div>\n<\/div>\n\n\n\n<div class=\"wp-block-columns has-white-background-color has-background is-layout-flex wp-container-core-columns-is-layout-4bfa5c6b wp-block-columns-is-layout-flex\" style=\"padding-top:9px;padding-bottom:9px\">\n<div class=\"wp-block-column is-layout-flow wp-block-column-is-layout-flow\" style=\"flex-basis:100%\"><div class=\"yoast-breadcrumbs\"><span><span><a href=\"https:\/\/www.centreon.com\/fr\/\"><span class=\"breadcrumb-home\"><span class=\"hidden\">Home<\/span><\/span><\/a><\/span> <span class=\"breadcrumb-separator\"><\/span> <span><a href=\"https:\/\/www.centreon.com\/fr\/services\/\">Services<\/a><\/span> <span class=\"breadcrumb-separator\"><\/span> <span class=\"breadcrumb_last\" aria-current=\"page\">ProServices<\/span><\/span><\/div><\/div>\n<\/div>\n\n\n<div class=\"relative\">\n  <div class=\"absolute top-0 left-1\/2 w-screen transform -translate-x-1\/2 h-full\">\n    <img decoding=\"async\" src=\"https:\/\/www.centreon.com\/uploads\/2022\/10\/BgMotif.jpg\"\n      class=\"absolute inset-0 w-full h-full object-cover object-center\"\n      fetchpriority=\"high\"\n      alt=\"\" \/>\n  <\/div>\n  <div class=\"relative\">\n    \n\n<div class=\"wp-block-columns is-layout-flex wp-container-core-columns-is-layout-f9816c01 wp-block-columns-is-layout-flex\" style=\"padding-top:60px;padding-bottom:60px\">\n<div class=\"wp-block-column is-layout-flow wp-block-column-is-layout-flow\" style=\"flex-basis:25%\"><\/div>\n\n\n\n<div class=\"wp-block-column is-layout-flow wp-block-column-is-layout-flow\">\n<h2 class=\"wp-block-heading\" style=\"margin-bottom:10px\"><strong>D\u00e9ploiement facilit\u00e9<\/strong><\/h2>\n\n\n\n<p>Nos \u00e9quipes sont \u00e0 vos c\u00f4t\u00e9s pour partager leur expertise ainsi que les bonnes pratiques autour de la supervision. Nos \u00e9quipes Consulting et Professional Services vous garantissent que le d\u00e9ploiement et le lancement de vos solutions se d\u00e9roulent sans accroc. <\/p>\n\n\n\n<p>Notre promesse :<\/p>\n\n\n\n<ul class=\"wp-block-list\">\n<li>\u00c9couter et comprendre vos enjeux pour vous proposer la solution la plus adapt\u00e9e<\/li>\n\n\n\n<li>Assurer un d\u00e9ploiement r\u00e9ussi par l\u2019accompagnement de notre \u00e9quipe Consulting et \u00e0 notre m\u00e9thodologie \u00e9prouv\u00e9e de gestion de projet<\/li>\n\n\n\n<li>Vous guider vers le succ\u00e8s en optimisant la fa\u00e7on dont vous supervisez votre infrastructure.<\/li>\n<\/ul>\n<\/div>\n<\/div>\n\n\n  <\/div>\n<\/div>\n\n\n\n<div class=\"wp-block-columns has-white-background-color has-background is-layout-flex wp-container-core-columns-is-layout-11298c6d wp-block-columns-is-layout-flex\" style=\"padding-bottom:20px\">\n<div class=\"wp-block-column is-layout-flow wp-block-column-is-layout-flow\" style=\"flex-basis:712px\">\n<h2 class=\"wp-block-heading\"><strong>5 bonnes raisons de faire appel aux Professional Services Centreon<\/strong><\/h2>\n<\/div>\n<\/div>\n\n\n\n<div class=\"wp-block-columns is-layout-flex wp-container-core-columns-is-layout-e6f27d69 wp-block-columns-is-layout-flex\" style=\"padding-bottom:var(--wp--preset--spacing--30)\">\n<div class=\"wp-block-column has-white-color has-dark-background-color has-text-color has-background is-layout-flow wp-block-column-is-layout-flow\">\n<div class=\"wp-block-columns is-not-stacked-on-mobile is-layout-flex wp-container-core-columns-is-layout-28f84493 wp-block-columns-is-layout-flex\">\n<div class=\"wp-block-column is-layout-flow wp-block-column-is-layout-flow\" style=\"flex-basis:30px\">\n<figure class=\"wp-block-image size-full\"><img fetchpriority=\"low\" loading=\"lazy\" decoding=\"async\" width=\"70\" height=\"70\" src=\"https:\/\/www.centreon.com\/uploads\/2022\/11\/Control@2x.png\" alt=\"\" class=\"wp-image-20471\"\/><\/figure>\n<\/div>\n\n\n\n<div class=\"wp-block-column is-layout-flow wp-block-column-is-layout-flow\">\n<h3 class=\"wp-block-heading\"><strong>Une maitrise totale de votre projet<\/strong><\/h3>\n<\/div>\n<\/div>\n\n\n\n<p>Notre ma\u00eetrise de l&rsquo;ensemble de la cha\u00eene de valeur du projet garantit la r\u00e9ussite du lancement de votre solution de supervision : d\u00e9ploiement, installation, configuration, int\u00e9gration technique, suivi.<\/p>\n<\/div>\n\n\n\n<div class=\"wp-block-column has-white-color has-dark-background-color has-text-color has-background is-layout-flow wp-block-column-is-layout-flow\">\n<div class=\"wp-block-columns is-not-stacked-on-mobile is-layout-flex wp-container-core-columns-is-layout-28f84493 wp-block-columns-is-layout-flex\">\n<div class=\"wp-block-column is-layout-flow wp-block-column-is-layout-flow\" style=\"flex-basis:30px\">\n<figure class=\"wp-block-image size-full\"><img fetchpriority=\"low\" loading=\"lazy\" decoding=\"async\" width=\"70\" height=\"70\" src=\"https:\/\/www.centreon.com\/uploads\/2022\/10\/Maintenance@2x.png\" alt=\"\" class=\"wp-image-610\"\/><\/figure>\n<\/div>\n\n\n\n<div class=\"wp-block-column is-layout-flow wp-block-column-is-layout-flow\">\n<h3 class=\"wp-block-heading\"><strong><strong>La comp\u00e9tence au service de votre entreprise et de vos \u00e9quipes techniques<\/strong><\/strong><\/h3>\n<\/div>\n<\/div>\n\n\n\n<p>Exp\u00e9riment\u00e9es et en constant apprentissage, nos \u00e9quipes mettent leur expertise, leurs connaissances et leurs comp\u00e9tences au service de votre entreprise pour une phase projet sans couture.<\/p>\n<\/div>\n\n\n\n<div class=\"wp-block-column has-white-color has-dark-background-color has-text-color has-background is-layout-flow wp-block-column-is-layout-flow\">\n<div class=\"wp-block-columns is-not-stacked-on-mobile is-layout-flex wp-container-core-columns-is-layout-28f84493 wp-block-columns-is-layout-flex\">\n<div class=\"wp-block-column is-layout-flow wp-block-column-is-layout-flow\" style=\"flex-basis:30px\">\n<figure class=\"wp-block-image size-full\"><img fetchpriority=\"low\" loading=\"lazy\" decoding=\"async\" width=\"61\" height=\"61\" src=\"https:\/\/www.centreon.com\/uploads\/2022\/10\/Fonctions@2x.png\" alt=\"\" class=\"wp-image-609\"\/><\/figure>\n<\/div>\n\n\n\n<div class=\"wp-block-column is-layout-flow wp-block-column-is-layout-flow\">\n<h3 class=\"wp-block-heading\"><strong>Le conseil : faire correspondre votre m\u00e9tier \u00e0 nos solutions<\/strong><\/h3>\n<\/div>\n<\/div>\n\n\n\n<p>Notre \u00e9quipe de consultants vous conseille tout au long de la phase projet pour trouver la meilleure ad\u00e9quation entre vos besoins, votre entreprise et nos solutions techniques. Vous \u00eates assur\u00e9 d&rsquo;avoir la solution technique qui r\u00e9pond \u00e0 vos attentes. <\/p>\n<\/div>\n<\/div>\n\n\n\n<div class=\"wp-block-columns is-layout-flex wp-container-core-columns-is-layout-8679e18a wp-block-columns-is-layout-flex\" style=\"padding-bottom:140px\">\n<div class=\"wp-block-column has-white-color has-dark-background-color has-text-color has-background is-layout-flow wp-block-column-is-layout-flow\">\n<div class=\"wp-block-columns is-not-stacked-on-mobile is-layout-flex wp-container-core-columns-is-layout-28f84493 wp-block-columns-is-layout-flex\">\n<div class=\"wp-block-column is-layout-flow wp-block-column-is-layout-flow\" style=\"flex-basis:30px\">\n<figure class=\"wp-block-image size-full\"><img fetchpriority=\"low\" loading=\"lazy\" decoding=\"async\" width=\"70\" height=\"70\" src=\"https:\/\/www.centreon.com\/uploads\/2022\/10\/Performance@2x.png\" alt=\"\" class=\"wp-image-2941\"\/><\/figure>\n<\/div>\n\n\n\n<div class=\"wp-block-column is-layout-flow wp-block-column-is-layout-flow\">\n<h3 class=\"wp-block-heading\"><strong><strong>Vous aurez plaisir \u00e0 travailler avec nous !<\/strong><\/strong><\/h3>\n<\/div>\n<\/div>\n\n\n\n<p>Nous sommes une \u00e9quipe sympathique et enjou\u00e9e. Nous aimons travailler dans une atmosph\u00e8re agr\u00e9able avec nos clients tout en restant professionnels et efficaces. Venez nous rencontrer, vous allez adorer travailler avec nous !  <\/p>\n<\/div>\n\n\n\n<div class=\"wp-block-column has-white-color has-dark-background-color has-text-color has-background is-layout-flow wp-block-column-is-layout-flow\">\n<div class=\"wp-block-columns is-not-stacked-on-mobile is-layout-flex wp-container-core-columns-is-layout-28f84493 wp-block-columns-is-layout-flex\">\n<div class=\"wp-block-column is-layout-flow wp-block-column-is-layout-flow\" style=\"flex-basis:30px\">\n<figure class=\"wp-block-image size-full\"><img fetchpriority=\"low\" loading=\"lazy\" decoding=\"async\" width=\"67\" height=\"66\" src=\"https:\/\/www.centreon.com\/uploads\/2022\/10\/Community@2x.png\" alt=\"\" class=\"wp-image-494\"\/><\/figure>\n<\/div>\n\n\n\n<div class=\"wp-block-column is-layout-flow wp-block-column-is-layout-flow\">\n<h3 class=\"wp-block-heading\"><strong><strong><strong>L&rsquo;expertise de l&rsquo;\u00e9diteur, soutenue par un solide r\u00e9seau de partenaires<\/strong><\/strong><\/strong><\/h3>\n<\/div>\n<\/div>\n\n\n\n<p>Par l\u2019interm\u00e9diaire de nos collaborateurs et de notre r\u00e9seau de partenaires, nous sommes en mesure de proposer une large gamme de services pour vous accompagner. Si vous souhaitez nous confier tout ou partie de votre d\u00e9ploiement, mettre en place une nouvelle int\u00e9gration, auditer votre plateforme, etc., nous vous accompagnerons. <\/p>\n<\/div>\n\n\n\n<div class=\"wp-block-column has-white-color has-dark-background-color has-text-color has-background is-layout-flow wp-block-column-is-layout-flow\">\n<div class=\"wp-block-columns is-layout-flex wp-container-core-columns-is-layout-28f84493 wp-block-columns-is-layout-flex\">\n<div class=\"wp-block-column is-layout-flow wp-block-column-is-layout-flow\" style=\"padding-top:var(--wp--preset--spacing--80);padding-right:0;padding-bottom:var(--wp--preset--spacing--80);padding-left:0\">\n<h3 class=\"wp-block-heading has-text-align-center\"><strong>Vous avez un projet ? <\/strong><\/h3>\n\n\n\n<div style=\"margin-top:0;margin-bottom:0;height:\" aria-hidden=\"true\" class=\"wp-block-spacer\"><\/div>\n\n\n\n<div class=\"wp-block-buttons is-layout-flex wp-block-buttons-is-layout-flex\">\n<div class=\"wp-block-button aligncenter\"><a class=\"wp-block-button__link wp-element-button\" href=\"https:\/\/www.centreon.com\/fr\/contact\/\">Contactez-nous<\/a><\/div>\n<\/div>\n<\/div>\n<\/div>\n<\/div>\n<\/div>\n\n\n\n<div class=\"wp-block-group is-layout-flow wp-block-group-is-layout-flow\">\n<div class=\"wp-block-columns are-vertically-aligned-center has-white-color has-dark-background-color has-text-color has-background is-layout-flex wp-container-core-columns-is-layout-0e0088bb wp-block-columns-is-layout-flex\" style=\"padding-top:30px;padding-bottom:30px\">\n<div class=\"wp-block-column is-vertically-aligned-center is-layout-flow wp-block-column-is-layout-flow\">\n<p class=\"has-2-xl-font-size\">D\u00e9couvrez comment Centreon va transformer votre business<\/p>\n<\/div>\n\n\n\n<div class=\"wp-block-column is-vertically-aligned-center shrink-0 is-layout-flow wp-block-column-is-layout-flow\" style=\"flex-basis:210px\">\n<div class=\"wp-block-buttons is-content-justification-right is-layout-flex wp-container-core-buttons-is-layout-d445cf74 wp-block-buttons-is-layout-flex\">\n<div class=\"wp-block-button\"><a class=\"wp-block-button__link has-dark-background-color has-background wp-element-button\" href=\"https:\/\/www.centreon.com\/fr\/contact\/\">Contactez-nous<\/a><\/div>\n<\/div>\n<\/div>\n\n\n\n<div class=\"wp-block-column shrink-0 is-layout-flow wp-block-column-is-layout-flow\" style=\"flex-basis:210px\"><div class=\"footer-cta-wrapper has_submenu w-auto ml-4 shrink-0 wp-block-button__link has-background relative group !inline-block\">\n  Essai gratuit\n      <div class=\"footer-cta-submenu absolute z-10 bottom-[calc(100%-1rem)] right-0 py-8 w-64\n                opacity-0 pointer-events-none\n                transition-all\n                -translate-y-8 lg:translate-y-8\n                delay-75\n                group-hover:delay-0\n                group-hover:pointer-events-auto\n                group-hover:translate-y-0 group-hover:opacity-100\">\n      <div class=\"shadow bg-white rounded-xl p-8 flex flex-col gap-4\">\n                             <a class=\"!text-dark !no-underline hover:!underline text-left text-base\" href=\"https:\/\/www.centreon.com\/fr\/essai-gratuit-centreon-dem\/\" target=\"_self\">\n            Centreon Experience Monitoring\n          <\/a>\n                             <a class=\"!text-dark !no-underline hover:!underline text-left text-base\" href=\"https:\/\/www.centreon.com\/fr\/essai-gratuit\/\" target=\"_self\">\n            Centreon Infra Monitoring\n          <\/a>\n              <\/div>\n    <\/div>\n  <\/div>\n<\/div>\n<\/div>\n\n\n\n<div class=\"wp-block-columns are-vertically-aligned-center has-white-color has-primary-background-color has-text-color has-background is-layout-flex wp-container-core-columns-is-layout-0e0088bb wp-block-columns-is-layout-flex\" style=\"padding-top:30px;padding-bottom:30px\">\n<div class=\"wp-block-column is-vertically-aligned-center is-layout-flow wp-block-column-is-layout-flow\">\n<p class=\"has-2-xl-font-size\">Restez inform\u00e9s sur notre actualit\u00e9<\/p>\n<\/div>\n\n\n\n<div class=\"wp-block-column is-vertically-aligned-center is-layout-flow wp-block-column-is-layout-flow\"><div class=\"newsletter-form w-full\">\n  <form class=\"w-full\">\n    <div class=\"w-full flex items-center bg-white\/20 text-white rounded-10 px-4 text-lg\">\n      <input type=\"email\" name=\"email\" placeholder=\"Enter your email address\"\n             class=\"w-full text-light h-8 pl-0 appearance-none bg-transparent rounded-none placeholder-white autofill:bg-transparent focus:outline-none\" required>\n      <button type=\"submit\" class=\"cursor-pointer appearance-none pl-4 py-3 shrink-0\" aria-label=\"Search\">\n        Subscribe      <\/button>\n    <\/div>\n  <\/form>\n  <div class=\"alert-success bg-white bg-opacity-20 text-white px-4 py-3 rounded-10\" style=\"display:none\">\n    Thank you for your subscription.  <\/div>\n<\/div>\n<\/div>\n<\/div>\n<\/div>\n","protected":false},"excerpt":{"rendered":"<p>5 bonnes raisons de faire appel aux Professional Services Centreon Une maitrise totale de votre projet Notre ma\u00eetrise de l&rsquo;ensemble de la cha\u00eene de valeur du projet garantit la r\u00e9ussite du lancement de votre solution&nbsp;&#8230;<\/p>\n","protected":false},"author":2,"featured_media":0,"parent":20555,"menu_order":1,"comment_status":"closed","ping_status":"closed","template":"","meta":{"_acf_changed":false,"footnotes":""},"class_list":["post-20560","page","type-page","status-publish","hentry"],"acf":[],"yoast_head":"<!-- This site is optimized with the Yoast SEO plugin v26.6 - https:\/\/yoast.com\/wordpress\/plugins\/seo\/ -->\n<title>Services professionnels Centreon | Supervision informatique<\/title>\n<meta name=\"description\" content=\"D\u00e9couvrez nos services professionnels de supervision IT et comment nous pouvons vous aider \u00e0 mettre en place une strat\u00e9gie de supervision efficace.\" \/>\n<meta name=\"robots\" content=\"index, follow, max-snippet:-1, max-image-preview:large, max-video-preview:-1\" \/>\n<link rel=\"canonical\" href=\"https:\/\/www.centreon.com\/fr\/services\/proservices\/\" \/>\n<meta property=\"og:locale\" content=\"fr_FR\" \/>\n<meta property=\"og:type\" content=\"article\" \/>\n<meta property=\"og:title\" content=\"Services professionnels Centreon | Supervision informatique\" \/>\n<meta property=\"og:description\" content=\"D\u00e9couvrez nos services professionnels de supervision IT et comment nous pouvons vous aider \u00e0 mettre en place une strat\u00e9gie de supervision efficace.\" \/>\n<meta property=\"og:url\" content=\"https:\/\/www.centreon.com\/fr\/services\/proservices\/\" \/>\n<meta property=\"og:site_name\" content=\"Centreon\" \/>\n<meta property=\"article:publisher\" content=\"https:\/\/www.facebook.com\/CentreonMonitoring\/\" \/>\n<meta property=\"article:modified_time\" content=\"2023-11-28T13:35:10+00:00\" \/>\n<meta property=\"og:image\" content=\"https:\/\/www.centreon.com\/wp-content\/uploads\/2022\/11\/Control@2x.png\" \/>\n<meta name=\"twitter:card\" content=\"summary_large_image\" \/>\n<meta name=\"twitter:site\" content=\"@CentreonFR\" \/>\n<meta name=\"twitter:label1\" content=\"Dur\u00e9e de lecture estim\u00e9e\" \/>\n\t<meta name=\"twitter:data1\" content=\"3 minutes\" \/>\n<script type=\"application\/ld+json\" class=\"yoast-schema-graph\">{\"@context\":\"https:\/\/schema.org\",\"@graph\":[{\"@type\":\"WebPage\",\"@id\":\"https:\/\/www.centreon.com\/fr\/services\/proservices\/\",\"url\":\"https:\/\/www.centreon.com\/fr\/services\/proservices\/\",\"name\":\"Services professionnels Centreon | Supervision informatique\",\"isPartOf\":{\"@id\":\"https:\/\/www.centreon.com\/fr\/#website\"},\"primaryImageOfPage\":{\"@id\":\"https:\/\/www.centreon.com\/fr\/services\/proservices\/#primaryimage\"},\"image\":{\"@id\":\"https:\/\/www.centreon.com\/fr\/services\/proservices\/#primaryimage\"},\"thumbnailUrl\":\"https:\/\/www.centreon.com\/uploads\/2022\/11\/Control@2x.png\",\"datePublished\":\"2022-10-26T06:28:07+00:00\",\"dateModified\":\"2023-11-28T13:35:10+00:00\",\"description\":\"D\u00e9couvrez nos services professionnels de supervision IT et comment nous pouvons vous aider \u00e0 mettre en place une strat\u00e9gie de supervision efficace.\",\"breadcrumb\":{\"@id\":\"https:\/\/www.centreon.com\/fr\/services\/proservices\/#breadcrumb\"},\"inLanguage\":\"fr-FR\",\"potentialAction\":[{\"@type\":\"ReadAction\",\"target\":[\"https:\/\/www.centreon.com\/fr\/services\/proservices\/\"]}]},{\"@type\":\"ImageObject\",\"inLanguage\":\"fr-FR\",\"@id\":\"https:\/\/www.centreon.com\/fr\/services\/proservices\/#primaryimage\",\"url\":\"https:\/\/www.centreon.com\/uploads\/2022\/11\/Control@2x.png\",\"contentUrl\":\"https:\/\/www.centreon.com\/uploads\/2022\/11\/Control@2x.png\"},{\"@type\":\"BreadcrumbList\",\"@id\":\"https:\/\/www.centreon.com\/fr\/services\/proservices\/#breadcrumb\",\"itemListElement\":[{\"@type\":\"ListItem\",\"position\":1,\"name\":\"Home\",\"item\":\"https:\/\/www.centreon.com\/fr\/\"},{\"@type\":\"ListItem\",\"position\":2,\"name\":\"Services\",\"item\":\"https:\/\/www.centreon.com\/fr\/services\/\"},{\"@type\":\"ListItem\",\"position\":3,\"name\":\"ProServices\"}]},{\"@type\":\"WebSite\",\"@id\":\"https:\/\/www.centreon.com\/fr\/#website\",\"url\":\"https:\/\/www.centreon.com\/fr\/\",\"name\":\"Centreon\",\"description\":\"Just another WordPress site\",\"publisher\":{\"@id\":\"https:\/\/www.centreon.com\/fr\/#organization\"},\"potentialAction\":[{\"@type\":\"SearchAction\",\"target\":{\"@type\":\"EntryPoint\",\"urlTemplate\":\"https:\/\/www.centreon.com\/fr\/?s={search_term_string}\"},\"query-input\":{\"@type\":\"PropertyValueSpecification\",\"valueRequired\":true,\"valueName\":\"search_term_string\"}}],\"inLanguage\":\"fr-FR\"},{\"@type\":\"Organization\",\"@id\":\"https:\/\/www.centreon.com\/fr\/#organization\",\"name\":\"Centreon\",\"url\":\"https:\/\/www.centreon.com\/fr\/\",\"logo\":{\"@type\":\"ImageObject\",\"inLanguage\":\"fr-FR\",\"@id\":\"https:\/\/www.centreon.com\/fr\/#\/schema\/logo\/image\/\",\"url\":\"https:\/\/www.centreon.com\/wp-content\/uploads\/2023\/07\/Logo_Centreon_Email_Signature_light_02.png\",\"contentUrl\":\"https:\/\/www.centreon.com\/wp-content\/uploads\/2023\/07\/Logo_Centreon_Email_Signature_light_02.png\",\"width\":180,\"height\":42,\"caption\":\"Centreon\"},\"image\":{\"@id\":\"https:\/\/www.centreon.com\/fr\/#\/schema\/logo\/image\/\"},\"sameAs\":[\"https:\/\/www.facebook.com\/CentreonMonitoring\/\",\"https:\/\/x.com\/CentreonFR\",\"https:\/\/www.linkedin.com\/company\/centreonsoftware\/\",\"https:\/\/www.youtube.com\/channel\/UCIKJKvZ8acLmEg2fCdDzsvA\",\"https:\/\/fr.wikipedia.org\/wiki\/Centreon\"]}]}<\/script>\n<!-- \/ Yoast SEO plugin. -->","yoast_head_json":{"title":"Services professionnels Centreon | Supervision informatique","description":"D\u00e9couvrez nos services professionnels de supervision IT et comment nous pouvons vous aider \u00e0 mettre en place une strat\u00e9gie de supervision efficace.","robots":{"index":"index","follow":"follow","max-snippet":"max-snippet:-1","max-image-preview":"max-image-preview:large","max-video-preview":"max-video-preview:-1"},"canonical":"https:\/\/www.centreon.com\/fr\/services\/proservices\/","og_locale":"fr_FR","og_type":"article","og_title":"Services professionnels Centreon | Supervision informatique","og_description":"D\u00e9couvrez nos services professionnels de supervision IT et comment nous pouvons vous aider \u00e0 mettre en place une strat\u00e9gie de supervision efficace.","og_url":"https:\/\/www.centreon.com\/fr\/services\/proservices\/","og_site_name":"Centreon","article_publisher":"https:\/\/www.facebook.com\/CentreonMonitoring\/","article_modified_time":"2023-11-28T13:35:10+00:00","og_image":[{"url":"https:\/\/www.centreon.com\/wp-content\/uploads\/2022\/11\/Control@2x.png","type":"","width":"","height":""}],"twitter_card":"summary_large_image","twitter_site":"@CentreonFR","twitter_misc":{"Dur\u00e9e de lecture estim\u00e9e":"3 minutes"},"schema":{"@context":"https:\/\/schema.org","@graph":[{"@type":"WebPage","@id":"https:\/\/www.centreon.com\/fr\/services\/proservices\/","url":"https:\/\/www.centreon.com\/fr\/services\/proservices\/","name":"Services professionnels Centreon | Supervision informatique","isPartOf":{"@id":"https:\/\/www.centreon.com\/fr\/#website"},"primaryImageOfPage":{"@id":"https:\/\/www.centreon.com\/fr\/services\/proservices\/#primaryimage"},"image":{"@id":"https:\/\/www.centreon.com\/fr\/services\/proservices\/#primaryimage"},"thumbnailUrl":"https:\/\/www.centreon.com\/uploads\/2022\/11\/Control@2x.png","datePublished":"2022-10-26T06:28:07+00:00","dateModified":"2023-11-28T13:35:10+00:00","description":"D\u00e9couvrez nos services professionnels de supervision IT et comment nous pouvons vous aider \u00e0 mettre en place une strat\u00e9gie de supervision efficace.","breadcrumb":{"@id":"https:\/\/www.centreon.com\/fr\/services\/proservices\/#breadcrumb"},"inLanguage":"fr-FR","potentialAction":[{"@type":"ReadAction","target":["https:\/\/www.centreon.com\/fr\/services\/proservices\/"]}]},{"@type":"ImageObject","inLanguage":"fr-FR","@id":"https:\/\/www.centreon.com\/fr\/services\/proservices\/#primaryimage","url":"https:\/\/www.centreon.com\/uploads\/2022\/11\/Control@2x.png","contentUrl":"https:\/\/www.centreon.com\/uploads\/2022\/11\/Control@2x.png"},{"@type":"BreadcrumbList","@id":"https:\/\/www.centreon.com\/fr\/services\/proservices\/#breadcrumb","itemListElement":[{"@type":"ListItem","position":1,"name":"Home","item":"https:\/\/www.centreon.com\/fr\/"},{"@type":"ListItem","position":2,"name":"Services","item":"https:\/\/www.centreon.com\/fr\/services\/"},{"@type":"ListItem","position":3,"name":"ProServices"}]},{"@type":"WebSite","@id":"https:\/\/www.centreon.com\/fr\/#website","url":"https:\/\/www.centreon.com\/fr\/","name":"Centreon","description":"Just another WordPress site","publisher":{"@id":"https:\/\/www.centreon.com\/fr\/#organization"},"potentialAction":[{"@type":"SearchAction","target":{"@type":"EntryPoint","urlTemplate":"https:\/\/www.centreon.com\/fr\/?s={search_term_string}"},"query-input":{"@type":"PropertyValueSpecification","valueRequired":true,"valueName":"search_term_string"}}],"inLanguage":"fr-FR"},{"@type":"Organization","@id":"https:\/\/www.centreon.com\/fr\/#organization","name":"Centreon","url":"https:\/\/www.centreon.com\/fr\/","logo":{"@type":"ImageObject","inLanguage":"fr-FR","@id":"https:\/\/www.centreon.com\/fr\/#\/schema\/logo\/image\/","url":"https:\/\/www.centreon.com\/wp-content\/uploads\/2023\/07\/Logo_Centreon_Email_Signature_light_02.png","contentUrl":"https:\/\/www.centreon.com\/wp-content\/uploads\/2023\/07\/Logo_Centreon_Email_Signature_light_02.png","width":180,"height":42,"caption":"Centreon"},"image":{"@id":"https:\/\/www.centreon.com\/fr\/#\/schema\/logo\/image\/"},"sameAs":["https:\/\/www.facebook.com\/CentreonMonitoring\/","https:\/\/x.com\/CentreonFR","https:\/\/www.linkedin.com\/company\/centreonsoftware\/","https:\/\/www.youtube.com\/channel\/UCIKJKvZ8acLmEg2fCdDzsvA","https:\/\/fr.wikipedia.org\/wiki\/Centreon"]}]}},"_links":{"self":[{"href":"https:\/\/www.centreon.com\/fr\/wp-json\/wp\/v2\/pages\/20560","targetHints":{"allow":["GET"]}}],"collection":[{"href":"https:\/\/www.centreon.com\/fr\/wp-json\/wp\/v2\/pages"}],"about":[{"href":"https:\/\/www.centreon.com\/fr\/wp-json\/wp\/v2\/types\/page"}],"author":[{"embeddable":true,"href":"https:\/\/www.centreon.com\/fr\/wp-json\/wp\/v2\/users\/2"}],"replies":[{"embeddable":true,"href":"https:\/\/www.centreon.com\/fr\/wp-json\/wp\/v2\/comments?post=20560"}],"version-history":[{"count":4,"href":"https:\/\/www.centreon.com\/fr\/wp-json\/wp\/v2\/pages\/20560\/revisions"}],"predecessor-version":[{"id":33724,"href":"https:\/\/www.centreon.com\/fr\/wp-json\/wp\/v2\/pages\/20560\/revisions\/33724"}],"up":[{"embeddable":true,"href":"https:\/\/www.centreon.com\/fr\/wp-json\/wp\/v2\/pages\/20555"}],"wp:attachment":[{"href":"https:\/\/www.centreon.com\/fr\/wp-json\/wp\/v2\/media?parent=20560"}],"curies":[{"name":"wp","href":"https:\/\/api.w.org\/{rel}","templated":true}]}}