{"id":20549,"date":"2022-10-24T11:34:45","date_gmt":"2022-10-24T09:34:45","guid":{"rendered":"https:\/\/www.centreon.com\/partenaires\/"},"modified":"2025-11-07T11:42:07","modified_gmt":"2025-11-07T10:42:07","slug":"partenaires","status":"publish","type":"page","link":"https:\/\/www.centreon.com\/fr\/partenaires\/","title":{"rendered":"Partenaires"},"content":{"rendered":"\n<div class=\"wp-block-columns are-vertically-aligned-center has-gradient-10-gradient-background has-background is-layout-flex wp-container-core-columns-is-layout-a7e814ea wp-block-columns-is-layout-flex\" style=\"padding-top:100px;padding-bottom:80px\">\n<div class=\"wp-block-column is-vertically-aligned-center is-layout-flow wp-block-column-is-layout-flow\">\n<h1 class=\"wp-block-heading\">Partenaires Centreon<\/h1>\n\n\n\n<p class=\"has-2-xl-font-size\">Avec nos partenaires, nous \u0153uvrons \u00e0 votre r\u00e9ussite<\/p>\n<\/div>\n\n\n\n<div class=\"wp-block-column is-vertically-aligned-center is-layout-flow wp-block-column-is-layout-flow\" style=\"flex-basis:280px\"><div class=\"rounded-20 p-6 flex flex-col relative clickable-card font-semibold h-full justify-between min-h-[160px]\n              text-center\">\n    <a href=\"mailto:dealregistration@centreon.com%20\"\n       target=\"_blank\"\n       class=\"absolute inset-0\"><\/a>\n\n    Enregistrez vos nouveaux prospects ici\n\n    <a href=\"mailto:dealregistration@centreon.com%20\"\n      target=\"_blank\"\n      class=\"wp-block-button__link square-btn w-12 h-12 !px-0 !py-0 mt-8\n             standard-btn\n             self-center\">\n    <\/a>\n  <\/div>\n\n\n\n\n<div style=\"height:20px\" aria-hidden=\"true\" class=\"wp-block-spacer\"><\/div>\n\n\n<\/div>\n<\/div>\n\n\n\n<div class=\"wp-block-columns has-white-color has-dark-background-color has-text-color has-background is-layout-flex wp-container-core-columns-is-layout-4bfa5c6b wp-block-columns-is-layout-flex\" style=\"padding-top:9px;padding-bottom:9px\">\n<div class=\"wp-block-column is-layout-flow wp-block-column-is-layout-flow\" style=\"flex-basis:100%\"><div class=\"yoast-breadcrumbs\"><span><span><a href=\"https:\/\/www.centreon.com\/fr\/\"><span class=\"breadcrumb-home\"><span class=\"hidden\">Home<\/span><\/span><\/a><\/span> <span class=\"breadcrumb-separator\"><\/span> <span class=\"breadcrumb_last\" aria-current=\"page\">Partenaires<\/span><\/span><\/div><\/div>\n<\/div>\n\n\n\n<div class=\"wp-block-columns is-layout-flex wp-container-core-columns-is-layout-8d18b20c wp-block-columns-is-layout-flex\" style=\"padding-top:40px;padding-bottom:20px\">\n<div class=\"wp-block-column is-layout-flow wp-block-column-is-layout-flow\" style=\"flex-basis:900px\">\n<div class=\"wp-block-columns are-vertically-aligned-center is-layout-flex wp-container-core-columns-is-layout-28f84493 wp-block-columns-is-layout-flex\">\n<div class=\"wp-block-column is-vertically-aligned-center is-layout-flow wp-block-column-is-layout-flow\">\n<div class=\"wp-block-buttons is-layout-flex wp-block-buttons-is-layout-flex\">\n<div class=\"wp-block-button\"><a class=\"wp-block-button__link has-white-background-color has-background wp-element-button\" href=\"https:\/\/www.centreon.com\/fr\/partenaires\/programme-partenaires-on\/\">Devenir partenaire<\/a><\/div>\n<\/div>\n<\/div>\n\n\n\n<div class=\"wp-block-column is-vertically-aligned-center is-layout-flow wp-block-column-is-layout-flow\">\n<div class=\"wp-block-buttons is-layout-flex wp-block-buttons-is-layout-flex\">\n<div class=\"wp-block-button\"><a class=\"wp-block-button__link has-white-background-color has-background wp-element-button\" href=\"https:\/\/www.centreon.com\/fr\/partenaires\/programme-partenaires-msp\/\">Devenir partenaire MSP<\/a><\/div>\n<\/div>\n<\/div>\n<\/div>\n<\/div>\n<\/div>\n\n\n\n<div class=\"wp-block-columns are-vertically-aligned-center has-white-background-color has-background is-layout-flex wp-container-core-columns-is-layout-28f84493 wp-block-columns-is-layout-flex\">\n<div class=\"wp-block-column is-vertically-aligned-center is-layout-flow wp-block-column-is-layout-flow\">\n<h2 class=\"wp-block-heading\">Quelques cas partenaires pour illustrer les r\u00e9sultats<\/h2>\n\n\n<div class=\"grid grid-cols-1 md:grid-cols-3 gap-4\">\n            <div class=\"my-4 relative pt-5\">\n                                                <a href=\"https:\/\/www.centreon.com\/fr\/post-type\/paroles-dutilisateurs\/\" class=\"bg-primary px-5 py-2.5 rounded-5 uppercase text-sm tracking-widest !text-white !font-normal !no-underline inline-block top-0 absolute z-1\">\n      Paroles d&rsquo;utilisateurs\n    <\/a>\n    <div class=\"flex flex-col rounded-20 overflow-hidden h-full bg-white\">\n    <div class=\"relative\n                after:absolute\n                after:content-['']\n                after:w-full after:h-0.5 after:bottom-0 after:left-0\n                after:bg-gradient-to-r after:from-primary after:via-purple after:to-green\">\n\n      <img class=\"aspect-video object-cover object-center w-full\"\n          src=\"https:\/\/www.centreon.com\/uploads\/2022\/10\/Illustration_CS_MEANQUEST-Centreon.jpg\"\n          loading=\"lazy\" fetchpriority=\"low\" decoding=\"async\"\/>\n    <\/div>\n\n    <div class=\"px-6 pt-7 pb-8 grow flex flex-col items-start justify-between font-semibold\n                bg-dark text-white\">\n      <a href=\"https:\/\/www.centreon.com\/fr\/meanquest-sappuie-sur-centreon-pour-offrir-a-ses-clients-le-meilleur-de-la-supervision\/\" target=\"_self\" class=\"!mb-12 !no-underline hover:!underline\" style=\"color: inherit !important\">\n                MEANQUEST s\u2019appuie sur Centreon pour offrir \u00e0 ses clients le meilleur de la supervision\n        <\/a>\n              <a href=\"https:\/\/www.centreon.com\/fr\/meanquest-sappuie-sur-centreon-pour-offrir-a-ses-clients-le-meilleur-de-la-supervision\/\" target=\"_self\" class=\"wp-block-button__link has-background has-dark-background-color\">\n          Learn more\n        <\/a>\n          <\/div>\n  <\/div>\n<\/div>\n          <div class=\"my-4 relative pt-5\">\n                                                <a href=\"https:\/\/www.centreon.com\/fr\/post-type\/paroles-dutilisateurs\/\" class=\"bg-primary px-5 py-2.5 rounded-5 uppercase text-sm tracking-widest !text-white !font-normal !no-underline inline-block top-0 absolute z-1\">\n      Paroles d&rsquo;utilisateurs\n    <\/a>\n    <div class=\"flex flex-col rounded-20 overflow-hidden h-full bg-white\">\n    <div class=\"relative\n                after:absolute\n                after:content-['']\n                after:w-full after:h-0.5 after:bottom-0 after:left-0\n                after:bg-gradient-to-r after:from-primary after:via-purple after:to-green\">\n\n      <img class=\"aspect-video object-cover object-center w-full\"\n          src=\"https:\/\/www.centreon.com\/uploads\/2022\/10\/ITS_Solucoes_Brazil_relies_on_Centreon-1024x588.jpg\"\n          loading=\"lazy\" fetchpriority=\"low\" decoding=\"async\"\/>\n    <\/div>\n\n    <div class=\"px-6 pt-7 pb-8 grow flex flex-col items-start justify-between font-semibold\n                bg-dark text-white\">\n      <a href=\"https:\/\/www.centreon.com\/fr\/it-solucoes-sappuie-sur-centreon-pour-accelerer-la-transformation-numerique-des-entreprises-bresiliennes\/\" target=\"_self\" class=\"!mb-12 !no-underline hover:!underline\" style=\"color: inherit !important\">\n                IT Solu\u00e7\u00f5es s\u2019appuie sur Centreon pour acc\u00e9l\u00e9rer la transformation num\u00e9rique des entreprises br\u00e9siliennes\n        <\/a>\n              <a href=\"https:\/\/www.centreon.com\/fr\/it-solucoes-sappuie-sur-centreon-pour-accelerer-la-transformation-numerique-des-entreprises-bresiliennes\/\" target=\"_self\" class=\"wp-block-button__link has-background has-dark-background-color\">\n          Learn more\n        <\/a>\n          <\/div>\n  <\/div>\n<\/div>\n          <div class=\"my-4 relative pt-5\">\n                                                <a href=\"https:\/\/www.centreon.com\/fr\/post-type\/paroles-dutilisateurs\/\" class=\"bg-primary px-5 py-2.5 rounded-5 uppercase text-sm tracking-widest !text-white !font-normal !no-underline inline-block top-0 absolute z-1\">\n      Paroles d&rsquo;utilisateurs\n    <\/a>\n    <div class=\"flex flex-col rounded-20 overflow-hidden h-full bg-white\">\n    <div class=\"relative\n                after:absolute\n                after:content-['']\n                after:w-full after:h-0.5 after:bottom-0 after:left-0\n                after:bg-gradient-to-r after:from-primary after:via-purple after:to-green\">\n\n      <img class=\"aspect-video object-cover object-center w-full\"\n          src=\"https:\/\/www.centreon.com\/uploads\/2022\/11\/Customer_Story_Centreon_Rest_Solution_MSP_Asia-1024x639.jpg\"\n          loading=\"lazy\" fetchpriority=\"low\" decoding=\"async\"\/>\n    <\/div>\n\n    <div class=\"px-6 pt-7 pb-8 grow flex flex-col items-start justify-between font-semibold\n                bg-dark text-white\">\n      <a href=\"https:\/\/www.centreon.com\/fr\/rest-solution-sappuie-sur-la-puissance-de-centreon-pour-garantir-a-ses-clients-la-disponibilite-de-leurs-infrastructures-24-7-partout-dans-le-monde\/\" target=\"_self\" class=\"!mb-12 !no-underline hover:!underline\" style=\"color: inherit !important\">\n                REST Solution s\u2019appuie sur la puissance de Centreon pour garantir \u00e0 ses clients la disponibilit\u00e9 de leurs infrastructures, 24\/7, partout dans le monde\n        <\/a>\n              <a href=\"https:\/\/www.centreon.com\/fr\/rest-solution-sappuie-sur-la-puissance-de-centreon-pour-garantir-a-ses-clients-la-disponibilite-de-leurs-infrastructures-24-7-partout-dans-le-monde\/\" target=\"_self\" class=\"wp-block-button__link has-background has-dark-background-color\">\n          Learn more\n        <\/a>\n          <\/div>\n  <\/div>\n<\/div>\n      <\/div>\n<\/div>\n<\/div>\n\n\n\n<div class=\"wp-block-columns are-vertically-aligned-center is-layout-flex wp-container-core-columns-is-layout-616b8f11 wp-block-columns-is-layout-flex\" style=\"padding-bottom:100px\">\n<div class=\"wp-block-column is-vertically-aligned-center is-layout-flow wp-block-column-is-layout-flow\">\n<h2 class=\"wp-block-heading\">T\u00e9moignages de partenaires<\/h2>\n\n\n\n<div class=\"wp-block-columns is-layout-flex wp-container-core-columns-is-layout-28f84493 wp-block-columns-is-layout-flex\">\n<div class=\"wp-block-column has-gradient-10-gradient-background has-background is-layout-flow wp-block-column-is-layout-flow\">\n<blockquote class=\"wp-block-quote is-layout-flow wp-block-quote-is-layout-flow\">\n<p>\u00ab\u00a0Pourquoi sommes-nous si fid\u00e8les \u00e0 Centreon depuis 15 ans ? La r\u00e9ponse se trouve dans son agilit\u00e9 et son adaptabilit\u00e9.\u00a0\u00bb<\/p>\n<cite><strong>Thierry Del-Monte <\/strong><br>Director of Engineering &#8211; ITS Integra<\/cite><\/blockquote>\n<\/div>\n\n\n\n<div class=\"wp-block-column has-gradient-10-gradient-background has-background is-layout-flow wp-block-column-is-layout-flow\">\n<blockquote class=\"wp-block-quote is-layout-flow wp-block-quote-is-layout-flow\">\n<p>\u201cAvec Centreon, nous aidons nos clients de multiples fa\u00e7ons : nous les aidons \u00e0 tirer le meilleur parti de leur environnement informatique&#8230;.et nous les aidons \u00e0 gagner du temps et de l&rsquo;argent dans la gestion de leur IT.\u00a0\u00bb<\/p>\n<cite><strong>Giancarlo Trentini<\/strong><br>Sales director, ITS Solu\u00e7\u00f5es<\/cite><\/blockquote>\n<\/div>\n<\/div>\n\n\n\n<p><\/p>\n\n\n\n<p><\/p>\n<\/div>\n<\/div>\n\n\n\n<div class=\"wp-block-group is-layout-flow wp-block-group-is-layout-flow\">\n<div class=\"wp-block-columns are-vertically-aligned-center has-white-color has-dark-background-color has-text-color has-background is-layout-flex wp-container-core-columns-is-layout-0e0088bb wp-block-columns-is-layout-flex\" style=\"padding-top:30px;padding-bottom:30px\">\n<div class=\"wp-block-column is-vertically-aligned-center is-layout-flow wp-block-column-is-layout-flow\">\n<p class=\"has-2-xl-font-size\">D\u00e9couvrez comment Centreon va transformer votre business<\/p>\n<\/div>\n\n\n\n<div class=\"wp-block-column is-vertically-aligned-center shrink-0 is-layout-flow wp-block-column-is-layout-flow\" style=\"flex-basis:210px\">\n<div class=\"wp-block-buttons is-content-justification-right is-layout-flex wp-container-core-buttons-is-layout-d445cf74 wp-block-buttons-is-layout-flex\">\n<div class=\"wp-block-button\"><a class=\"wp-block-button__link has-dark-background-color has-background wp-element-button\" href=\"https:\/\/www.centreon.com\/fr\/contact\/\">Contactez-nous<\/a><\/div>\n<\/div>\n<\/div>\n\n\n\n<div class=\"wp-block-column shrink-0 is-layout-flow wp-block-column-is-layout-flow\" style=\"flex-basis:210px\"><div class=\"footer-cta-wrapper has_submenu w-auto ml-4 shrink-0 wp-block-button__link has-background relative group !inline-block\">\n  Essai gratuit\n      <div class=\"footer-cta-submenu absolute z-10 bottom-[calc(100%-1rem)] right-0 py-8 w-64\n                opacity-0 pointer-events-none\n                transition-all\n                -translate-y-8 lg:translate-y-8\n                delay-75\n                group-hover:delay-0\n                group-hover:pointer-events-auto\n                group-hover:translate-y-0 group-hover:opacity-100\">\n      <div class=\"shadow bg-white rounded-xl p-8 flex flex-col gap-4\">\n                             <a class=\"!text-dark !no-underline hover:!underline text-left text-base\" href=\"https:\/\/www.centreon.com\/fr\/essai-gratuit-centreon-dem\/\" target=\"_self\">\n            Centreon Experience Monitoring\n          <\/a>\n                             <a class=\"!text-dark !no-underline hover:!underline text-left text-base\" href=\"https:\/\/www.centreon.com\/fr\/essai-gratuit\/\" target=\"_self\">\n            Centreon Infra Monitoring\n          <\/a>\n              <\/div>\n    <\/div>\n  <\/div>\n<\/div>\n<\/div>\n\n\n\n<div class=\"wp-block-columns are-vertically-aligned-center has-white-color has-primary-background-color has-text-color has-background is-layout-flex wp-container-core-columns-is-layout-0e0088bb wp-block-columns-is-layout-flex\" style=\"padding-top:30px;padding-bottom:30px\">\n<div class=\"wp-block-column is-vertically-aligned-center is-layout-flow wp-block-column-is-layout-flow\">\n<p class=\"has-2-xl-font-size\">Restez inform\u00e9s sur notre actualit\u00e9<\/p>\n<\/div>\n\n\n\n<div class=\"wp-block-column is-vertically-aligned-center is-layout-flow wp-block-column-is-layout-flow\"><div class=\"newsletter-form w-full\">\n  <form class=\"w-full\">\n    <div class=\"w-full flex items-center bg-white\/20 text-white rounded-10 px-4 text-lg\">\n      <input type=\"email\" name=\"email\" placeholder=\"Enter your email address\"\n             class=\"w-full text-light h-8 pl-0 appearance-none bg-transparent rounded-none placeholder-white autofill:bg-transparent focus:outline-none\" required>\n      <button type=\"submit\" class=\"cursor-pointer appearance-none pl-4 py-3 shrink-0\" aria-label=\"Search\">\n        Subscribe      <\/button>\n    <\/div>\n  <\/form>\n  <div class=\"alert-success bg-white bg-opacity-20 text-white px-4 py-3 rounded-10\" style=\"display:none\">\n    Thank you for your subscription.  <\/div>\n<\/div>\n<\/div>\n<\/div>\n<\/div>\n","protected":false},"excerpt":{"rendered":"<p>Partenaires Centreon Avec nos partenaires, nous \u0153uvrons \u00e0 votre r\u00e9ussite Quelques cas partenaires pour illustrer les r\u00e9sultats T\u00e9moignages de partenaires \u00ab\u00a0Pourquoi sommes-nous si fid\u00e8les \u00e0 Centreon depuis 15 ans ? La r\u00e9ponse se trouve dans&nbsp;&#8230;<\/p>\n","protected":false},"author":2,"featured_media":0,"parent":0,"menu_order":12,"comment_status":"closed","ping_status":"closed","template":"","meta":{"_acf_changed":false,"footnotes":""},"class_list":["post-20549","page","type-page","status-publish","hentry"],"acf":[],"yoast_head":"<!-- This site is optimized with the Yoast SEO plugin v26.6 - https:\/\/yoast.com\/wordpress\/plugins\/seo\/ -->\n<title>Partenaires Centreon | Logiciel de supervision informatique<\/title>\n<meta name=\"description\" content=\"D\u00e9couvrez comment faire partie des partenaires Centreon. En savoir plus sur notre programme de partenariat et sur les avantages de travailler avec nous.\" \/>\n<meta name=\"robots\" content=\"index, follow, max-snippet:-1, max-image-preview:large, max-video-preview:-1\" \/>\n<link rel=\"canonical\" href=\"https:\/\/www.centreon.com\/fr\/partenaires\/\" \/>\n<meta property=\"og:locale\" content=\"fr_FR\" \/>\n<meta property=\"og:type\" content=\"article\" \/>\n<meta property=\"og:title\" content=\"Partenaires Centreon | Logiciel de supervision informatique\" \/>\n<meta property=\"og:description\" content=\"D\u00e9couvrez comment faire partie des partenaires Centreon. En savoir plus sur notre programme de partenariat et sur les avantages de travailler avec nous.\" \/>\n<meta property=\"og:url\" content=\"https:\/\/www.centreon.com\/fr\/partenaires\/\" \/>\n<meta property=\"og:site_name\" content=\"Centreon\" \/>\n<meta property=\"article:publisher\" content=\"https:\/\/www.facebook.com\/CentreonMonitoring\/\" \/>\n<meta property=\"article:modified_time\" content=\"2025-11-07T10:42:07+00:00\" \/>\n<meta property=\"og:image\" content=\"https:\/\/www.centreon.com\/uploads\/2023\/11\/Vertical_Original.png\" \/>\n\t<meta property=\"og:image:width\" content=\"1076\" \/>\n\t<meta property=\"og:image:height\" content=\"556\" \/>\n\t<meta property=\"og:image:type\" content=\"image\/png\" \/>\n<meta name=\"twitter:card\" content=\"summary_large_image\" \/>\n<meta name=\"twitter:site\" content=\"@CentreonFR\" \/>\n<meta name=\"twitter:label1\" content=\"Dur\u00e9e de lecture estim\u00e9e\" \/>\n\t<meta name=\"twitter:data1\" content=\"1 minute\" \/>\n<script type=\"application\/ld+json\" class=\"yoast-schema-graph\">{\"@context\":\"https:\/\/schema.org\",\"@graph\":[{\"@type\":\"WebPage\",\"@id\":\"https:\/\/www.centreon.com\/fr\/partenaires\/\",\"url\":\"https:\/\/www.centreon.com\/fr\/partenaires\/\",\"name\":\"Partenaires Centreon | Logiciel de supervision informatique\",\"isPartOf\":{\"@id\":\"https:\/\/www.centreon.com\/fr\/#website\"},\"datePublished\":\"2022-10-24T09:34:45+00:00\",\"dateModified\":\"2025-11-07T10:42:07+00:00\",\"description\":\"D\u00e9couvrez comment faire partie des partenaires Centreon. En savoir plus sur notre programme de partenariat et sur les avantages de travailler avec nous.\",\"breadcrumb\":{\"@id\":\"https:\/\/www.centreon.com\/fr\/partenaires\/#breadcrumb\"},\"inLanguage\":\"fr-FR\",\"potentialAction\":[{\"@type\":\"ReadAction\",\"target\":[\"https:\/\/www.centreon.com\/fr\/partenaires\/\"]}]},{\"@type\":\"BreadcrumbList\",\"@id\":\"https:\/\/www.centreon.com\/fr\/partenaires\/#breadcrumb\",\"itemListElement\":[{\"@type\":\"ListItem\",\"position\":1,\"name\":\"Home\",\"item\":\"https:\/\/www.centreon.com\/fr\/\"},{\"@type\":\"ListItem\",\"position\":2,\"name\":\"Partenaires\"}]},{\"@type\":\"WebSite\",\"@id\":\"https:\/\/www.centreon.com\/fr\/#website\",\"url\":\"https:\/\/www.centreon.com\/fr\/\",\"name\":\"Centreon\",\"description\":\"Just another WordPress site\",\"publisher\":{\"@id\":\"https:\/\/www.centreon.com\/fr\/#organization\"},\"potentialAction\":[{\"@type\":\"SearchAction\",\"target\":{\"@type\":\"EntryPoint\",\"urlTemplate\":\"https:\/\/www.centreon.com\/fr\/?s={search_term_string}\"},\"query-input\":{\"@type\":\"PropertyValueSpecification\",\"valueRequired\":true,\"valueName\":\"search_term_string\"}}],\"inLanguage\":\"fr-FR\"},{\"@type\":\"Organization\",\"@id\":\"https:\/\/www.centreon.com\/fr\/#organization\",\"name\":\"Centreon\",\"url\":\"https:\/\/www.centreon.com\/fr\/\",\"logo\":{\"@type\":\"ImageObject\",\"inLanguage\":\"fr-FR\",\"@id\":\"https:\/\/www.centreon.com\/fr\/#\/schema\/logo\/image\/\",\"url\":\"https:\/\/www.centreon.com\/wp-content\/uploads\/2023\/07\/Logo_Centreon_Email_Signature_light_02.png\",\"contentUrl\":\"https:\/\/www.centreon.com\/wp-content\/uploads\/2023\/07\/Logo_Centreon_Email_Signature_light_02.png\",\"width\":180,\"height\":42,\"caption\":\"Centreon\"},\"image\":{\"@id\":\"https:\/\/www.centreon.com\/fr\/#\/schema\/logo\/image\/\"},\"sameAs\":[\"https:\/\/www.facebook.com\/CentreonMonitoring\/\",\"https:\/\/x.com\/CentreonFR\",\"https:\/\/www.linkedin.com\/company\/centreonsoftware\/\",\"https:\/\/www.youtube.com\/channel\/UCIKJKvZ8acLmEg2fCdDzsvA\",\"https:\/\/fr.wikipedia.org\/wiki\/Centreon\"]}]}<\/script>\n<!-- \/ Yoast SEO plugin. -->","yoast_head_json":{"title":"Partenaires Centreon | Logiciel de supervision informatique","description":"D\u00e9couvrez comment faire partie des partenaires Centreon. En savoir plus sur notre programme de partenariat et sur les avantages de travailler avec nous.","robots":{"index":"index","follow":"follow","max-snippet":"max-snippet:-1","max-image-preview":"max-image-preview:large","max-video-preview":"max-video-preview:-1"},"canonical":"https:\/\/www.centreon.com\/fr\/partenaires\/","og_locale":"fr_FR","og_type":"article","og_title":"Partenaires Centreon | Logiciel de supervision informatique","og_description":"D\u00e9couvrez comment faire partie des partenaires Centreon. En savoir plus sur notre programme de partenariat et sur les avantages de travailler avec nous.","og_url":"https:\/\/www.centreon.com\/fr\/partenaires\/","og_site_name":"Centreon","article_publisher":"https:\/\/www.facebook.com\/CentreonMonitoring\/","article_modified_time":"2025-11-07T10:42:07+00:00","og_image":[{"width":1076,"height":556,"url":"https:\/\/www.centreon.com\/uploads\/2023\/11\/Vertical_Original.png","type":"image\/png"}],"twitter_card":"summary_large_image","twitter_site":"@CentreonFR","twitter_misc":{"Dur\u00e9e de lecture estim\u00e9e":"1 minute"},"schema":{"@context":"https:\/\/schema.org","@graph":[{"@type":"WebPage","@id":"https:\/\/www.centreon.com\/fr\/partenaires\/","url":"https:\/\/www.centreon.com\/fr\/partenaires\/","name":"Partenaires Centreon | Logiciel de supervision informatique","isPartOf":{"@id":"https:\/\/www.centreon.com\/fr\/#website"},"datePublished":"2022-10-24T09:34:45+00:00","dateModified":"2025-11-07T10:42:07+00:00","description":"D\u00e9couvrez comment faire partie des partenaires Centreon. En savoir plus sur notre programme de partenariat et sur les avantages de travailler avec nous.","breadcrumb":{"@id":"https:\/\/www.centreon.com\/fr\/partenaires\/#breadcrumb"},"inLanguage":"fr-FR","potentialAction":[{"@type":"ReadAction","target":["https:\/\/www.centreon.com\/fr\/partenaires\/"]}]},{"@type":"BreadcrumbList","@id":"https:\/\/www.centreon.com\/fr\/partenaires\/#breadcrumb","itemListElement":[{"@type":"ListItem","position":1,"name":"Home","item":"https:\/\/www.centreon.com\/fr\/"},{"@type":"ListItem","position":2,"name":"Partenaires"}]},{"@type":"WebSite","@id":"https:\/\/www.centreon.com\/fr\/#website","url":"https:\/\/www.centreon.com\/fr\/","name":"Centreon","description":"Just another WordPress site","publisher":{"@id":"https:\/\/www.centreon.com\/fr\/#organization"},"potentialAction":[{"@type":"SearchAction","target":{"@type":"EntryPoint","urlTemplate":"https:\/\/www.centreon.com\/fr\/?s={search_term_string}"},"query-input":{"@type":"PropertyValueSpecification","valueRequired":true,"valueName":"search_term_string"}}],"inLanguage":"fr-FR"},{"@type":"Organization","@id":"https:\/\/www.centreon.com\/fr\/#organization","name":"Centreon","url":"https:\/\/www.centreon.com\/fr\/","logo":{"@type":"ImageObject","inLanguage":"fr-FR","@id":"https:\/\/www.centreon.com\/fr\/#\/schema\/logo\/image\/","url":"https:\/\/www.centreon.com\/wp-content\/uploads\/2023\/07\/Logo_Centreon_Email_Signature_light_02.png","contentUrl":"https:\/\/www.centreon.com\/wp-content\/uploads\/2023\/07\/Logo_Centreon_Email_Signature_light_02.png","width":180,"height":42,"caption":"Centreon"},"image":{"@id":"https:\/\/www.centreon.com\/fr\/#\/schema\/logo\/image\/"},"sameAs":["https:\/\/www.facebook.com\/CentreonMonitoring\/","https:\/\/x.com\/CentreonFR","https:\/\/www.linkedin.com\/company\/centreonsoftware\/","https:\/\/www.youtube.com\/channel\/UCIKJKvZ8acLmEg2fCdDzsvA","https:\/\/fr.wikipedia.org\/wiki\/Centreon"]}]}},"_links":{"self":[{"href":"https:\/\/www.centreon.com\/fr\/wp-json\/wp\/v2\/pages\/20549","targetHints":{"allow":["GET"]}}],"collection":[{"href":"https:\/\/www.centreon.com\/fr\/wp-json\/wp\/v2\/pages"}],"about":[{"href":"https:\/\/www.centreon.com\/fr\/wp-json\/wp\/v2\/types\/page"}],"author":[{"embeddable":true,"href":"https:\/\/www.centreon.com\/fr\/wp-json\/wp\/v2\/users\/2"}],"replies":[{"embeddable":true,"href":"https:\/\/www.centreon.com\/fr\/wp-json\/wp\/v2\/comments?post=20549"}],"version-history":[{"count":10,"href":"https:\/\/www.centreon.com\/fr\/wp-json\/wp\/v2\/pages\/20549\/revisions"}],"predecessor-version":[{"id":42315,"href":"https:\/\/www.centreon.com\/fr\/wp-json\/wp\/v2\/pages\/20549\/revisions\/42315"}],"wp:attachment":[{"href":"https:\/\/www.centreon.com\/fr\/wp-json\/wp\/v2\/media?parent=20549"}],"curies":[{"name":"wp","href":"https:\/\/api.w.org\/{rel}","templated":true}]}}