{"id":33157,"date":"2022-11-14T12:28:18","date_gmt":"2022-11-14T11:28:18","guid":{"rendered":"https:\/\/www.centreon.com\/servicios\/centreon-monitoring-academy\/certificacion-de-aliado\/"},"modified":"2024-01-11T11:51:12","modified_gmt":"2024-01-11T10:51:12","slug":"certificacion-de-aliado","status":"publish","type":"page","link":"https:\/\/www.centreon.com\/es\/servicios\/centreon-monitoring-academy\/certificacion-de-aliado\/","title":{"rendered":"Certificaci\u00f3n de aliado"},"content":{"rendered":"\n<div class=\"wp-block-columns has-gradient-10-gradient-background has-background is-layout-flex wp-container-core-columns-is-layout-71c8028e wp-block-columns-is-layout-flex\" style=\"padding-top:190px;padding-bottom:100px\">\n<div class=\"wp-block-column is-layout-flow wp-block-column-is-layout-flow\">\n<div class=\"wp-block-columns is-layout-flex wp-container-core-columns-is-layout-28f84493 wp-block-columns-is-layout-flex\">\n<div class=\"wp-block-column is-layout-flow wp-block-column-is-layout-flow\">\n<h1 class=\"wp-block-heading\">Certificaci\u00f3n de aliado<\/h1>\n\n\n\n<p class=\"has-2-xl-font-size\">Centreon Business Edition<\/p>\n<\/div>\n<\/div>\n<\/div>\n<\/div>\n\n\n\n<div class=\"wp-block-columns has-white-background-color has-background is-layout-flex wp-container-core-columns-is-layout-4bfa5c6b wp-block-columns-is-layout-flex\" style=\"padding-top:9px;padding-bottom:9px\">\n<div class=\"wp-block-column is-layout-flow wp-block-column-is-layout-flow\" style=\"flex-basis:100%\"><div class=\"yoast-breadcrumbs\"><span><span><a href=\"https:\/\/www.centreon.com\/es\/\"><span class=\"breadcrumb-home\"><span class=\"hidden\">Home<\/span><\/span><\/a><\/span> <span class=\"breadcrumb-separator\"><\/span> <span><a href=\"https:\/\/www.centreon.com\/es\/servicios\/\">Servicios<\/a><\/span> <span class=\"breadcrumb-separator\"><\/span> <span><a href=\"https:\/\/www.centreon.com\/es\/servicios\/centreon-monitoring-academy\/\">Centreon Monitoring Academy<\/a><\/span> <span class=\"breadcrumb-separator\"><\/span> <span class=\"breadcrumb_last\" aria-current=\"page\">Certificaci\u00f3n de aliado<\/span><\/span><\/div><\/div>\n<\/div>\n\n\n\n<div class=\"wp-block-columns has-white-color has-dark-background-color has-text-color has-background is-layout-flex wp-container-core-columns-is-layout-28f84493 wp-block-columns-is-layout-flex\">\n<div class=\"wp-block-column is-layout-flow wp-block-column-is-layout-flow\">\n<h2 class=\"wp-block-heading has-white-color has-text-color\">Implantar una monitorizaci\u00f3n de TI orientada a la empresa<\/h2>\n\n\n\n<p>Con la certificaci\u00f3n de socio 600 aprender\u00e1 a configurar, desplegar y mantener una soluci\u00f3n de monitorizaci\u00f3n de TI orientada a la empresa para sus clientes finales dentro de las mejores pr\u00e1cticas de la empresa de software. La parte E-learning de 8-12 horas a completar en un plazo de 3 semanas est\u00e1 dedicada a la formaci\u00f3n te\u00f3rica incluyendo los pasos de validaci\u00f3n. El curso presencial de 5 d\u00edas est\u00e1 dedicado a la formaci\u00f3n pr\u00e1ctica con ejercicios inspirados en la vida real e intercambios en directo con otros asistentes, as\u00ed como con su consultor de formaci\u00f3n.  <\/p>\n\n\n\n<div style=\"height:40px\" aria-hidden=\"true\" class=\"wp-block-spacer\"><\/div>\n\n\n\n<p><strong>Objetivos<\/strong><br>Ser\u00e1 capaz de crear y mantener una soluci\u00f3n de monitorizaci\u00f3n completa, desde la base hasta las funciones avanzadas de Centreon, utilizando los m\u00f3dulos de Centreon para crear valor empresarial para los clientes finales.<\/p>\n\n\n\n<div style=\"height:40px\" aria-hidden=\"true\" class=\"wp-block-spacer\"><\/div>\n\n\n\n<h2 class=\"wp-block-heading has-white-color has-text-color\">Programa de formaci\u00f3n<\/h2>\n\n\n\n<h3 class=\"wp-block-heading has-white-color has-text-color\"><strong><strong>Parte 1 &#8211; Formaci\u00f3n en software de c\u00f3digo abierto de Centreon<\/strong><\/strong><\/h3>\n\n\n<div class=\"accordion rounded-10 overflow-hidden mb-4\">\n  <div class=\"accordion-header flex items-center justify-between cursor-pointer text-white\n              pl-7 pr-9 py-5\n              bg-gradient-to-r from-primary\/25 via-purple\/25 to-green\/25\"\n       >\n    <div class=\"flex items-center justify-between gap-6\">\n                    <div>\n          <h4 class=\"mb-2\">Descubra Centreon<\/h4>\n          <p><\/p>\n        <\/div>\n          <\/div>\n    <img decoding=\"async\" loading=\"lazy\" src=\"https:\/\/www.centreon.com\/wp-content\/themes\/centreon\/public\/images\/ChevronBlancBas.6838d9.svg\" alt=\"Chevron blanc\" class=\"transform transition-transform rotate-0 w-3.5\">\n  <\/div>\n  <div class=\"overflow-hidden transition-all duration-300 bg-white text-dark\n              max-h-0\">\n    <div class=\"p-9\">\n      \n\n<ul class=\"wp-block-list\">\n<li>Comprenda los objetos simples y los plugins de Centreon<\/li>\n\n\n\n<li>Cree sus primeros hosts<\/li>\n\n\n\n<li>Configurar notificaciones y widgets<\/li>\n<\/ul>\n\n\n    <\/div>\n  <\/div>\n<\/div>\n\n\n<div class=\"accordion rounded-10 overflow-hidden mb-4\">\n  <div class=\"accordion-header flex items-center justify-between cursor-pointer text-white\n              pl-7 pr-9 py-5\n              bg-gradient-to-r from-primary\/25 via-purple\/25 to-green\/25\"\n       >\n    <div class=\"flex items-center justify-between gap-6\">\n                    <div>\n          <h4 class=\"mb-2\">Uso avanzado<\/h4>\n          <p><\/p>\n        <\/div>\n          <\/div>\n    <img decoding=\"async\" loading=\"lazy\" src=\"https:\/\/www.centreon.com\/wp-content\/themes\/centreon\/public\/images\/ChevronBlancBas.6838d9.svg\" alt=\"Chevron blanc\" class=\"transform transition-transform rotate-0 w-3.5\">\n  <\/div>\n  <div class=\"overflow-hidden transition-all duration-300 bg-white text-dark\n              max-h-0\">\n    <div class=\"p-9\">\n      \n\n<ul class=\"wp-block-list\">\n<li>Comprenda el sistema de plantillas de configuraci\u00f3n de Centreon<\/li>\n\n\n\n<li>Configure la autenticaci\u00f3n con LDAP, SSO<\/li>\n\n\n\n<li>Descubra el m\u00f3dulo de open-ticket<\/li>\n\n\n\n<li>Defina su arquitectura<\/li>\n<\/ul>\n\n\n    <\/div>\n  <\/div>\n<\/div>\n\n\n<div class=\"accordion rounded-10 overflow-hidden mb-4\">\n  <div class=\"accordion-header flex items-center justify-between cursor-pointer text-white\n              pl-7 pr-9 py-5\n              bg-gradient-to-r from-primary\/25 via-purple\/25 to-green\/25\"\n       >\n    <div class=\"flex items-center justify-between gap-6\">\n                    <div>\n          <h4 class=\"mb-2\">Buenas pr\u00e1cticas y resoluci\u00f3n de problemas<\/h4>\n          <p><\/p>\n        <\/div>\n          <\/div>\n    <img decoding=\"async\" loading=\"lazy\" src=\"https:\/\/www.centreon.com\/wp-content\/themes\/centreon\/public\/images\/ChevronBlancBas.6838d9.svg\" alt=\"Chevron blanc\" class=\"transform transition-transform rotate-0 w-3.5\">\n  <\/div>\n  <div class=\"overflow-hidden transition-all duration-300 bg-white text-dark\n              max-h-0\">\n    <div class=\"p-9\">\n      \n\n<ul class=\"wp-block-list\">\n<li>Aplicar las mejores pr\u00e1cticas de monitorizaci\u00f3n<\/li>\n\n\n\n<li>Identificar y diagnosticar los problemas m\u00e1s comunes<\/li>\n\n\n\n<li>Copia de seguridad y API de l\u00ednea de comandos<\/li>\n<\/ul>\n\n\n    <\/div>\n  <\/div>\n<\/div>\n\n\n\n<div style=\"height:40px\" aria-hidden=\"true\" class=\"wp-block-spacer\"><\/div>\n\n\n\n<h3 class=\"wp-block-heading has-white-color has-text-color\"><strong><strong><strong>Parte 2 &#8211; Formaci\u00f3n Centreon Business Edition<\/strong><\/strong><\/strong><\/h3>\n\n\n<div class=\"accordion rounded-10 overflow-hidden mb-4\">\n  <div class=\"accordion-header flex items-center justify-between cursor-pointer text-white\n              pl-7 pr-9 py-5\n              bg-gradient-to-r from-primary\/25 via-purple\/25 to-green\/25\"\n       >\n    <div class=\"flex items-center justify-between gap-6\">\n                    <div>\n          <h4 class=\"mb-2\">Creaci\u00f3n de indicadores clave de rendimiento a partir de datos de monitorizaci\u00f3n (Centreon BAM)<\/h4>\n          <p><\/p>\n        <\/div>\n          <\/div>\n    <img decoding=\"async\" loading=\"lazy\" src=\"https:\/\/www.centreon.com\/wp-content\/themes\/centreon\/public\/images\/ChevronBlancBas.6838d9.svg\" alt=\"Chevron blanc\" class=\"transform transition-transform rotate-0 w-3.5\">\n  <\/div>\n  <div class=\"overflow-hidden transition-all duration-300 bg-white text-dark\n              max-h-0\">\n    <div class=\"p-9\">\n      \n\n<ul class=\"wp-block-list\">\n<li>Nivel de servicio y conceptos: conozca el concepto de actividad empresarial, vista empresarial y KPI aplicados a Centreon BAM, configure objetos y establezca impactos correctos, descubra todas las funciones que ofrece Centreon BAM, comprenda los puntos clave de la monitorizaci\u00f3n del nivel de servicio y la disponibilidad de la aplicaci\u00f3n<\/li>\n\n\n\n<li>Temas avanzados: definir indicadores booleanos (cluster, loadbalancing&#8230;), configurar y gestionar Centreon BAM con la API de l\u00ednea de comandos, gestionar ACL y derechos dentro de Centreon BAM, construir vistas personalizadas gracias al widget Centreon BAM<\/li>\n\n\n\n<li>Buenas pr\u00e1cticas y resoluci\u00f3n de problemas: sepa c\u00f3mo mantener y monitorizar su configuraci\u00f3n de Centreon BAM, resuelva los problemas m\u00e1s comunes, cuestionario sobre Centreon BAM<\/li>\n<\/ul>\n\n\n    <\/div>\n  <\/div>\n<\/div>\n\n\n<div class=\"accordion rounded-10 overflow-hidden mb-4\">\n  <div class=\"accordion-header flex items-center justify-between cursor-pointer text-white\n              pl-7 pr-9 py-5\n              bg-gradient-to-r from-primary\/25 via-purple\/25 to-green\/25\"\n       >\n    <div class=\"flex items-center justify-between gap-6\">\n                    <div>\n          <h4 class=\"mb-2\">Visualizaci\u00f3n de datos con orientaci\u00f3n t\u00e9cnica y empresarial (Centreon MAP)<\/h4>\n          <p><\/p>\n        <\/div>\n          <\/div>\n    <img decoding=\"async\" loading=\"lazy\" src=\"https:\/\/www.centreon.com\/wp-content\/themes\/centreon\/public\/images\/ChevronBlancBas.6838d9.svg\" alt=\"Chevron blanc\" class=\"transform transition-transform rotate-0 w-3.5\">\n  <\/div>\n  <div class=\"overflow-hidden transition-all duration-300 bg-white text-dark\n              max-h-0\">\n    <div class=\"p-9\">\n      \n\n<ul class=\"wp-block-list\">\n<li>Descubra Centreon MAP : identifique sus necesidades en materia de vistas y cartograf\u00eda, aprenda modelizaci\u00f3n y posibilidades a trav\u00e9s de ejemplos<\/li>\n\n\n\n<li>Arquitectura de software: conocer los principales componentes de Centreon MAP, configurar el cliente enriquecido y utilizarlo para crear vistas y mapas<\/li>\n\n\n\n<li>Funciones avanzadas: Configurar ACL y derechos, crear plantillas de enlaces y v\u00ednculos entre objetos de su mapa, utilizar objetos avanzados (widget de salida, indicador y gr\u00e1fico circular)<\/li>\n<\/ul>\n\n\n    <\/div>\n  <\/div>\n<\/div>\n\n\n<div class=\"accordion rounded-10 overflow-hidden mb-4\">\n  <div class=\"accordion-header flex items-center justify-between cursor-pointer text-white\n              pl-7 pr-9 py-5\n              bg-gradient-to-r from-primary\/25 via-purple\/25 to-green\/25\"\n       >\n    <div class=\"flex items-center justify-between gap-6\">\n                    <div>\n          <h4 class=\"mb-2\">Generaci\u00f3n de an\u00e1lisis e informes de monitorizaci\u00f3n de datos (Centreon MBI)<\/h4>\n          <p><\/p>\n        <\/div>\n          <\/div>\n    <img decoding=\"async\" loading=\"lazy\" src=\"https:\/\/www.centreon.com\/wp-content\/themes\/centreon\/public\/images\/ChevronBlancBas.6838d9.svg\" alt=\"Chevron blanc\" class=\"transform transition-transform rotate-0 w-3.5\">\n  <\/div>\n  <div class=\"overflow-hidden transition-all duration-300 bg-white text-dark\n              max-h-0\">\n    <div class=\"p-9\">\n      \n\n<ul class=\"wp-block-list\">\n<li>Descripci\u00f3n general: descubra Centreon MBI y los informes est\u00e1ndar, comprenda c\u00f3mo puede visualizar los datos de sus informes, familiar\u00edcese con la terminolog\u00eda de los informes de Centreon MBI<\/li>\n\n\n\n<li>Arquitectura y administraci\u00f3n: comprender los componentes y la arquitectura de Centreon MBI, crear las dimensiones pertinentes de Centreon para utilizarlas en sus informes, utilizar los datos de Centreon BAM para obtener un informe orientado a la aplicaci\u00f3n<\/li>\n\n\n\n<li>ETL y planificador de trabajos: domine Centreon ETL y c\u00f3mo configurarlo, reconstruya y recalcule los datos de sus informes, genere, programe y publique informes<\/li>\n<\/ul>\n\n\n    <\/div>\n  <\/div>\n<\/div>\n\n\n\n<div style=\"height:40px\" aria-hidden=\"true\" class=\"wp-block-spacer\"><\/div>\n\n\n\n<h3 class=\"wp-block-heading\">P\u00fablico destinatario<\/h3>\n\n\n\n<p>Consultores integradores de empresas de servicios inform\u00e1ticos: expertos en monitorizaci\u00f3n, ingenieros de redes y sistemas, gestores del nivel de servicio<\/p>\n\n\n\n<div style=\"height:40px\" aria-hidden=\"true\" class=\"wp-block-spacer\"><\/div>\n\n\n\n<h3 class=\"wp-block-heading\">Modo de entrenamiento<\/h3>\n\n\n\n<ul class=\"wp-block-list\">\n<li>E-learning: 8-12 horas para completar en 3 semanas, incluyendo 2 programas de formaci\u00f3n centrados respectivamente en:\n<ul class=\"wp-block-list\">\n<li>El software de c\u00f3digo abierto (16 unidades con 52 v\u00eddeos y animaciones, 53 fichas y 35 preguntas) y<\/li>\n\n\n\n<li>Los m\u00f3dulos comerciales (18 unidades con 7 v\u00eddeos y animaciones, 52 fichas y 22 preguntas)<\/li>\n<\/ul>\n<\/li>\n\n\n\n<li>Curso in situ: 5 d\u00edas de curso in situ con un experto en monitorizaci\u00f3n de Centreon. El formador siempre est\u00e1 acostumbrado al uso y los problemas reales en torno al software y le ayudar\u00e1 a poner en pr\u00e1ctica los conceptos del curso.<\/li>\n<\/ul>\n\n\n\n<div style=\"height:40px\" aria-hidden=\"true\" class=\"wp-block-spacer\"><\/div>\n\n\n\n<h3 class=\"wp-block-heading has-white-color has-text-color\"><strong>Inscripci\u00f3n<\/strong><\/h3>\n\n\n\n<p>S\u00f3lo disponibles como sesiones INTRA: P\u00f3ngase en contacto con nosotros para programar una sesi\u00f3n.<\/p>\n<\/div>\n<\/div>\n\n\n\n<div class=\"wp-block-columns has-white-background-color has-background is-layout-flex wp-container-core-columns-is-layout-28f84493 wp-block-columns-is-layout-flex\">\n<div class=\"wp-block-column is-layout-flow wp-block-column-is-layout-flow\" style=\"padding-bottom:var(--wp--preset--spacing--70)\">\n<h2 class=\"wp-block-heading\">Solicitud de formaci\u00f3n<\/h2>\n\n\n\n<div style=\"height:40px\" aria-hidden=\"true\" class=\"wp-block-spacer\"><\/div>\n\n\n\n<script charset=\"utf-8\" type=\"text\/javascript\" src=\"\/\/js-eu1.hsforms.net\/forms\/embed\/v2.js\"><\/script>\n<script>\n  hbspt.forms.create({\n    region: \"eu1\",\n    portalId: \"26072647\",\n    formId: \"5c484752-e1de-4fda-b09c-7f85b326b82d\",\n    sfdcCampaignId: \"701080000004IlIAAU\"\n  });\n<\/script>\n<\/div>\n<\/div>\n\n\n\n<div class=\"wp-block-columns are-vertically-aligned-center has-white-color has-primary-background-color has-text-color has-background is-layout-flex wp-container-core-columns-is-layout-0e0088bb wp-block-columns-is-layout-flex\" style=\"padding-top:30px;padding-bottom:30px\">\n<div class=\"wp-block-column is-vertically-aligned-center is-layout-flow wp-block-column-is-layout-flow\">\n<p class=\"has-2-xl-font-size\">Mant\u00e9ngase informado de nuestras \u00faltimas noticias<\/p>\n<\/div>\n\n\n\n<div class=\"wp-block-column is-vertically-aligned-center is-layout-flow wp-block-column-is-layout-flow\"><div class=\"newsletter-form w-full\">\n  <form class=\"w-full\">\n    <div class=\"w-full flex items-center bg-white\/20 text-white rounded-10 px-4 text-lg\">\n      <input type=\"email\" name=\"email\" placeholder=\"Introduzca su direcci\u00f3n de correo electr\u00f3nic\"\n             class=\"w-full text-light h-8 pl-0 appearance-none bg-transparent rounded-none placeholder-white autofill:bg-transparent focus:outline-none\" required>\n      <button type=\"submit\" class=\"cursor-pointer appearance-none pl-4 py-3 shrink-0\" aria-label=\"Buscar\">\n        Suscr\u00edbase      <\/button>\n    <\/div>\n  <\/form>\n  <div class=\"alert-success bg-white bg-opacity-20 text-white px-4 py-3 rounded-10\" style=\"display:none\">\n    Thank you for your subscription.  <\/div>\n<\/div>\n<\/div>\n<\/div>\n","protected":false},"excerpt":{"rendered":"<p>Certificaci\u00f3n de aliado Centreon Business Edition Implantar una monitorizaci\u00f3n de TI orientada a la empresa Con la certificaci\u00f3n de socio 600 aprender\u00e1 a configurar, desplegar y mantener una soluci\u00f3n de monitorizaci\u00f3n de TI orientada a&nbsp;&#8230;<\/p>\n","protected":false},"author":2,"featured_media":0,"parent":32990,"menu_order":0,"comment_status":"closed","ping_status":"closed","template":"","meta":{"_acf_changed":false,"footnotes":""},"class_list":["post-33157","page","type-page","status-publish","hentry"],"acf":[],"yoast_head":"<!-- This site is optimized with the Yoast SEO plugin v26.6 - https:\/\/yoast.com\/wordpress\/plugins\/seo\/ -->\n<title>Certificaci\u00f3n de aliado | Academia Centreon<\/title>\n<meta name=\"description\" content=\"La Academia de Monitorizaci\u00f3n Centreon ofrece una certificaci\u00f3n de aliado para ayudarle a demostrar su experiencia de nuestro software\" \/>\n<meta name=\"robots\" content=\"index, follow, max-snippet:-1, max-image-preview:large, max-video-preview:-1\" \/>\n<link rel=\"canonical\" href=\"https:\/\/www.centreon.com\/es\/servicios\/centreon-monitoring-academy\/certificacion-de-aliado\/\" \/>\n<meta property=\"og:locale\" content=\"es_ES\" \/>\n<meta property=\"og:type\" content=\"article\" \/>\n<meta property=\"og:title\" content=\"Certificaci\u00f3n de aliado | Academia Centreon\" \/>\n<meta property=\"og:description\" content=\"La Academia de Monitorizaci\u00f3n Centreon ofrece una certificaci\u00f3n de aliado para ayudarle a demostrar su experiencia de nuestro software\" \/>\n<meta property=\"og:url\" content=\"https:\/\/www.centreon.com\/es\/servicios\/centreon-monitoring-academy\/certificacion-de-aliado\/\" \/>\n<meta property=\"og:site_name\" content=\"Centreon\" \/>\n<meta property=\"article:publisher\" content=\"https:\/\/www.facebook.com\/CentreonMonitoring\/\" \/>\n<meta property=\"article:modified_time\" content=\"2024-01-11T10:51:12+00:00\" \/>\n<meta property=\"og:image\" content=\"https:\/\/www.centreon.com\/uploads\/2023\/11\/Vertical_Original.png\" \/>\n\t<meta property=\"og:image:width\" content=\"1076\" \/>\n\t<meta property=\"og:image:height\" content=\"556\" \/>\n\t<meta property=\"og:image:type\" content=\"image\/png\" \/>\n<meta name=\"twitter:card\" content=\"summary_large_image\" \/>\n<meta name=\"twitter:site\" content=\"@CentreonFR\" \/>\n<meta name=\"twitter:label1\" content=\"Est. reading time\" \/>\n\t<meta name=\"twitter:data1\" content=\"3 minutes\" \/>\n<script type=\"application\/ld+json\" class=\"yoast-schema-graph\">{\"@context\":\"https:\/\/schema.org\",\"@graph\":[{\"@type\":\"WebPage\",\"@id\":\"https:\/\/www.centreon.com\/es\/servicios\/centreon-monitoring-academy\/certificacion-de-aliado\/\",\"url\":\"https:\/\/www.centreon.com\/es\/servicios\/centreon-monitoring-academy\/certificacion-de-aliado\/\",\"name\":\"Certificaci\u00f3n de aliado | Academia Centreon\",\"isPartOf\":{\"@id\":\"https:\/\/www.centreon.com\/es\/#website\"},\"datePublished\":\"2022-11-14T11:28:18+00:00\",\"dateModified\":\"2024-01-11T10:51:12+00:00\",\"description\":\"La Academia de Monitorizaci\u00f3n Centreon ofrece una certificaci\u00f3n de aliado para ayudarle a demostrar su experiencia de nuestro software\",\"breadcrumb\":{\"@id\":\"https:\/\/www.centreon.com\/es\/servicios\/centreon-monitoring-academy\/certificacion-de-aliado\/#breadcrumb\"},\"inLanguage\":\"es-ES\",\"potentialAction\":[{\"@type\":\"ReadAction\",\"target\":[\"https:\/\/www.centreon.com\/es\/servicios\/centreon-monitoring-academy\/certificacion-de-aliado\/\"]}]},{\"@type\":\"BreadcrumbList\",\"@id\":\"https:\/\/www.centreon.com\/es\/servicios\/centreon-monitoring-academy\/certificacion-de-aliado\/#breadcrumb\",\"itemListElement\":[{\"@type\":\"ListItem\",\"position\":1,\"name\":\"Home\",\"item\":\"https:\/\/www.centreon.com\/es\/\"},{\"@type\":\"ListItem\",\"position\":2,\"name\":\"Servicios\",\"item\":\"https:\/\/www.centreon.com\/es\/servicios\/\"},{\"@type\":\"ListItem\",\"position\":3,\"name\":\"Centreon Monitoring Academy\",\"item\":\"https:\/\/www.centreon.com\/es\/servicios\/centreon-monitoring-academy\/\"},{\"@type\":\"ListItem\",\"position\":4,\"name\":\"Certificaci\u00f3n de aliado\"}]},{\"@type\":\"WebSite\",\"@id\":\"https:\/\/www.centreon.com\/es\/#website\",\"url\":\"https:\/\/www.centreon.com\/es\/\",\"name\":\"Centreon\",\"description\":\"Best-in-Class Hybrid IT Monitoring for Enterprise, MSP &amp; IoT\",\"publisher\":{\"@id\":\"https:\/\/www.centreon.com\/es\/#organization\"},\"potentialAction\":[{\"@type\":\"SearchAction\",\"target\":{\"@type\":\"EntryPoint\",\"urlTemplate\":\"https:\/\/www.centreon.com\/es\/?s={search_term_string}\"},\"query-input\":{\"@type\":\"PropertyValueSpecification\",\"valueRequired\":true,\"valueName\":\"search_term_string\"}}],\"inLanguage\":\"es-ES\"},{\"@type\":\"Organization\",\"@id\":\"https:\/\/www.centreon.com\/es\/#organization\",\"name\":\"Centreon\",\"url\":\"https:\/\/www.centreon.com\/es\/\",\"logo\":{\"@type\":\"ImageObject\",\"inLanguage\":\"es-ES\",\"@id\":\"https:\/\/www.centreon.com\/es\/#\/schema\/logo\/image\/\",\"url\":\"https:\/\/www.centreon.com\/wp-content\/uploads\/2023\/07\/Logo_Centreon_Email_Signature_light_02.png\",\"contentUrl\":\"https:\/\/www.centreon.com\/wp-content\/uploads\/2023\/07\/Logo_Centreon_Email_Signature_light_02.png\",\"width\":180,\"height\":42,\"caption\":\"Centreon\"},\"image\":{\"@id\":\"https:\/\/www.centreon.com\/es\/#\/schema\/logo\/image\/\"},\"sameAs\":[\"https:\/\/www.facebook.com\/CentreonMonitoring\/\",\"https:\/\/x.com\/CentreonFR\",\"https:\/\/www.linkedin.com\/company\/centreonsoftware\/\",\"https:\/\/www.youtube.com\/channel\/UCIKJKvZ8acLmEg2fCdDzsvA\",\"https:\/\/fr.wikipedia.org\/wiki\/Centreon\"]}]}<\/script>\n<!-- \/ Yoast SEO plugin. -->","yoast_head_json":{"title":"Certificaci\u00f3n de aliado | Academia Centreon","description":"La Academia de Monitorizaci\u00f3n Centreon ofrece una certificaci\u00f3n de aliado para ayudarle a demostrar su experiencia de nuestro software","robots":{"index":"index","follow":"follow","max-snippet":"max-snippet:-1","max-image-preview":"max-image-preview:large","max-video-preview":"max-video-preview:-1"},"canonical":"https:\/\/www.centreon.com\/es\/servicios\/centreon-monitoring-academy\/certificacion-de-aliado\/","og_locale":"es_ES","og_type":"article","og_title":"Certificaci\u00f3n de aliado | Academia Centreon","og_description":"La Academia de Monitorizaci\u00f3n Centreon ofrece una certificaci\u00f3n de aliado para ayudarle a demostrar su experiencia de nuestro software","og_url":"https:\/\/www.centreon.com\/es\/servicios\/centreon-monitoring-academy\/certificacion-de-aliado\/","og_site_name":"Centreon","article_publisher":"https:\/\/www.facebook.com\/CentreonMonitoring\/","article_modified_time":"2024-01-11T10:51:12+00:00","og_image":[{"width":1076,"height":556,"url":"https:\/\/www.centreon.com\/uploads\/2023\/11\/Vertical_Original.png","type":"image\/png"}],"twitter_card":"summary_large_image","twitter_site":"@CentreonFR","twitter_misc":{"Est. reading time":"3 minutes"},"schema":{"@context":"https:\/\/schema.org","@graph":[{"@type":"WebPage","@id":"https:\/\/www.centreon.com\/es\/servicios\/centreon-monitoring-academy\/certificacion-de-aliado\/","url":"https:\/\/www.centreon.com\/es\/servicios\/centreon-monitoring-academy\/certificacion-de-aliado\/","name":"Certificaci\u00f3n de aliado | Academia Centreon","isPartOf":{"@id":"https:\/\/www.centreon.com\/es\/#website"},"datePublished":"2022-11-14T11:28:18+00:00","dateModified":"2024-01-11T10:51:12+00:00","description":"La Academia de Monitorizaci\u00f3n Centreon ofrece una certificaci\u00f3n de aliado para ayudarle a demostrar su experiencia de nuestro software","breadcrumb":{"@id":"https:\/\/www.centreon.com\/es\/servicios\/centreon-monitoring-academy\/certificacion-de-aliado\/#breadcrumb"},"inLanguage":"es-ES","potentialAction":[{"@type":"ReadAction","target":["https:\/\/www.centreon.com\/es\/servicios\/centreon-monitoring-academy\/certificacion-de-aliado\/"]}]},{"@type":"BreadcrumbList","@id":"https:\/\/www.centreon.com\/es\/servicios\/centreon-monitoring-academy\/certificacion-de-aliado\/#breadcrumb","itemListElement":[{"@type":"ListItem","position":1,"name":"Home","item":"https:\/\/www.centreon.com\/es\/"},{"@type":"ListItem","position":2,"name":"Servicios","item":"https:\/\/www.centreon.com\/es\/servicios\/"},{"@type":"ListItem","position":3,"name":"Centreon Monitoring Academy","item":"https:\/\/www.centreon.com\/es\/servicios\/centreon-monitoring-academy\/"},{"@type":"ListItem","position":4,"name":"Certificaci\u00f3n de aliado"}]},{"@type":"WebSite","@id":"https:\/\/www.centreon.com\/es\/#website","url":"https:\/\/www.centreon.com\/es\/","name":"Centreon","description":"Best-in-Class Hybrid IT Monitoring for Enterprise, MSP &amp; IoT","publisher":{"@id":"https:\/\/www.centreon.com\/es\/#organization"},"potentialAction":[{"@type":"SearchAction","target":{"@type":"EntryPoint","urlTemplate":"https:\/\/www.centreon.com\/es\/?s={search_term_string}"},"query-input":{"@type":"PropertyValueSpecification","valueRequired":true,"valueName":"search_term_string"}}],"inLanguage":"es-ES"},{"@type":"Organization","@id":"https:\/\/www.centreon.com\/es\/#organization","name":"Centreon","url":"https:\/\/www.centreon.com\/es\/","logo":{"@type":"ImageObject","inLanguage":"es-ES","@id":"https:\/\/www.centreon.com\/es\/#\/schema\/logo\/image\/","url":"https:\/\/www.centreon.com\/wp-content\/uploads\/2023\/07\/Logo_Centreon_Email_Signature_light_02.png","contentUrl":"https:\/\/www.centreon.com\/wp-content\/uploads\/2023\/07\/Logo_Centreon_Email_Signature_light_02.png","width":180,"height":42,"caption":"Centreon"},"image":{"@id":"https:\/\/www.centreon.com\/es\/#\/schema\/logo\/image\/"},"sameAs":["https:\/\/www.facebook.com\/CentreonMonitoring\/","https:\/\/x.com\/CentreonFR","https:\/\/www.linkedin.com\/company\/centreonsoftware\/","https:\/\/www.youtube.com\/channel\/UCIKJKvZ8acLmEg2fCdDzsvA","https:\/\/fr.wikipedia.org\/wiki\/Centreon"]}]}},"_links":{"self":[{"href":"https:\/\/www.centreon.com\/es\/wp-json\/wp\/v2\/pages\/33157","targetHints":{"allow":["GET"]}}],"collection":[{"href":"https:\/\/www.centreon.com\/es\/wp-json\/wp\/v2\/pages"}],"about":[{"href":"https:\/\/www.centreon.com\/es\/wp-json\/wp\/v2\/types\/page"}],"author":[{"embeddable":true,"href":"https:\/\/www.centreon.com\/es\/wp-json\/wp\/v2\/users\/2"}],"replies":[{"embeddable":true,"href":"https:\/\/www.centreon.com\/es\/wp-json\/wp\/v2\/comments?post=33157"}],"version-history":[{"count":4,"href":"https:\/\/www.centreon.com\/es\/wp-json\/wp\/v2\/pages\/33157\/revisions"}],"predecessor-version":[{"id":34506,"href":"https:\/\/www.centreon.com\/es\/wp-json\/wp\/v2\/pages\/33157\/revisions\/34506"}],"up":[{"embeddable":true,"href":"https:\/\/www.centreon.com\/es\/wp-json\/wp\/v2\/pages\/32990"}],"wp:attachment":[{"href":"https:\/\/www.centreon.com\/es\/wp-json\/wp\/v2\/media?parent=33157"}],"curies":[{"name":"wp","href":"https:\/\/api.w.org\/{rel}","templated":true}]}}