{"id":33153,"date":"2022-11-14T12:10:34","date_gmt":"2022-11-14T11:10:34","guid":{"rendered":"https:\/\/www.centreon.com\/servicios\/centreon-monitoring-academy\/lead-business\/"},"modified":"2024-01-11T11:50:28","modified_gmt":"2024-01-11T10:50:28","slug":"lead-business","status":"publish","type":"page","link":"https:\/\/www.centreon.com\/es\/servicios\/centreon-monitoring-academy\/lead-business\/","title":{"rendered":"Lead Business"},"content":{"rendered":"\n<div class=\"wp-block-columns has-gradient-10-gradient-background has-background is-layout-flex wp-container-core-columns-is-layout-71c8028e wp-block-columns-is-layout-flex\" style=\"padding-top:190px;padding-bottom:100px\">\n<div class=\"wp-block-column is-layout-flow wp-block-column-is-layout-flow\">\n<div class=\"wp-block-columns is-layout-flex wp-container-core-columns-is-layout-28f84493 wp-block-columns-is-layout-flex\">\n<div class=\"wp-block-column is-layout-flow wp-block-column-is-layout-flow\">\n<h1 class=\"wp-block-heading\">Lead Business<\/h1>\n\n\n\n<p class=\"has-2-xl-font-size\">Aproveche la monitorizaci\u00f3n de TI adaptada a la empresa<\/p>\n<\/div>\n<\/div>\n<\/div>\n<\/div>\n\n\n\n<div class=\"wp-block-columns has-white-background-color has-background is-layout-flex wp-container-core-columns-is-layout-4bfa5c6b wp-block-columns-is-layout-flex\" style=\"padding-top:9px;padding-bottom:9px\">\n<div class=\"wp-block-column is-layout-flow wp-block-column-is-layout-flow\" style=\"flex-basis:100%\"><div class=\"yoast-breadcrumbs\"><span><span><a href=\"https:\/\/www.centreon.com\/es\/\"><span class=\"breadcrumb-home\"><span class=\"hidden\">Home<\/span><\/span><\/a><\/span> <span class=\"breadcrumb-separator\"><\/span> <span><a href=\"https:\/\/www.centreon.com\/es\/servicios\/\">Servicios<\/a><\/span> <span class=\"breadcrumb-separator\"><\/span> <span><a href=\"https:\/\/www.centreon.com\/es\/servicios\/centreon-monitoring-academy\/\">Centreon Monitoring Academy<\/a><\/span> <span class=\"breadcrumb-separator\"><\/span> <span class=\"breadcrumb_last\" aria-current=\"page\">Lead Business<\/span><\/span><\/div><\/div>\n<\/div>\n\n\n\n<div class=\"wp-block-columns has-white-color has-dark-background-color has-text-color has-background is-layout-flex wp-container-core-columns-is-layout-28f84493 wp-block-columns-is-layout-flex\">\n<div class=\"wp-block-column is-layout-flow wp-block-column-is-layout-flow\">\n<h2 class=\"wp-block-heading has-white-color has-text-color\">Cree cuadros de mando e informes detallados sobre infraestructuras y aplicaciones cr\u00edticas para una monitorizaci\u00f3n orientada al negocio que correlacione las TI con los indicadores de rendimiento empresarial.<\/h2>\n\n\n\n<div style=\"height:40px\" aria-hidden=\"true\" class=\"wp-block-spacer\"><\/div>\n\n\n\n<h3 class=\"wp-block-heading\"><strong>\u00bfPor qu\u00e9 cogerlo?<\/strong><\/h3>\n\n\n\n<p>Implantar capacidades de monitorizaci\u00f3n de TI que tengan en cuenta las necesidades de la empresa.<\/p>\n\n\n\n<ul class=\"wp-block-list\">\n<li>Correlacione sus aplicaciones empresariales con su infraestructura<\/li>\n\n\n\n<li>Obtenga y comparta informaci\u00f3n en tiempo real mediante cuadros de mando<\/li>\n\n\n\n<li>Planifique y gestione con los informes anal\u00edticos de Centreon Business Edition<\/li>\n<\/ul>\n\n\n\n<div style=\"height:40px\" aria-hidden=\"true\" class=\"wp-block-spacer\"><\/div>\n\n\n\n<h3 class=\"wp-block-heading has-white-color has-text-color\">Visi\u00f3n general<\/h3>\n\n\n<div class=\"accordion rounded-10 overflow-hidden mb-4\">\n  <div class=\"accordion-header flex items-center justify-between cursor-pointer text-white\n              pl-7 pr-9 py-5\n              bg-gradient-to-r from-primary\/25 via-purple\/25 to-green\/25\"\n       >\n    <div class=\"flex items-center justify-between gap-6\">\n                    <div>\n          <h4 class=\"mb-2\">Qu\u00e9 se cubrir\u00e1<\/h4>\n          <p><\/p>\n        <\/div>\n          <\/div>\n    <img decoding=\"async\" loading=\"lazy\" src=\"https:\/\/www.centreon.com\/wp-content\/themes\/centreon\/public\/images\/ChevronBlancBas.6838d9.svg\" alt=\"Chevron blanc\" class=\"transform transition-transform rotate-0 w-3.5\">\n  <\/div>\n  <div class=\"overflow-hidden transition-all duration-300 bg-white text-dark\n              max-h-0\">\n    <div class=\"p-9\">\n      \n\n<ul class=\"wp-block-list\">\n<li>Monitorizaci\u00f3n con paquetes de plugins<\/li>\n\n\n\n<li>Modelizaci\u00f3n de aplicaciones empresariales<\/li>\n\n\n\n<li>Creaci\u00f3n de cuadros de mando personalizados<\/li>\n\n\n\n<li>Generaci\u00f3n de informes de rendimiento y disponibilidad<\/li>\n\n\n\n<li>Uso integrado de todos los m\u00f3dulos de la Centreon Business Edition<\/li>\n\n\n\n<li>Buenas pr\u00e1cticas y m\u00e1s<\/li>\n<\/ul>\n\n\n    <\/div>\n  <\/div>\n<\/div>\n\n\n<div class=\"accordion rounded-10 overflow-hidden mb-4\">\n  <div class=\"accordion-header flex items-center justify-between cursor-pointer text-white\n              pl-7 pr-9 py-5\n              bg-gradient-to-r from-primary\/25 via-purple\/25 to-green\/25\"\n       >\n    <div class=\"flex items-center justify-between gap-6\">\n                    <div>\n          <h4 class=\"mb-2\">Qui\u00e9n debe tomarlo<\/h4>\n          <p><\/p>\n        <\/div>\n          <\/div>\n    <img decoding=\"async\" loading=\"lazy\" src=\"https:\/\/www.centreon.com\/wp-content\/themes\/centreon\/public\/images\/ChevronBlancBas.6838d9.svg\" alt=\"Chevron blanc\" class=\"transform transition-transform rotate-0 w-3.5\">\n  <\/div>\n  <div class=\"overflow-hidden transition-all duration-300 bg-white text-dark\n              max-h-0\">\n    <div class=\"p-9\">\n      \n\n<ul class=\"wp-block-list\">\n<li>Gestores de aplicaciones, administradores, ingenieros de sistemas, responsables de monitorizaci\u00f3n<\/li>\n\n\n\n<li>Cualquier perfil que busque competencias en Centreon Business Edition.<\/li>\n<\/ul>\n\n\n    <\/div>\n  <\/div>\n<\/div>\n\n\n<div class=\"accordion rounded-10 overflow-hidden mb-4\">\n  <div class=\"accordion-header flex items-center justify-between cursor-pointer text-white\n              pl-7 pr-9 py-5\n              bg-gradient-to-r from-primary\/25 via-purple\/25 to-green\/25\"\n       >\n    <div class=\"flex items-center justify-between gap-6\">\n                    <div>\n          <h4 class=\"mb-2\">C\u00f3mo aprender\u00e1<\/h4>\n          <p><\/p>\n        <\/div>\n          <\/div>\n    <img decoding=\"async\" loading=\"lazy\" src=\"https:\/\/www.centreon.com\/wp-content\/themes\/centreon\/public\/images\/ChevronBlancBas.6838d9.svg\" alt=\"Chevron blanc\" class=\"transform transition-transform rotate-0 w-3.5\">\n  <\/div>\n  <div class=\"overflow-hidden transition-all duration-300 bg-white text-dark\n              max-h-0\">\n    <div class=\"p-9\">\n      \n\n<ul class=\"wp-block-list\">\n<li><strong>100% eLearning:<\/strong> 30 d\u00edas de eLearning a su propio ritmo utilizando una m\u00e1quina virtual totalmente equipada, tutoriales y cuestionarios, junto con un tutor especializado<\/li>\n\n\n\n<li><strong>Aprendizaje combinado:<\/strong>\n<ul class=\"wp-block-list\">\n<li>30 d\u00edas de aprendizaje electr\u00f3nico a su propio ritmo utilizando una m\u00e1quina virtual totalmente equipada, tutoriales y cuestionarios, junto con un tutor especializado<\/li>\n\n\n\n<li>3 d\u00edas de formaci\u00f3n presencial con un experto de Centreon para ejercicios pr\u00e1cticos y preguntas y respuestas<\/li>\n<\/ul>\n<\/li>\n<\/ul>\n\n\n    <\/div>\n  <\/div>\n<\/div>\n\n\n<div class=\"accordion rounded-10 overflow-hidden mb-4\">\n  <div class=\"accordion-header flex items-center justify-between cursor-pointer text-white\n              pl-7 pr-9 py-5\n              bg-gradient-to-r from-primary\/25 via-purple\/25 to-green\/25\"\n       >\n    <div class=\"flex items-center justify-between gap-6\">\n                    <div>\n          <h4 class=\"mb-2\">Inscripci\u00f3n<\/h4>\n          <p><\/p>\n        <\/div>\n          <\/div>\n    <img decoding=\"async\" loading=\"lazy\" src=\"https:\/\/www.centreon.com\/wp-content\/themes\/centreon\/public\/images\/ChevronBlancBas.6838d9.svg\" alt=\"Chevron blanc\" class=\"transform transition-transform rotate-0 w-3.5\">\n  <\/div>\n  <div class=\"overflow-hidden transition-all duration-300 bg-white text-dark\n              max-h-0\">\n    <div class=\"p-9\">\n      \n\n<ul class=\"wp-block-list\">\n<li>100% eLearning: Rellene el formulario de contacto para solicitar un presupuesto<\/li>\n\n\n\n<li>Aprendizaje semipresencial: P\u00f3ngase en contacto con nosotros para conocer las fechas de las pr\u00f3ximas sesiones.<\/li>\n\n\n\n<li>Sesiones On-premise: P\u00f3ngase en contacto con nosotros para programarlas.<\/li>\n<\/ul>\n\n\n    <\/div>\n  <\/div>\n<\/div>\n\n\n\n<div style=\"height:40px\" aria-hidden=\"true\" class=\"wp-block-spacer\"><\/div>\n\n\n\n<h3 class=\"wp-block-heading has-white-color has-text-color\">Detalles del programa<\/h3>\n\n\n<div class=\"accordion rounded-10 overflow-hidden mb-4\">\n  <div class=\"accordion-header flex items-center justify-between cursor-pointer text-white\n              pl-7 pr-9 py-5\n              bg-gradient-to-r from-primary\/25 via-purple\/25 to-green\/25\"\n       >\n    <div class=\"flex items-center justify-between gap-6\">\n                    <div>\n          <h4 class=\"mb-2\">Implantar y organizar la monitorizaci\u00f3n<\/h4>\n          <p><\/p>\n        <\/div>\n          <\/div>\n    <img decoding=\"async\" loading=\"lazy\" src=\"https:\/\/www.centreon.com\/wp-content\/themes\/centreon\/public\/images\/ChevronBlancBas.6838d9.svg\" alt=\"Chevron blanc\" class=\"transform transition-transform rotate-0 w-3.5\">\n  <\/div>\n  <div class=\"overflow-hidden transition-all duration-300 bg-white text-dark\n              max-h-0\">\n    <div class=\"p-9\">\n      \n\n<ul class=\"wp-block-list\">\n<li>Monitorizaci\u00f3n de un sistema: hardware, aplicaciones<\/li>\n\n\n\n<li>Etiquetado y organizaci\u00f3n: grupos y categor\u00edas<\/li>\n<\/ul>\n\n\n    <\/div>\n  <\/div>\n<\/div>\n\n\n<div class=\"accordion rounded-10 overflow-hidden mb-4\">\n  <div class=\"accordion-header flex items-center justify-between cursor-pointer text-white\n              pl-7 pr-9 py-5\n              bg-gradient-to-r from-primary\/25 via-purple\/25 to-green\/25\"\n       >\n    <div class=\"flex items-center justify-between gap-6\">\n                    <div>\n          <h4 class=\"mb-2\">Identificar indicadores estrat\u00e9gicos (KPIs)<\/h4>\n          <p><\/p>\n        <\/div>\n          <\/div>\n    <img decoding=\"async\" loading=\"lazy\" src=\"https:\/\/www.centreon.com\/wp-content\/themes\/centreon\/public\/images\/ChevronBlancBas.6838d9.svg\" alt=\"Chevron blanc\" class=\"transform transition-transform rotate-0 w-3.5\">\n  <\/div>\n  <div class=\"overflow-hidden transition-all duration-300 bg-white text-dark\n              max-h-0\">\n    <div class=\"p-9\">\n      \n\n<ul class=\"wp-block-list\">\n<li>Diferenciar los niveles de medici\u00f3n y de servicio<\/li>\n\n\n\n<li>Comprender qu\u00e9 indicadores son KPIs<\/li>\n\n\n\n<li>Comprender las aplicaciones t\u00e9cnicas<\/li>\n\n\n\n<li>Organizaci\u00f3n de la monitorizaci\u00f3n de la aplicaci\u00f3n para una representaci\u00f3n \u00f3ptima de cada m\u00f3dulo<\/li>\n<\/ul>\n\n\n    <\/div>\n  <\/div>\n<\/div>\n\n\n<div class=\"accordion rounded-10 overflow-hidden mb-4\">\n  <div class=\"accordion-header flex items-center justify-between cursor-pointer text-white\n              pl-7 pr-9 py-5\n              bg-gradient-to-r from-primary\/25 via-purple\/25 to-green\/25\"\n       >\n    <div class=\"flex items-center justify-between gap-6\">\n                    <div>\n          <h4 class=\"mb-2\">Transforme sus m\u00e9tricas en aplicaciones, cuadros de mando e informes<\/h4>\n          <p><\/p>\n        <\/div>\n          <\/div>\n    <img decoding=\"async\" loading=\"lazy\" src=\"https:\/\/www.centreon.com\/wp-content\/themes\/centreon\/public\/images\/ChevronBlancBas.6838d9.svg\" alt=\"Chevron blanc\" class=\"transform transition-transform rotate-0 w-3.5\">\n  <\/div>\n  <div class=\"overflow-hidden transition-all duration-300 bg-white text-dark\n              max-h-0\">\n    <div class=\"p-9\">\n      \n\n<ul class=\"wp-block-list\">\n<li>Creaci\u00f3n de aplicaciones<\/li>\n\n\n\n<li>Saber qu\u00e9 objetos utilizar en los cuadros de mando<\/li>\n\n\n\n<li>Adaptar las aplicaciones al p\u00fablico destinatario<\/li>\n\n\n\n<li>Pensar de forma transversal sobre la aplicaci\u00f3n a trav\u00e9s de la funcionalidad de Centreon Business Edition<\/li>\n\n\n\n<li>Comprender los perfiles de los usuarios, los niveles de informaci\u00f3n, etc.<\/li>\n\n\n\n<li>Dise\u00f1ar un mapa utilizando las buenas pr\u00e1cticas del desarrollador<\/li>\n\n\n\n<li>Compartir resultados<\/li>\n<\/ul>\n\n\n    <\/div>\n  <\/div>\n<\/div>\n\n\n\n<div style=\"height:40px\" aria-hidden=\"true\" class=\"wp-block-spacer\"><\/div>\n\n\n\n<h3 class=\"wp-block-heading has-white-color has-text-color\">Pr\u00f3ximas sesiones &#8211; Blended Learning<\/h3>\n\n\n\n<p><strong>Prerrequisito: programa eLearning que debe completarse antes del curso presencial.<\/strong><\/p>\n\n\n\n<p>P\u00f3ngase en contacto con nosotros para conocer las fechas de las pr\u00f3ximas sesiones<\/p>\n<\/div>\n<\/div>\n\n\n\n<div class=\"wp-block-columns has-white-background-color has-background is-layout-flex wp-container-core-columns-is-layout-28f84493 wp-block-columns-is-layout-flex\">\n<div class=\"wp-block-column is-layout-flow wp-block-column-is-layout-flow\" style=\"padding-bottom:var(--wp--preset--spacing--70)\">\n<h2 class=\"wp-block-heading\">Solicitud de formaci\u00f3n<\/h2>\n\n\n\n<div style=\"height:40px\" aria-hidden=\"true\" class=\"wp-block-spacer\"><\/div>\n\n\n\n<script charset=\"utf-8\" type=\"text\/javascript\" src=\"\/\/js-eu1.hsforms.net\/forms\/embed\/v2.js\"><\/script>\n<script>\n  hbspt.forms.create({\n    region: \"eu1\",\n    portalId: \"26072647\",\n    formId: \"5c484752-e1de-4fda-b09c-7f85b326b82d\",\n    sfdcCampaignId: \"701080000004IlIAAU\"\n  });\n<\/script>\n<\/div>\n<\/div>\n\n\n\n<div class=\"wp-block-columns are-vertically-aligned-center has-white-color has-primary-background-color has-text-color has-background is-layout-flex wp-container-core-columns-is-layout-0e0088bb wp-block-columns-is-layout-flex\" style=\"padding-top:30px;padding-bottom:30px\">\n<div class=\"wp-block-column is-vertically-aligned-center is-layout-flow wp-block-column-is-layout-flow\">\n<p class=\"has-2-xl-font-size\">Mant\u00e9ngase informado de nuestras \u00faltimas noticias<\/p>\n<\/div>\n\n\n\n<div class=\"wp-block-column is-vertically-aligned-center is-layout-flow wp-block-column-is-layout-flow\"><div class=\"newsletter-form w-full\">\n  <form class=\"w-full\">\n    <div class=\"w-full flex items-center bg-white\/20 text-white rounded-10 px-4 text-lg\">\n      <input type=\"email\" name=\"email\" placeholder=\"Introduzca su direcci\u00f3n de correo electr\u00f3nic\"\n             class=\"w-full text-light h-8 pl-0 appearance-none bg-transparent rounded-none placeholder-white autofill:bg-transparent focus:outline-none\" required>\n      <button type=\"submit\" class=\"cursor-pointer appearance-none pl-4 py-3 shrink-0\" aria-label=\"Buscar\">\n        Suscr\u00edbase      <\/button>\n    <\/div>\n  <\/form>\n  <div class=\"alert-success bg-white bg-opacity-20 text-white px-4 py-3 rounded-10\" style=\"display:none\">\n    Thank you for your subscription.  <\/div>\n<\/div>\n<\/div>\n<\/div>\n","protected":false},"excerpt":{"rendered":"<p>Lead Business Aproveche la monitorizaci\u00f3n de TI adaptada a la empresa Cree cuadros de mando e informes detallados sobre infraestructuras y aplicaciones cr\u00edticas para una monitorizaci\u00f3n orientada al negocio que correlacione las TI con los&nbsp;&#8230;<\/p>\n","protected":false},"author":2,"featured_media":0,"parent":32990,"menu_order":0,"comment_status":"closed","ping_status":"closed","template":"","meta":{"_acf_changed":false,"footnotes":""},"class_list":["post-33153","page","type-page","status-publish","hentry"],"acf":[],"yoast_head":"<!-- This site is optimized with the Yoast SEO plugin v26.6 - https:\/\/yoast.com\/wordpress\/plugins\/seo\/ -->\n<title>Lead Business Training | Academia de Monitorizaci\u00f3n Centreon<\/title>\n<meta name=\"description\" content=\"El curso de formaci\u00f3n Lead Business de la Academia de Monitorizaci\u00f3n Centreon le ense\u00f1a a sacar el m\u00e1ximo partido a nuestra plataforma.\" \/>\n<meta name=\"robots\" content=\"index, follow, max-snippet:-1, max-image-preview:large, max-video-preview:-1\" \/>\n<link rel=\"canonical\" href=\"https:\/\/www.centreon.com\/es\/servicios\/centreon-monitoring-academy\/lead-business\/\" \/>\n<meta property=\"og:locale\" content=\"es_ES\" \/>\n<meta property=\"og:type\" content=\"article\" \/>\n<meta property=\"og:title\" content=\"Lead Business Training | Academia de Monitorizaci\u00f3n Centreon\" \/>\n<meta property=\"og:description\" content=\"El curso de formaci\u00f3n Lead Business de la Academia de Monitorizaci\u00f3n Centreon le ense\u00f1a a sacar el m\u00e1ximo partido a nuestra plataforma.\" \/>\n<meta property=\"og:url\" content=\"https:\/\/www.centreon.com\/es\/servicios\/centreon-monitoring-academy\/lead-business\/\" \/>\n<meta property=\"og:site_name\" content=\"Centreon\" \/>\n<meta property=\"article:publisher\" content=\"https:\/\/www.facebook.com\/CentreonMonitoring\/\" \/>\n<meta property=\"article:modified_time\" content=\"2024-01-11T10:50:28+00:00\" \/>\n<meta property=\"og:image\" content=\"https:\/\/www.centreon.com\/uploads\/2023\/11\/Vertical_Original.png\" \/>\n\t<meta property=\"og:image:width\" content=\"1076\" \/>\n\t<meta property=\"og:image:height\" content=\"556\" \/>\n\t<meta property=\"og:image:type\" content=\"image\/png\" \/>\n<meta name=\"twitter:card\" content=\"summary_large_image\" \/>\n<meta name=\"twitter:site\" content=\"@CentreonFR\" \/>\n<meta name=\"twitter:label1\" content=\"Est. reading time\" \/>\n\t<meta name=\"twitter:data1\" content=\"2 minutes\" \/>\n<script type=\"application\/ld+json\" class=\"yoast-schema-graph\">{\"@context\":\"https:\/\/schema.org\",\"@graph\":[{\"@type\":\"WebPage\",\"@id\":\"https:\/\/www.centreon.com\/es\/servicios\/centreon-monitoring-academy\/lead-business\/\",\"url\":\"https:\/\/www.centreon.com\/es\/servicios\/centreon-monitoring-academy\/lead-business\/\",\"name\":\"Lead Business Training | Academia de Monitorizaci\u00f3n Centreon\",\"isPartOf\":{\"@id\":\"https:\/\/www.centreon.com\/es\/#website\"},\"datePublished\":\"2022-11-14T11:10:34+00:00\",\"dateModified\":\"2024-01-11T10:50:28+00:00\",\"description\":\"El curso de formaci\u00f3n Lead Business de la Academia de Monitorizaci\u00f3n Centreon le ense\u00f1a a sacar el m\u00e1ximo partido a nuestra plataforma.\",\"breadcrumb\":{\"@id\":\"https:\/\/www.centreon.com\/es\/servicios\/centreon-monitoring-academy\/lead-business\/#breadcrumb\"},\"inLanguage\":\"es-ES\",\"potentialAction\":[{\"@type\":\"ReadAction\",\"target\":[\"https:\/\/www.centreon.com\/es\/servicios\/centreon-monitoring-academy\/lead-business\/\"]}]},{\"@type\":\"BreadcrumbList\",\"@id\":\"https:\/\/www.centreon.com\/es\/servicios\/centreon-monitoring-academy\/lead-business\/#breadcrumb\",\"itemListElement\":[{\"@type\":\"ListItem\",\"position\":1,\"name\":\"Home\",\"item\":\"https:\/\/www.centreon.com\/es\/\"},{\"@type\":\"ListItem\",\"position\":2,\"name\":\"Servicios\",\"item\":\"https:\/\/www.centreon.com\/es\/servicios\/\"},{\"@type\":\"ListItem\",\"position\":3,\"name\":\"Centreon Monitoring Academy\",\"item\":\"https:\/\/www.centreon.com\/es\/servicios\/centreon-monitoring-academy\/\"},{\"@type\":\"ListItem\",\"position\":4,\"name\":\"Lead Business\"}]},{\"@type\":\"WebSite\",\"@id\":\"https:\/\/www.centreon.com\/es\/#website\",\"url\":\"https:\/\/www.centreon.com\/es\/\",\"name\":\"Centreon\",\"description\":\"Best-in-Class Hybrid IT Monitoring for Enterprise, MSP &amp; IoT\",\"publisher\":{\"@id\":\"https:\/\/www.centreon.com\/es\/#organization\"},\"potentialAction\":[{\"@type\":\"SearchAction\",\"target\":{\"@type\":\"EntryPoint\",\"urlTemplate\":\"https:\/\/www.centreon.com\/es\/?s={search_term_string}\"},\"query-input\":{\"@type\":\"PropertyValueSpecification\",\"valueRequired\":true,\"valueName\":\"search_term_string\"}}],\"inLanguage\":\"es-ES\"},{\"@type\":\"Organization\",\"@id\":\"https:\/\/www.centreon.com\/es\/#organization\",\"name\":\"Centreon\",\"url\":\"https:\/\/www.centreon.com\/es\/\",\"logo\":{\"@type\":\"ImageObject\",\"inLanguage\":\"es-ES\",\"@id\":\"https:\/\/www.centreon.com\/es\/#\/schema\/logo\/image\/\",\"url\":\"https:\/\/www.centreon.com\/wp-content\/uploads\/2023\/07\/Logo_Centreon_Email_Signature_light_02.png\",\"contentUrl\":\"https:\/\/www.centreon.com\/wp-content\/uploads\/2023\/07\/Logo_Centreon_Email_Signature_light_02.png\",\"width\":180,\"height\":42,\"caption\":\"Centreon\"},\"image\":{\"@id\":\"https:\/\/www.centreon.com\/es\/#\/schema\/logo\/image\/\"},\"sameAs\":[\"https:\/\/www.facebook.com\/CentreonMonitoring\/\",\"https:\/\/x.com\/CentreonFR\",\"https:\/\/www.linkedin.com\/company\/centreonsoftware\/\",\"https:\/\/www.youtube.com\/channel\/UCIKJKvZ8acLmEg2fCdDzsvA\",\"https:\/\/fr.wikipedia.org\/wiki\/Centreon\"]}]}<\/script>\n<!-- \/ Yoast SEO plugin. -->","yoast_head_json":{"title":"Lead Business Training | Academia de Monitorizaci\u00f3n Centreon","description":"El curso de formaci\u00f3n Lead Business de la Academia de Monitorizaci\u00f3n Centreon le ense\u00f1a a sacar el m\u00e1ximo partido a nuestra plataforma.","robots":{"index":"index","follow":"follow","max-snippet":"max-snippet:-1","max-image-preview":"max-image-preview:large","max-video-preview":"max-video-preview:-1"},"canonical":"https:\/\/www.centreon.com\/es\/servicios\/centreon-monitoring-academy\/lead-business\/","og_locale":"es_ES","og_type":"article","og_title":"Lead Business Training | Academia de Monitorizaci\u00f3n Centreon","og_description":"El curso de formaci\u00f3n Lead Business de la Academia de Monitorizaci\u00f3n Centreon le ense\u00f1a a sacar el m\u00e1ximo partido a nuestra plataforma.","og_url":"https:\/\/www.centreon.com\/es\/servicios\/centreon-monitoring-academy\/lead-business\/","og_site_name":"Centreon","article_publisher":"https:\/\/www.facebook.com\/CentreonMonitoring\/","article_modified_time":"2024-01-11T10:50:28+00:00","og_image":[{"width":1076,"height":556,"url":"https:\/\/www.centreon.com\/uploads\/2023\/11\/Vertical_Original.png","type":"image\/png"}],"twitter_card":"summary_large_image","twitter_site":"@CentreonFR","twitter_misc":{"Est. reading time":"2 minutes"},"schema":{"@context":"https:\/\/schema.org","@graph":[{"@type":"WebPage","@id":"https:\/\/www.centreon.com\/es\/servicios\/centreon-monitoring-academy\/lead-business\/","url":"https:\/\/www.centreon.com\/es\/servicios\/centreon-monitoring-academy\/lead-business\/","name":"Lead Business Training | Academia de Monitorizaci\u00f3n Centreon","isPartOf":{"@id":"https:\/\/www.centreon.com\/es\/#website"},"datePublished":"2022-11-14T11:10:34+00:00","dateModified":"2024-01-11T10:50:28+00:00","description":"El curso de formaci\u00f3n Lead Business de la Academia de Monitorizaci\u00f3n Centreon le ense\u00f1a a sacar el m\u00e1ximo partido a nuestra plataforma.","breadcrumb":{"@id":"https:\/\/www.centreon.com\/es\/servicios\/centreon-monitoring-academy\/lead-business\/#breadcrumb"},"inLanguage":"es-ES","potentialAction":[{"@type":"ReadAction","target":["https:\/\/www.centreon.com\/es\/servicios\/centreon-monitoring-academy\/lead-business\/"]}]},{"@type":"BreadcrumbList","@id":"https:\/\/www.centreon.com\/es\/servicios\/centreon-monitoring-academy\/lead-business\/#breadcrumb","itemListElement":[{"@type":"ListItem","position":1,"name":"Home","item":"https:\/\/www.centreon.com\/es\/"},{"@type":"ListItem","position":2,"name":"Servicios","item":"https:\/\/www.centreon.com\/es\/servicios\/"},{"@type":"ListItem","position":3,"name":"Centreon Monitoring Academy","item":"https:\/\/www.centreon.com\/es\/servicios\/centreon-monitoring-academy\/"},{"@type":"ListItem","position":4,"name":"Lead Business"}]},{"@type":"WebSite","@id":"https:\/\/www.centreon.com\/es\/#website","url":"https:\/\/www.centreon.com\/es\/","name":"Centreon","description":"Best-in-Class Hybrid IT Monitoring for Enterprise, MSP &amp; IoT","publisher":{"@id":"https:\/\/www.centreon.com\/es\/#organization"},"potentialAction":[{"@type":"SearchAction","target":{"@type":"EntryPoint","urlTemplate":"https:\/\/www.centreon.com\/es\/?s={search_term_string}"},"query-input":{"@type":"PropertyValueSpecification","valueRequired":true,"valueName":"search_term_string"}}],"inLanguage":"es-ES"},{"@type":"Organization","@id":"https:\/\/www.centreon.com\/es\/#organization","name":"Centreon","url":"https:\/\/www.centreon.com\/es\/","logo":{"@type":"ImageObject","inLanguage":"es-ES","@id":"https:\/\/www.centreon.com\/es\/#\/schema\/logo\/image\/","url":"https:\/\/www.centreon.com\/wp-content\/uploads\/2023\/07\/Logo_Centreon_Email_Signature_light_02.png","contentUrl":"https:\/\/www.centreon.com\/wp-content\/uploads\/2023\/07\/Logo_Centreon_Email_Signature_light_02.png","width":180,"height":42,"caption":"Centreon"},"image":{"@id":"https:\/\/www.centreon.com\/es\/#\/schema\/logo\/image\/"},"sameAs":["https:\/\/www.facebook.com\/CentreonMonitoring\/","https:\/\/x.com\/CentreonFR","https:\/\/www.linkedin.com\/company\/centreonsoftware\/","https:\/\/www.youtube.com\/channel\/UCIKJKvZ8acLmEg2fCdDzsvA","https:\/\/fr.wikipedia.org\/wiki\/Centreon"]}]}},"_links":{"self":[{"href":"https:\/\/www.centreon.com\/es\/wp-json\/wp\/v2\/pages\/33153","targetHints":{"allow":["GET"]}}],"collection":[{"href":"https:\/\/www.centreon.com\/es\/wp-json\/wp\/v2\/pages"}],"about":[{"href":"https:\/\/www.centreon.com\/es\/wp-json\/wp\/v2\/types\/page"}],"author":[{"embeddable":true,"href":"https:\/\/www.centreon.com\/es\/wp-json\/wp\/v2\/users\/2"}],"replies":[{"embeddable":true,"href":"https:\/\/www.centreon.com\/es\/wp-json\/wp\/v2\/comments?post=33153"}],"version-history":[{"count":4,"href":"https:\/\/www.centreon.com\/es\/wp-json\/wp\/v2\/pages\/33153\/revisions"}],"predecessor-version":[{"id":34505,"href":"https:\/\/www.centreon.com\/es\/wp-json\/wp\/v2\/pages\/33153\/revisions\/34505"}],"up":[{"embeddable":true,"href":"https:\/\/www.centreon.com\/es\/wp-json\/wp\/v2\/pages\/32990"}],"wp:attachment":[{"href":"https:\/\/www.centreon.com\/es\/wp-json\/wp\/v2\/media?parent=33153"}],"curies":[{"name":"wp","href":"https:\/\/api.w.org\/{rel}","templated":true}]}}