{"id":32990,"date":"2022-10-25T12:31:28","date_gmt":"2022-10-25T10:31:28","guid":{"rendered":"https:\/\/www.centreon.com\/servicios\/centreon-monitoring-academy\/"},"modified":"2025-11-06T14:37:35","modified_gmt":"2025-11-06T13:37:35","slug":"centreon-monitoring-academy","status":"publish","type":"page","link":"https:\/\/www.centreon.com\/es\/servicios\/centreon-monitoring-academy\/","title":{"rendered":"Centreon Monitoring Academy"},"content":{"rendered":"\n<div class=\"wp-block-columns has-gradient-10-gradient-background has-background is-layout-flex wp-container-core-columns-is-layout-a7e814ea wp-block-columns-is-layout-flex\" style=\"padding-top:100px;padding-bottom:80px\">\n<div class=\"wp-block-column is-layout-flow wp-block-column-is-layout-flow\">\n<div class=\"wp-block-columns is-layout-flex wp-container-core-columns-is-layout-28f84493 wp-block-columns-is-layout-flex\">\n<div class=\"wp-block-column is-layout-flow wp-block-column-is-layout-flow\">\n<h1 class=\"wp-block-heading\">Formaci\u00f3n<\/h1>\n<\/div>\n<\/div>\n<\/div>\n<\/div>\n\n\n\n<div class=\"wp-block-columns has-white-color has-dark-background-color has-text-color has-background is-layout-flex wp-container-core-columns-is-layout-4bfa5c6b wp-block-columns-is-layout-flex\" style=\"padding-top:9px;padding-bottom:9px\">\n<div class=\"wp-block-column is-layout-flow wp-block-column-is-layout-flow\" style=\"flex-basis:100%\"><div class=\"yoast-breadcrumbs\"><span><span><a href=\"https:\/\/www.centreon.com\/es\/\"><span class=\"breadcrumb-home\"><span class=\"hidden\">Home<\/span><\/span><\/a><\/span> <span class=\"breadcrumb-separator\"><\/span> <span><a href=\"https:\/\/www.centreon.com\/es\/servicios\/\">Servicios<\/a><\/span> <span class=\"breadcrumb-separator\"><\/span> <span class=\"breadcrumb_last\" aria-current=\"page\">Centreon Monitoring Academy<\/span><\/span><\/div><\/div>\n<\/div>\n\n\n\n<div class=\"wp-block-columns has-white-background-color has-background is-layout-flex wp-container-core-columns-is-layout-28f84493 wp-block-columns-is-layout-flex\">\n<div class=\"wp-block-column has-white-color has-dark-background-color has-text-color has-background is-layout-flow wp-block-column-is-layout-flow\" style=\"padding-top:0;padding-right:0;padding-bottom:0;padding-left:0\">\n<p class=\"has-2-xl-font-size\" style=\"padding-top:var(--wp--preset--spacing--70);padding-right:var(--wp--preset--spacing--70);padding-bottom:var(--wp--preset--spacing--70);padding-left:var(--wp--preset--spacing--70)\"><strong>Convencidos de que la formaci\u00f3n es el punto de partida para llevar a nuestros clientes al \u00e9xito, Centreon, a trav\u00e9s de su organizaci\u00f3n de formaci\u00f3n certificada Datadock, despliega y ofrece un servicio de formaci\u00f3n inicial y continua para garantizar que sus competencias se desarrollan en consonancia con el despliegue de su soluci\u00f3n en su empresa.<\/strong><\/p>\n<\/div>\n<\/div>\n\n\n\n<div class=\"wp-block-columns has-white-background-color has-background is-layout-flex wp-container-core-columns-is-layout-70457ddf wp-block-columns-is-layout-flex\" style=\"padding-top:0px\">\n<div class=\"wp-block-column is-layout-flow wp-block-column-is-layout-flow\">\n<h2 class=\"wp-block-heading has-primary-color has-text-color has-3-xl-font-size\"><strong>Siga la formaci\u00f3n a su ritmo<\/strong><\/h2>\n\n\n\n<p>Gracias a nuestra formaci\u00f3n e-learning, podr\u00e1 formarse a su propio ritmo y seg\u00fan sus necesidades.<\/p>\n\n\n\n<div style=\"height:40px\" aria-hidden=\"true\" class=\"wp-block-spacer\"><\/div>\n\n\n\n<h2 class=\"wp-block-heading has-primary-color has-text-color has-3-xl-font-size\"><strong>Mejora de las habilidades de acuerdo con el uso de su soluci\u00f3n.<\/strong><\/h2>\n\n\n\n<p>Ofrecemos formaci\u00f3n por perfiles: operadores, administradores y expertos. As\u00ed, podr\u00e1 seleccionar el curso que mejor se adapte a su uso. Si hoy es operador, realice el curso de formaci\u00f3n para operadores; si es administrador, complete sus conocimientos con el curso de formaci\u00f3n para administradores.   <\/p>\n\n\n\n<p>Puede estar seguro de que se le formar\u00e1 en funci\u00f3n de la evoluci\u00f3n de sus usos.<\/p>\n<\/div>\n\n\n\n<div class=\"wp-block-column is-layout-flow wp-block-column-is-layout-flow\" style=\"flex-basis:5%\"><\/div>\n\n\n\n<div class=\"wp-block-column is-layout-flow wp-block-column-is-layout-flow\">\n<h2 class=\"wp-block-heading has-primary-color has-text-color has-3-xl-font-size\">La pr\u00e1ctica hace al maestro<\/h2>\n\n\n\n<p>Tras la formaci\u00f3n te\u00f3rica, nuestros equipos le ofrecen una plataforma de aprendizaje para poner en pr\u00e1ctica lo expuesto durante la formaci\u00f3n. As\u00ed podr\u00e1 poner a prueba sus competencias y validar sus conocimientos mediante ejercicios pr\u00e1cticos. <\/p>\n\n\n\n<div style=\"height:40px\" aria-hidden=\"true\" class=\"wp-block-spacer\"><\/div>\n\n\n\n<h2 class=\"wp-block-heading has-primary-color has-text-color has-3-xl-font-size\"><strong>Centro de formaci\u00f3n certificado<\/strong><\/h2>\n\n\n\n<p>Como organizaci\u00f3n de centros de formaci\u00f3n, Centreon ofrece todos los m\u00e9todos y cursos para formar a sus clientes: interempresa, intraempresa, e-learning y formaci\u00f3n semipresencial. Cu\u00e9ntenos sus necesidades y encontraremos la soluci\u00f3n m\u00e1s adecuada para usted. <\/p>\n<\/div>\n<\/div>\n\n\n\n<div class=\"wp-block-columns has-gradient-10-gradient-background has-background is-layout-flex wp-container-core-columns-is-layout-28f84493 wp-block-columns-is-layout-flex\">\n<div class=\"wp-block-column is-layout-flow wp-block-column-is-layout-flow\">\n<p><kbd><mark style=\"background-color:#0000dd\" class=\"has-inline-color has-white-color\">PROGRAMAS DE FORMACI\u00d3N CENTREON<\/mark><\/kbd><\/p>\n\n\n\n<h2 class=\"wp-block-heading\">Nuestros programas de formaci\u00f3n<\/h2>\n\n\n\n<div class=\"wp-block-columns is-layout-flex wp-container-core-columns-is-layout-1fe1f53f wp-block-columns-is-layout-flex\" style=\"padding-top:20px;padding-bottom:20px\">\n<div class=\"wp-block-column is-layout-flow wp-block-column-is-layout-flow\"><div class=\"rounded-20 p-6 flex flex-col relative clickable-card font-semibold h-full justify-between min-h-[160px]\n              text-auto\">\n    <a href=\"https:\/\/www.centreon.com\/es\/servicios\/centreon-monitoring-academy\/lead-it\/\"\n       target=\"_self\"\n       class=\"absolute inset-0\"><\/a>\n\n    LEAD IT &#8211; Master en Monitorizaci\u00f3n de Infraestructura de TI\n\n    <a href=\"https:\/\/www.centreon.com\/es\/servicios\/centreon-monitoring-academy\/lead-it\/\"\n      target=\"_self\"\n      class=\"wp-block-button__link square-btn w-12 h-12 !px-0 !py-0 mt-8\n             standard-btn\n             self-end\">\n    <\/a>\n  <\/div>\n\n<\/div>\n\n\n\n<div class=\"wp-block-column is-layout-flow wp-block-column-is-layout-flow\"><div class=\"rounded-20 p-6 flex flex-col relative clickable-card font-semibold h-full justify-between min-h-[160px]\n              text-auto\">\n    <a href=\"https:\/\/www.centreon.com\/es\/servicios\/centreon-monitoring-academy\/lead-business\/\"\n       target=\"_self\"\n       class=\"absolute inset-0\"><\/a>\n\n    LEAD Business &#8211; Aprovechar la monitorizaci\u00f3n de TI adaptada a la empresa\n\n    <a href=\"https:\/\/www.centreon.com\/es\/servicios\/centreon-monitoring-academy\/lead-business\/\"\n      target=\"_self\"\n      class=\"wp-block-button__link square-btn w-12 h-12 !px-0 !py-0 mt-8\n             standard-btn\n             self-end\">\n    <\/a>\n  <\/div>\n\n<\/div>\n\n\n\n<div class=\"wp-block-column is-layout-flow wp-block-column-is-layout-flow\"><div class=\"rounded-20 p-6 flex flex-col relative clickable-card font-semibold h-full justify-between min-h-[160px]\n              text-auto\">\n    <a href=\"https:\/\/www.centreon.com\/es\/servicios\/centreon-monitoring-academy\/certificacion-de-aliado\/\"\n       target=\"_self\"\n       class=\"absolute inset-0\"><\/a>\n\n    Certificaci\u00f3n Partner Centreon Business Edition (certificaci\u00f3n inicial)\n\n    <a href=\"https:\/\/www.centreon.com\/es\/servicios\/centreon-monitoring-academy\/certificacion-de-aliado\/\"\n      target=\"_self\"\n      class=\"wp-block-button__link square-btn w-12 h-12 !px-0 !py-0 mt-8\n             standard-btn\n             self-end\">\n    <\/a>\n  <\/div>\n\n<\/div>\n<\/div>\n<\/div>\n<\/div>\n\n\n<div class=\"relative\">\n  <div class=\"absolute w-screen h-full transform -translate-x-1\/2 left-1\/2 top-0 z-0 bg-dark\"><\/div>\n        <svg class=\"pointer-events-none hidden lg:block absolute w-screen transform -translate-x-1\/2 left-1\/2 top-1\/2 z-1 -translate-y-1\/2\"\n    xmlns=\"http:\/\/www.w3.org\/2000\/svg\" xmlns:xlink=\"http:\/\/www.w3.org\/1999\/xlink\" viewBox=\"0 0 1440 752\">\n    <defs>\n        <linearGradient id=\"bg-wave-08\" x1=\"-9447.65\" y1=\"8697.78\" x2=\"-8095.36\" y2=\"8697.78\"\n            gradientTransform=\"translate(-6338.07 4212.44) rotate(135) scale(.91 -.28)\" gradientUnits=\"userSpaceOnUse\">\n            <stop offset=\"0\" stop-color=\"#37d6ae\" \/>\n            <stop offset=\".54\" stop-color=\"#c26cf7\" \/>\n            <stop offset=\"1\" stop-color=\"#00d\" \/>\n        <\/linearGradient>\n    <\/defs>\n    <path class=\"draw-me to-animate\" fill=\"none\" stroke=\"url(#bg-wave-08)\" stroke-width=\"24\" stroke-linecap=\"round\" stroke-miterlimit=\"10\"\n        d=\"M501.02,647.02c246.98-257.02,473.81-122.2,688.98-246.02,161.95-101.02,170.06-322.86,303.5-466.16\" \/>\n<\/svg>\n    <div class=\"relative z-10 py-20\">\n    \n\n<div class=\"wp-block-columns has-white-color has-text-color is-layout-flex wp-container-core-columns-is-layout-701c2d95 wp-block-columns-is-layout-flex\" style=\"padding-top:var(--wp--preset--spacing--80);padding-bottom:var(--wp--preset--spacing--80)\">\n<div class=\"wp-block-column is-layout-flow wp-block-column-is-layout-flow\">\n<h2 class=\"wp-block-heading\">Certificaci\u00f3n LEAD para usuarios finales<\/h2>\n\n\n\n<p>Obtenga las credenciales oficiales que confirman sus conocimientos y experiencia en la gesti\u00f3n del entorno Centreon. Incluidas en ambos itinerarios de formaci\u00f3n (validez: 2 a\u00f1os). <\/p>\n\n\n\n<div style=\"height:20px\" aria-hidden=\"true\" class=\"wp-block-spacer\"><\/div>\n\n\n\n<p class=\"has-white-color has-text-color has-lg-font-size\">Para cualquier consulta, <a href=\"https:\/\/www.centreon.com\/es\/contacto\/\">p\u00f3ngase en contacto<\/a> con nosotros<\/p>\n<\/div>\n\n\n\n<div class=\"wp-block-column is-layout-flow wp-block-column-is-layout-flow\" style=\"flex-basis:5%\"><\/div>\n\n\n\n<div class=\"wp-block-column is-layout-flow wp-block-column-is-layout-flow\">\n<figure class=\"wp-block-image aligncenter size-full\"><img fetchpriority=\"low\" loading=\"lazy\" decoding=\"async\" width=\"512\" height=\"446\" src=\"https:\/\/www.centreon.com\/uploads\/2022\/10\/ImgCadreLEAD.png\" alt=\"\" class=\"wp-image-3043\" srcset=\"https:\/\/www.centreon.com\/uploads\/2022\/10\/ImgCadreLEAD.png 512w, https:\/\/www.centreon.com\/uploads\/2022\/10\/ImgCadreLEAD-300x261.png 300w\" sizes=\"auto, (max-width: 512px) 100vw, 512px\" \/><\/figure>\n<\/div>\n<\/div>\n\n\n  <\/div>\n<\/div>\n\n\n\n<div style=\"height:1px\" aria-hidden=\"true\" class=\"wp-block-spacer\"><\/div>\n\n\n\n<div class=\"wp-block-group is-layout-flow wp-block-group-is-layout-flow\">\n<div class=\"wp-block-columns are-vertically-aligned-center has-white-color has-dark-background-color has-text-color has-background is-layout-flex wp-container-core-columns-is-layout-0e0088bb wp-block-columns-is-layout-flex\" style=\"padding-top:30px;padding-bottom:30px\">\n<div class=\"wp-block-column is-vertically-aligned-center is-layout-flow wp-block-column-is-layout-flow\" style=\"flex-basis:60%\">\n<p class=\"has-2-xl-font-size\">\u00bfEst\u00e1 preparado para ver c\u00f3mo Centreon puede transformar su empresa?<\/p>\n<\/div>\n\n\n\n<div class=\"wp-block-column is-vertically-aligned-center is-layout-flow wp-block-column-is-layout-flow\">\n<div class=\"wp-block-buttons is-content-justification-right is-layout-flex wp-container-core-buttons-is-layout-d445cf74 wp-block-buttons-is-layout-flex\">\n<div class=\"wp-block-button\"><a class=\"wp-block-button__link has-dark-background-color has-background wp-element-button\" href=\"https:\/\/www.centreon.com\/es\/contacto\/\">P\u00f3ngase en contacto con nosotros<\/a><\/div>\n\n\n\n<div class=\"wp-block-button\"><a class=\"wp-block-button__link has-dark-background-color has-background wp-element-button\" href=\"\/es\/prueba-gratuita\/\">Prueba gratuita<\/a><\/div>\n<\/div>\n<\/div>\n<\/div>\n\n\n\n<div class=\"wp-block-columns are-vertically-aligned-center has-white-color has-primary-background-color has-text-color has-background is-layout-flex wp-container-core-columns-is-layout-0e0088bb wp-block-columns-is-layout-flex\" style=\"padding-top:30px;padding-bottom:30px\">\n<div class=\"wp-block-column is-vertically-aligned-center is-layout-flow wp-block-column-is-layout-flow\">\n<p class=\"has-2-xl-font-size\">Mant\u00e9ngase informado de nuestras \u00faltimas noticias<\/p>\n<\/div>\n\n\n\n<div class=\"wp-block-column is-vertically-aligned-center is-layout-flow wp-block-column-is-layout-flow\"><div class=\"newsletter-form w-full\">\n  <form class=\"w-full\">\n    <div class=\"w-full flex items-center bg-white\/20 text-white rounded-10 px-4 text-lg\">\n      <input type=\"email\" name=\"email\" placeholder=\"Introduzca su direcci\u00f3n de correo electr\u00f3nic\"\n             class=\"w-full text-light h-8 pl-0 appearance-none bg-transparent rounded-none placeholder-white autofill:bg-transparent focus:outline-none\" required>\n      <button type=\"submit\" class=\"cursor-pointer appearance-none pl-4 py-3 shrink-0\" aria-label=\"Buscar\">\n        Suscr\u00edbase      <\/button>\n    <\/div>\n  <\/form>\n  <div class=\"alert-success bg-white bg-opacity-20 text-white px-4 py-3 rounded-10\" style=\"display:none\">\n    Thank you for your subscription.  <\/div>\n<\/div>\n<\/div>\n<\/div>\n<\/div>\n","protected":false},"excerpt":{"rendered":"<p>Formaci\u00f3n Convencidos de que la formaci\u00f3n es el punto de partida para llevar a nuestros clientes al \u00e9xito, Centreon, a trav\u00e9s de su organizaci\u00f3n de formaci\u00f3n certificada Datadock, despliega y ofrece un servicio de formaci\u00f3n&nbsp;&#8230;<\/p>\n","protected":false},"author":2,"featured_media":0,"parent":32981,"menu_order":3,"comment_status":"closed","ping_status":"closed","template":"","meta":{"_acf_changed":false,"footnotes":""},"class_list":["post-32990","page","type-page","status-publish","hentry"],"acf":[],"yoast_head":"<!-- This site is optimized with the Yoast SEO plugin v26.6 - https:\/\/yoast.com\/wordpress\/plugins\/seo\/ -->\n<title>Academia de Monitorizaci\u00f3n Centreon | Formaci\u00f3n<\/title>\n<meta name=\"description\" content=\"La Academia de Monitorizaci\u00f3n Centreon ofrece cursos de formaci\u00f3n y certificaciones para ayudarle a sacar el m\u00e1ximo de nuestro software.\" \/>\n<meta name=\"robots\" content=\"index, follow, max-snippet:-1, max-image-preview:large, max-video-preview:-1\" \/>\n<link rel=\"canonical\" href=\"https:\/\/www.centreon.com\/es\/servicios\/centreon-monitoring-academy\/\" \/>\n<meta property=\"og:locale\" content=\"es_ES\" \/>\n<meta property=\"og:type\" content=\"article\" \/>\n<meta property=\"og:title\" content=\"Academia de Monitorizaci\u00f3n Centreon | Formaci\u00f3n\" \/>\n<meta property=\"og:description\" content=\"La Academia de Monitorizaci\u00f3n Centreon ofrece cursos de formaci\u00f3n y certificaciones para ayudarle a sacar el m\u00e1ximo de nuestro software.\" \/>\n<meta property=\"og:url\" content=\"https:\/\/www.centreon.com\/es\/servicios\/centreon-monitoring-academy\/\" \/>\n<meta property=\"og:site_name\" content=\"Centreon\" \/>\n<meta property=\"article:publisher\" content=\"https:\/\/www.facebook.com\/CentreonMonitoring\/\" \/>\n<meta property=\"article:modified_time\" content=\"2025-11-06T13:37:35+00:00\" \/>\n<meta property=\"og:image\" content=\"https:\/\/www.centreon.com\/uploads\/2022\/10\/ImgCadreLEAD.png\" \/>\n\t<meta property=\"og:image:width\" content=\"512\" \/>\n\t<meta property=\"og:image:height\" content=\"446\" \/>\n\t<meta property=\"og:image:type\" content=\"image\/png\" \/>\n<meta name=\"twitter:card\" content=\"summary_large_image\" \/>\n<meta name=\"twitter:site\" content=\"@CentreonFR\" \/>\n<meta name=\"twitter:label1\" content=\"Est. reading time\" \/>\n\t<meta name=\"twitter:data1\" content=\"2 minutes\" \/>\n<script type=\"application\/ld+json\" class=\"yoast-schema-graph\">{\"@context\":\"https:\/\/schema.org\",\"@graph\":[{\"@type\":\"WebPage\",\"@id\":\"https:\/\/www.centreon.com\/es\/servicios\/centreon-monitoring-academy\/\",\"url\":\"https:\/\/www.centreon.com\/es\/servicios\/centreon-monitoring-academy\/\",\"name\":\"Academia de Monitorizaci\u00f3n Centreon | Formaci\u00f3n\",\"isPartOf\":{\"@id\":\"https:\/\/www.centreon.com\/es\/#website\"},\"primaryImageOfPage\":{\"@id\":\"https:\/\/www.centreon.com\/es\/servicios\/centreon-monitoring-academy\/#primaryimage\"},\"image\":{\"@id\":\"https:\/\/www.centreon.com\/es\/servicios\/centreon-monitoring-academy\/#primaryimage\"},\"thumbnailUrl\":\"https:\/\/www.centreon.com\/uploads\/2022\/10\/ImgCadreLEAD.png\",\"datePublished\":\"2022-10-25T10:31:28+00:00\",\"dateModified\":\"2025-11-06T13:37:35+00:00\",\"description\":\"La Academia de Monitorizaci\u00f3n Centreon ofrece cursos de formaci\u00f3n y certificaciones para ayudarle a sacar el m\u00e1ximo de nuestro software.\",\"breadcrumb\":{\"@id\":\"https:\/\/www.centreon.com\/es\/servicios\/centreon-monitoring-academy\/#breadcrumb\"},\"inLanguage\":\"es-ES\",\"potentialAction\":[{\"@type\":\"ReadAction\",\"target\":[\"https:\/\/www.centreon.com\/es\/servicios\/centreon-monitoring-academy\/\"]}]},{\"@type\":\"ImageObject\",\"inLanguage\":\"es-ES\",\"@id\":\"https:\/\/www.centreon.com\/es\/servicios\/centreon-monitoring-academy\/#primaryimage\",\"url\":\"https:\/\/www.centreon.com\/uploads\/2022\/10\/ImgCadreLEAD.png\",\"contentUrl\":\"https:\/\/www.centreon.com\/uploads\/2022\/10\/ImgCadreLEAD.png\"},{\"@type\":\"BreadcrumbList\",\"@id\":\"https:\/\/www.centreon.com\/es\/servicios\/centreon-monitoring-academy\/#breadcrumb\",\"itemListElement\":[{\"@type\":\"ListItem\",\"position\":1,\"name\":\"Home\",\"item\":\"https:\/\/www.centreon.com\/es\/\"},{\"@type\":\"ListItem\",\"position\":2,\"name\":\"Servicios\",\"item\":\"https:\/\/www.centreon.com\/es\/servicios\/\"},{\"@type\":\"ListItem\",\"position\":3,\"name\":\"Centreon Monitoring Academy\"}]},{\"@type\":\"WebSite\",\"@id\":\"https:\/\/www.centreon.com\/es\/#website\",\"url\":\"https:\/\/www.centreon.com\/es\/\",\"name\":\"Centreon\",\"description\":\"Best-in-Class Hybrid IT Monitoring for Enterprise, MSP &amp; IoT\",\"publisher\":{\"@id\":\"https:\/\/www.centreon.com\/es\/#organization\"},\"potentialAction\":[{\"@type\":\"SearchAction\",\"target\":{\"@type\":\"EntryPoint\",\"urlTemplate\":\"https:\/\/www.centreon.com\/es\/?s={search_term_string}\"},\"query-input\":{\"@type\":\"PropertyValueSpecification\",\"valueRequired\":true,\"valueName\":\"search_term_string\"}}],\"inLanguage\":\"es-ES\"},{\"@type\":\"Organization\",\"@id\":\"https:\/\/www.centreon.com\/es\/#organization\",\"name\":\"Centreon\",\"url\":\"https:\/\/www.centreon.com\/es\/\",\"logo\":{\"@type\":\"ImageObject\",\"inLanguage\":\"es-ES\",\"@id\":\"https:\/\/www.centreon.com\/es\/#\/schema\/logo\/image\/\",\"url\":\"https:\/\/www.centreon.com\/wp-content\/uploads\/2023\/07\/Logo_Centreon_Email_Signature_light_02.png\",\"contentUrl\":\"https:\/\/www.centreon.com\/wp-content\/uploads\/2023\/07\/Logo_Centreon_Email_Signature_light_02.png\",\"width\":180,\"height\":42,\"caption\":\"Centreon\"},\"image\":{\"@id\":\"https:\/\/www.centreon.com\/es\/#\/schema\/logo\/image\/\"},\"sameAs\":[\"https:\/\/www.facebook.com\/CentreonMonitoring\/\",\"https:\/\/x.com\/CentreonFR\",\"https:\/\/www.linkedin.com\/company\/centreonsoftware\/\",\"https:\/\/www.youtube.com\/channel\/UCIKJKvZ8acLmEg2fCdDzsvA\",\"https:\/\/fr.wikipedia.org\/wiki\/Centreon\"]}]}<\/script>\n<!-- \/ Yoast SEO plugin. -->","yoast_head_json":{"title":"Academia de Monitorizaci\u00f3n Centreon | Formaci\u00f3n","description":"La Academia de Monitorizaci\u00f3n Centreon ofrece cursos de formaci\u00f3n y certificaciones para ayudarle a sacar el m\u00e1ximo de nuestro software.","robots":{"index":"index","follow":"follow","max-snippet":"max-snippet:-1","max-image-preview":"max-image-preview:large","max-video-preview":"max-video-preview:-1"},"canonical":"https:\/\/www.centreon.com\/es\/servicios\/centreon-monitoring-academy\/","og_locale":"es_ES","og_type":"article","og_title":"Academia de Monitorizaci\u00f3n Centreon | Formaci\u00f3n","og_description":"La Academia de Monitorizaci\u00f3n Centreon ofrece cursos de formaci\u00f3n y certificaciones para ayudarle a sacar el m\u00e1ximo de nuestro software.","og_url":"https:\/\/www.centreon.com\/es\/servicios\/centreon-monitoring-academy\/","og_site_name":"Centreon","article_publisher":"https:\/\/www.facebook.com\/CentreonMonitoring\/","article_modified_time":"2025-11-06T13:37:35+00:00","og_image":[{"width":512,"height":446,"url":"https:\/\/www.centreon.com\/uploads\/2022\/10\/ImgCadreLEAD.png","type":"image\/png"}],"twitter_card":"summary_large_image","twitter_site":"@CentreonFR","twitter_misc":{"Est. reading time":"2 minutes"},"schema":{"@context":"https:\/\/schema.org","@graph":[{"@type":"WebPage","@id":"https:\/\/www.centreon.com\/es\/servicios\/centreon-monitoring-academy\/","url":"https:\/\/www.centreon.com\/es\/servicios\/centreon-monitoring-academy\/","name":"Academia de Monitorizaci\u00f3n Centreon | Formaci\u00f3n","isPartOf":{"@id":"https:\/\/www.centreon.com\/es\/#website"},"primaryImageOfPage":{"@id":"https:\/\/www.centreon.com\/es\/servicios\/centreon-monitoring-academy\/#primaryimage"},"image":{"@id":"https:\/\/www.centreon.com\/es\/servicios\/centreon-monitoring-academy\/#primaryimage"},"thumbnailUrl":"https:\/\/www.centreon.com\/uploads\/2022\/10\/ImgCadreLEAD.png","datePublished":"2022-10-25T10:31:28+00:00","dateModified":"2025-11-06T13:37:35+00:00","description":"La Academia de Monitorizaci\u00f3n Centreon ofrece cursos de formaci\u00f3n y certificaciones para ayudarle a sacar el m\u00e1ximo de nuestro software.","breadcrumb":{"@id":"https:\/\/www.centreon.com\/es\/servicios\/centreon-monitoring-academy\/#breadcrumb"},"inLanguage":"es-ES","potentialAction":[{"@type":"ReadAction","target":["https:\/\/www.centreon.com\/es\/servicios\/centreon-monitoring-academy\/"]}]},{"@type":"ImageObject","inLanguage":"es-ES","@id":"https:\/\/www.centreon.com\/es\/servicios\/centreon-monitoring-academy\/#primaryimage","url":"https:\/\/www.centreon.com\/uploads\/2022\/10\/ImgCadreLEAD.png","contentUrl":"https:\/\/www.centreon.com\/uploads\/2022\/10\/ImgCadreLEAD.png"},{"@type":"BreadcrumbList","@id":"https:\/\/www.centreon.com\/es\/servicios\/centreon-monitoring-academy\/#breadcrumb","itemListElement":[{"@type":"ListItem","position":1,"name":"Home","item":"https:\/\/www.centreon.com\/es\/"},{"@type":"ListItem","position":2,"name":"Servicios","item":"https:\/\/www.centreon.com\/es\/servicios\/"},{"@type":"ListItem","position":3,"name":"Centreon Monitoring Academy"}]},{"@type":"WebSite","@id":"https:\/\/www.centreon.com\/es\/#website","url":"https:\/\/www.centreon.com\/es\/","name":"Centreon","description":"Best-in-Class Hybrid IT Monitoring for Enterprise, MSP &amp; IoT","publisher":{"@id":"https:\/\/www.centreon.com\/es\/#organization"},"potentialAction":[{"@type":"SearchAction","target":{"@type":"EntryPoint","urlTemplate":"https:\/\/www.centreon.com\/es\/?s={search_term_string}"},"query-input":{"@type":"PropertyValueSpecification","valueRequired":true,"valueName":"search_term_string"}}],"inLanguage":"es-ES"},{"@type":"Organization","@id":"https:\/\/www.centreon.com\/es\/#organization","name":"Centreon","url":"https:\/\/www.centreon.com\/es\/","logo":{"@type":"ImageObject","inLanguage":"es-ES","@id":"https:\/\/www.centreon.com\/es\/#\/schema\/logo\/image\/","url":"https:\/\/www.centreon.com\/wp-content\/uploads\/2023\/07\/Logo_Centreon_Email_Signature_light_02.png","contentUrl":"https:\/\/www.centreon.com\/wp-content\/uploads\/2023\/07\/Logo_Centreon_Email_Signature_light_02.png","width":180,"height":42,"caption":"Centreon"},"image":{"@id":"https:\/\/www.centreon.com\/es\/#\/schema\/logo\/image\/"},"sameAs":["https:\/\/www.facebook.com\/CentreonMonitoring\/","https:\/\/x.com\/CentreonFR","https:\/\/www.linkedin.com\/company\/centreonsoftware\/","https:\/\/www.youtube.com\/channel\/UCIKJKvZ8acLmEg2fCdDzsvA","https:\/\/fr.wikipedia.org\/wiki\/Centreon"]}]}},"_links":{"self":[{"href":"https:\/\/www.centreon.com\/es\/wp-json\/wp\/v2\/pages\/32990","targetHints":{"allow":["GET"]}}],"collection":[{"href":"https:\/\/www.centreon.com\/es\/wp-json\/wp\/v2\/pages"}],"about":[{"href":"https:\/\/www.centreon.com\/es\/wp-json\/wp\/v2\/types\/page"}],"author":[{"embeddable":true,"href":"https:\/\/www.centreon.com\/es\/wp-json\/wp\/v2\/users\/2"}],"replies":[{"embeddable":true,"href":"https:\/\/www.centreon.com\/es\/wp-json\/wp\/v2\/comments?post=32990"}],"version-history":[{"count":6,"href":"https:\/\/www.centreon.com\/es\/wp-json\/wp\/v2\/pages\/32990\/revisions"}],"predecessor-version":[{"id":42272,"href":"https:\/\/www.centreon.com\/es\/wp-json\/wp\/v2\/pages\/32990\/revisions\/42272"}],"up":[{"embeddable":true,"href":"https:\/\/www.centreon.com\/es\/wp-json\/wp\/v2\/pages\/32981"}],"wp:attachment":[{"href":"https:\/\/www.centreon.com\/es\/wp-json\/wp\/v2\/media?parent=32990"}],"curies":[{"name":"wp","href":"https:\/\/api.w.org\/{rel}","templated":true}]}}