{"id":32987,"date":"2022-10-25T14:34:58","date_gmt":"2022-10-25T12:34:58","guid":{"rendered":"https:\/\/www.centreon.com\/servicios\/atencion-al-cliente\/"},"modified":"2025-11-06T14:36:53","modified_gmt":"2025-11-06T13:36:53","slug":"atencion-al-cliente","status":"publish","type":"page","link":"https:\/\/www.centreon.com\/es\/servicios\/atencion-al-cliente\/","title":{"rendered":"Atenci\u00f3n al cliente"},"content":{"rendered":"\n<div class=\"wp-block-columns has-gradient-10-gradient-background has-background is-layout-flex wp-container-core-columns-is-layout-a7e814ea wp-block-columns-is-layout-flex\" style=\"padding-top:100px;padding-bottom:80px\">\n<div class=\"wp-block-column is-layout-flow wp-block-column-is-layout-flow\">\n<div class=\"wp-block-columns is-layout-flex wp-container-core-columns-is-layout-28f84493 wp-block-columns-is-layout-flex\">\n<div class=\"wp-block-column is-layout-flow wp-block-column-is-layout-flow\" style=\"flex-basis:700px\">\n<h1 class=\"wp-block-heading\">Atenci\u00f3n al cliente<\/h1>\n\n\n\n<p class=\"has-2-xl-font-size\">La misi\u00f3n de nuestro servicio de atenci\u00f3n al cliente es cuidar al m\u00e1ximo de su plataforma Centreon para garantizar que la monitorizaci\u00f3n est\u00e9 disponible y sea eficaz, en l\u00ednea con sus actividades.<\/p>\n<\/div>\n<\/div>\n<\/div>\n<\/div>\n\n\n\n<div class=\"wp-block-columns has-white-background-color has-background is-layout-flex wp-container-core-columns-is-layout-4bfa5c6b wp-block-columns-is-layout-flex\" style=\"padding-top:9px;padding-bottom:9px\">\n<div class=\"wp-block-column is-layout-flow wp-block-column-is-layout-flow\" style=\"flex-basis:100%\"><div class=\"yoast-breadcrumbs\"><span><span><a href=\"https:\/\/www.centreon.com\/es\/\"><span class=\"breadcrumb-home\"><span class=\"hidden\">Home<\/span><\/span><\/a><\/span> <span class=\"breadcrumb-separator\"><\/span> <span><a href=\"https:\/\/www.centreon.com\/es\/servicios\/\">Servicios<\/a><\/span> <span class=\"breadcrumb-separator\"><\/span> <span class=\"breadcrumb_last\" aria-current=\"page\">Atenci\u00f3n al cliente<\/span><\/span><\/div><\/div>\n<\/div>\n\n\n\n<div class=\"wp-block-columns has-white-color has-dark-background-color has-text-color has-background is-layout-flex wp-container-core-columns-is-layout-28f84493 wp-block-columns-is-layout-flex\">\n<div class=\"wp-block-column is-layout-flow wp-block-column-is-layout-flow\">\n<div class=\"wp-block-columns are-vertically-aligned-center is-not-stacked-on-mobile is-layout-flex wp-container-core-columns-is-layout-28f84493 wp-block-columns-is-layout-flex\">\n<div class=\"wp-block-column is-vertically-aligned-center is-layout-flow wp-block-column-is-layout-flow\" style=\"flex-basis:10px\">\n<figure class=\"wp-block-image size-full\"><img fetchpriority=\"low\" loading=\"lazy\" decoding=\"async\" width=\"2\" height=\"124\" src=\"https:\/\/www.centreon.com\/uploads\/2022\/10\/Ligne-30-1.png\" alt=\"\" class=\"wp-image-3314\"\/><\/figure>\n<\/div>\n\n\n\n<div class=\"wp-block-column is-vertically-aligned-center is-layout-flow wp-block-column-is-layout-flow\" style=\"flex-basis:400px\">\n<p class=\"has-xl-font-size\"><strong>\u00bfTiene alg\u00fan problema, una pregunta o necesita documentaci\u00f3n? P\u00f3ngase en contacto con nosotros lo antes posible a trav\u00e9s de nuestro portal de clientes Centreon. <\/strong><\/p>\n<\/div>\n<\/div>\n\n\n\n<div style=\"height:40px\" aria-hidden=\"true\" class=\"wp-block-spacer\"><\/div>\n\n\n\n<h2 class=\"wp-block-heading\"><strong>Apoyo diario<\/strong><\/h2>\n\n\n\n<p>Con un equipo de m\u00e1s de 15 personas repartidas entre Francia, Luxemburgo y Canad\u00e1 y dedicadas a la relaci\u00f3n con los clientes, \u00a1no somos simplemente un soporte t\u00e9cnico! Como expertos en soluciones Centreon, le apoyamos a diario. <\/p>\n\n\n\n<p>Nuestra promesa:<\/p>\n\n\n\n<ul class=\"wp-block-list\">\n<li>Ofrecer el m\u00e1ximo nivel de experiencia y asesoramiento para resolver sus problemas<\/li>\n\n\n\n<li>Establecer el v\u00ednculo con los distintos servicios de Centreon para ofrecerle una respuesta r\u00e1pida y pertinente<\/li>\n\n\n\n<li>Tener en cuenta sus comentarios y observaciones para responder mejor a sus expectativas y ofrecerle un servicio y una soluci\u00f3n t\u00e9cnica de alta calidad<\/li>\n<\/ul>\n<\/div>\n\n\n\n<div class=\"wp-block-column is-layout-flow wp-block-column-is-layout-flow\" style=\"flex-basis:5%\"><\/div>\n\n\n\n<div class=\"wp-block-column is-layout-flow wp-block-column-is-layout-flow\">\n<figure class=\"wp-block-image aligncenter size-full\"><img fetchpriority=\"low\" loading=\"lazy\" decoding=\"async\" width=\"512\" height=\"568\" src=\"https:\/\/www.centreon.com\/uploads\/2022\/10\/ImgCadreMonitoring.png\" alt=\"\" class=\"wp-image-3060\" srcset=\"https:\/\/www.centreon.com\/uploads\/2022\/10\/ImgCadreMonitoring.png 512w, https:\/\/www.centreon.com\/uploads\/2022\/10\/ImgCadreMonitoring-270x300.png 270w\" sizes=\"auto, (max-width: 512px) 100vw, 512px\" \/><\/figure>\n<\/div>\n<\/div>\n\n\n\n<div class=\"wp-block-columns has-gradient-10-gradient-background has-background is-layout-flex wp-container-core-columns-is-layout-6235df30 wp-block-columns-is-layout-flex\" style=\"padding-bottom:200px\">\n<div class=\"wp-block-column is-layout-flow wp-block-column-is-layout-flow\">\n<h2 class=\"wp-block-heading\"><strong>4 razones para confiar en el servicio de atenci\u00f3n al cliente de Centreon<\/strong><\/h2>\n\n\n<div class=\"columns-1 md:columns-2 gap-4 lg:gap-8 relative mb-8\">\n  <div class=\"absolute floating-card\n              rounded-20 z-0 inset-0 mt-16 -mb-8 w-7\/12 mx-auto\"\n              data-speed=\"50\"><\/div>\n      <svg version=\"1.1\" xmlns=\"http:\/\/www.w3.org\/2000\/svg\" xmlns:xlink=\"http:\/\/www.w3.org\/1999\/xlink\" x=\"0px\" y=\"0px\"\n  viewBox=\"0 0 1451.7 1035.5\" enable-background=\"new 0 0 1451.7 1035.5\" xml:space=\"preserve\"\n  class=\"pointer-events-none absolute w-screen transform -translate-x-1\/2 left-1\/2 top-1\/2 z-1 -translate-y-1\/2\">\n  <linearGradient id=\"wave-1\" gradientUnits=\"userSpaceOnUse\" x1=\"-27.9\" y1=\"514.4999\" x2=\"1482.5983\" y2=\"514.4999\" gradientTransform=\"matrix(1 0 0 -1 0 1036)\">\n    <stop  offset=\"0\" style=\"stop-color:#0000DD\"\/>\n    <stop  offset=\"0.452\" style=\"stop-color:#C26CF7\"\/>\n    <stop  offset=\"1\" style=\"stop-color:#37D6AE\"\/>\n  <\/linearGradient>\n  <path class=\"draw-me to-animate\" fill=\"none\" stroke=\"url(#wave-1)\" stroke-width=\"24\" stroke-linecap=\"round\" stroke-miterlimit=\"10\" d=\"M-12.9,1027.8\n    c51.1-85.7,143.8-147.9,275.6-185c67.4-19,137.3-28.8,204.9-38.4c57.8-8.2,117.7-16.6,175-30.7c67-16.4,123.5-39.1,172.9-69.1\n    c48.7-29.6,92.2-66.6,129.3-109.8c37.4-43.6,68.1-94,91.2-149.7c8.6-20.7,16.5-42.3,24.1-63.1c15.5-42.3,31.5-86,54.5-126.6\n    c30.4-53.3,69.4-100.6,116-140.5c56-48.2,112.3-79.5,167.4-93.3c17-4.3,34.5-6.4,52-6.4c0.5,0,17.1,0,17.6,0\"\/>\n<\/svg>\n  \n            <div class=\"simple-card rounded-20 p-7 mb-4 lg:mb-8 break-inside-avoid-column relative z-1 to-animate mt-28\"\n           data-appear=\"100\" data-delay=\"0\">\n        <div class=\"flex items-center gap-4 mb-4\">\n                    <p class=\"font-display text-3xl font-bold\">\n            F\u00e1cil acceso a la asistencia\n          <\/p>\n        <\/div>\n        <p><span style=\"font-weight: 400;\">Le atendemos en ingl\u00e9s y en franc\u00e9s de lunes a viernes de 8h a 18h (zona horaria CET). Puede ponerse en contacto con nosotros a trav\u00e9s de nuestro portal de clientes Centreon, que le guiar\u00e1 en la creaci\u00f3n y gesti\u00f3n de su solicitud. <\/span><\/p>\n<p><span style=\"font-weight: 400;\">Si necesita una plataforma Centreon disponible 24 horas al d\u00eda, 7 d\u00edas a la semana, ofrecemos a nuestros clientes un servicio de asistencia 24 horas al d\u00eda, 7 d\u00edas a la semana.<\/span><\/p>\n\n      <\/div>\n\n                <div class=\"simple-card rounded-20 p-7 mb-4 lg:mb-8 break-inside-avoid-column relative z-1 to-animate \"\n           data-appear=\"100\" data-delay=\"0\">\n        <div class=\"flex items-center gap-4 mb-4\">\n                    <p class=\"font-display text-3xl font-bold\">\n            Eficacia con acceso remoto total\n          <\/p>\n        <\/div>\n        <p><span style=\"font-weight: 400;\">No hace falta que vaya a su oficina estamos acostumbrados a gestionar sus problemas y preguntas desde nuestra oficina. Puede estar seguro de que obtendr\u00e1 una resoluci\u00f3n r\u00e1pida y una asistencia \u00e1gil.  <\/span><\/p>\n\n      <\/div>\n\n                <div class=\"simple-card rounded-20 p-7 mb-4 lg:mb-8 break-inside-avoid-column relative z-1 to-animate \"\n           data-appear=\"100\" data-delay=\"0\">\n        <div class=\"flex items-center gap-4 mb-4\">\n                    <p class=\"font-display text-3xl font-bold\">\n            Centreon se centra en el rendimiento de su plataforma para sus clientes\n          <\/p>\n        <\/div>\n        <p><span style=\"font-weight: 400;\">Gracias a una fuerte conexi\u00f3n y proximidad con nuestro departamento de I+D, solucionamos los problemas de software para que est\u00e9n disponibles en las futuras versiones de nuestros productos. Usted se beneficia de la versi\u00f3n m\u00e1s reciente, actualizada y de mejor rendimiento. <\/span><\/p>\n\n      <\/div>\n\n                <div class=\"simple-card rounded-20 p-7 mb-4 lg:mb-8 break-inside-avoid-column relative z-1 to-animate \"\n           data-appear=\"100\" data-delay=\"0\">\n        <div class=\"flex items-center gap-4 mb-4\">\n                    <p class=\"font-display text-3xl font-bold\">\n            Un equipo orientado al cliente\n          <\/p>\n        <\/div>\n        <p><span style=\"font-weight: 400;\">Nuestro equipo es din\u00e1mico y est\u00e1 comprometido en la satisfacci\u00f3n del cliente. A trav\u00e9s de nuestra gesti\u00f3n y nuestra moderna visi\u00f3n de la atenci\u00f3n al cliente, le apoyamos a diario en la gesti\u00f3n de sus solicitudes. <\/span><\/p>\n\n      <\/div>\n\n                <div class=\"break-before-avoid text-left relative z-1\">\n        <a href=\"https:\/\/www.centreon.com\/es\/contacto\/\"\n           class=\"wp-block-button__link has-dark-background-color has-background to-animate mb-4 lg:mb-8\">\n          P\u00f3ngase en contacto con nosotros\n        <\/a>\n      <\/div>\n\n      \n<\/div>\n<\/div>\n<\/div>\n\n\n\n<div class=\"wp-block-group is-layout-flow wp-block-group-is-layout-flow\">\n<div class=\"wp-block-columns are-vertically-aligned-center has-white-color has-dark-background-color has-text-color has-background is-layout-flex wp-container-core-columns-is-layout-0e0088bb wp-block-columns-is-layout-flex\" style=\"padding-top:30px;padding-bottom:30px\">\n<div class=\"wp-block-column is-vertically-aligned-center is-layout-flow wp-block-column-is-layout-flow\" style=\"flex-basis:60%\">\n<p class=\"has-2-xl-font-size\">\u00bfEst\u00e1 preparado para ver c\u00f3mo Centreon puede transformar su empresa?<\/p>\n<\/div>\n\n\n\n<div class=\"wp-block-column is-vertically-aligned-center is-layout-flow wp-block-column-is-layout-flow\">\n<div class=\"wp-block-buttons is-content-justification-right is-layout-flex wp-container-core-buttons-is-layout-d445cf74 wp-block-buttons-is-layout-flex\">\n<div class=\"wp-block-button\"><a class=\"wp-block-button__link has-dark-background-color has-background wp-element-button\" href=\"https:\/\/www.centreon.com\/es\/contacto\/\">P\u00f3ngase en contacto con nosotros<\/a><\/div>\n\n\n\n<div class=\"wp-block-button\"><a class=\"wp-block-button__link has-dark-background-color has-background wp-element-button\" href=\"\/es\/prueba-gratuita\/\">Prueba gratuita<\/a><\/div>\n<\/div>\n<\/div>\n<\/div>\n\n\n\n<div class=\"wp-block-columns are-vertically-aligned-center has-white-color has-primary-background-color has-text-color has-background is-layout-flex wp-container-core-columns-is-layout-0e0088bb wp-block-columns-is-layout-flex\" style=\"padding-top:30px;padding-bottom:30px\">\n<div class=\"wp-block-column is-vertically-aligned-center is-layout-flow wp-block-column-is-layout-flow\">\n<p class=\"has-2-xl-font-size\">Mant\u00e9ngase informado de nuestras \u00faltimas noticias<\/p>\n<\/div>\n\n\n\n<div class=\"wp-block-column is-vertically-aligned-center is-layout-flow wp-block-column-is-layout-flow\"><div class=\"newsletter-form w-full\">\n  <form class=\"w-full\">\n    <div class=\"w-full flex items-center bg-white\/20 text-white rounded-10 px-4 text-lg\">\n      <input type=\"email\" name=\"email\" placeholder=\"Introduzca su direcci\u00f3n de correo electr\u00f3nic\"\n             class=\"w-full text-light h-8 pl-0 appearance-none bg-transparent rounded-none placeholder-white autofill:bg-transparent focus:outline-none\" required>\n      <button type=\"submit\" class=\"cursor-pointer appearance-none pl-4 py-3 shrink-0\" aria-label=\"Buscar\">\n        Suscr\u00edbase      <\/button>\n    <\/div>\n  <\/form>\n  <div class=\"alert-success bg-white bg-opacity-20 text-white px-4 py-3 rounded-10\" style=\"display:none\">\n    Thank you for your subscription.  <\/div>\n<\/div>\n<\/div>\n<\/div>\n<\/div>\n","protected":false},"excerpt":{"rendered":"<p>Atenci\u00f3n al cliente La misi\u00f3n de nuestro servicio de atenci\u00f3n al cliente es cuidar al m\u00e1ximo de su plataforma Centreon para garantizar que la monitorizaci\u00f3n est\u00e9 disponible y sea eficaz, en l\u00ednea con sus actividades.&nbsp;&#8230;<\/p>\n","protected":false},"author":2,"featured_media":0,"parent":32981,"menu_order":2,"comment_status":"closed","ping_status":"closed","template":"","meta":{"_acf_changed":false,"footnotes":""},"class_list":["post-32987","page","type-page","status-publish","hentry"],"acf":[],"yoast_head":"<!-- This site is optimized with the Yoast SEO plugin v26.6 - https:\/\/yoast.com\/wordpress\/plugins\/seo\/ -->\n<title>Atenci\u00f3n al cliente | Centreon Monitorizaci\u00f3n de TI<\/title>\n<meta name=\"description\" content=\"El equipo de atenci\u00f3n al cliente est\u00e1 a su disposici\u00f3n para ayudarle a sacar el m\u00e1ximo partido de nuestro software de monitorizaci\u00f3n de TI.\" \/>\n<meta name=\"robots\" content=\"index, follow, max-snippet:-1, max-image-preview:large, max-video-preview:-1\" \/>\n<link rel=\"canonical\" href=\"https:\/\/www.centreon.com\/es\/servicios\/atencion-al-cliente\/\" \/>\n<meta property=\"og:locale\" content=\"es_ES\" \/>\n<meta property=\"og:type\" content=\"article\" \/>\n<meta property=\"og:title\" content=\"Atenci\u00f3n al cliente | Centreon Monitorizaci\u00f3n de TI\" \/>\n<meta property=\"og:description\" content=\"El equipo de atenci\u00f3n al cliente est\u00e1 a su disposici\u00f3n para ayudarle a sacar el m\u00e1ximo partido de nuestro software de monitorizaci\u00f3n de TI.\" \/>\n<meta property=\"og:url\" content=\"https:\/\/www.centreon.com\/es\/servicios\/atencion-al-cliente\/\" \/>\n<meta property=\"og:site_name\" content=\"Centreon\" \/>\n<meta property=\"article:publisher\" content=\"https:\/\/www.facebook.com\/CentreonMonitoring\/\" \/>\n<meta property=\"article:modified_time\" content=\"2025-11-06T13:36:53+00:00\" \/>\n<meta property=\"og:image\" content=\"https:\/\/www.centreon.com\/uploads\/2022\/10\/Ligne-30-1.png\" \/>\n\t<meta property=\"og:image:width\" content=\"2\" \/>\n\t<meta property=\"og:image:height\" content=\"124\" \/>\n\t<meta property=\"og:image:type\" content=\"image\/png\" \/>\n<meta name=\"twitter:card\" content=\"summary_large_image\" \/>\n<meta name=\"twitter:site\" content=\"@CentreonFR\" \/>\n<meta name=\"twitter:label1\" content=\"Est. reading time\" \/>\n\t<meta name=\"twitter:data1\" content=\"2 minutes\" \/>\n<script type=\"application\/ld+json\" class=\"yoast-schema-graph\">{\"@context\":\"https:\/\/schema.org\",\"@graph\":[{\"@type\":\"WebPage\",\"@id\":\"https:\/\/www.centreon.com\/es\/servicios\/atencion-al-cliente\/\",\"url\":\"https:\/\/www.centreon.com\/es\/servicios\/atencion-al-cliente\/\",\"name\":\"Atenci\u00f3n al cliente | Centreon Monitorizaci\u00f3n de TI\",\"isPartOf\":{\"@id\":\"https:\/\/www.centreon.com\/es\/#website\"},\"primaryImageOfPage\":{\"@id\":\"https:\/\/www.centreon.com\/es\/servicios\/atencion-al-cliente\/#primaryimage\"},\"image\":{\"@id\":\"https:\/\/www.centreon.com\/es\/servicios\/atencion-al-cliente\/#primaryimage\"},\"thumbnailUrl\":\"https:\/\/www.centreon.com\/uploads\/2022\/10\/Ligne-30-1.png\",\"datePublished\":\"2022-10-25T12:34:58+00:00\",\"dateModified\":\"2025-11-06T13:36:53+00:00\",\"description\":\"El equipo de atenci\u00f3n al cliente est\u00e1 a su disposici\u00f3n para ayudarle a sacar el m\u00e1ximo partido de nuestro software de monitorizaci\u00f3n de TI.\",\"breadcrumb\":{\"@id\":\"https:\/\/www.centreon.com\/es\/servicios\/atencion-al-cliente\/#breadcrumb\"},\"inLanguage\":\"es-ES\",\"potentialAction\":[{\"@type\":\"ReadAction\",\"target\":[\"https:\/\/www.centreon.com\/es\/servicios\/atencion-al-cliente\/\"]}]},{\"@type\":\"ImageObject\",\"inLanguage\":\"es-ES\",\"@id\":\"https:\/\/www.centreon.com\/es\/servicios\/atencion-al-cliente\/#primaryimage\",\"url\":\"https:\/\/www.centreon.com\/uploads\/2022\/10\/Ligne-30-1.png\",\"contentUrl\":\"https:\/\/www.centreon.com\/uploads\/2022\/10\/Ligne-30-1.png\"},{\"@type\":\"BreadcrumbList\",\"@id\":\"https:\/\/www.centreon.com\/es\/servicios\/atencion-al-cliente\/#breadcrumb\",\"itemListElement\":[{\"@type\":\"ListItem\",\"position\":1,\"name\":\"Home\",\"item\":\"https:\/\/www.centreon.com\/es\/\"},{\"@type\":\"ListItem\",\"position\":2,\"name\":\"Servicios\",\"item\":\"https:\/\/www.centreon.com\/es\/servicios\/\"},{\"@type\":\"ListItem\",\"position\":3,\"name\":\"Atenci\u00f3n al cliente\"}]},{\"@type\":\"WebSite\",\"@id\":\"https:\/\/www.centreon.com\/es\/#website\",\"url\":\"https:\/\/www.centreon.com\/es\/\",\"name\":\"Centreon\",\"description\":\"Best-in-Class Hybrid IT Monitoring for Enterprise, MSP &amp; IoT\",\"publisher\":{\"@id\":\"https:\/\/www.centreon.com\/es\/#organization\"},\"potentialAction\":[{\"@type\":\"SearchAction\",\"target\":{\"@type\":\"EntryPoint\",\"urlTemplate\":\"https:\/\/www.centreon.com\/es\/?s={search_term_string}\"},\"query-input\":{\"@type\":\"PropertyValueSpecification\",\"valueRequired\":true,\"valueName\":\"search_term_string\"}}],\"inLanguage\":\"es-ES\"},{\"@type\":\"Organization\",\"@id\":\"https:\/\/www.centreon.com\/es\/#organization\",\"name\":\"Centreon\",\"url\":\"https:\/\/www.centreon.com\/es\/\",\"logo\":{\"@type\":\"ImageObject\",\"inLanguage\":\"es-ES\",\"@id\":\"https:\/\/www.centreon.com\/es\/#\/schema\/logo\/image\/\",\"url\":\"https:\/\/www.centreon.com\/wp-content\/uploads\/2023\/07\/Logo_Centreon_Email_Signature_light_02.png\",\"contentUrl\":\"https:\/\/www.centreon.com\/wp-content\/uploads\/2023\/07\/Logo_Centreon_Email_Signature_light_02.png\",\"width\":180,\"height\":42,\"caption\":\"Centreon\"},\"image\":{\"@id\":\"https:\/\/www.centreon.com\/es\/#\/schema\/logo\/image\/\"},\"sameAs\":[\"https:\/\/www.facebook.com\/CentreonMonitoring\/\",\"https:\/\/x.com\/CentreonFR\",\"https:\/\/www.linkedin.com\/company\/centreonsoftware\/\",\"https:\/\/www.youtube.com\/channel\/UCIKJKvZ8acLmEg2fCdDzsvA\",\"https:\/\/fr.wikipedia.org\/wiki\/Centreon\"]}]}<\/script>\n<!-- \/ Yoast SEO plugin. -->","yoast_head_json":{"title":"Atenci\u00f3n al cliente | Centreon Monitorizaci\u00f3n de TI","description":"El equipo de atenci\u00f3n al cliente est\u00e1 a su disposici\u00f3n para ayudarle a sacar el m\u00e1ximo partido de nuestro software de monitorizaci\u00f3n de TI.","robots":{"index":"index","follow":"follow","max-snippet":"max-snippet:-1","max-image-preview":"max-image-preview:large","max-video-preview":"max-video-preview:-1"},"canonical":"https:\/\/www.centreon.com\/es\/servicios\/atencion-al-cliente\/","og_locale":"es_ES","og_type":"article","og_title":"Atenci\u00f3n al cliente | Centreon Monitorizaci\u00f3n de TI","og_description":"El equipo de atenci\u00f3n al cliente est\u00e1 a su disposici\u00f3n para ayudarle a sacar el m\u00e1ximo partido de nuestro software de monitorizaci\u00f3n de TI.","og_url":"https:\/\/www.centreon.com\/es\/servicios\/atencion-al-cliente\/","og_site_name":"Centreon","article_publisher":"https:\/\/www.facebook.com\/CentreonMonitoring\/","article_modified_time":"2025-11-06T13:36:53+00:00","og_image":[{"width":2,"height":124,"url":"https:\/\/www.centreon.com\/uploads\/2022\/10\/Ligne-30-1.png","type":"image\/png"}],"twitter_card":"summary_large_image","twitter_site":"@CentreonFR","twitter_misc":{"Est. reading time":"2 minutes"},"schema":{"@context":"https:\/\/schema.org","@graph":[{"@type":"WebPage","@id":"https:\/\/www.centreon.com\/es\/servicios\/atencion-al-cliente\/","url":"https:\/\/www.centreon.com\/es\/servicios\/atencion-al-cliente\/","name":"Atenci\u00f3n al cliente | Centreon Monitorizaci\u00f3n de TI","isPartOf":{"@id":"https:\/\/www.centreon.com\/es\/#website"},"primaryImageOfPage":{"@id":"https:\/\/www.centreon.com\/es\/servicios\/atencion-al-cliente\/#primaryimage"},"image":{"@id":"https:\/\/www.centreon.com\/es\/servicios\/atencion-al-cliente\/#primaryimage"},"thumbnailUrl":"https:\/\/www.centreon.com\/uploads\/2022\/10\/Ligne-30-1.png","datePublished":"2022-10-25T12:34:58+00:00","dateModified":"2025-11-06T13:36:53+00:00","description":"El equipo de atenci\u00f3n al cliente est\u00e1 a su disposici\u00f3n para ayudarle a sacar el m\u00e1ximo partido de nuestro software de monitorizaci\u00f3n de TI.","breadcrumb":{"@id":"https:\/\/www.centreon.com\/es\/servicios\/atencion-al-cliente\/#breadcrumb"},"inLanguage":"es-ES","potentialAction":[{"@type":"ReadAction","target":["https:\/\/www.centreon.com\/es\/servicios\/atencion-al-cliente\/"]}]},{"@type":"ImageObject","inLanguage":"es-ES","@id":"https:\/\/www.centreon.com\/es\/servicios\/atencion-al-cliente\/#primaryimage","url":"https:\/\/www.centreon.com\/uploads\/2022\/10\/Ligne-30-1.png","contentUrl":"https:\/\/www.centreon.com\/uploads\/2022\/10\/Ligne-30-1.png"},{"@type":"BreadcrumbList","@id":"https:\/\/www.centreon.com\/es\/servicios\/atencion-al-cliente\/#breadcrumb","itemListElement":[{"@type":"ListItem","position":1,"name":"Home","item":"https:\/\/www.centreon.com\/es\/"},{"@type":"ListItem","position":2,"name":"Servicios","item":"https:\/\/www.centreon.com\/es\/servicios\/"},{"@type":"ListItem","position":3,"name":"Atenci\u00f3n al cliente"}]},{"@type":"WebSite","@id":"https:\/\/www.centreon.com\/es\/#website","url":"https:\/\/www.centreon.com\/es\/","name":"Centreon","description":"Best-in-Class Hybrid IT Monitoring for Enterprise, MSP &amp; IoT","publisher":{"@id":"https:\/\/www.centreon.com\/es\/#organization"},"potentialAction":[{"@type":"SearchAction","target":{"@type":"EntryPoint","urlTemplate":"https:\/\/www.centreon.com\/es\/?s={search_term_string}"},"query-input":{"@type":"PropertyValueSpecification","valueRequired":true,"valueName":"search_term_string"}}],"inLanguage":"es-ES"},{"@type":"Organization","@id":"https:\/\/www.centreon.com\/es\/#organization","name":"Centreon","url":"https:\/\/www.centreon.com\/es\/","logo":{"@type":"ImageObject","inLanguage":"es-ES","@id":"https:\/\/www.centreon.com\/es\/#\/schema\/logo\/image\/","url":"https:\/\/www.centreon.com\/wp-content\/uploads\/2023\/07\/Logo_Centreon_Email_Signature_light_02.png","contentUrl":"https:\/\/www.centreon.com\/wp-content\/uploads\/2023\/07\/Logo_Centreon_Email_Signature_light_02.png","width":180,"height":42,"caption":"Centreon"},"image":{"@id":"https:\/\/www.centreon.com\/es\/#\/schema\/logo\/image\/"},"sameAs":["https:\/\/www.facebook.com\/CentreonMonitoring\/","https:\/\/x.com\/CentreonFR","https:\/\/www.linkedin.com\/company\/centreonsoftware\/","https:\/\/www.youtube.com\/channel\/UCIKJKvZ8acLmEg2fCdDzsvA","https:\/\/fr.wikipedia.org\/wiki\/Centreon"]}]}},"_links":{"self":[{"href":"https:\/\/www.centreon.com\/es\/wp-json\/wp\/v2\/pages\/32987","targetHints":{"allow":["GET"]}}],"collection":[{"href":"https:\/\/www.centreon.com\/es\/wp-json\/wp\/v2\/pages"}],"about":[{"href":"https:\/\/www.centreon.com\/es\/wp-json\/wp\/v2\/types\/page"}],"author":[{"embeddable":true,"href":"https:\/\/www.centreon.com\/es\/wp-json\/wp\/v2\/users\/2"}],"replies":[{"embeddable":true,"href":"https:\/\/www.centreon.com\/es\/wp-json\/wp\/v2\/comments?post=32987"}],"version-history":[{"count":6,"href":"https:\/\/www.centreon.com\/es\/wp-json\/wp\/v2\/pages\/32987\/revisions"}],"predecessor-version":[{"id":42270,"href":"https:\/\/www.centreon.com\/es\/wp-json\/wp\/v2\/pages\/32987\/revisions\/42270"}],"up":[{"embeddable":true,"href":"https:\/\/www.centreon.com\/es\/wp-json\/wp\/v2\/pages\/32981"}],"wp:attachment":[{"href":"https:\/\/www.centreon.com\/es\/wp-json\/wp\/v2\/media?parent=32987"}],"curies":[{"name":"wp","href":"https:\/\/api.w.org\/{rel}","templated":true}]}}