{"id":32984,"date":"2022-10-26T08:28:07","date_gmt":"2022-10-26T06:28:07","guid":{"rendered":"https:\/\/www.centreon.com\/servicios\/servicios-profesionales\/"},"modified":"2025-11-06T14:36:21","modified_gmt":"2025-11-06T13:36:21","slug":"servicios-profesionales","status":"publish","type":"page","link":"https:\/\/www.centreon.com\/es\/servicios\/servicios-profesionales\/","title":{"rendered":"Servicios profesionales"},"content":{"rendered":"<div class=\"relative\">\n  <div class=\"absolute top-0 left-1\/2 w-screen transform -translate-x-1\/2 h-full\">\n    <img decoding=\"async\" src=\"https:\/\/www.centreon.com\/uploads\/2022\/10\/AdobeStock_389987075@2x-3-scaled.jpg\"\n      class=\"absolute inset-0 w-full h-full object-cover object-center\"\n      fetchpriority=\"high\"\n      alt=\"\" \/>\n  <\/div>\n  <div class=\"relative\">\n    \n\n<div class=\"wp-block-columns has-white-color has-transparent-background-color has-text-color has-background is-layout-flex wp-container-core-columns-is-layout-01ca06ff wp-block-columns-is-layout-flex\" style=\"padding-top:100px;padding-bottom:100px\">\n<div class=\"wp-block-column is-layout-flow wp-block-column-is-layout-flow\" style=\"flex-basis:570px\">\n<h1 class=\"wp-block-heading\">Servicios profesionales<\/h1>\n\n\n\n<p class=\"has-2-xl-font-size\">La misi\u00f3n de nuestro equipo es ayudarle a sacar el m\u00e1ximo partido de su soluci\u00f3n de monitorizaci\u00f3n.<br>\u00a1Trabajemos juntos de la mano!<\/p>\n<\/div>\n<\/div>\n\n\n  <\/div>\n<\/div>\n\n\n\n<div class=\"wp-block-columns has-white-background-color has-background is-layout-flex wp-container-core-columns-is-layout-4bfa5c6b wp-block-columns-is-layout-flex\" style=\"padding-top:9px;padding-bottom:9px\">\n<div class=\"wp-block-column is-layout-flow wp-block-column-is-layout-flow\" style=\"flex-basis:100%\"><div class=\"yoast-breadcrumbs\"><span><span><a href=\"https:\/\/www.centreon.com\/es\/\"><span class=\"breadcrumb-home\"><span class=\"hidden\">Home<\/span><\/span><\/a><\/span> <span class=\"breadcrumb-separator\"><\/span> <span><a href=\"https:\/\/www.centreon.com\/es\/servicios\/\">Servicios<\/a><\/span> <span class=\"breadcrumb-separator\"><\/span> <span class=\"breadcrumb_last\" aria-current=\"page\">Servicios profesionales<\/span><\/span><\/div><\/div>\n<\/div>\n\n\n<div class=\"relative\">\n  <div class=\"absolute top-0 left-1\/2 w-screen transform -translate-x-1\/2 h-full\">\n    <img decoding=\"async\" src=\"https:\/\/www.centreon.com\/uploads\/2022\/10\/BgMotif.jpg\"\n      class=\"absolute inset-0 w-full h-full object-cover object-center\"\n      fetchpriority=\"high\"\n      alt=\"\" \/>\n  <\/div>\n  <div class=\"relative\">\n    \n\n<div class=\"wp-block-columns is-layout-flex wp-container-core-columns-is-layout-f9816c01 wp-block-columns-is-layout-flex\" style=\"padding-top:60px;padding-bottom:60px\">\n<div class=\"wp-block-column is-layout-flow wp-block-column-is-layout-flow\" style=\"flex-basis:25%\"><\/div>\n\n\n\n<div class=\"wp-block-column is-layout-flow wp-block-column-is-layout-flow\">\n<h2 class=\"wp-block-heading\" style=\"margin-bottom:10px\"><strong>F\u00e1cil despliegue<\/strong><\/h2>\n\n\n\n<p>Nuestros equipos est\u00e1n a su lado para compartir su experiencia y las mejores pr\u00e1cticas para su soluci\u00f3n de monitorizaci\u00f3n. Nuestros servicios de consultor\u00eda y profesionales garantizan que la implantaci\u00f3n y el lanzamiento de sus soluciones avancen sin contratiempos. <\/p>\n\n\n\n<p>Nuestra promesa:<\/p>\n\n\n\n<ul class=\"wp-block-list\">\n<li>Escuchar y comprender sus retos para ofrecerle la soluci\u00f3n m\u00e1s adecuada<\/li>\n\n\n\n<li>Garantizar el \u00e9xito de la implantaci\u00f3n con el apoyo de nuestro equipo de consultores y nuestra metodolog\u00eda eficaz y profesional de gesti\u00f3n de proyectos<\/li>\n\n\n\n<li>Le guiaremos hacia el \u00e9xito optimizando la monitorizaci\u00f3n de su infraestructura.<\/li>\n<\/ul>\n<\/div>\n<\/div>\n\n\n  <\/div>\n<\/div>\n\n\n\n<div class=\"wp-block-columns has-white-background-color has-background is-layout-flex wp-container-core-columns-is-layout-11298c6d wp-block-columns-is-layout-flex\" style=\"padding-bottom:20px\">\n<div class=\"wp-block-column is-layout-flow wp-block-column-is-layout-flow\" style=\"flex-basis:712px\">\n<h2 class=\"wp-block-heading\"><strong>5 razones para confiar en los servicios profesionales de Centreon<\/strong><\/h2>\n<\/div>\n<\/div>\n\n\n\n<div class=\"wp-block-columns is-layout-flex wp-container-core-columns-is-layout-e6f27d69 wp-block-columns-is-layout-flex\" style=\"padding-bottom:var(--wp--preset--spacing--30)\">\n<div class=\"wp-block-column has-white-color has-dark-background-color has-text-color has-background is-layout-flow wp-block-column-is-layout-flow\">\n<div class=\"wp-block-columns is-not-stacked-on-mobile is-layout-flex wp-container-core-columns-is-layout-28f84493 wp-block-columns-is-layout-flex\">\n<div class=\"wp-block-column is-layout-flow wp-block-column-is-layout-flow\" style=\"flex-basis:30px\">\n<figure class=\"wp-block-image size-full\"><img fetchpriority=\"low\" loading=\"lazy\" decoding=\"async\" width=\"70\" height=\"70\" src=\"https:\/\/www.centreon.com\/uploads\/2022\/11\/Control@2x.png\" alt=\"\" class=\"wp-image-20471\"\/><\/figure>\n<\/div>\n\n\n\n<div class=\"wp-block-column is-layout-flow wp-block-column-is-layout-flow\">\n<h3 class=\"wp-block-heading\"><strong>Control total de su proyecto<\/strong><\/h3>\n<\/div>\n<\/div>\n\n\n\n<p>Controlamos toda la cadena de valor del proyecto garantizando el \u00e9xito del lanzamiento de su soluci\u00f3n de monitorizaci\u00f3n: despliegue, instalaci\u00f3n, configuraci\u00f3n, integraci\u00f3n t\u00e9cnica, seguimiento.<\/p>\n<\/div>\n\n\n\n<div class=\"wp-block-column has-white-color has-dark-background-color has-text-color has-background is-layout-flow wp-block-column-is-layout-flow\">\n<div class=\"wp-block-columns is-not-stacked-on-mobile is-layout-flex wp-container-core-columns-is-layout-28f84493 wp-block-columns-is-layout-flex\">\n<div class=\"wp-block-column is-layout-flow wp-block-column-is-layout-flow\" style=\"flex-basis:30px\">\n<figure class=\"wp-block-image size-full\"><img fetchpriority=\"low\" loading=\"lazy\" decoding=\"async\" width=\"70\" height=\"70\" src=\"https:\/\/www.centreon.com\/uploads\/2022\/10\/Maintenance@2x.png\" alt=\"\" class=\"wp-image-610\"\/><\/figure>\n<\/div>\n\n\n\n<div class=\"wp-block-column is-layout-flow wp-block-column-is-layout-flow\">\n<h3 class=\"wp-block-heading\"><strong><strong>Las competencias al servicio de su empresa y de sus equipos t\u00e9cnicos<\/strong><\/strong><\/h3>\n<\/div>\n<\/div>\n\n\n\n<p>Experimentados y en constante formaci\u00f3n, nuestros equipos ponen a disposici\u00f3n de su empresa su experiencia, conocimientos y competencias para que la fase de proyecto se desarrolle sin contratiempos.<\/p>\n<\/div>\n\n\n\n<div class=\"wp-block-column has-white-color has-dark-background-color has-text-color has-background is-layout-flow wp-block-column-is-layout-flow\">\n<div class=\"wp-block-columns is-not-stacked-on-mobile is-layout-flex wp-container-core-columns-is-layout-28f84493 wp-block-columns-is-layout-flex\">\n<div class=\"wp-block-column is-layout-flow wp-block-column-is-layout-flow\" style=\"flex-basis:30px\">\n<figure class=\"wp-block-image size-full\"><img fetchpriority=\"low\" loading=\"lazy\" decoding=\"async\" width=\"61\" height=\"61\" src=\"https:\/\/www.centreon.com\/uploads\/2022\/10\/Fonctions@2x.png\" alt=\"\" class=\"wp-image-609\"\/><\/figure>\n<\/div>\n\n\n\n<div class=\"wp-block-column is-layout-flow wp-block-column-is-layout-flow\">\n<h3 class=\"wp-block-heading\"><strong>Consultor\u00eda: adapte su empresa a nuestras soluciones<\/strong><\/h3>\n<\/div>\n<\/div>\n\n\n\n<p>Nuestro equipo de consultores le asesora durante toda la fase del proyecto para encontrar la mejor combinaci\u00f3n entre sus necesidades, su empresa y nuestras soluciones t\u00e9cnicas. Tendr\u00e1 la seguridad de contar con la soluci\u00f3n t\u00e9cnica que satisfaga sus expectativas. <\/p>\n<\/div>\n<\/div>\n\n\n\n<div class=\"wp-block-columns is-layout-flex wp-container-core-columns-is-layout-8679e18a wp-block-columns-is-layout-flex\" style=\"padding-bottom:140px\">\n<div class=\"wp-block-column has-white-color has-dark-background-color has-text-color has-background is-layout-flow wp-block-column-is-layout-flow\">\n<div class=\"wp-block-columns is-not-stacked-on-mobile is-layout-flex wp-container-core-columns-is-layout-28f84493 wp-block-columns-is-layout-flex\">\n<div class=\"wp-block-column is-layout-flow wp-block-column-is-layout-flow\" style=\"flex-basis:30px\">\n<figure class=\"wp-block-image size-full\"><img fetchpriority=\"low\" loading=\"lazy\" decoding=\"async\" width=\"70\" height=\"70\" src=\"https:\/\/www.centreon.com\/uploads\/2022\/10\/Performance@2x.png\" alt=\"\" class=\"wp-image-2941\"\/><\/figure>\n<\/div>\n\n\n\n<div class=\"wp-block-column is-layout-flow wp-block-column-is-layout-flow\">\n<h3 class=\"wp-block-heading\"><strong><strong>Disfrutar\u00e1 trabajando con nosotros.<\/strong><\/strong><\/h3>\n<\/div>\n<\/div>\n\n\n\n<p>Somos un equipo amable y alegre. Nos gusta trabajar en buen ambiente con nuestros clientes sin dejar de ser profesionales. Venga a conocernos pronto, \u00a1estamos seguros de que disfrutar\u00e1 trabajar con nosotros!  <\/p>\n<\/div>\n\n\n\n<div class=\"wp-block-column has-white-color has-dark-background-color has-text-color has-background is-layout-flow wp-block-column-is-layout-flow\">\n<div class=\"wp-block-columns is-not-stacked-on-mobile is-layout-flex wp-container-core-columns-is-layout-28f84493 wp-block-columns-is-layout-flex\">\n<div class=\"wp-block-column is-layout-flow wp-block-column-is-layout-flow\" style=\"flex-basis:30px\">\n<figure class=\"wp-block-image size-full\"><img fetchpriority=\"low\" loading=\"lazy\" decoding=\"async\" width=\"67\" height=\"66\" src=\"https:\/\/www.centreon.com\/uploads\/2022\/10\/Community@2x.png\" alt=\"\" class=\"wp-image-494\"\/><\/figure>\n<\/div>\n\n\n\n<div class=\"wp-block-column is-layout-flow wp-block-column-is-layout-flow\">\n<h3 class=\"wp-block-heading\"><strong><strong><strong>La experiencia del fabricante, respaldada por una s\u00f3lida red de colaboradores<\/strong><\/strong><\/strong><\/h3>\n<\/div>\n<\/div>\n\n\n\n<p>Gracias a nuestro personal y a nuestra red de aliados, ofrecemos a nuestros clientes una amplia gama de servicios de apoyo. Si desea confiarnos todo o parte de su despliegue, establecer una nueva integraci\u00f3n, auditar su plataforma, etc., nosotros le apoyaremos. <\/p>\n<\/div>\n\n\n\n<div class=\"wp-block-column has-white-color has-dark-background-color has-text-color has-background is-layout-flow wp-block-column-is-layout-flow\">\n<div class=\"wp-block-columns is-layout-flex wp-container-core-columns-is-layout-28f84493 wp-block-columns-is-layout-flex\">\n<div class=\"wp-block-column is-layout-flow wp-block-column-is-layout-flow\" style=\"padding-top:var(--wp--preset--spacing--80);padding-right:0;padding-bottom:var(--wp--preset--spacing--80);padding-left:0\">\n<h3 class=\"wp-block-heading has-text-align-center\"><strong>\u00bfTiene un proyecto? <\/strong><\/h3>\n\n\n\n<div style=\"margin-top:0;margin-bottom:0;height:\" aria-hidden=\"true\" class=\"wp-block-spacer\"><\/div>\n\n\n\n<div class=\"wp-block-buttons is-layout-flex wp-block-buttons-is-layout-flex\">\n<div class=\"wp-block-button aligncenter\"><a class=\"wp-block-button__link wp-element-button\" href=\"https:\/\/www.centreon.com\/es\/contacto\/\">P\u00f3ngase en contacto con nosotros<\/a><\/div>\n<\/div>\n<\/div>\n<\/div>\n<\/div>\n<\/div>\n\n\n\n<div class=\"wp-block-group is-layout-flow wp-block-group-is-layout-flow\">\n<div class=\"wp-block-columns are-vertically-aligned-center has-white-color has-dark-background-color has-text-color has-background is-layout-flex wp-container-core-columns-is-layout-0e0088bb wp-block-columns-is-layout-flex\" style=\"padding-top:30px;padding-bottom:30px\">\n<div class=\"wp-block-column is-vertically-aligned-center is-layout-flow wp-block-column-is-layout-flow\" style=\"flex-basis:60%\">\n<p class=\"has-2-xl-font-size\">\u00bfEst\u00e1 preparado para ver c\u00f3mo Centreon puede transformar su empresa?<\/p>\n<\/div>\n\n\n\n<div class=\"wp-block-column is-vertically-aligned-center is-layout-flow wp-block-column-is-layout-flow\">\n<div class=\"wp-block-buttons is-content-justification-right is-layout-flex wp-container-core-buttons-is-layout-d445cf74 wp-block-buttons-is-layout-flex\">\n<div class=\"wp-block-button\"><a class=\"wp-block-button__link has-dark-background-color has-background wp-element-button\" href=\"https:\/\/www.centreon.com\/es\/contacto\/\">P\u00f3ngase en contacto con nosotros<\/a><\/div>\n\n\n\n<div class=\"wp-block-button\"><a class=\"wp-block-button__link has-dark-background-color has-background wp-element-button\" href=\"\/es\/prueba-gratuita\/\">Prueba gratuita<\/a><\/div>\n<\/div>\n<\/div>\n<\/div>\n\n\n\n<div class=\"wp-block-columns are-vertically-aligned-center has-white-color has-primary-background-color has-text-color has-background is-layout-flex wp-container-core-columns-is-layout-0e0088bb wp-block-columns-is-layout-flex\" style=\"padding-top:30px;padding-bottom:30px\">\n<div class=\"wp-block-column is-vertically-aligned-center is-layout-flow wp-block-column-is-layout-flow\">\n<p class=\"has-2-xl-font-size\">Mant\u00e9ngase informado de nuestras \u00faltimas noticias<\/p>\n<\/div>\n\n\n\n<div class=\"wp-block-column is-vertically-aligned-center is-layout-flow wp-block-column-is-layout-flow\"><div class=\"newsletter-form w-full\">\n  <form class=\"w-full\">\n    <div class=\"w-full flex items-center bg-white\/20 text-white rounded-10 px-4 text-lg\">\n      <input type=\"email\" name=\"email\" placeholder=\"Introduzca su direcci\u00f3n de correo electr\u00f3nic\"\n             class=\"w-full text-light h-8 pl-0 appearance-none bg-transparent rounded-none placeholder-white autofill:bg-transparent focus:outline-none\" required>\n      <button type=\"submit\" class=\"cursor-pointer appearance-none pl-4 py-3 shrink-0\" aria-label=\"Buscar\">\n        Suscr\u00edbase      <\/button>\n    <\/div>\n  <\/form>\n  <div class=\"alert-success bg-white bg-opacity-20 text-white px-4 py-3 rounded-10\" style=\"display:none\">\n    Thank you for your subscription.  <\/div>\n<\/div>\n<\/div>\n<\/div>\n<\/div>\n","protected":false},"excerpt":{"rendered":"<p>5 razones para confiar en los servicios profesionales de Centreon Control total de su proyecto Controlamos toda la cadena de valor del proyecto garantizando el \u00e9xito del lanzamiento de su soluci\u00f3n de monitorizaci\u00f3n: despliegue, instalaci\u00f3n,&nbsp;&#8230;<\/p>\n","protected":false},"author":2,"featured_media":0,"parent":32981,"menu_order":1,"comment_status":"closed","ping_status":"closed","template":"","meta":{"_acf_changed":false,"footnotes":""},"class_list":["post-32984","page","type-page","status-publish","hentry"],"acf":[],"yoast_head":"<!-- This site is optimized with the Yoast SEO plugin v26.6 - https:\/\/yoast.com\/wordpress\/plugins\/seo\/ -->\n<title>Servicios profesionales | Centreon Monitorizaci\u00f3n de TI<\/title>\n<meta name=\"description\" content=\"El equipo de servicios profesionales de Centreon puede ayudarle a sacar el m\u00e1ximo partido de nuestro software de monitorizaci\u00f3n de TI.\" \/>\n<meta name=\"robots\" content=\"index, follow, max-snippet:-1, max-image-preview:large, max-video-preview:-1\" \/>\n<link rel=\"canonical\" href=\"https:\/\/www.centreon.com\/es\/servicios\/servicios-profesionales\/\" \/>\n<meta property=\"og:locale\" content=\"es_ES\" \/>\n<meta property=\"og:type\" content=\"article\" \/>\n<meta property=\"og:title\" content=\"Servicios profesionales | Centreon Monitorizaci\u00f3n de TI\" \/>\n<meta property=\"og:description\" content=\"El equipo de servicios profesionales de Centreon puede ayudarle a sacar el m\u00e1ximo partido de nuestro software de monitorizaci\u00f3n de TI.\" \/>\n<meta property=\"og:url\" content=\"https:\/\/www.centreon.com\/es\/servicios\/servicios-profesionales\/\" \/>\n<meta property=\"og:site_name\" content=\"Centreon\" \/>\n<meta property=\"article:publisher\" content=\"https:\/\/www.facebook.com\/CentreonMonitoring\/\" \/>\n<meta property=\"article:modified_time\" content=\"2025-11-06T13:36:21+00:00\" \/>\n<meta property=\"og:image\" content=\"https:\/\/www.centreon.com\/uploads\/2022\/11\/Control@2x.png\" \/>\n<meta name=\"twitter:card\" content=\"summary_large_image\" \/>\n<meta name=\"twitter:site\" content=\"@CentreonFR\" \/>\n<meta name=\"twitter:label1\" content=\"Est. reading time\" \/>\n\t<meta name=\"twitter:data1\" content=\"3 minutes\" \/>\n<script type=\"application\/ld+json\" class=\"yoast-schema-graph\">{\"@context\":\"https:\/\/schema.org\",\"@graph\":[{\"@type\":\"WebPage\",\"@id\":\"https:\/\/www.centreon.com\/es\/servicios\/servicios-profesionales\/\",\"url\":\"https:\/\/www.centreon.com\/es\/servicios\/servicios-profesionales\/\",\"name\":\"Servicios profesionales | Centreon Monitorizaci\u00f3n de TI\",\"isPartOf\":{\"@id\":\"https:\/\/www.centreon.com\/es\/#website\"},\"primaryImageOfPage\":{\"@id\":\"https:\/\/www.centreon.com\/es\/servicios\/servicios-profesionales\/#primaryimage\"},\"image\":{\"@id\":\"https:\/\/www.centreon.com\/es\/servicios\/servicios-profesionales\/#primaryimage\"},\"thumbnailUrl\":\"https:\/\/www.centreon.com\/uploads\/2022\/11\/Control@2x.png\",\"datePublished\":\"2022-10-26T06:28:07+00:00\",\"dateModified\":\"2025-11-06T13:36:21+00:00\",\"description\":\"El equipo de servicios profesionales de Centreon puede ayudarle a sacar el m\u00e1ximo partido de nuestro software de monitorizaci\u00f3n de TI.\",\"breadcrumb\":{\"@id\":\"https:\/\/www.centreon.com\/es\/servicios\/servicios-profesionales\/#breadcrumb\"},\"inLanguage\":\"es-ES\",\"potentialAction\":[{\"@type\":\"ReadAction\",\"target\":[\"https:\/\/www.centreon.com\/es\/servicios\/servicios-profesionales\/\"]}]},{\"@type\":\"ImageObject\",\"inLanguage\":\"es-ES\",\"@id\":\"https:\/\/www.centreon.com\/es\/servicios\/servicios-profesionales\/#primaryimage\",\"url\":\"https:\/\/www.centreon.com\/uploads\/2022\/11\/Control@2x.png\",\"contentUrl\":\"https:\/\/www.centreon.com\/uploads\/2022\/11\/Control@2x.png\"},{\"@type\":\"BreadcrumbList\",\"@id\":\"https:\/\/www.centreon.com\/es\/servicios\/servicios-profesionales\/#breadcrumb\",\"itemListElement\":[{\"@type\":\"ListItem\",\"position\":1,\"name\":\"Home\",\"item\":\"https:\/\/www.centreon.com\/es\/\"},{\"@type\":\"ListItem\",\"position\":2,\"name\":\"Servicios\",\"item\":\"https:\/\/www.centreon.com\/es\/servicios\/\"},{\"@type\":\"ListItem\",\"position\":3,\"name\":\"Servicios profesionales\"}]},{\"@type\":\"WebSite\",\"@id\":\"https:\/\/www.centreon.com\/es\/#website\",\"url\":\"https:\/\/www.centreon.com\/es\/\",\"name\":\"Centreon\",\"description\":\"Best-in-Class Hybrid IT Monitoring for Enterprise, MSP &amp; IoT\",\"publisher\":{\"@id\":\"https:\/\/www.centreon.com\/es\/#organization\"},\"potentialAction\":[{\"@type\":\"SearchAction\",\"target\":{\"@type\":\"EntryPoint\",\"urlTemplate\":\"https:\/\/www.centreon.com\/es\/?s={search_term_string}\"},\"query-input\":{\"@type\":\"PropertyValueSpecification\",\"valueRequired\":true,\"valueName\":\"search_term_string\"}}],\"inLanguage\":\"es-ES\"},{\"@type\":\"Organization\",\"@id\":\"https:\/\/www.centreon.com\/es\/#organization\",\"name\":\"Centreon\",\"url\":\"https:\/\/www.centreon.com\/es\/\",\"logo\":{\"@type\":\"ImageObject\",\"inLanguage\":\"es-ES\",\"@id\":\"https:\/\/www.centreon.com\/es\/#\/schema\/logo\/image\/\",\"url\":\"https:\/\/www.centreon.com\/wp-content\/uploads\/2023\/07\/Logo_Centreon_Email_Signature_light_02.png\",\"contentUrl\":\"https:\/\/www.centreon.com\/wp-content\/uploads\/2023\/07\/Logo_Centreon_Email_Signature_light_02.png\",\"width\":180,\"height\":42,\"caption\":\"Centreon\"},\"image\":{\"@id\":\"https:\/\/www.centreon.com\/es\/#\/schema\/logo\/image\/\"},\"sameAs\":[\"https:\/\/www.facebook.com\/CentreonMonitoring\/\",\"https:\/\/x.com\/CentreonFR\",\"https:\/\/www.linkedin.com\/company\/centreonsoftware\/\",\"https:\/\/www.youtube.com\/channel\/UCIKJKvZ8acLmEg2fCdDzsvA\",\"https:\/\/fr.wikipedia.org\/wiki\/Centreon\"]}]}<\/script>\n<!-- \/ Yoast SEO plugin. -->","yoast_head_json":{"title":"Servicios profesionales | Centreon Monitorizaci\u00f3n de TI","description":"El equipo de servicios profesionales de Centreon puede ayudarle a sacar el m\u00e1ximo partido de nuestro software de monitorizaci\u00f3n de TI.","robots":{"index":"index","follow":"follow","max-snippet":"max-snippet:-1","max-image-preview":"max-image-preview:large","max-video-preview":"max-video-preview:-1"},"canonical":"https:\/\/www.centreon.com\/es\/servicios\/servicios-profesionales\/","og_locale":"es_ES","og_type":"article","og_title":"Servicios profesionales | Centreon Monitorizaci\u00f3n de TI","og_description":"El equipo de servicios profesionales de Centreon puede ayudarle a sacar el m\u00e1ximo partido de nuestro software de monitorizaci\u00f3n de TI.","og_url":"https:\/\/www.centreon.com\/es\/servicios\/servicios-profesionales\/","og_site_name":"Centreon","article_publisher":"https:\/\/www.facebook.com\/CentreonMonitoring\/","article_modified_time":"2025-11-06T13:36:21+00:00","og_image":[{"url":"https:\/\/www.centreon.com\/uploads\/2022\/11\/Control@2x.png","type":"","width":"","height":""}],"twitter_card":"summary_large_image","twitter_site":"@CentreonFR","twitter_misc":{"Est. reading time":"3 minutes"},"schema":{"@context":"https:\/\/schema.org","@graph":[{"@type":"WebPage","@id":"https:\/\/www.centreon.com\/es\/servicios\/servicios-profesionales\/","url":"https:\/\/www.centreon.com\/es\/servicios\/servicios-profesionales\/","name":"Servicios profesionales | Centreon Monitorizaci\u00f3n de TI","isPartOf":{"@id":"https:\/\/www.centreon.com\/es\/#website"},"primaryImageOfPage":{"@id":"https:\/\/www.centreon.com\/es\/servicios\/servicios-profesionales\/#primaryimage"},"image":{"@id":"https:\/\/www.centreon.com\/es\/servicios\/servicios-profesionales\/#primaryimage"},"thumbnailUrl":"https:\/\/www.centreon.com\/uploads\/2022\/11\/Control@2x.png","datePublished":"2022-10-26T06:28:07+00:00","dateModified":"2025-11-06T13:36:21+00:00","description":"El equipo de servicios profesionales de Centreon puede ayudarle a sacar el m\u00e1ximo partido de nuestro software de monitorizaci\u00f3n de TI.","breadcrumb":{"@id":"https:\/\/www.centreon.com\/es\/servicios\/servicios-profesionales\/#breadcrumb"},"inLanguage":"es-ES","potentialAction":[{"@type":"ReadAction","target":["https:\/\/www.centreon.com\/es\/servicios\/servicios-profesionales\/"]}]},{"@type":"ImageObject","inLanguage":"es-ES","@id":"https:\/\/www.centreon.com\/es\/servicios\/servicios-profesionales\/#primaryimage","url":"https:\/\/www.centreon.com\/uploads\/2022\/11\/Control@2x.png","contentUrl":"https:\/\/www.centreon.com\/uploads\/2022\/11\/Control@2x.png"},{"@type":"BreadcrumbList","@id":"https:\/\/www.centreon.com\/es\/servicios\/servicios-profesionales\/#breadcrumb","itemListElement":[{"@type":"ListItem","position":1,"name":"Home","item":"https:\/\/www.centreon.com\/es\/"},{"@type":"ListItem","position":2,"name":"Servicios","item":"https:\/\/www.centreon.com\/es\/servicios\/"},{"@type":"ListItem","position":3,"name":"Servicios profesionales"}]},{"@type":"WebSite","@id":"https:\/\/www.centreon.com\/es\/#website","url":"https:\/\/www.centreon.com\/es\/","name":"Centreon","description":"Best-in-Class Hybrid IT Monitoring for Enterprise, MSP &amp; IoT","publisher":{"@id":"https:\/\/www.centreon.com\/es\/#organization"},"potentialAction":[{"@type":"SearchAction","target":{"@type":"EntryPoint","urlTemplate":"https:\/\/www.centreon.com\/es\/?s={search_term_string}"},"query-input":{"@type":"PropertyValueSpecification","valueRequired":true,"valueName":"search_term_string"}}],"inLanguage":"es-ES"},{"@type":"Organization","@id":"https:\/\/www.centreon.com\/es\/#organization","name":"Centreon","url":"https:\/\/www.centreon.com\/es\/","logo":{"@type":"ImageObject","inLanguage":"es-ES","@id":"https:\/\/www.centreon.com\/es\/#\/schema\/logo\/image\/","url":"https:\/\/www.centreon.com\/wp-content\/uploads\/2023\/07\/Logo_Centreon_Email_Signature_light_02.png","contentUrl":"https:\/\/www.centreon.com\/wp-content\/uploads\/2023\/07\/Logo_Centreon_Email_Signature_light_02.png","width":180,"height":42,"caption":"Centreon"},"image":{"@id":"https:\/\/www.centreon.com\/es\/#\/schema\/logo\/image\/"},"sameAs":["https:\/\/www.facebook.com\/CentreonMonitoring\/","https:\/\/x.com\/CentreonFR","https:\/\/www.linkedin.com\/company\/centreonsoftware\/","https:\/\/www.youtube.com\/channel\/UCIKJKvZ8acLmEg2fCdDzsvA","https:\/\/fr.wikipedia.org\/wiki\/Centreon"]}]}},"_links":{"self":[{"href":"https:\/\/www.centreon.com\/es\/wp-json\/wp\/v2\/pages\/32984","targetHints":{"allow":["GET"]}}],"collection":[{"href":"https:\/\/www.centreon.com\/es\/wp-json\/wp\/v2\/pages"}],"about":[{"href":"https:\/\/www.centreon.com\/es\/wp-json\/wp\/v2\/types\/page"}],"author":[{"embeddable":true,"href":"https:\/\/www.centreon.com\/es\/wp-json\/wp\/v2\/users\/2"}],"replies":[{"embeddable":true,"href":"https:\/\/www.centreon.com\/es\/wp-json\/wp\/v2\/comments?post=32984"}],"version-history":[{"count":3,"href":"https:\/\/www.centreon.com\/es\/wp-json\/wp\/v2\/pages\/32984\/revisions"}],"predecessor-version":[{"id":42268,"href":"https:\/\/www.centreon.com\/es\/wp-json\/wp\/v2\/pages\/32984\/revisions\/42268"}],"up":[{"embeddable":true,"href":"https:\/\/www.centreon.com\/es\/wp-json\/wp\/v2\/pages\/32981"}],"wp:attachment":[{"href":"https:\/\/www.centreon.com\/es\/wp-json\/wp\/v2\/media?parent=32984"}],"curies":[{"name":"wp","href":"https:\/\/api.w.org\/{rel}","templated":true}]}}