{"id":32981,"date":"2022-10-28T16:36:23","date_gmt":"2022-10-28T14:36:23","guid":{"rendered":"https:\/\/www.centreon.com\/servicios\/"},"modified":"2025-11-06T14:35:55","modified_gmt":"2025-11-06T13:35:55","slug":"servicios","status":"publish","type":"page","link":"https:\/\/www.centreon.com\/es\/servicios\/","title":{"rendered":"Servicios"},"content":{"rendered":"<div class=\"relative\">\n  <div class=\"absolute top-0 left-1\/2 w-screen transform -translate-x-1\/2 h-full\">\n    <img decoding=\"async\" src=\"https:\/\/www.centreon.com\/uploads\/2022\/10\/AdobeStock_320987435-1@2x-scaled.jpg\"\n      class=\"absolute inset-0 w-full h-full object-cover object-center\"\n      fetchpriority=\"high\"\n      alt=\"\" \/>\n  <\/div>\n  <div class=\"relative\">\n    \n\n<div class=\"wp-block-columns has-white-color has-transparent-background-color has-text-color has-background is-layout-flex wp-container-core-columns-is-layout-01ca06ff wp-block-columns-is-layout-flex\" style=\"padding-top:100px;padding-bottom:100px\">\n<div class=\"wp-block-column is-layout-flow wp-block-column-is-layout-flow\" style=\"flex-basis:570px\">\n<h1 class=\"wp-block-heading\">Servicios<\/h1>\n\n\n\n<p class=\"has-2-xl-font-size\">Juntos hacia el \u00e9xito<\/p>\n<\/div>\n<\/div>\n\n\n  <\/div>\n<\/div>\n\n\n\n<div class=\"wp-block-columns has-white-background-color has-background is-layout-flex wp-container-core-columns-is-layout-4bfa5c6b wp-block-columns-is-layout-flex\" style=\"padding-top:9px;padding-bottom:9px\">\n<div class=\"wp-block-column is-layout-flow wp-block-column-is-layout-flow\" style=\"flex-basis:100%\"><div class=\"yoast-breadcrumbs\"><span><span><a href=\"https:\/\/www.centreon.com\/es\/\"><span class=\"breadcrumb-home\"><span class=\"hidden\">Home<\/span><\/span><\/a><\/span> <span class=\"breadcrumb-separator\"><\/span> <span class=\"breadcrumb_last\" aria-current=\"page\">Servicios<\/span><\/span><\/div><\/div>\n<\/div>\n\n\n\n<div class=\"wp-block-columns has-gradient-10-gradient-background has-background is-layout-flex wp-container-core-columns-is-layout-28f84493 wp-block-columns-is-layout-flex\">\n<div class=\"wp-block-column is-layout-flow wp-block-column-is-layout-flow\">\n<div class=\"wp-block-columns is-layout-flex wp-container-core-columns-is-layout-28f84493 wp-block-columns-is-layout-flex\">\n<div class=\"wp-block-column is-layout-flow wp-block-column-is-layout-flow\" style=\"flex-basis:800px\">\n<h2 class=\"wp-block-heading\"><strong>Optimice su monitorizaci\u00f3n con la ayuda de nuestro equipo Customer Success.<\/strong><\/h2>\n\n\n\n<p>Los equipos de Centreon aportan su experiencia en tecnolog\u00eda de monitorizaci\u00f3n y en su sector para que sus planes se desarrollen sin contratiempos.<\/p>\n\n\n\n<div style=\"height:40px\" aria-hidden=\"true\" class=\"wp-block-spacer\"><\/div>\n<\/div>\n<\/div>\n\n\n\n<div class=\"wp-block-columns is-layout-flex wp-container-core-columns-is-layout-28f84493 wp-block-columns-is-layout-flex\">\n<div class=\"wp-block-column is-layout-flow wp-block-column-is-layout-flow\">\n<div class=\"wp-block-columns are-vertically-aligned-center is-layout-flex wp-container-core-columns-is-layout-28f84493 wp-block-columns-is-layout-flex\">\n<div class=\"wp-block-column is-vertically-aligned-center has-white-background-color has-background is-layout-flow wp-block-column-is-layout-flow\" style=\"padding-top:0px;padding-right:0px;padding-bottom:0px;padding-left:0px\">\n<div class=\"wp-block-columns is-layout-flex wp-container-core-columns-is-layout-28f84493 wp-block-columns-is-layout-flex\">\n<div class=\"wp-block-column has-transparent-background-color has-background is-layout-flow wp-block-column-is-layout-flow\">\n<h3 class=\"wp-block-heading\" style=\"margin-bottom:10px\">ProServices<\/h3>\n<\/div>\n<\/div>\n\n\n\n<div class=\"wp-block-columns is-layout-flex wp-container-core-columns-is-layout-28f84493 wp-block-columns-is-layout-flex\">\n<div class=\"wp-block-column !rounded-t-none has-white-color has-dark-background-color has-text-color has-background is-layout-flow wp-block-column-is-layout-flow\">\n<p>F\u00e1cil despliegue<\/p>\n\n\n\n<div style=\"height:15px\" aria-hidden=\"true\" class=\"wp-block-spacer\"><\/div>\n\n\n\n<div class=\"wp-block-buttons is-layout-flex wp-block-buttons-is-layout-flex\">\n<div class=\"wp-block-button\"><a class=\"wp-block-button__link wp-element-button\" href=\"https:\/\/www.centreon.com\/es\/servicios\/servicios-profesionales\/\">M\u00e1s informaci\u00f3n<\/a><\/div>\n<\/div>\n<\/div>\n<\/div>\n<\/div>\n<\/div>\n<\/div>\n\n\n\n<div class=\"wp-block-column is-layout-flow wp-block-column-is-layout-flow\">\n<div class=\"wp-block-columns are-vertically-aligned-center is-layout-flex wp-container-core-columns-is-layout-28f84493 wp-block-columns-is-layout-flex\">\n<div class=\"wp-block-column is-vertically-aligned-center has-white-background-color has-background is-layout-flow wp-block-column-is-layout-flow\" style=\"padding-top:0px;padding-right:0px;padding-bottom:0px;padding-left:0px\">\n<div class=\"wp-block-columns is-layout-flex wp-container-core-columns-is-layout-28f84493 wp-block-columns-is-layout-flex\">\n<div class=\"wp-block-column has-transparent-background-color has-background is-layout-flow wp-block-column-is-layout-flow\">\n<h3 class=\"wp-block-heading\" style=\"margin-bottom:10px\"><strong>Atenci\u00f3n al cliente<\/strong><\/h3>\n<\/div>\n<\/div>\n\n\n\n<div class=\"wp-block-columns is-layout-flex wp-container-core-columns-is-layout-28f84493 wp-block-columns-is-layout-flex\">\n<div class=\"wp-block-column !rounded-t-none has-white-color has-dark-background-color has-text-color has-background is-layout-flow wp-block-column-is-layout-flow\">\n<p>Apoyo diario<\/p>\n\n\n\n<div style=\"height:15px\" aria-hidden=\"true\" class=\"wp-block-spacer\"><\/div>\n\n\n\n<div class=\"wp-block-buttons is-layout-flex wp-block-buttons-is-layout-flex\">\n<div class=\"wp-block-button\"><a class=\"wp-block-button__link wp-element-button\" href=\"https:\/\/www.centreon.com\/es\/servicios\/atencion-al-cliente\/\">M\u00e1s informaci\u00f3n<\/a><\/div>\n<\/div>\n<\/div>\n<\/div>\n<\/div>\n<\/div>\n<\/div>\n\n\n\n<div class=\"wp-block-column is-layout-flow wp-block-column-is-layout-flow\">\n<div class=\"wp-block-columns are-vertically-aligned-center is-layout-flex wp-container-core-columns-is-layout-28f84493 wp-block-columns-is-layout-flex\">\n<div class=\"wp-block-column is-vertically-aligned-center has-white-background-color has-background is-layout-flow wp-block-column-is-layout-flow\" style=\"padding-top:0px;padding-right:0px;padding-bottom:0px;padding-left:0px\">\n<div class=\"wp-block-columns is-layout-flex wp-container-core-columns-is-layout-28f84493 wp-block-columns-is-layout-flex\">\n<div class=\"wp-block-column has-transparent-background-color has-background is-layout-flow wp-block-column-is-layout-flow\">\n<h3 class=\"wp-block-heading\" style=\"margin-bottom:10px\">Formaci\u00f3n<\/h3>\n<\/div>\n<\/div>\n\n\n\n<div class=\"wp-block-columns is-layout-flex wp-container-core-columns-is-layout-28f84493 wp-block-columns-is-layout-flex\">\n<div class=\"wp-block-column !rounded-t-none has-white-color has-dark-background-color has-text-color has-background is-layout-flow wp-block-column-is-layout-flow\">\n<p>Mejora r\u00e1pida de las competencias y autonom\u00eda<\/p>\n\n\n\n<div style=\"height:15px\" aria-hidden=\"true\" class=\"wp-block-spacer\"><\/div>\n\n\n\n<div class=\"wp-block-buttons is-layout-flex wp-block-buttons-is-layout-flex\">\n<div class=\"wp-block-button\"><a class=\"wp-block-button__link wp-element-button\" href=\"https:\/\/www.centreon.com\/es\/servicios\/centreon-monitoring-academy\/\">M\u00e1s informaci\u00f3n<\/a><\/div>\n<\/div>\n<\/div>\n<\/div>\n<\/div>\n<\/div>\n<\/div>\n<\/div>\n<\/div>\n<\/div>\n\n\n\n<div class=\"wp-block-group is-layout-flow wp-block-group-is-layout-flow\">\n<div class=\"wp-block-columns are-vertically-aligned-center has-white-color has-dark-background-color has-text-color has-background is-layout-flex wp-container-core-columns-is-layout-0e0088bb wp-block-columns-is-layout-flex\" style=\"padding-top:30px;padding-bottom:30px\">\n<div class=\"wp-block-column is-vertically-aligned-center is-layout-flow wp-block-column-is-layout-flow\" style=\"flex-basis:60%\">\n<p class=\"has-2-xl-font-size\">\u00bfEst\u00e1 preparado para ver c\u00f3mo Centreon puede transformar su empresa?<\/p>\n<\/div>\n\n\n\n<div class=\"wp-block-column is-vertically-aligned-center is-layout-flow wp-block-column-is-layout-flow\">\n<div class=\"wp-block-buttons is-content-justification-right is-layout-flex wp-container-core-buttons-is-layout-d445cf74 wp-block-buttons-is-layout-flex\">\n<div class=\"wp-block-button\"><a class=\"wp-block-button__link has-dark-background-color has-background wp-element-button\" href=\"https:\/\/www.centreon.com\/es\/contacto\/\">P\u00f3ngase en contacto con nosotros<\/a><\/div>\n\n\n\n<div class=\"wp-block-button\"><a class=\"wp-block-button__link has-dark-background-color has-background wp-element-button\" href=\"\/es\/prueba-gratuita\/\">Prueba gratuita<\/a><\/div>\n<\/div>\n<\/div>\n<\/div>\n\n\n\n<div class=\"wp-block-columns are-vertically-aligned-center has-white-color has-primary-background-color has-text-color has-background is-layout-flex wp-container-core-columns-is-layout-0e0088bb wp-block-columns-is-layout-flex\" style=\"padding-top:30px;padding-bottom:30px\">\n<div class=\"wp-block-column is-vertically-aligned-center is-layout-flow wp-block-column-is-layout-flow\">\n<p class=\"has-2-xl-font-size\">Mant\u00e9ngase informado de nuestras \u00faltimas noticias<\/p>\n<\/div>\n\n\n\n<div class=\"wp-block-column is-vertically-aligned-center is-layout-flow wp-block-column-is-layout-flow\"><div class=\"newsletter-form w-full\">\n  <form class=\"w-full\">\n    <div class=\"w-full flex items-center bg-white\/20 text-white rounded-10 px-4 text-lg\">\n      <input type=\"email\" name=\"email\" placeholder=\"Introduzca su direcci\u00f3n de correo electr\u00f3nic\"\n             class=\"w-full text-light h-8 pl-0 appearance-none bg-transparent rounded-none placeholder-white autofill:bg-transparent focus:outline-none\" required>\n      <button type=\"submit\" class=\"cursor-pointer appearance-none pl-4 py-3 shrink-0\" aria-label=\"Buscar\">\n        Suscr\u00edbase      <\/button>\n    <\/div>\n  <\/form>\n  <div class=\"alert-success bg-white bg-opacity-20 text-white px-4 py-3 rounded-10\" style=\"display:none\">\n    Thank you for your subscription.  <\/div>\n<\/div>\n<\/div>\n<\/div>\n<\/div>\n","protected":false},"excerpt":{"rendered":"<p>Optimice su monitorizaci\u00f3n con la ayuda de nuestro equipo Customer Success. Los equipos de Centreon aportan su experiencia en tecnolog\u00eda de monitorizaci\u00f3n y en su sector para que sus planes se desarrollen sin contratiempos. ProServices&nbsp;&#8230;<\/p>\n","protected":false},"author":2,"featured_media":25964,"parent":0,"menu_order":13,"comment_status":"closed","ping_status":"closed","template":"","meta":{"_acf_changed":false,"footnotes":""},"class_list":["post-32981","page","type-page","status-publish","has-post-thumbnail","hentry"],"acf":[],"yoast_head":"<!-- This site is optimized with the Yoast SEO plugin v26.6 - https:\/\/yoast.com\/wordpress\/plugins\/seo\/ -->\n<title>Servicios Centreon | Monitorizaci\u00f3n de TI<\/title>\n<meta name=\"description\" content=\"Centreon ofrece una gama de servicios para ayudar a las empresas a garantizar la disponibilidad y el rendimiento de su infraestructura de TI.\" \/>\n<meta name=\"robots\" content=\"index, follow, max-snippet:-1, max-image-preview:large, max-video-preview:-1\" \/>\n<link rel=\"canonical\" href=\"https:\/\/www.centreon.com\/es\/servicios\/\" \/>\n<meta property=\"og:locale\" content=\"es_ES\" \/>\n<meta property=\"og:type\" content=\"article\" \/>\n<meta property=\"og:title\" content=\"Servicios Centreon | Monitorizaci\u00f3n de TI\" \/>\n<meta property=\"og:description\" content=\"Centreon ofrece una gama de servicios para ayudar a las empresas a garantizar la disponibilidad y el rendimiento de su infraestructura de TI.\" \/>\n<meta property=\"og:url\" content=\"https:\/\/www.centreon.com\/es\/servicios\/\" \/>\n<meta property=\"og:site_name\" content=\"Centreon\" \/>\n<meta property=\"article:publisher\" content=\"https:\/\/www.facebook.com\/CentreonMonitoring\/\" \/>\n<meta property=\"article:modified_time\" content=\"2025-11-06T13:35:55+00:00\" \/>\n<meta property=\"og:image\" content=\"https:\/\/www.centreon.com\/uploads\/2022\/10\/AdobeStock_3209x.jpg\" \/>\n\t<meta property=\"og:image:width\" content=\"1920\" \/>\n\t<meta property=\"og:image:height\" content=\"1080\" \/>\n\t<meta property=\"og:image:type\" content=\"image\/jpeg\" \/>\n<meta name=\"twitter:card\" content=\"summary_large_image\" \/>\n<meta name=\"twitter:site\" content=\"@CentreonFR\" \/>\n<meta name=\"twitter:label1\" content=\"Est. reading time\" \/>\n\t<meta name=\"twitter:data1\" content=\"1 minute\" \/>\n<script type=\"application\/ld+json\" class=\"yoast-schema-graph\">{\"@context\":\"https:\/\/schema.org\",\"@graph\":[{\"@type\":\"WebPage\",\"@id\":\"https:\/\/www.centreon.com\/es\/servicios\/\",\"url\":\"https:\/\/www.centreon.com\/es\/servicios\/\",\"name\":\"Servicios Centreon | Monitorizaci\u00f3n de TI\",\"isPartOf\":{\"@id\":\"https:\/\/www.centreon.com\/es\/#website\"},\"primaryImageOfPage\":{\"@id\":\"https:\/\/www.centreon.com\/es\/servicios\/#primaryimage\"},\"image\":{\"@id\":\"https:\/\/www.centreon.com\/es\/servicios\/#primaryimage\"},\"thumbnailUrl\":\"https:\/\/www.centreon.com\/uploads\/2022\/10\/AdobeStock_3209x.jpg\",\"datePublished\":\"2022-10-28T14:36:23+00:00\",\"dateModified\":\"2025-11-06T13:35:55+00:00\",\"description\":\"Centreon ofrece una gama de servicios para ayudar a las empresas a garantizar la disponibilidad y el rendimiento de su infraestructura de TI.\",\"breadcrumb\":{\"@id\":\"https:\/\/www.centreon.com\/es\/servicios\/#breadcrumb\"},\"inLanguage\":\"es-ES\",\"potentialAction\":[{\"@type\":\"ReadAction\",\"target\":[\"https:\/\/www.centreon.com\/es\/servicios\/\"]}]},{\"@type\":\"ImageObject\",\"inLanguage\":\"es-ES\",\"@id\":\"https:\/\/www.centreon.com\/es\/servicios\/#primaryimage\",\"url\":\"https:\/\/www.centreon.com\/uploads\/2022\/10\/AdobeStock_3209x.jpg\",\"contentUrl\":\"https:\/\/www.centreon.com\/uploads\/2022\/10\/AdobeStock_3209x.jpg\",\"width\":1920,\"height\":1080},{\"@type\":\"BreadcrumbList\",\"@id\":\"https:\/\/www.centreon.com\/es\/servicios\/#breadcrumb\",\"itemListElement\":[{\"@type\":\"ListItem\",\"position\":1,\"name\":\"Home\",\"item\":\"https:\/\/www.centreon.com\/es\/\"},{\"@type\":\"ListItem\",\"position\":2,\"name\":\"Servicios\"}]},{\"@type\":\"WebSite\",\"@id\":\"https:\/\/www.centreon.com\/es\/#website\",\"url\":\"https:\/\/www.centreon.com\/es\/\",\"name\":\"Centreon\",\"description\":\"Best-in-Class Hybrid IT Monitoring for Enterprise, MSP &amp; IoT\",\"publisher\":{\"@id\":\"https:\/\/www.centreon.com\/es\/#organization\"},\"potentialAction\":[{\"@type\":\"SearchAction\",\"target\":{\"@type\":\"EntryPoint\",\"urlTemplate\":\"https:\/\/www.centreon.com\/es\/?s={search_term_string}\"},\"query-input\":{\"@type\":\"PropertyValueSpecification\",\"valueRequired\":true,\"valueName\":\"search_term_string\"}}],\"inLanguage\":\"es-ES\"},{\"@type\":\"Organization\",\"@id\":\"https:\/\/www.centreon.com\/es\/#organization\",\"name\":\"Centreon\",\"url\":\"https:\/\/www.centreon.com\/es\/\",\"logo\":{\"@type\":\"ImageObject\",\"inLanguage\":\"es-ES\",\"@id\":\"https:\/\/www.centreon.com\/es\/#\/schema\/logo\/image\/\",\"url\":\"https:\/\/www.centreon.com\/wp-content\/uploads\/2023\/07\/Logo_Centreon_Email_Signature_light_02.png\",\"contentUrl\":\"https:\/\/www.centreon.com\/wp-content\/uploads\/2023\/07\/Logo_Centreon_Email_Signature_light_02.png\",\"width\":180,\"height\":42,\"caption\":\"Centreon\"},\"image\":{\"@id\":\"https:\/\/www.centreon.com\/es\/#\/schema\/logo\/image\/\"},\"sameAs\":[\"https:\/\/www.facebook.com\/CentreonMonitoring\/\",\"https:\/\/x.com\/CentreonFR\",\"https:\/\/www.linkedin.com\/company\/centreonsoftware\/\",\"https:\/\/www.youtube.com\/channel\/UCIKJKvZ8acLmEg2fCdDzsvA\",\"https:\/\/fr.wikipedia.org\/wiki\/Centreon\"]}]}<\/script>\n<!-- \/ Yoast SEO plugin. -->","yoast_head_json":{"title":"Servicios Centreon | Monitorizaci\u00f3n de TI","description":"Centreon ofrece una gama de servicios para ayudar a las empresas a garantizar la disponibilidad y el rendimiento de su infraestructura de TI.","robots":{"index":"index","follow":"follow","max-snippet":"max-snippet:-1","max-image-preview":"max-image-preview:large","max-video-preview":"max-video-preview:-1"},"canonical":"https:\/\/www.centreon.com\/es\/servicios\/","og_locale":"es_ES","og_type":"article","og_title":"Servicios Centreon | Monitorizaci\u00f3n de TI","og_description":"Centreon ofrece una gama de servicios para ayudar a las empresas a garantizar la disponibilidad y el rendimiento de su infraestructura de TI.","og_url":"https:\/\/www.centreon.com\/es\/servicios\/","og_site_name":"Centreon","article_publisher":"https:\/\/www.facebook.com\/CentreonMonitoring\/","article_modified_time":"2025-11-06T13:35:55+00:00","og_image":[{"width":1920,"height":1080,"url":"https:\/\/www.centreon.com\/uploads\/2022\/10\/AdobeStock_3209x.jpg","type":"image\/jpeg"}],"twitter_card":"summary_large_image","twitter_site":"@CentreonFR","twitter_misc":{"Est. reading time":"1 minute"},"schema":{"@context":"https:\/\/schema.org","@graph":[{"@type":"WebPage","@id":"https:\/\/www.centreon.com\/es\/servicios\/","url":"https:\/\/www.centreon.com\/es\/servicios\/","name":"Servicios Centreon | Monitorizaci\u00f3n de TI","isPartOf":{"@id":"https:\/\/www.centreon.com\/es\/#website"},"primaryImageOfPage":{"@id":"https:\/\/www.centreon.com\/es\/servicios\/#primaryimage"},"image":{"@id":"https:\/\/www.centreon.com\/es\/servicios\/#primaryimage"},"thumbnailUrl":"https:\/\/www.centreon.com\/uploads\/2022\/10\/AdobeStock_3209x.jpg","datePublished":"2022-10-28T14:36:23+00:00","dateModified":"2025-11-06T13:35:55+00:00","description":"Centreon ofrece una gama de servicios para ayudar a las empresas a garantizar la disponibilidad y el rendimiento de su infraestructura de TI.","breadcrumb":{"@id":"https:\/\/www.centreon.com\/es\/servicios\/#breadcrumb"},"inLanguage":"es-ES","potentialAction":[{"@type":"ReadAction","target":["https:\/\/www.centreon.com\/es\/servicios\/"]}]},{"@type":"ImageObject","inLanguage":"es-ES","@id":"https:\/\/www.centreon.com\/es\/servicios\/#primaryimage","url":"https:\/\/www.centreon.com\/uploads\/2022\/10\/AdobeStock_3209x.jpg","contentUrl":"https:\/\/www.centreon.com\/uploads\/2022\/10\/AdobeStock_3209x.jpg","width":1920,"height":1080},{"@type":"BreadcrumbList","@id":"https:\/\/www.centreon.com\/es\/servicios\/#breadcrumb","itemListElement":[{"@type":"ListItem","position":1,"name":"Home","item":"https:\/\/www.centreon.com\/es\/"},{"@type":"ListItem","position":2,"name":"Servicios"}]},{"@type":"WebSite","@id":"https:\/\/www.centreon.com\/es\/#website","url":"https:\/\/www.centreon.com\/es\/","name":"Centreon","description":"Best-in-Class Hybrid IT Monitoring for Enterprise, MSP &amp; IoT","publisher":{"@id":"https:\/\/www.centreon.com\/es\/#organization"},"potentialAction":[{"@type":"SearchAction","target":{"@type":"EntryPoint","urlTemplate":"https:\/\/www.centreon.com\/es\/?s={search_term_string}"},"query-input":{"@type":"PropertyValueSpecification","valueRequired":true,"valueName":"search_term_string"}}],"inLanguage":"es-ES"},{"@type":"Organization","@id":"https:\/\/www.centreon.com\/es\/#organization","name":"Centreon","url":"https:\/\/www.centreon.com\/es\/","logo":{"@type":"ImageObject","inLanguage":"es-ES","@id":"https:\/\/www.centreon.com\/es\/#\/schema\/logo\/image\/","url":"https:\/\/www.centreon.com\/wp-content\/uploads\/2023\/07\/Logo_Centreon_Email_Signature_light_02.png","contentUrl":"https:\/\/www.centreon.com\/wp-content\/uploads\/2023\/07\/Logo_Centreon_Email_Signature_light_02.png","width":180,"height":42,"caption":"Centreon"},"image":{"@id":"https:\/\/www.centreon.com\/es\/#\/schema\/logo\/image\/"},"sameAs":["https:\/\/www.facebook.com\/CentreonMonitoring\/","https:\/\/x.com\/CentreonFR","https:\/\/www.linkedin.com\/company\/centreonsoftware\/","https:\/\/www.youtube.com\/channel\/UCIKJKvZ8acLmEg2fCdDzsvA","https:\/\/fr.wikipedia.org\/wiki\/Centreon"]}]}},"_links":{"self":[{"href":"https:\/\/www.centreon.com\/es\/wp-json\/wp\/v2\/pages\/32981","targetHints":{"allow":["GET"]}}],"collection":[{"href":"https:\/\/www.centreon.com\/es\/wp-json\/wp\/v2\/pages"}],"about":[{"href":"https:\/\/www.centreon.com\/es\/wp-json\/wp\/v2\/types\/page"}],"author":[{"embeddable":true,"href":"https:\/\/www.centreon.com\/es\/wp-json\/wp\/v2\/users\/2"}],"replies":[{"embeddable":true,"href":"https:\/\/www.centreon.com\/es\/wp-json\/wp\/v2\/comments?post=32981"}],"version-history":[{"count":4,"href":"https:\/\/www.centreon.com\/es\/wp-json\/wp\/v2\/pages\/32981\/revisions"}],"predecessor-version":[{"id":42267,"href":"https:\/\/www.centreon.com\/es\/wp-json\/wp\/v2\/pages\/32981\/revisions\/42267"}],"wp:featuredmedia":[{"embeddable":true,"href":"https:\/\/www.centreon.com\/es\/wp-json\/wp\/v2\/media\/25964"}],"wp:attachment":[{"href":"https:\/\/www.centreon.com\/es\/wp-json\/wp\/v2\/media?parent=32981"}],"curies":[{"name":"wp","href":"https:\/\/api.w.org\/{rel}","templated":true}]}}